{"id":2,"date":"2013-08-28T20:48:03","date_gmt":"2013-08-28T20:48:03","guid":{"rendered":"http:\/\/ukauka.sise\/?page_id=2"},"modified":"2017-06-08T15:35:31","modified_gmt":"2017-06-08T12:35:31","slug":"sample-page","status":"publish","type":"page","link":"https:\/\/www.folklore.ee\/ukauka\/sample-page\/","title":{"rendered":"V\u00e4ljaanded"},"content":{"rendered":"<p><strong>Rahvaluulearhiivi v\u00e4ljaandeid eesti m\u00e4ngudest.<\/strong><\/p>\n<p style=\"text-align: center;\"><a href=\"https:\/\/www.folklore.ee\/ukauka\/wp-content\/uploads\/2013\/08\/HE_mangud_eestSMALL.jpg\"><img loading=\"lazy\" decoding=\"async\" class=\"size-medium wp-image-224 alignleft\" alt=\"HE_mangud_eestSMALL\" src=\"https:\/\/www.folklore.ee\/ukauka\/wp-content\/uploads\/2013\/08\/HE_mangud_eestSMALL-200x300.jpg\" width=\"200\" height=\"300\" srcset=\"https:\/\/www.folklore.ee\/ukauka\/wp-content\/uploads\/2013\/08\/HE_mangud_eestSMALL-200x300.jpg 200w, https:\/\/www.folklore.ee\/ukauka\/wp-content\/uploads\/2013\/08\/HE_mangud_eestSMALL-682x1024.jpg 682w, https:\/\/www.folklore.ee\/ukauka\/wp-content\/uploads\/2013\/08\/HE_mangud_eestSMALL.jpg 700w\" sizes=\"(max-width: 200px) 100vw, 200px\" \/><\/a><\/p>\n<p>\u00a0<a href=\"https:\/\/www.folklore.ee\/ukauka\/wp-content\/uploads\/2013\/08\/HE_mangud_avatudSMALL.jpg\"><img loading=\"lazy\" decoding=\"async\" class=\" wp-image-221 aligncenter\" alt=\"HE_mangud_avatudSMALL\" src=\"https:\/\/www.folklore.ee\/ukauka\/wp-content\/uploads\/2013\/08\/HE_mangud_avatudSMALL-300x199.jpg\" width=\"270\" height=\"179\" srcset=\"https:\/\/www.folklore.ee\/ukauka\/wp-content\/uploads\/2013\/08\/HE_mangud_avatudSMALL-300x199.jpg 300w, https:\/\/www.folklore.ee\/ukauka\/wp-content\/uploads\/2013\/08\/HE_mangud_avatudSMALL.jpg 700w\" sizes=\"(max-width: 270px) 100vw, 270px\" \/><\/a><\/p>\n<p><strong>Head Eesti m\u00e4ngud<\/strong><\/p>\n<p>Valminud koost\u00f6\u00f6s firmaga <a title=\"Loovhoog\" href=\"http:\/\/https:\/\/www.facebook.com\/loovhoog\" target=\"_blank\">Loovhoog.<\/a> Saadaval raamatupoodides ja Eesti Kirjandusmuuseumis.<a title=\"Loovhoog\" href=\"http:\/\/https:\/\/www.facebook.com\/loovhoog\" target=\"_blank\"><br \/>\n<\/a>Koostas: Astrid Tuisk, pildid joonistas ja k\u00fcljendas: Piret R\u00e4ni, keeletoimetaja: Inge Annom,\u00a0 projektijuht: Katre Merim\u00e4e<\/p>\n<p>Tartu, 2015.<\/p>\n<p>&nbsp;<\/p>\n<figure style=\"width: 223px\" class=\"wp-caption alignnone\"><a title=\"Virumaa vanad lastem\u00e4ngud (pdf)\" href=\"http:\/\/www.folklore.ee\/era\/pub\/files\/Viru_lastem.pdf\" target=\"_blank\"><img loading=\"lazy\" decoding=\"async\" alt=\"\" src=\"http:\/\/www.folklore.ee\/kirjastus\/?image_type=5&amp;get_image=35\" width=\"223\" height=\"244\" \/><\/a><figcaption class=\"wp-caption-text\">Virumaa vanad lastem\u00e4ngud<\/figcaption><\/figure>\n<p>Koostanud Mall Hiiem\u00e4e.<br \/>\nViru Instituut \u2013\u00a0Eesti Kirjandusmuuseum 2012.<\/p>\n<p>Lehitsemiseks v\u00f5ta \u00fchendust: era@folklore.ee<\/p>\n<figure style=\"width: 220px\" class=\"wp-caption alignnone\"><img loading=\"lazy\" decoding=\"async\" class=\"alignnone size-medium wp-image-57\" alt=\"\" src=\"https:\/\/www.folklore.ee\/ukauka\/wp-content\/uploads\/2013\/08\/dvd_ketas2-296x300.jpg\" width=\"220\" height=\"222\" srcset=\"https:\/\/www.folklore.ee\/ukauka\/wp-content\/uploads\/2013\/08\/dvd_ketas2-296x300.jpg 296w, https:\/\/www.folklore.ee\/ukauka\/wp-content\/uploads\/2013\/08\/dvd_ketas2-150x150.jpg 150w, https:\/\/www.folklore.ee\/ukauka\/wp-content\/uploads\/2013\/08\/dvd_ketas2.jpg 800w\" sizes=\"(max-width: 220px) 100vw, 220px\" \/><figcaption class=\"wp-caption-text\">M\u00e4ngud, matsud ja magusad plaksud. Laste ja koolinoorte m\u00e4ngud aastatest 1989\u20131996.<\/figcaption><\/figure>\n<p>Autor: Maarja Aigro.<br \/>\nEesti Kirjandusmuuseum 2012.<\/p>\n<p>Vaatamiseks kl\u00f5psi filmil!\u00a0(avaneb uues aknas)<\/p>\n<dl class=\"wp-caption alignnone\" id=\"\" style=\"width: 116px;\">\n<dt class=\"wp-caption-dt\"><\/dt>\n<dd class=\"wp-caption-dd\">Eesti Kirjandusmuuseumi kalender 2013.<\/dd>\n<\/dl>\n<p><a href=\"http:\/\/www.folklore.ee\/era\/pub\/files\/KMoktoober2013.jpg\" target=\"_blank\"><img loading=\"lazy\" decoding=\"async\" class=\"alignnone size-medium wp-image-83\" alt=\"kalender_13_kaas\" src=\"https:\/\/www.folklore.ee\/ukauka\/wp-content\/uploads\/2013\/08\/kalender_13_kaas-211x300.jpg\" width=\"211\" height=\"300\" srcset=\"https:\/\/www.folklore.ee\/ukauka\/wp-content\/uploads\/2013\/08\/kalender_13_kaas-211x300.jpg 211w, https:\/\/www.folklore.ee\/ukauka\/wp-content\/uploads\/2013\/08\/kalender_13_kaas-720x1024.jpg 720w, https:\/\/www.folklore.ee\/ukauka\/wp-content\/uploads\/2013\/08\/kalender_13_kaas.jpg 990w\" sizes=\"(max-width: 211px) 100vw, 211px\" \/><\/a><\/p>\n<p>Koostanud: Mall Hiiem\u00e4e ja Risto J\u00e4rv<br \/>\nEesti Kirjandusmuuseum 2013.<\/p>\n","protected":false},"excerpt":{"rendered":"<p>Rahvaluulearhiivi v\u00e4ljaandeid eesti m\u00e4ngudest. \u00a0 Head Eesti m\u00e4ngud Valminud koost\u00f6\u00f6s firmaga Loovhoog. Saadaval raamatupoodides ja Eesti Kirjandusmuuseumis. Koostas: Astrid Tuisk, pildid joonistas ja k\u00fcljendas: Piret R\u00e4ni, keeletoimetaja: Inge Annom,\u00a0 projektijuht: Katre Merim\u00e4e Tartu, 2015. &nbsp; Koostanud Mall Hiiem\u00e4e. Viru Instituut \u2013\u00a0Eesti Kirjandusmuuseum 2012. Lehitsemiseks v\u00f5ta \u00fchendust: era@folklore.ee Autor: Maarja Aigro. Eesti Kirjandusmuuseum 2012. Vaatamiseks kl\u00f5psi &hellip; <a href=\"https:\/\/www.folklore.ee\/ukauka\/sample-page\/\" class=\"more-link\">Loe edasi <span class=\"screen-reader-text\">V\u00e4ljaanded<\/span> <span class=\"meta-nav\">&rarr;<\/span><\/a><\/p>\n","protected":false},"author":1,"featured_media":0,"parent":0,"menu_order":0,"comment_status":"closed","ping_status":"open","template":"","meta":{"footnotes":""},"_links":{"self":[{"href":"https:\/\/www.folklore.ee\/ukauka\/wp-json\/wp\/v2\/pages\/2"}],"collection":[{"href":"https:\/\/www.folklore.ee\/ukauka\/wp-json\/wp\/v2\/pages"}],"about":[{"href":"https:\/\/www.folklore.ee\/ukauka\/wp-json\/wp\/v2\/types\/page"}],"author":[{"embeddable":true,"href":"https:\/\/www.folklore.ee\/ukauka\/wp-json\/wp\/v2\/users\/1"}],"replies":[{"embeddable":true,"href":"https:\/\/www.folklore.ee\/ukauka\/wp-json\/wp\/v2\/comments?post=2"}],"version-history":[{"count":49,"href":"https:\/\/www.folklore.ee\/ukauka\/wp-json\/wp\/v2\/pages\/2\/revisions"}],"predecessor-version":[{"id":243,"href":"https:\/\/www.folklore.ee\/ukauka\/wp-json\/wp\/v2\/pages\/2\/revisions\/243"}],"wp:attachment":[{"href":"https:\/\/www.folklore.ee\/ukauka\/wp-json\/wp\/v2\/media?parent=2"}],"curies":[{"name":"wp","href":"https:\/\/api.w.org\/{rel}","templated":true}]}}