{"id":125,"date":"2014-03-05T12:45:19","date_gmt":"2014-03-05T09:45:19","guid":{"rendered":"http:\/\/www.folklore.ee\/ukauka\/?page_id=125"},"modified":"2014-09-22T10:54:18","modified_gmt":"2014-09-22T07:54:18","slug":"voistluse-voitjad-ja-osavotjad","status":"publish","type":"page","link":"https:\/\/www.folklore.ee\/ukauka\/kogumisvoistlus-2013\/voistluse-voitjad-ja-osavotjad\/","title":{"rendered":"V\u00f5istluse v\u00f5itjad ja osav\u00f5tjad"},"content":{"rendered":"<p><b>V\u00d5ISTLUSE TUBLIMAD<\/b> (t\u00e4hestikulises j\u00e4rjekorras)<\/p>\n<ol start=\"1\">\n<li>Virge Haidak (lisaks ERMi eripreemia fotode eest)<\/li>\n<li>Kaleph J\u00f5ulu (postuumselt)<\/li>\n<li>Rosaali Karjam<\/li>\n<li>Maret Lehto<\/li>\n<li>Age-Li Liivak<\/li>\n<li>Anne Nurgamaa<\/li>\n<li>Anna Rinne<\/li>\n<li>Andrus Roos<\/li>\n<li>Anu Soon<\/li>\n<li>Malle Timm<\/li>\n<li>Heinz Valk<\/li>\n<li>Eha V\u00f5so<\/li>\n<\/ol>\n<p>&nbsp;<\/p>\n<p><strong>V\u00d5ISTLUSEL \u00c4RAM\u00c4RGITUD<\/strong> (t\u00e4hestikulises j\u00e4rjekorras)<\/p>\n<ol start=\"13\">\n<li>Tiit Birkan<\/li>\n<li>Ado J\u00f5ks<\/li>\n<li>Maila J\u00fcrgenson<\/li>\n<li>Tiiu Kivi<\/li>\n<li>Tea Kink<\/li>\n<li>Leida Oeselg<\/li>\n<li>Hillar Palamets<\/li>\n<li>Ellen Paljak<\/li>\n<li>Maria Peep<\/li>\n<li>Anne Piibur<\/li>\n<li>Ellen Randoja<\/li>\n<li>Pille Tamm<\/li>\n<\/ol>\n<p>&nbsp;<\/p>\n<p><b>ERIPREEMIAD<\/b><\/p>\n<ol start=\"25\">\n<li>Urve J\u00fcrjets (M\u00e4nguasjamuuseumi eripreemia)<\/li>\n<li>Raivo Kaik (1950. aastate lapsep\u00f5lvem\u00e4lestuste eripreemia)<\/li>\n<li>Georg Karu (k\u00f5ige noorema osaleja eripreemia)<\/li>\n<li>Juhan Lepasaar (1920.-1930. aastate talulaste m\u00e4ngude selge ja \u00fclevaatliku kirjelduse eripreemia)<\/li>\n<li>Riina Kivaste (\u00fche m\u00e4ngu eripreemia)<\/li>\n<li>Lehte Oraka (\u00fche m\u00e4ngu eripreemia)<\/li>\n<li>Tuuli Reinsoo (eriti s\u00e4rava vastuse eripreemia)<\/li>\n<li>Urve Vares (fantaasiam\u00e4ngude eripreemia)<\/li>\n<\/ol>\n<p>&nbsp;<\/p>\n<p><strong>TEISED OSAV\u00d5TJAD<\/strong><\/p>\n<ol start=\"1\">\n<li>Alatalu, Kadi<\/li>\n<li>Asperg, Eha<\/li>\n<li>Birk, Vaike<\/li>\n<li>Eenlo, Imbi-Harietta<\/li>\n<li>Erik, Maie<\/li>\n<li>Haav, Margot<\/li>\n<li>Heinla, K\u00fclli<\/li>\n<li>Idvani, Zoja<\/li>\n<li>J\u00e4e, Elve<\/li>\n<li>Kaints, Holger<\/li>\n<li>Koemets, Anni<\/li>\n<li>Kristal, Thea<\/li>\n<li>Kupits, Annika<\/li>\n<li>Kurepalu, Anne<\/li>\n<li>Kusmin, Triin<\/li>\n<li>Laansoo, Asta<\/li>\n<li>Landsmann, \u00dclle-Reet<\/li>\n<li>Liiva, Arvi<\/li>\n<li>Luhari, Maret<\/li>\n<li>Matvei, Maie<\/li>\n<li>Muru, Ellen<\/li>\n<li>Naaber, Enda<\/li>\n<li>N\u00f5mmik, Krista<\/li>\n<li>Oeselg, Leida<\/li>\n<li>Pabbo, Vilma<\/li>\n<li>Pajupuu, Kadi<\/li>\n<li>Parksepp, Maria<\/li>\n<li>Pertel, Alli<\/li>\n<li>Polli, Elsa<\/li>\n<li>Purga, Koidula<\/li>\n<li>P\u00f5ldme, Tiia<\/li>\n<li>Rand, Karin<\/li>\n<li>Raudkats, Ene<\/li>\n<li>Rebane, Anne<\/li>\n<li>Roosileht, Kaisa<\/li>\n<li>Saar, Tiina-Johanna<\/li>\n<li>Saar, Elvi<\/li>\n<li>Saharov, \u00dclle<\/li>\n<li>Sonn, Helle-Maia<\/li>\n<li>Suursoho, Monika<\/li>\n<li>Tamm, Liina<\/li>\n<li>Tiimus, V\u00e4ino<\/li>\n<li>Tommula, Eve<\/li>\n<li>Truup\u00f5ld, Asael<\/li>\n<li>Vasar, Selma<\/li>\n<\/ol>\n<table width=\"478\" border=\"0\" cellspacing=\"0\" cellpadding=\"0\">\n<tbody>\n<tr>\n<td valign=\"top\" width=\"260\"><\/td>\n<td width=\"260\"><\/td>\n<td width=\"847\"><\/td>\n<\/tr>\n<tr>\n<td valign=\"top\" width=\"260\"><\/td>\n<td valign=\"bottom\" width=\"260\"><\/td>\n<td valign=\"bottom\" width=\"847\"><\/td>\n<\/tr>\n<tr>\n<td valign=\"top\" width=\"260\"><\/td>\n<td valign=\"bottom\" width=\"260\"><\/td>\n<td valign=\"bottom\" width=\"847\"><\/td>\n<\/tr>\n<tr>\n<td valign=\"top\" width=\"260\"><\/td>\n<td valign=\"bottom\" width=\"260\"><\/td>\n<td valign=\"bottom\" width=\"847\"><\/td>\n<\/tr>\n<tr>\n<td valign=\"top\" width=\"260\"><\/td>\n<td valign=\"bottom\" width=\"260\"><\/td>\n<td valign=\"bottom\" width=\"847\"><\/td>\n<\/tr>\n<tr>\n<td valign=\"top\" width=\"260\"><\/td>\n<td valign=\"bottom\" width=\"260\"><\/td>\n<td valign=\"bottom\" width=\"847\"><\/td>\n<\/tr>\n<tr>\n<td valign=\"top\" width=\"260\"><\/td>\n<td valign=\"bottom\" width=\"260\"><\/td>\n<td valign=\"bottom\" width=\"847\"><\/td>\n<\/tr>\n<tr>\n<td valign=\"top\" width=\"260\"><\/td>\n<td valign=\"bottom\" width=\"260\"><\/td>\n<td valign=\"bottom\" width=\"847\"><\/td>\n<\/tr>\n<tr>\n<td valign=\"top\" width=\"260\"><\/td>\n<td valign=\"bottom\" width=\"260\"><\/td>\n<td valign=\"bottom\" width=\"847\"><\/td>\n<\/tr>\n<tr>\n<td valign=\"top\" width=\"260\"><\/td>\n<td valign=\"top\" width=\"260\"><\/td>\n<td valign=\"top\" width=\"847\"><\/td>\n<\/tr>\n<tr>\n<td valign=\"top\" width=\"260\"><\/td>\n<td valign=\"bottom\" width=\"260\"><\/td>\n<td valign=\"bottom\" width=\"847\"><\/td>\n<\/tr>\n<tr>\n<td valign=\"top\" width=\"260\"><\/td>\n<td valign=\"bottom\" width=\"260\"><\/td>\n<td valign=\"bottom\" width=\"847\"><\/td>\n<\/tr>\n<tr>\n<td valign=\"top\" width=\"260\"><\/td>\n<td valign=\"bottom\" width=\"260\"><\/td>\n<td valign=\"bottom\" width=\"847\"><\/td>\n<\/tr>\n<tr>\n<td valign=\"top\" width=\"260\"><\/td>\n<td valign=\"bottom\" width=\"260\"><\/td>\n<td valign=\"bottom\" width=\"847\"><\/td>\n<\/tr>\n<tr>\n<td valign=\"top\" width=\"260\"><\/td>\n<td valign=\"bottom\" width=\"260\"><\/td>\n<td valign=\"bottom\" width=\"847\"><\/td>\n<\/tr>\n<tr>\n<td valign=\"top\" width=\"260\"><\/td>\n<td valign=\"top\" width=\"260\"><\/td>\n<td valign=\"top\" width=\"847\"><\/td>\n<\/tr>\n<tr>\n<td valign=\"top\" width=\"260\"><\/td>\n<td valign=\"bottom\" width=\"260\"><\/td>\n<td valign=\"bottom\" width=\"847\"><\/td>\n<\/tr>\n<tr>\n<td valign=\"top\" width=\"260\"><\/td>\n<td valign=\"bottom\" width=\"260\"><\/td>\n<td valign=\"bottom\" width=\"847\"><\/td>\n<\/tr>\n<tr>\n<td valign=\"top\" width=\"260\"><\/td>\n<td valign=\"top\" width=\"260\"><\/td>\n<td valign=\"top\" width=\"847\"><\/td>\n<\/tr>\n<tr>\n<td valign=\"top\" width=\"260\"><\/td>\n<td valign=\"bottom\" width=\"260\"><\/td>\n<td valign=\"bottom\" width=\"847\"><\/td>\n<\/tr>\n<tr>\n<td valign=\"top\" width=\"260\"><\/td>\n<td valign=\"top\" width=\"260\"><\/td>\n<td valign=\"top\" width=\"847\"><\/td>\n<\/tr>\n<tr>\n<td valign=\"top\" width=\"260\"><\/td>\n<td valign=\"top\" width=\"260\"><\/td>\n<td valign=\"top\" width=\"847\"><\/td>\n<\/tr>\n<tr>\n<td valign=\"top\" width=\"260\"><\/td>\n<td valign=\"bottom\" width=\"260\"><\/td>\n<td valign=\"bottom\" width=\"847\"><\/td>\n<\/tr>\n<tr>\n<td valign=\"top\" width=\"260\"><\/td>\n<td valign=\"bottom\" width=\"260\"><\/td>\n<td valign=\"bottom\" width=\"847\"><\/td>\n<\/tr>\n<tr>\n<td valign=\"top\" width=\"260\"><\/td>\n<td valign=\"top\" width=\"260\"><\/td>\n<td valign=\"top\" width=\"847\"><\/td>\n<\/tr>\n<tr>\n<td valign=\"top\" width=\"260\"><\/td>\n<td valign=\"bottom\" width=\"260\"><\/td>\n<td valign=\"bottom\" width=\"847\"><\/td>\n<\/tr>\n<tr>\n<td valign=\"top\" width=\"260\"><\/td>\n<td valign=\"bottom\" width=\"260\"><\/td>\n<td valign=\"bottom\" width=\"847\"><\/td>\n<\/tr>\n<tr>\n<td valign=\"top\" width=\"260\"><\/td>\n<td valign=\"top\" width=\"260\"><\/td>\n<td valign=\"top\" width=\"847\"><\/td>\n<\/tr>\n<tr>\n<td valign=\"top\" width=\"260\"><\/td>\n<td valign=\"bottom\" width=\"260\"><\/td>\n<td valign=\"bottom\" width=\"847\"><\/td>\n<\/tr>\n<tr>\n<td valign=\"top\" width=\"260\"><\/td>\n<td valign=\"bottom\" width=\"260\"><\/td>\n<td valign=\"bottom\" width=\"847\"><\/td>\n<\/tr>\n<tr>\n<td valign=\"top\" width=\"260\"><\/td>\n<td valign=\"bottom\" width=\"260\"><\/td>\n<td valign=\"bottom\" width=\"847\"><\/td>\n<\/tr>\n<tr>\n<td valign=\"top\" width=\"260\"><\/td>\n<td valign=\"bottom\" width=\"260\"><\/td>\n<td valign=\"bottom\" width=\"847\"><\/td>\n<\/tr>\n<tr>\n<td valign=\"top\" width=\"260\"><\/td>\n<td valign=\"bottom\" width=\"260\"><\/td>\n<td valign=\"bottom\" width=\"847\"><\/td>\n<\/tr>\n<tr>\n<td valign=\"top\" width=\"260\"><\/td>\n<td valign=\"bottom\" width=\"260\"><\/td>\n<td valign=\"bottom\" width=\"847\"><\/td>\n<\/tr>\n<tr>\n<td valign=\"top\" width=\"260\"><\/td>\n<td valign=\"bottom\" width=\"260\"><\/td>\n<td valign=\"bottom\" width=\"847\"><\/td>\n<\/tr>\n<tr>\n<td valign=\"top\" width=\"260\"><\/td>\n<td valign=\"top\" width=\"260\"><\/td>\n<td valign=\"top\" width=\"847\"><\/td>\n<\/tr>\n<tr>\n<td valign=\"top\" width=\"260\"><\/td>\n<td valign=\"bottom\" width=\"260\"><\/td>\n<td valign=\"bottom\" width=\"847\"><\/td>\n<\/tr>\n<tr>\n<td valign=\"top\" width=\"260\"><\/td>\n<td valign=\"bottom\" width=\"260\"><\/td>\n<td valign=\"bottom\" width=\"847\"><\/td>\n<\/tr>\n<tr>\n<td valign=\"top\" width=\"260\"><\/td>\n<td valign=\"bottom\" width=\"260\"><\/td>\n<td valign=\"bottom\" width=\"847\"><\/td>\n<\/tr>\n<tr>\n<td valign=\"top\" width=\"260\"><\/td>\n<td valign=\"bottom\" width=\"260\"><\/td>\n<td valign=\"bottom\" width=\"847\"><\/td>\n<\/tr>\n<tr>\n<td valign=\"top\" width=\"260\"><\/td>\n<td valign=\"top\" width=\"260\"><\/td>\n<td valign=\"top\" width=\"847\"><\/td>\n<\/tr>\n<tr>\n<td valign=\"top\" width=\"260\"><\/td>\n<td valign=\"bottom\" width=\"260\"><\/td>\n<td valign=\"bottom\" width=\"847\"><\/td>\n<\/tr>\n<tr>\n<td valign=\"top\" width=\"260\"><\/td>\n<td valign=\"bottom\" width=\"260\"><\/td>\n<td valign=\"bottom\" width=\"847\"><\/td>\n<\/tr>\n<tr>\n<td valign=\"top\" width=\"260\"><\/td>\n<td valign=\"bottom\" width=\"260\"><\/td>\n<td valign=\"bottom\" width=\"847\"><\/td>\n<\/tr>\n<tr>\n<td valign=\"top\" width=\"260\"><\/td>\n<td valign=\"top\" width=\"260\"><\/td>\n<td valign=\"top\" width=\"847\"><\/td>\n<\/tr>\n<tr>\n<td valign=\"top\" width=\"260\"><\/td>\n<td valign=\"top\" width=\"260\"><\/td>\n<td valign=\"top\" width=\"847\"><\/td>\n<\/tr>\n<\/tbody>\n<\/table>\n","protected":false},"excerpt":{"rendered":"<p>V\u00d5ISTLUSE TUBLIMAD (t\u00e4hestikulises j\u00e4rjekorras) Virge Haidak (lisaks ERMi eripreemia fotode eest) Kaleph J\u00f5ulu (postuumselt) Rosaali Karjam Maret Lehto Age-Li Liivak Anne Nurgamaa Anna Rinne Andrus Roos Anu Soon Malle Timm Heinz Valk Eha V\u00f5so &nbsp; V\u00d5ISTLUSEL \u00c4RAM\u00c4RGITUD (t\u00e4hestikulises j\u00e4rjekorras) Tiit Birkan Ado J\u00f5ks Maila J\u00fcrgenson Tiiu Kivi Tea Kink Leida Oeselg Hillar Palamets Ellen Paljak &hellip; <a href=\"https:\/\/www.folklore.ee\/ukauka\/kogumisvoistlus-2013\/voistluse-voitjad-ja-osavotjad\/\" class=\"more-link\">Loe edasi <span class=\"screen-reader-text\">V\u00f5istluse v\u00f5itjad ja osav\u00f5tjad<\/span> <span class=\"meta-nav\">&rarr;<\/span><\/a><\/p>\n","protected":false},"author":3,"featured_media":0,"parent":110,"menu_order":1,"comment_status":"closed","ping_status":"closed","template":"","meta":{"footnotes":""},"_links":{"self":[{"href":"https:\/\/www.folklore.ee\/ukauka\/wp-json\/wp\/v2\/pages\/125"}],"collection":[{"href":"https:\/\/www.folklore.ee\/ukauka\/wp-json\/wp\/v2\/pages"}],"about":[{"href":"https:\/\/www.folklore.ee\/ukauka\/wp-json\/wp\/v2\/types\/page"}],"author":[{"embeddable":true,"href":"https:\/\/www.folklore.ee\/ukauka\/wp-json\/wp\/v2\/users\/3"}],"replies":[{"embeddable":true,"href":"https:\/\/www.folklore.ee\/ukauka\/wp-json\/wp\/v2\/comments?post=125"}],"version-history":[{"count":10,"href":"https:\/\/www.folklore.ee\/ukauka\/wp-json\/wp\/v2\/pages\/125\/revisions"}],"predecessor-version":[{"id":168,"href":"https:\/\/www.folklore.ee\/ukauka\/wp-json\/wp\/v2\/pages\/125\/revisions\/168"}],"up":[{"embeddable":true,"href":"https:\/\/www.folklore.ee\/ukauka\/wp-json\/wp\/v2\/pages\/110"}],"wp:attachment":[{"href":"https:\/\/www.folklore.ee\/ukauka\/wp-json\/wp\/v2\/media?parent=125"}],"curies":[{"name":"wp","href":"https:\/\/api.w.org\/{rel}","templated":true}]}}