{"id":110,"date":"2014-03-03T11:16:36","date_gmt":"2014-03-03T08:16:36","guid":{"rendered":"http:\/\/www.folklore.ee\/ukauka\/?page_id=110"},"modified":"2014-12-29T14:59:41","modified_gmt":"2014-12-29T11:59:41","slug":"kogumisvoistlus-2013","status":"publish","type":"page","link":"https:\/\/www.folklore.ee\/ukauka\/kogumisvoistlus-2013\/","title":{"rendered":"Kogumisv\u00f5istlus 2013"},"content":{"rendered":"<p>2013. aastal toimus lastem\u00e4ngude kogumise v\u00f5istlus.<\/p>\n<p>Kultuurip\u00e4randi aasta raames toimunud v\u00f5istlusele saatsid oma lapsep\u00f5lvem\u00e4lestusi ja m\u00e4nge kokku 77 inimest kokku 650 lehek\u00fcljel, lisaks kogunes fotosid, jooniseid, paberlauam\u00e4nge, pabernukke jm.\u00a0 Vanim vastaja oli 100-aastane, noorim 11-aastane.<\/p>\n<p>Seekordsele m\u00e4ngukogumise v\u00f5istlusele paluti saata nii m\u00e4ngukirjeldusi kui m\u00e4lestusi lapsep\u00f5lvest. Seda ka tehti ning saabunud on m\u00f5lemaid. Erinevaid m\u00e4ngukirjeldusi on m\u00e4luasutustesse varemgi kogutud ning neid on ka tr\u00fckis avaldatud. Antud v\u00f5istluse erip\u00e4raks v\u00f5ibki pidada m\u00e4ngude kirjeldamist enda m\u00e4ngukogemuse kaudu, kus eriti selgelt ilmneb ajastu m\u00f5ju laste tegemistele.<\/p>\n<p>Suur osa lastem\u00e4ngude kogumisest osav\u00f5tjaid on s\u00fcndinud 1930. kuni 1950. aastatel. Nii h\u00f5lmab nende poolt kirjutatu enamasti s\u00f5ja- ning p\u00e4rasts\u00f5jaaegseid m\u00e4ngukogemusi. Kirjeldatud on nii talulaste m\u00e4nge ja m\u00e4nguasju kui ka linnades ja asulates kasvanud laste m\u00e4ngumaailma. Meenutused on erinevad ning see ei s\u00f5ltu vaid eri ajastutest, kus helged m\u00e4lestused vahelduvad karmimatega. Tugevalt m\u00f5jutavad laste m\u00e4lestusi ka peresisesed olud.<\/p>\n<p>V\u00f5istlust\u00f6\u00f6dega saad tutvuda <a title=\"Kogumisv\u00f5istlus_2013\" href=\"https:\/\/www.folklore.ee\/ukauka\/arhiiv\/exhibits\/show\/kogumisvoistlus_2013\">siin<\/a>.<\/p>\n<p><a title=\"V\u00f5istluse v\u00f5itjad ja osav\u00f5tjad\" href=\"https:\/\/www.folklore.ee\/ukauka\/kogumisvoistlus-2013\/voistluse-voitjad-ja-osavotjad\/\">V\u00f5istluse v\u00f5itjad ja teised osalejad<\/a><\/p>\n<p><a title=\"L\u00f5petamine\" href=\"https:\/\/www.facebook.com\/media\/set\/?set=a.654983677871076.1073741847.110756465627136&amp;type=3\" target=\"_blank\">Fotod kogumisv\u00f5istluse l\u00f5petamiselt<\/a> Eesti Kirjandusmuuseumis 28.02.1014<\/p>\n<div>\n<div>Lastem\u00e4ngude kogumisv\u00f5istluse \u017e\u00fcrii:<\/div>\n<div>\u00a0Mall Hiiem\u00e4e, Risto J\u00e4rv, Kadri Tamm, Astrid Tuisk,\u00a0 Piret Voolaid (Eesti Kirjandusmuuseum)<\/div>\n<div>Tiia Toomet (kirjanik, M\u00e4nguasjamuuseumi rajaja)<\/div>\n<div>Karin Konksi (Eesti Rahva Muuseum)<\/div>\n<div>Heli Poolakese (Tartu M\u00e4nguasjamuuseum)<\/div>\n<div><\/div>\n<\/div>\n<p>&nbsp;<\/p>\n<p>&nbsp;<\/p>\n<p>Ka n\u00fc\u00fcd, p\u00e4rast v\u00f5istluse l\u00f5ppu, on teretulnud vastused k\u00fcsitlusele rahvaluule <a href=\"http:\/\/kratt.folklore.ee\/ctrl\/et\/Kysitluskavad\/andmed\/4\" target=\"_blank\">rahvaluule kogumise portaalis Kratt<\/a>.<\/p>\n<p>M\u00e4ngukirjeldusi ootame ka meilil: <a href=\"mailto:kratt@folklore.ee\"><br \/>\nkratt@folklore.ee<\/a><br \/>\nv\u00f5i kirja teel:<br \/>\nLastem\u00e4ngud<\/p>\n<p>Eesti Kirjandusmuuseum<br \/>\nEesti Rahvaluule Arhiiv<br \/>\nVanemuise 42<br \/>\nTartu 51003<\/p>\n<p>Kogumisv\u00f5istluse l\u00e4biviimist toetasid Eesti Kultuurkapital<br \/>\nja Kultuurip\u00e4randi aasta, v\u00f5itjaid toetasid auhindadega Ahhaa Keskus,<br \/>\nLudo lauam\u00e4ngupood, kirjastused Hea Lugu ja Koolibri.<\/p>\n<p><a href=\"https:\/\/www.folklore.ee\/ukauka\/wp-content\/uploads\/2014\/03\/koolibri.jpg\"><img loading=\"lazy\" decoding=\"async\" class=\"alignnone size-medium wp-image-112\" alt=\"koolibri\" src=\"https:\/\/www.folklore.ee\/ukauka\/wp-content\/uploads\/2014\/03\/koolibri-300x70.jpg\" width=\"300\" height=\"70\" srcset=\"https:\/\/www.folklore.ee\/ukauka\/wp-content\/uploads\/2014\/03\/koolibri-300x70.jpg 300w, https:\/\/www.folklore.ee\/ukauka\/wp-content\/uploads\/2014\/03\/koolibri.jpg 360w\" sizes=\"(max-width: 300px) 100vw, 300px\" \/><\/a><\/p>\n<p><a href=\"https:\/\/www.folklore.ee\/ukauka\/wp-content\/uploads\/2014\/03\/hea_logo.png\"><img loading=\"lazy\" decoding=\"async\" class=\"alignnone size-medium wp-image-111\" alt=\"hea_logo\" src=\"https:\/\/www.folklore.ee\/ukauka\/wp-content\/uploads\/2014\/03\/hea_logo-300x53.png\" width=\"300\" height=\"53\" srcset=\"https:\/\/www.folklore.ee\/ukauka\/wp-content\/uploads\/2014\/03\/hea_logo-300x53.png 300w, https:\/\/www.folklore.ee\/ukauka\/wp-content\/uploads\/2014\/03\/hea_logo.png 557w\" sizes=\"(max-width: 300px) 100vw, 300px\" \/><\/a><\/p>\n<p><a href=\"https:\/\/www.folklore.ee\/ukauka\/wp-content\/uploads\/2014\/03\/AHHAA_2011_logo_cmyk.jpg\"><img loading=\"lazy\" decoding=\"async\" class=\"alignnone size-medium wp-image-114\" alt=\"AHHAA_2011_logo_cmyk\" src=\"https:\/\/www.folklore.ee\/ukauka\/wp-content\/uploads\/2014\/03\/AHHAA_2011_logo_cmyk.jpg\" width=\"158\" height=\"157\" srcset=\"https:\/\/www.folklore.ee\/ukauka\/wp-content\/uploads\/2014\/03\/AHHAA_2011_logo_cmyk.jpg 163w, https:\/\/www.folklore.ee\/ukauka\/wp-content\/uploads\/2014\/03\/AHHAA_2011_logo_cmyk-150x150.jpg 150w\" sizes=\"(max-width: 158px) 100vw, 158px\" \/><\/a><\/p>\n<p><a href=\"https:\/\/www.folklore.ee\/ukauka\/wp-content\/uploads\/2014\/03\/Ludo_logo_uus_varv.jpg\"><img loading=\"lazy\" decoding=\"async\" class=\"alignnone size-medium wp-image-113\" alt=\"Ludo_logo_uus_varv\" src=\"https:\/\/www.folklore.ee\/ukauka\/wp-content\/uploads\/2014\/03\/Ludo_logo_uus_varv-300x300.jpg\" width=\"214\" height=\"214\" srcset=\"https:\/\/www.folklore.ee\/ukauka\/wp-content\/uploads\/2014\/03\/Ludo_logo_uus_varv-300x300.jpg 300w, https:\/\/www.folklore.ee\/ukauka\/wp-content\/uploads\/2014\/03\/Ludo_logo_uus_varv-150x150.jpg 150w, https:\/\/www.folklore.ee\/ukauka\/wp-content\/uploads\/2014\/03\/Ludo_logo_uus_varv-1024x1024.jpg 1024w, https:\/\/www.folklore.ee\/ukauka\/wp-content\/uploads\/2014\/03\/Ludo_logo_uus_varv.jpg 1108w\" sizes=\"(max-width: 214px) 100vw, 214px\" \/><\/a><\/p>\n<p>&nbsp;<\/p>\n","protected":false},"excerpt":{"rendered":"<p>2013. aastal toimus lastem\u00e4ngude kogumise v\u00f5istlus. Kultuurip\u00e4randi aasta raames toimunud v\u00f5istlusele saatsid oma lapsep\u00f5lvem\u00e4lestusi ja m\u00e4nge kokku 77 inimest kokku 650 lehek\u00fcljel, lisaks kogunes fotosid, jooniseid, paberlauam\u00e4nge, pabernukke jm.\u00a0 Vanim vastaja oli 100-aastane, noorim 11-aastane. Seekordsele m\u00e4ngukogumise v\u00f5istlusele paluti saata nii m\u00e4ngukirjeldusi kui m\u00e4lestusi lapsep\u00f5lvest. Seda ka tehti ning saabunud on m\u00f5lemaid. Erinevaid m\u00e4ngukirjeldusi on &hellip; <a href=\"https:\/\/www.folklore.ee\/ukauka\/kogumisvoistlus-2013\/\" class=\"more-link\">Loe edasi <span class=\"screen-reader-text\">Kogumisv\u00f5istlus 2013<\/span> <span class=\"meta-nav\">&rarr;<\/span><\/a><\/p>\n","protected":false},"author":6,"featured_media":0,"parent":0,"menu_order":0,"comment_status":"closed","ping_status":"closed","template":"","meta":{"footnotes":""},"_links":{"self":[{"href":"https:\/\/www.folklore.ee\/ukauka\/wp-json\/wp\/v2\/pages\/110"}],"collection":[{"href":"https:\/\/www.folklore.ee\/ukauka\/wp-json\/wp\/v2\/pages"}],"about":[{"href":"https:\/\/www.folklore.ee\/ukauka\/wp-json\/wp\/v2\/types\/page"}],"author":[{"embeddable":true,"href":"https:\/\/www.folklore.ee\/ukauka\/wp-json\/wp\/v2\/users\/6"}],"replies":[{"embeddable":true,"href":"https:\/\/www.folklore.ee\/ukauka\/wp-json\/wp\/v2\/comments?post=110"}],"version-history":[{"count":22,"href":"https:\/\/www.folklore.ee\/ukauka\/wp-json\/wp\/v2\/pages\/110\/revisions"}],"predecessor-version":[{"id":120,"href":"https:\/\/www.folklore.ee\/ukauka\/wp-json\/wp\/v2\/pages\/110\/revisions\/120"}],"wp:attachment":[{"href":"https:\/\/www.folklore.ee\/ukauka\/wp-json\/wp\/v2\/media?parent=110"}],"curies":[{"name":"wp","href":"https:\/\/api.w.org\/{rel}","templated":true}]}}