{"id":9946,"date":"2023-01-04T20:26:32","date_gmt":"2023-01-04T20:26:32","guid":{"rendered":"https:\/\/www.folklore.ee\/udmurt\/kamaudm\/?page_id=9946"},"modified":"2023-01-06T09:48:59","modified_gmt":"2023-01-06T09:48:59","slug":"kirga-elen-vos-2013-2","status":"publish","type":"page","link":"https:\/\/www.folklore.ee\/udmurt\/kamaudm\/fr\/kirga-elen-vos-2013-2\/","title":{"rendered":"Kirga Elen v\u00f6s&#8217; 2013\u00a0"},"content":{"rendered":"\t\t<div data-elementor-type=\"wp-page\" data-elementor-id=\"9946\" class=\"elementor elementor-9946\">\n\t\t\t\t\t\t<section class=\"elementor-section elementor-top-section elementor-element elementor-element-04948e7 elementor-section-boxed elementor-section-height-default elementor-section-height-default wpr-particle-no wpr-jarallax-no wpr-parallax-no wpr-sticky-section-no\" data-id=\"04948e7\" data-element_type=\"section\">\n\t\t\t\t\t\t<div class=\"elementor-container elementor-column-gap-no\">\n\t\t\t\t\t<div class=\"elementor-column elementor-col-100 elementor-top-column elementor-element elementor-element-58a5ef9\" data-id=\"58a5ef9\" data-element_type=\"column\" data-settings=\"{&quot;background_background&quot;:&quot;classic&quot;}\">\n\t\t\t<div class=\"elementor-widget-wrap elementor-element-populated\">\n\t\t\t\t\t\t<div class=\"elementor-element elementor-element-7a43c64 elementor-widget elementor-widget-heading\" data-id=\"7a43c64\" data-element_type=\"widget\" data-widget_type=\"heading.default\">\n\t\t\t\t<div class=\"elementor-widget-container\">\n\t\t\t\t\t<h2 class=\"elementor-heading-title elementor-size-default\">Elen v\u00f6s' 2013 <\/h2>\t\t\t\t<\/div>\n\t\t\t\t<\/div>\n\t\t\t\t<div class=\"elementor-element elementor-element-801e214 elementor-widget elementor-widget-text-editor\" data-id=\"801e214\" data-element_type=\"widget\" data-widget_type=\"text-editor.default\">\n\t\t\t\t<div class=\"elementor-widget-container\">\n\t\t\t\t\t\t\t\t\t<section class=\"elementor-section elementor-top-section elementor-element elementor-element-9a9128e elementor-section-boxed elementor-section-height-default elementor-section-height-default wpr-particle-no wpr-jarallax-no wpr-parallax-no wpr-sticky-section-no\" data-id=\"9a9128e\" data-element_type=\"section\"><div class=\"elementor-container elementor-column-gap-default\"><div class=\"elementor-column elementor-col-100 elementor-top-column elementor-element elementor-element-e88b005\" data-id=\"e88b005\" data-element_type=\"column\"><div class=\"elementor-widget-wrap elementor-element-populated\"><div class=\"elementor-element elementor-element-7a186ea elementor-widget elementor-widget-text-editor\" data-id=\"7a186ea\" data-element_type=\"widget\" data-widget_type=\"text-editor.default\"><div class=\"elementor-widget-container\"><p style=\"text-align: center;\"><a href=\"https:\/\/www.folklore.ee\/udmurt\/kamaudm\/fr\/kirga-2\/\">Kirga, ra\u00efon de Kueda, kra\u00ef de Perm\u2019<\/a><\/p><\/div><\/div><\/div><\/div><\/div><\/section>\t\t\t\t\t\t\t\t<\/div>\n\t\t\t\t<\/div>\n\t\t\t\t<div class=\"elementor-element elementor-element-3a0f0f8 elementor-widget elementor-widget-shortcode\" data-id=\"3a0f0f8\" data-element_type=\"widget\" data-widget_type=\"shortcode.default\">\n\t\t\t\t<div class=\"elementor-widget-container\">\n\t\t\t\t\t\t\t<div class=\"elementor-shortcode\"><style type=\"text\/css\" scoped>.rbs_gallery_69df3d3a9dbecSpinner{\r\n\t\t\t\tmargin: 50px auto;\r\n\t\t\t\twidth: 50px;\r\n\t\t\t\theight: 40px;\r\n\t\t\t\ttext-align: center;\r\n\t\t\t\tfont-size: 10px;\r\n\t\t\t}\r\n\t\t\t.rbs_gallery_69df3d3a9dbecSpinner > div{\r\n\t\t\t  background-color: #333;\r\n\t\t\t  height: 100%;\r\n\t\t\t  width: 6px;\r\n\t\t\t  display: inline-block;\r\n\t\t\t  -webkit-animation: rbs_gallery_69df3d3a9dbec-stretchdelay 1.2s infinite ease-in-out;\r\n\t\t\t  animation: rbs_gallery_69df3d3a9dbec-stretchdelay 1.2s infinite ease-in-out;\r\n\t\t\t}\r\n\t\t\t.rbs_gallery_69df3d3a9dbecSpinner .rbs_gallery_69df3d3a9dbecRect2 {\r\n\t\t\t  -webkit-animation-delay: -1.1s;\r\n\t\t\t  animation-delay: -1.1s;\r\n\t\t\t}\r\n\t\t\t.rbs_gallery_69df3d3a9dbecSpinner .rbs_gallery_69df3d3a9dbecRect3 {\r\n\t\t\t  -webkit-animation-delay: -1.0s;\r\n\t\t\t  animation-delay: -1.0s;\r\n\t\t\t}\r\n\t\t\t.rbs_gallery_69df3d3a9dbecSpinner .rbs_gallery_69df3d3a9dbecRect4 {\r\n\t\t\t  -webkit-animation-delay: -0.9s;\r\n\t\t\t  animation-delay: -0.9s;\r\n\t\t\t}\r\n\t\t\t.rbs_gallery_69df3d3a9dbecSpinner .rbs_gallery_69df3d3a9dbecRect5 {\r\n\t\t\t  -webkit-animation-delay: -0.8s;\r\n\t\t\t  animation-delay: -0.8s;\r\n\t\t\t}\r\n\t\t\t@-webkit-keyframes rbs_gallery_69df3d3a9dbec-stretchdelay {\r\n\t\t\t  0%, 40%, 100% { -webkit-transform: scaleY(0.4) }  \r\n\t\t\t  20% { -webkit-transform: scaleY(1.0) }\r\n\t\t\t}\r\n\t\t\t@keyframes rbs_gallery_69df3d3a9dbec-stretchdelay {\r\n\t\t\t  0%, 40%, 100% { \r\n\t\t\t    transform: scaleY(0.4);\r\n\t\t\t    -webkit-transform: scaleY(0.4);\r\n\t\t\t  }  20% { \r\n\t\t\t    transform: scaleY(1.0);\r\n\t\t\t    -webkit-transform: scaleY(1.0);\r\n\t\t\t  }\r\n\t\t\t}\r\n\t\t<\/style><div class=\"robo-gallery-wrap robo-gallery-wrap-id9497 robo-gallery-grid\" ><div id=\"rbs_gallery_69df3d3a9dbec-block-loader\" class=\"rbs_gallery_69df3d3a9dbecSpinner\"><div class=\"rbs_gallery_69df3d3a9dbecRect1\"><\/div> <div class=\"rbs_gallery_69df3d3a9dbecRect2\"><\/div> <div class=\"rbs_gallery_69df3d3a9dbecRect3\"><\/div> <div class=\"rbs_gallery_69df3d3a9dbecRect4\"><\/div> <div class=\"rbs_gallery_69df3d3a9dbecRect5\"><\/div><\/div><div id=\"robo_gallery_main_block_rbs_gallery_69df3d3a9dbec\" class=\"robogallery-gallery-9497\" style=\"width:100%;  display: none;\"><div id=\"rbs_gallery_69df3d3a9dbec\" data-options=\"rbs_gallery_69df3d3a9dbec\" style=\"width:100%;\" class=\"robo_gallery  \"><div class=\"rbs-img  category9497 \" ><div class=\"rbs-img-image   rbs-lightbox \" ><div class=\"rbs-img-thumbs\"  data-thumbnail=\"https:\/\/www.folklore.ee\/udmurt\/kamaudm\/wp-content\/uploads\/2023\/01\/2013-30.6-Permi-krai-Kirga-Ohverdus-300x169.jpg\"  title=\"2013 30.6 Permi krai Kirga Ohverdus\"  data-width=\"300\"  data-height=\"169\" ><\/div><div class=\"rbs-img-data-popup\"  data-popup=\"https:\/\/www.folklore.ee\/udmurt\/kamaudm\/wp-content\/uploads\/2023\/01\/2013-30.6-Permi-krai-Kirga-Ohverdus.jpg\"  title=\"2013 30.6 Permi krai Kirga Ohverdus\" ><\/div><div class=\"thumbnail-overlay\"><div class=\"rbsIcons\"><i class=\"fa fa-search-plus rbsZoomIcon \" ><\/i><\/div><\/div><\/div><\/div><div class=\"rbs-img  category9497 \" ><div class=\"rbs-img-image   rbs-lightbox \" ><div class=\"rbs-img-thumbs\"  data-thumbnail=\"https:\/\/www.folklore.ee\/udmurt\/kamaudm\/wp-content\/uploads\/2023\/01\/IMG_2268-300x169.jpg\"  title=\"IMG_2268\"  data-width=\"300\"  data-height=\"169\" ><\/div><div class=\"rbs-img-data-popup\"  data-popup=\"https:\/\/www.folklore.ee\/udmurt\/kamaudm\/wp-content\/uploads\/2023\/01\/IMG_2268.jpg\"  title=\"IMG_2268\" ><\/div><div class=\"thumbnail-overlay\"><div class=\"rbsIcons\"><i class=\"fa fa-search-plus rbsZoomIcon \" ><\/i><\/div><\/div><\/div><\/div><div class=\"rbs-img  category9497 \" ><div class=\"rbs-img-image   rbs-lightbox \" ><div class=\"rbs-img-thumbs\"  data-thumbnail=\"https:\/\/www.folklore.ee\/udmurt\/kamaudm\/wp-content\/uploads\/2023\/01\/IMG_2276-300x169.jpg\"  title=\"IMG_2276\"  data-width=\"300\"  data-height=\"169\" ><\/div><div class=\"rbs-img-data-popup\"  data-popup=\"https:\/\/www.folklore.ee\/udmurt\/kamaudm\/wp-content\/uploads\/2023\/01\/IMG_2276.jpg\"  title=\"IMG_2276\" ><\/div><div class=\"thumbnail-overlay\"><div class=\"rbsIcons\"><i class=\"fa fa-search-plus rbsZoomIcon \" ><\/i><\/div><\/div><\/div><\/div><div class=\"rbs-img  category9497 \" ><div class=\"rbs-img-image   rbs-lightbox \" ><div class=\"rbs-img-thumbs\"  data-thumbnail=\"https:\/\/www.folklore.ee\/udmurt\/kamaudm\/wp-content\/uploads\/2023\/01\/IMG_2278-300x169.jpg\"  title=\"IMG_2278\"  data-width=\"300\"  data-height=\"169\" ><\/div><div class=\"rbs-img-data-popup\"  data-popup=\"https:\/\/www.folklore.ee\/udmurt\/kamaudm\/wp-content\/uploads\/2023\/01\/IMG_2278.jpg\"  title=\"IMG_2278\" ><\/div><div class=\"thumbnail-overlay\"><div class=\"rbsIcons\"><i class=\"fa fa-search-plus rbsZoomIcon \" ><\/i><\/div><\/div><\/div><\/div><div class=\"rbs-img  category9497 \" ><div class=\"rbs-img-image   rbs-lightbox \" ><div class=\"rbs-img-thumbs\"  data-thumbnail=\"https:\/\/www.folklore.ee\/udmurt\/kamaudm\/wp-content\/uploads\/2023\/01\/IMG_2280-300x169.jpg\"  title=\"IMG_2280\"  data-width=\"300\"  data-height=\"169\" ><\/div><div class=\"rbs-img-data-popup\"  data-popup=\"https:\/\/www.folklore.ee\/udmurt\/kamaudm\/wp-content\/uploads\/2023\/01\/IMG_2280.jpg\"  title=\"IMG_2280\" ><\/div><div class=\"thumbnail-overlay\"><div class=\"rbsIcons\"><i class=\"fa fa-search-plus rbsZoomIcon \" ><\/i><\/div><\/div><\/div><\/div><div class=\"rbs-img  category9497 \" ><div class=\"rbs-img-image   rbs-lightbox \" ><div class=\"rbs-img-thumbs\"  data-thumbnail=\"https:\/\/www.folklore.ee\/udmurt\/kamaudm\/wp-content\/uploads\/2023\/01\/IMG_2285-300x169.jpg\"  title=\"IMG_2285\"  data-width=\"300\"  data-height=\"169\" ><\/div><div class=\"rbs-img-data-popup\"  data-popup=\"https:\/\/www.folklore.ee\/udmurt\/kamaudm\/wp-content\/uploads\/2023\/01\/IMG_2285.jpg\"  title=\"IMG_2285\" ><\/div><div class=\"thumbnail-overlay\"><div class=\"rbsIcons\"><i class=\"fa fa-search-plus rbsZoomIcon \" ><\/i><\/div><\/div><\/div><\/div><div class=\"rbs-img  category9497 \" ><div class=\"rbs-img-image   rbs-lightbox \" ><div class=\"rbs-img-thumbs\"  data-thumbnail=\"https:\/\/www.folklore.ee\/udmurt\/kamaudm\/wp-content\/uploads\/2023\/01\/IMG_2297-300x169.jpg\"  title=\"IMG_2297\"  data-width=\"300\"  data-height=\"169\" ><\/div><div class=\"rbs-img-data-popup\"  data-popup=\"https:\/\/www.folklore.ee\/udmurt\/kamaudm\/wp-content\/uploads\/2023\/01\/IMG_2297.jpg\"  title=\"IMG_2297\" ><\/div><div class=\"thumbnail-overlay\"><div class=\"rbsIcons\"><i class=\"fa fa-search-plus rbsZoomIcon \" ><\/i><\/div><\/div><\/div><\/div><div class=\"rbs-img  category9497 \" ><div class=\"rbs-img-image   rbs-lightbox \" ><div class=\"rbs-img-thumbs\"  data-thumbnail=\"https:\/\/www.folklore.ee\/udmurt\/kamaudm\/wp-content\/uploads\/2023\/01\/IMG_2309-300x169.jpg\"  title=\"IMG_2309\"  data-width=\"300\"  data-height=\"169\" ><\/div><div class=\"rbs-img-data-popup\"  data-popup=\"https:\/\/www.folklore.ee\/udmurt\/kamaudm\/wp-content\/uploads\/2023\/01\/IMG_2309.jpg\"  title=\"IMG_2309\" ><\/div><div class=\"thumbnail-overlay\"><div class=\"rbsIcons\"><i class=\"fa fa-search-plus rbsZoomIcon \" ><\/i><\/div><\/div><\/div><\/div><div class=\"rbs-img  category9497 \" ><div class=\"rbs-img-image   rbs-lightbox \" ><div class=\"rbs-img-thumbs\"  data-thumbnail=\"https:\/\/www.folklore.ee\/udmurt\/kamaudm\/wp-content\/uploads\/2023\/01\/IMG_2347-300x169.jpg\"  title=\"IMG_2347\"  data-width=\"300\"  data-height=\"169\" ><\/div><div class=\"rbs-img-data-popup\"  data-popup=\"https:\/\/www.folklore.ee\/udmurt\/kamaudm\/wp-content\/uploads\/2023\/01\/IMG_2347.jpg\"  title=\"IMG_2347\" ><\/div><div class=\"thumbnail-overlay\"><div class=\"rbsIcons\"><i class=\"fa fa-search-plus rbsZoomIcon \" ><\/i><\/div><\/div><\/div><\/div><div class=\"rbs-img  category9497 \" ><div class=\"rbs-img-image   rbs-lightbox \" ><div class=\"rbs-img-thumbs\"  data-thumbnail=\"https:\/\/www.folklore.ee\/udmurt\/kamaudm\/wp-content\/uploads\/2023\/01\/IMG_2377-300x169.jpg\"  title=\"IMG_2377\"  data-width=\"300\"  data-height=\"169\" ><\/div><div class=\"rbs-img-data-popup\"  data-popup=\"https:\/\/www.folklore.ee\/udmurt\/kamaudm\/wp-content\/uploads\/2023\/01\/IMG_2377.jpg\"  title=\"IMG_2377\" ><\/div><div class=\"thumbnail-overlay\"><div class=\"rbsIcons\"><i class=\"fa fa-search-plus rbsZoomIcon \" ><\/i><\/div><\/div><\/div><\/div><div class=\"rbs-img  category9497 \" ><div class=\"rbs-img-image   rbs-lightbox \" ><div class=\"rbs-img-thumbs\"  data-thumbnail=\"https:\/\/www.folklore.ee\/udmurt\/kamaudm\/wp-content\/uploads\/2023\/01\/IMG_2381-300x169.jpg\"  title=\"IMG_2381\"  data-width=\"300\"  data-height=\"169\" ><\/div><div class=\"rbs-img-data-popup\"  data-popup=\"https:\/\/www.folklore.ee\/udmurt\/kamaudm\/wp-content\/uploads\/2023\/01\/IMG_2381.jpg\"  title=\"IMG_2381\" ><\/div><div class=\"thumbnail-overlay\"><div class=\"rbsIcons\"><i class=\"fa fa-search-plus rbsZoomIcon \" ><\/i><\/div><\/div><\/div><\/div><div class=\"rbs-img  category9497 \" ><div class=\"rbs-img-image   rbs-lightbox \" ><div class=\"rbs-img-thumbs\"  data-thumbnail=\"https:\/\/www.folklore.ee\/udmurt\/kamaudm\/wp-content\/uploads\/2023\/01\/IMG_2394-300x169.jpg\"  title=\"IMG_2394\"  data-width=\"300\"  data-height=\"169\" ><\/div><div class=\"rbs-img-data-popup\"  data-popup=\"https:\/\/www.folklore.ee\/udmurt\/kamaudm\/wp-content\/uploads\/2023\/01\/IMG_2394.jpg\"  title=\"IMG_2394\" ><\/div><div class=\"thumbnail-overlay\"><div class=\"rbsIcons\"><i class=\"fa fa-search-plus rbsZoomIcon \" ><\/i><\/div><\/div><\/div><\/div><div class=\"rbs-img  category9497 \" ><div class=\"rbs-img-image   rbs-lightbox \" ><div class=\"rbs-img-thumbs\"  data-thumbnail=\"https:\/\/www.folklore.ee\/udmurt\/kamaudm\/wp-content\/uploads\/2023\/01\/IMG_2428-300x169.jpg\"  title=\"IMG_2428\"  data-width=\"300\"  data-height=\"169\" ><\/div><div class=\"rbs-img-data-popup\"  data-popup=\"https:\/\/www.folklore.ee\/udmurt\/kamaudm\/wp-content\/uploads\/2023\/01\/IMG_2428.jpg\"  title=\"IMG_2428\" ><\/div><div class=\"thumbnail-overlay\"><div class=\"rbsIcons\"><i class=\"fa fa-search-plus rbsZoomIcon \" ><\/i><\/div><\/div><\/div><\/div><div class=\"rbs-img  category9497 \" ><div class=\"rbs-img-image   rbs-lightbox \" ><div class=\"rbs-img-thumbs\"  data-thumbnail=\"https:\/\/www.folklore.ee\/udmurt\/kamaudm\/wp-content\/uploads\/2023\/01\/IMG_2443-1-300x169.jpg\"  title=\"IMG_2443\"  data-width=\"300\"  data-height=\"169\" ><\/div><div class=\"rbs-img-data-popup\"  data-popup=\"https:\/\/www.folklore.ee\/udmurt\/kamaudm\/wp-content\/uploads\/2023\/01\/IMG_2443-1.jpg\"  title=\"IMG_2443\" ><\/div><div class=\"thumbnail-overlay\"><div class=\"rbsIcons\"><i class=\"fa fa-search-plus rbsZoomIcon \" ><\/i><\/div><\/div><\/div><\/div><div class=\"rbs-img  category9497 \" ><div class=\"rbs-img-image   rbs-lightbox \" ><div class=\"rbs-img-thumbs\"  data-thumbnail=\"https:\/\/www.folklore.ee\/udmurt\/kamaudm\/wp-content\/uploads\/2023\/01\/IMG_2445-300x169.jpg\"  title=\"IMG_2445\"  data-width=\"300\"  data-height=\"169\" ><\/div><div class=\"rbs-img-data-popup\"  data-popup=\"https:\/\/www.folklore.ee\/udmurt\/kamaudm\/wp-content\/uploads\/2023\/01\/IMG_2445.jpg\"  title=\"IMG_2445\" ><\/div><div class=\"thumbnail-overlay\"><div class=\"rbsIcons\"><i class=\"fa fa-search-plus rbsZoomIcon \" ><\/i><\/div><\/div><\/div><\/div><div class=\"rbs-img  category9497 \" ><div class=\"rbs-img-image   rbs-lightbox \" ><div class=\"rbs-img-thumbs\"  data-thumbnail=\"https:\/\/www.folklore.ee\/udmurt\/kamaudm\/wp-content\/uploads\/2023\/01\/IMG_2449-300x169.jpg\"  title=\"IMG_2449\"  data-width=\"300\"  data-height=\"169\" ><\/div><div class=\"rbs-img-data-popup\"  data-popup=\"https:\/\/www.folklore.ee\/udmurt\/kamaudm\/wp-content\/uploads\/2023\/01\/IMG_2449.jpg\"  title=\"IMG_2449\" ><\/div><div class=\"thumbnail-overlay\"><div class=\"rbsIcons\"><i class=\"fa fa-search-plus rbsZoomIcon \" ><\/i><\/div><\/div><\/div><\/div><div class=\"rbs-img  category9497 \" ><div class=\"rbs-img-image   rbs-lightbox \" ><div class=\"rbs-img-thumbs\"  data-thumbnail=\"https:\/\/www.folklore.ee\/udmurt\/kamaudm\/wp-content\/uploads\/2023\/01\/IMG_2452-300x169.jpg\"  title=\"IMG_2452\"  data-width=\"300\"  data-height=\"169\" ><\/div><div class=\"rbs-img-data-popup\"  data-popup=\"https:\/\/www.folklore.ee\/udmurt\/kamaudm\/wp-content\/uploads\/2023\/01\/IMG_2452.jpg\"  title=\"IMG_2452\" ><\/div><div class=\"thumbnail-overlay\"><div class=\"rbsIcons\"><i class=\"fa fa-search-plus rbsZoomIcon \" ><\/i><\/div><\/div><\/div><\/div><div class=\"rbs-img  category9497 \" ><div class=\"rbs-img-image   rbs-lightbox \" ><div class=\"rbs-img-thumbs\"  data-thumbnail=\"https:\/\/www.folklore.ee\/udmurt\/kamaudm\/wp-content\/uploads\/2023\/01\/IMG_2464-300x169.jpg\"  title=\"IMG_2464\"  data-width=\"300\"  data-height=\"169\" ><\/div><div class=\"rbs-img-data-popup\"  data-popup=\"https:\/\/www.folklore.ee\/udmurt\/kamaudm\/wp-content\/uploads\/2023\/01\/IMG_2464.jpg\"  title=\"IMG_2464\" ><\/div><div class=\"thumbnail-overlay\"><div class=\"rbsIcons\"><i class=\"fa fa-search-plus rbsZoomIcon \" ><\/i><\/div><\/div><\/div><\/div><div class=\"rbs-img  category9497 \" ><div class=\"rbs-img-image   rbs-lightbox \" ><div class=\"rbs-img-thumbs\"  data-thumbnail=\"https:\/\/www.folklore.ee\/udmurt\/kamaudm\/wp-content\/uploads\/2023\/01\/IMG_2466-300x169.jpg\"  title=\"IMG_2466\"  data-width=\"300\"  data-height=\"169\" ><\/div><div class=\"rbs-img-data-popup\"  data-popup=\"https:\/\/www.folklore.ee\/udmurt\/kamaudm\/wp-content\/uploads\/2023\/01\/IMG_2466.jpg\"  title=\"IMG_2466\" ><\/div><div class=\"thumbnail-overlay\"><div class=\"rbsIcons\"><i class=\"fa fa-search-plus rbsZoomIcon \" ><\/i><\/div><\/div><\/div><\/div><div class=\"rbs-img  category9497 \" ><div class=\"rbs-img-image   rbs-lightbox \" ><div class=\"rbs-img-thumbs\"  data-thumbnail=\"https:\/\/www.folklore.ee\/udmurt\/kamaudm\/wp-content\/uploads\/2023\/01\/IMG_2467-300x169.jpg\"  title=\"IMG_2467\"  data-width=\"300\"  data-height=\"169\" ><\/div><div class=\"rbs-img-data-popup\"  data-popup=\"https:\/\/www.folklore.ee\/udmurt\/kamaudm\/wp-content\/uploads\/2023\/01\/IMG_2467.jpg\"  title=\"IMG_2467\" ><\/div><div class=\"thumbnail-overlay\"><div class=\"rbsIcons\"><i class=\"fa fa-search-plus rbsZoomIcon \" ><\/i><\/div><\/div><\/div><\/div><div class=\"rbs-img  category9497 \" ><div class=\"rbs-img-image   rbs-lightbox \" ><div class=\"rbs-img-thumbs\"  data-thumbnail=\"https:\/\/www.folklore.ee\/udmurt\/kamaudm\/wp-content\/uploads\/2023\/01\/2013-30.6-Permi-krai-Kirga-Ratikud-300x169.jpg\"  title=\"2013 30.6 Permi krai Kirga R\u00e4tikud\"  data-width=\"300\"  data-height=\"169\" ><\/div><div class=\"rbs-img-data-popup\"  data-popup=\"https:\/\/www.folklore.ee\/udmurt\/kamaudm\/wp-content\/uploads\/2023\/01\/2013-30.6-Permi-krai-Kirga-Ratikud.jpg\"  title=\"2013 30.6 Permi krai Kirga R\u00e4tikud\" ><\/div><div class=\"thumbnail-overlay\"><div class=\"rbsIcons\"><i class=\"fa fa-search-plus rbsZoomIcon \" ><\/i><\/div><\/div><\/div><\/div><div class=\"rbs-img  category9497 \" ><div class=\"rbs-img-image   rbs-lightbox \" ><div class=\"rbs-img-thumbs\"  data-thumbnail=\"https:\/\/www.folklore.ee\/udmurt\/kamaudm\/wp-content\/uploads\/2023\/01\/201330.6-Permi-krai-Kirga-ohvrileib-300x169.jpg\"  title=\"201330.6 Permi krai Kirga ohvrileib\"  data-width=\"300\"  data-height=\"169\" ><\/div><div class=\"rbs-img-data-popup\"  data-popup=\"https:\/\/www.folklore.ee\/udmurt\/kamaudm\/wp-content\/uploads\/2023\/01\/201330.6-Permi-krai-Kirga-ohvrileib.jpg\"  title=\"201330.6 Permi krai Kirga ohvrileib\" ><\/div><div class=\"thumbnail-overlay\"><div class=\"rbsIcons\"><i class=\"fa fa-search-plus rbsZoomIcon \" ><\/i><\/div><\/div><\/div><\/div><div class=\"rbs-img  category9497 \" ><div class=\"rbs-img-image   rbs-lightbox \" ><div class=\"rbs-img-thumbs\"  data-thumbnail=\"https:\/\/www.folklore.ee\/udmurt\/kamaudm\/wp-content\/uploads\/2023\/01\/2013-30.6-Permi-krai-Kirga-Vanad-riistad-300x169.jpg\"  title=\"2013 30.6 Permi krai Kirga Vanad riistad\"  data-width=\"300\"  data-height=\"169\" ><\/div><div class=\"rbs-img-data-popup\"  data-popup=\"https:\/\/www.folklore.ee\/udmurt\/kamaudm\/wp-content\/uploads\/2023\/01\/2013-30.6-Permi-krai-Kirga-Vanad-riistad.jpg\"  title=\"2013 30.6 Permi krai Kirga Vanad riistad\" ><\/div><div class=\"thumbnail-overlay\"><div class=\"rbsIcons\"><i class=\"fa fa-search-plus rbsZoomIcon \" ><\/i><\/div><\/div><\/div><\/div><\/div><\/div><\/div><script>var rbs_gallery_69df3d3a9dbec = {\"version\":\"5.0.2\",\"id\":9497,\"class\":\"id9497\",\"roboGalleryDelay\":1000,\"mainContainer\":\"#robo_gallery_main_block_rbs_gallery_69df3d3a9dbec\",\"loadingContainer\":\"#rbs_gallery_69df3d3a9dbec-block-loader\",\"loadingContainerObj\":\"rbs_gallery_69df3d3a9dbec-block-loader\",\"columnWidth\":\"auto\",\"columns\":3,\"resolutions\":[{\"columnWidth\":\"auto\",\"columns\":3,\"maxWidth\":960},{\"columnWidth\":\"auto\",\"columns\":2,\"maxWidth\":650},{\"columnWidth\":\"auto\",\"columns\":1,\"maxWidth\":450}],\"lightboxOptions\":{\"gallery\":{\"enabled\":true,\"tCounter\":\"%curr% of %total%\"}},\"overlayEffect\":\"direction-aware-fade\",\"boxesToLoadStart\":12,\"boxesToLoad\":8,\"waitUntilThumbLoads\":1,\"LoadingWord\":\"Loading...\",\"loadMoreWord\":\"Load More\",\"noMoreEntriesWord\":\"No More Entries\",\"horizontalSpaceBetweenBoxes\":15,\"verticalSpaceBetweenBoxes\":15,\"lazyLoad\":1,\"wrapContainer\":\"#robo-gallery-wrap-rbs_gallery_69df3d3a9dbec\"};<\/script>\n\n\n\n\n\n\n\n<\/div>\n\t\t\t\t\t\t<\/div>\n\t\t\t\t<\/div>\n\t\t\t\t<div class=\"elementor-element elementor-element-f02d2e9 wpr-main-menu-align-center wpr-pointer-none wpr-mobile-toggle-v3 wpr-main-menu-align--tabletleft wpr-main-menu-align--mobileleft wpr-sub-icon-caret-down wpr-sub-menu-fx-fade wpr-nav-menu-bp-mobile wpr-mobile-menu-full-width wpr-mobile-menu-item-align-center wpr-sub-divider-yes wpr-mobile-divider-yes elementor-widget elementor-widget-wpr-nav-menu\" data-id=\"f02d2e9\" data-element_type=\"widget\" data-settings=\"{&quot;menu_layout&quot;:&quot;horizontal&quot;}\" data-widget_type=\"wpr-nav-menu.default\">\n\t\t\t\t<div class=\"elementor-widget-container\">\n\t\t\t\t\t<nav class=\"wpr-nav-menu-container wpr-nav-menu-horizontal\" data-trigger=\"hover\"><ul id=\"menu-1-f02d2e9\" class=\"wpr-nav-menu\"><li class=\"menu-item menu-item-type-post_type menu-item-object-page menu-item-9951\"><a href=\"https:\/\/www.folklore.ee\/udmurt\/kamaudm\/fr\/kirga-elen-vos-2013-2\/\" class=\"wpr-menu-item wpr-pointer-item menu-link\">Elen v\u00f6s\u2019 2013\u00a0<\/a><\/li>\n<\/ul><\/nav><nav class=\"wpr-mobile-nav-menu-container\"><div class=\"wpr-mobile-toggle-wrap\"><div class=\"wpr-mobile-toggle\"><span class=\"wpr-mobile-toggle-line\"><\/span><span class=\"wpr-mobile-toggle-line\"><\/span><span class=\"wpr-mobile-toggle-line\"><\/span><\/div><\/div><ul id=\"mobile-menu-2-f02d2e9\" class=\"wpr-mobile-nav-menu\"><li class=\"menu-item menu-item-type-post_type menu-item-object-page menu-item-9951\"><a href=\"https:\/\/www.folklore.ee\/udmurt\/kamaudm\/fr\/kirga-elen-vos-2013-2\/\" class=\"wpr-mobile-menu-item menu-link\">Elen v\u00f6s\u2019 2013\u00a0<\/a><\/li>\n<\/ul><\/nav>\t\t\t\t<\/div>\n\t\t\t\t<\/div>\n\t\t\t\t\t<\/div>\n\t\t<\/div>\n\t\t\t\t\t<\/div>\n\t\t<\/section>\n\t\t\t\t<\/div>\n\t\t","protected":false},"excerpt":{"rendered":"<p>Elen v\u00f6s&#8217; 2013 Kirga, ra\u00efon de Kueda, kra\u00ef de Perm\u2019 Elen v\u00f6s\u2019 2013\u00a0 Elen v\u00f6s\u2019 2013\u00a0<\/p>\n","protected":false},"author":1,"featured_media":0,"parent":0,"menu_order":0,"comment_status":"closed","ping_status":"closed","template":"","meta":{"site-sidebar-layout":"no-sidebar","site-content-layout":"page-builder","ast-global-header-display":"","ast-main-header-display":"","ast-hfb-above-header-display":"","ast-hfb-below-header-display":"","ast-hfb-mobile-header-display":"","site-post-title":"disabled","ast-breadcrumbs-content":"","ast-featured-img":"disabled","footer-sml-layout":"","theme-transparent-header-meta":"","adv-header-id-meta":"","stick-header-meta":"","header-above-stick-meta":"","header-main-stick-meta":"","header-below-stick-meta":"","pgc_sgb_lightbox_settings":"","footnotes":""},"class_list":["post-9946","page","type-page","status-publish","hentry"],"_links":{"self":[{"href":"https:\/\/www.folklore.ee\/udmurt\/kamaudm\/wp-json\/wp\/v2\/pages\/9946","targetHints":{"allow":["GET"]}}],"collection":[{"href":"https:\/\/www.folklore.ee\/udmurt\/kamaudm\/wp-json\/wp\/v2\/pages"}],"about":[{"href":"https:\/\/www.folklore.ee\/udmurt\/kamaudm\/wp-json\/wp\/v2\/types\/page"}],"author":[{"embeddable":true,"href":"https:\/\/www.folklore.ee\/udmurt\/kamaudm\/wp-json\/wp\/v2\/users\/1"}],"replies":[{"embeddable":true,"href":"https:\/\/www.folklore.ee\/udmurt\/kamaudm\/wp-json\/wp\/v2\/comments?post=9946"}],"version-history":[{"count":13,"href":"https:\/\/www.folklore.ee\/udmurt\/kamaudm\/wp-json\/wp\/v2\/pages\/9946\/revisions"}],"predecessor-version":[{"id":9992,"href":"https:\/\/www.folklore.ee\/udmurt\/kamaudm\/wp-json\/wp\/v2\/pages\/9946\/revisions\/9992"}],"wp:attachment":[{"href":"https:\/\/www.folklore.ee\/udmurt\/kamaudm\/wp-json\/wp\/v2\/media?parent=9946"}],"curies":[{"name":"wp","href":"https:\/\/api.w.org\/{rel}","templated":true}]}}