{"id":9828,"date":"2023-01-04T16:19:33","date_gmt":"2023-01-04T16:19:33","guid":{"rendered":"https:\/\/www.folklore.ee\/udmurt\/kamaudm\/?page_id=9828"},"modified":"2023-01-05T20:27:43","modified_gmt":"2023-01-05T20:27:43","slug":"aribas-vos-2015","status":"publish","type":"page","link":"https:\/\/www.folklore.ee\/udmurt\/kamaudm\/fr\/aribas-vos-2015\/","title":{"rendered":"Ariba\u0161 v\u00f6s&#8217; 2015"},"content":{"rendered":"\t\t<div data-elementor-type=\"wp-page\" data-elementor-id=\"9828\" class=\"elementor elementor-9828\">\n\t\t\t\t\t\t<section class=\"elementor-section elementor-top-section elementor-element elementor-element-dcca812 elementor-section-boxed elementor-section-height-default elementor-section-height-default wpr-particle-no wpr-jarallax-no wpr-parallax-no wpr-sticky-section-no\" data-id=\"dcca812\" data-element_type=\"section\">\n\t\t\t\t\t\t<div class=\"elementor-container elementor-column-gap-no\">\n\t\t\t\t\t<div class=\"elementor-column elementor-col-100 elementor-top-column elementor-element elementor-element-b06ac3f\" data-id=\"b06ac3f\" data-element_type=\"column\" data-settings=\"{&quot;background_background&quot;:&quot;classic&quot;}\">\n\t\t\t<div class=\"elementor-widget-wrap elementor-element-populated\">\n\t\t\t\t\t\t<div class=\"elementor-element elementor-element-f4bc013 elementor-widget elementor-widget-heading\" data-id=\"f4bc013\" data-element_type=\"widget\" data-widget_type=\"heading.default\">\n\t\t\t\t<div class=\"elementor-widget-container\">\n\t\t\t\t\t<h2 class=\"elementor-heading-title elementor-size-default\">V\u00f6s' 2015<\/h2>\t\t\t\t<\/div>\n\t\t\t\t<\/div>\n\t\t\t\t<div class=\"elementor-element elementor-element-b164bfe elementor-widget elementor-widget-text-editor\" data-id=\"b164bfe\" data-element_type=\"widget\" data-widget_type=\"text-editor.default\">\n\t\t\t\t<div class=\"elementor-widget-container\">\n\t\t\t\t\t\t\t\t\t<section class=\"elementor-section elementor-top-section elementor-element elementor-element-9a9128e elementor-section-boxed elementor-section-height-default elementor-section-height-default wpr-particle-no wpr-jarallax-no wpr-parallax-no wpr-sticky-section-no\" data-id=\"9a9128e\" data-element_type=\"section\"><div class=\"elementor-container elementor-column-gap-default\"><div class=\"elementor-column elementor-col-100 elementor-top-column elementor-element elementor-element-e88b005\" data-id=\"e88b005\" data-element_type=\"column\"><div class=\"elementor-widget-wrap elementor-element-populated\"><div class=\"elementor-element elementor-element-7a186ea elementor-widget elementor-widget-text-editor\" data-id=\"7a186ea\" data-element_type=\"widget\" data-widget_type=\"text-editor.default\"><div class=\"elementor-widget-container\"><p style=\"text-align: center;\"><a href=\"https:\/\/www.folklore.ee\/udmurt\/kamaudm\/fr\/aribas\/\">Ariba\u0161, ra\u00efon de Taty\u0161ly, Bachkirie<\/a><\/p><\/div><\/div><\/div><\/div><\/div><\/section>\t\t\t\t\t\t\t\t<\/div>\n\t\t\t\t<\/div>\n\t\t\t\t<div class=\"elementor-element elementor-element-ab1767d elementor-widget elementor-widget-shortcode\" data-id=\"ab1767d\" data-element_type=\"widget\" data-widget_type=\"shortcode.default\">\n\t\t\t\t<div class=\"elementor-widget-container\">\n\t\t\t\t\t\t\t<div class=\"elementor-shortcode\"><style type=\"text\/css\" scoped>.rbs_gallery_69edee013133cSpinner{\r\n\t\t\t\tmargin: 50px auto;\r\n\t\t\t\twidth: 50px;\r\n\t\t\t\theight: 40px;\r\n\t\t\t\ttext-align: center;\r\n\t\t\t\tfont-size: 10px;\r\n\t\t\t}\r\n\t\t\t.rbs_gallery_69edee013133cSpinner > div{\r\n\t\t\t  background-color: #333;\r\n\t\t\t  height: 100%;\r\n\t\t\t  width: 6px;\r\n\t\t\t  display: inline-block;\r\n\t\t\t  -webkit-animation: rbs_gallery_69edee013133c-stretchdelay 1.2s infinite ease-in-out;\r\n\t\t\t  animation: rbs_gallery_69edee013133c-stretchdelay 1.2s infinite ease-in-out;\r\n\t\t\t}\r\n\t\t\t.rbs_gallery_69edee013133cSpinner .rbs_gallery_69edee013133cRect2 {\r\n\t\t\t  -webkit-animation-delay: -1.1s;\r\n\t\t\t  animation-delay: -1.1s;\r\n\t\t\t}\r\n\t\t\t.rbs_gallery_69edee013133cSpinner .rbs_gallery_69edee013133cRect3 {\r\n\t\t\t  -webkit-animation-delay: -1.0s;\r\n\t\t\t  animation-delay: -1.0s;\r\n\t\t\t}\r\n\t\t\t.rbs_gallery_69edee013133cSpinner .rbs_gallery_69edee013133cRect4 {\r\n\t\t\t  -webkit-animation-delay: -0.9s;\r\n\t\t\t  animation-delay: -0.9s;\r\n\t\t\t}\r\n\t\t\t.rbs_gallery_69edee013133cSpinner .rbs_gallery_69edee013133cRect5 {\r\n\t\t\t  -webkit-animation-delay: -0.8s;\r\n\t\t\t  animation-delay: -0.8s;\r\n\t\t\t}\r\n\t\t\t@-webkit-keyframes rbs_gallery_69edee013133c-stretchdelay {\r\n\t\t\t  0%, 40%, 100% { -webkit-transform: scaleY(0.4) }  \r\n\t\t\t  20% { -webkit-transform: scaleY(1.0) }\r\n\t\t\t}\r\n\t\t\t@keyframes rbs_gallery_69edee013133c-stretchdelay {\r\n\t\t\t  0%, 40%, 100% { \r\n\t\t\t    transform: scaleY(0.4);\r\n\t\t\t    -webkit-transform: scaleY(0.4);\r\n\t\t\t  }  20% { \r\n\t\t\t    transform: scaleY(1.0);\r\n\t\t\t    -webkit-transform: scaleY(1.0);\r\n\t\t\t  }\r\n\t\t\t}\r\n\t\t<\/style><div class=\"robo-gallery-wrap robo-gallery-wrap-id9260 robo-gallery-grid\" ><div id=\"rbs_gallery_69edee013133c-block-loader\" class=\"rbs_gallery_69edee013133cSpinner\"><div class=\"rbs_gallery_69edee013133cRect1\"><\/div> <div class=\"rbs_gallery_69edee013133cRect2\"><\/div> <div class=\"rbs_gallery_69edee013133cRect3\"><\/div> <div class=\"rbs_gallery_69edee013133cRect4\"><\/div> <div class=\"rbs_gallery_69edee013133cRect5\"><\/div><\/div><div id=\"robo_gallery_main_block_rbs_gallery_69edee013133c\" class=\"robogallery-gallery-9260\" style=\"width:100%;  display: none;\"><div id=\"rbs_gallery_69edee013133c\" data-options=\"rbs_gallery_69edee013133c\" style=\"width:100%;\" class=\"robo_gallery  \"><div class=\"rbs-img  category9260 \" ><div class=\"rbs-img-image   rbs-lightbox \" ><div class=\"rbs-img-thumbs\"  data-thumbnail=\"https:\/\/www.folklore.ee\/udmurt\/kamaudm\/wp-content\/uploads\/2023\/01\/0147.-puhakohale-puudega-300x225.jpg\"  title=\"0147. p\u00fchakohale puudega\"  data-width=\"300\"  data-height=\"225\" ><\/div><div class=\"rbs-img-data-popup\"  data-popup=\"https:\/\/www.folklore.ee\/udmurt\/kamaudm\/wp-content\/uploads\/2023\/01\/0147.-puhakohale-puudega.jpg\"  title=\"0147. p\u00fchakohale puudega\" ><\/div><div class=\"thumbnail-overlay\"><div class=\"rbsIcons\"><i class=\"fa fa-search-plus rbsZoomIcon \" ><\/i><\/div><\/div><\/div><\/div><div class=\"rbs-img  category9260 \" ><div class=\"rbs-img-image   rbs-lightbox \" ><div class=\"rbs-img-thumbs\"  data-thumbnail=\"https:\/\/www.folklore.ee\/udmurt\/kamaudm\/wp-content\/uploads\/2023\/01\/0168.-laudade-ja-pinkide-ettevalmistamine-RS-37-300x225.jpg\"  title=\"0168. laudade ja pinkide ettevalmistamine RS (37)\"  data-width=\"300\"  data-height=\"225\" ><\/div><div class=\"rbs-img-data-popup\"  data-popup=\"https:\/\/www.folklore.ee\/udmurt\/kamaudm\/wp-content\/uploads\/2023\/01\/0168.-laudade-ja-pinkide-ettevalmistamine-RS-37.jpg\"  title=\"0168. laudade ja pinkide ettevalmistamine RS (37)\" ><\/div><div class=\"thumbnail-overlay\"><div class=\"rbsIcons\"><i class=\"fa fa-search-plus rbsZoomIcon \" ><\/i><\/div><\/div><\/div><\/div><div class=\"rbs-img  category9260 \" ><div class=\"rbs-img-image   rbs-lightbox \" ><div class=\"rbs-img-thumbs\"  data-thumbnail=\"https:\/\/www.folklore.ee\/udmurt\/kamaudm\/wp-content\/uploads\/2023\/01\/0243.-ohvriabilised-ja-ohverdused-RS-69-Copy-300x225.jpg\"  title=\"0243. ohvriabilised ja ohverdused RS (69) - Copy\"  data-width=\"300\"  data-height=\"225\" ><\/div><div class=\"rbs-img-data-popup\"  data-popup=\"https:\/\/www.folklore.ee\/udmurt\/kamaudm\/wp-content\/uploads\/2023\/01\/0243.-ohvriabilised-ja-ohverdused-RS-69-Copy.jpg\"  title=\"0243. ohvriabilised ja ohverdused RS (69) - Copy\" ><\/div><div class=\"thumbnail-overlay\"><div class=\"rbsIcons\"><i class=\"fa fa-search-plus rbsZoomIcon \" ><\/i><\/div><\/div><\/div><\/div><div class=\"rbs-img  category9260 \" ><div class=\"rbs-img-image   rbs-lightbox \" ><div class=\"rbs-img-thumbs\"  data-thumbnail=\"https:\/\/www.folklore.ee\/udmurt\/kamaudm\/wp-content\/uploads\/2023\/01\/0284.-Lammaste-lahkamine-300x225.jpg\"  title=\"0284. Lammaste lahkamine\"  data-width=\"300\"  data-height=\"225\" ><\/div><div class=\"rbs-img-data-popup\"  data-popup=\"https:\/\/www.folklore.ee\/udmurt\/kamaudm\/wp-content\/uploads\/2023\/01\/0284.-Lammaste-lahkamine.jpg\"  title=\"0284. Lammaste lahkamine\" ><\/div><div class=\"thumbnail-overlay\"><div class=\"rbsIcons\"><i class=\"fa fa-search-plus rbsZoomIcon \" ><\/i><\/div><\/div><\/div><\/div><div class=\"rbs-img  category9260 \" ><div class=\"rbs-img-image   rbs-lightbox \" ><div class=\"rbs-img-thumbs\"  data-thumbnail=\"https:\/\/www.folklore.ee\/udmurt\/kamaudm\/wp-content\/uploads\/2023\/01\/0311.-Eva-RS-99-300x225.jpg\"  title=\"0311. Eva RS (99)\"  data-width=\"300\"  data-height=\"225\" ><\/div><div class=\"rbs-img-data-popup\"  data-popup=\"https:\/\/www.folklore.ee\/udmurt\/kamaudm\/wp-content\/uploads\/2023\/01\/0311.-Eva-RS-99.jpg\"  title=\"0311. Eva RS (99)\" ><\/div><div class=\"thumbnail-overlay\"><div class=\"rbsIcons\"><i class=\"fa fa-search-plus rbsZoomIcon \" ><\/i><\/div><\/div><\/div><\/div><div class=\"rbs-img  category9260 \" ><div class=\"rbs-img-image   rbs-lightbox \" ><div class=\"rbs-img-thumbs\"  data-thumbnail=\"https:\/\/www.folklore.ee\/udmurt\/kamaudm\/wp-content\/uploads\/2023\/01\/0406.-puhakoht-300x225.jpg\"  title=\"0406. p\u00fchakoht\"  data-width=\"300\"  data-height=\"225\" ><\/div><div class=\"rbs-img-data-popup\"  data-popup=\"https:\/\/www.folklore.ee\/udmurt\/kamaudm\/wp-content\/uploads\/2023\/01\/0406.-puhakoht.jpg\"  title=\"0406. p\u00fchakoht\" ><\/div><div class=\"thumbnail-overlay\"><div class=\"rbsIcons\"><i class=\"fa fa-search-plus rbsZoomIcon \" ><\/i><\/div><\/div><\/div><\/div><div class=\"rbs-img  category9260 \" ><div class=\"rbs-img-image   rbs-lightbox \" ><div class=\"rbs-img-thumbs\"  data-thumbnail=\"https:\/\/www.folklore.ee\/udmurt\/kamaudm\/wp-content\/uploads\/2023\/01\/0415.-Katlad-ja-Vasja-RS-144-300x225.jpg\"  title=\"0415. Katlad ja Vasja RS (144)\"  data-width=\"300\"  data-height=\"225\" ><\/div><div class=\"rbs-img-data-popup\"  data-popup=\"https:\/\/www.folklore.ee\/udmurt\/kamaudm\/wp-content\/uploads\/2023\/01\/0415.-Katlad-ja-Vasja-RS-144.jpg\"  title=\"0415. Katlad ja Vasja RS (144)\" ><\/div><div class=\"thumbnail-overlay\"><div class=\"rbsIcons\"><i class=\"fa fa-search-plus rbsZoomIcon \" ><\/i><\/div><\/div><\/div><\/div><div class=\"rbs-img  category9260 \" ><div class=\"rbs-img-image   rbs-lightbox \" ><div class=\"rbs-img-thumbs\"  data-thumbnail=\"https:\/\/www.folklore.ee\/udmurt\/kamaudm\/wp-content\/uploads\/2023\/01\/0474.-Puljongi-valmistades-300x225.jpg\"  title=\"0474. Puljongi valmistades\"  data-width=\"300\"  data-height=\"225\" ><\/div><div class=\"rbs-img-data-popup\"  data-popup=\"https:\/\/www.folklore.ee\/udmurt\/kamaudm\/wp-content\/uploads\/2023\/01\/0474.-Puljongi-valmistades.jpg\"  title=\"0474. Puljongi valmistades\" ><\/div><div class=\"thumbnail-overlay\"><div class=\"rbsIcons\"><i class=\"fa fa-search-plus rbsZoomIcon \" ><\/i><\/div><\/div><\/div><\/div><div class=\"rbs-img  category9260 \" ><div class=\"rbs-img-image   rbs-lightbox \" ><div class=\"rbs-img-thumbs\"  data-thumbnail=\"https:\/\/www.folklore.ee\/udmurt\/kamaudm\/wp-content\/uploads\/2023\/01\/0541.-pudru-segades-300x225.jpg\"  title=\"0541. pudru segades\"  data-width=\"300\"  data-height=\"225\" ><\/div><div class=\"rbs-img-data-popup\"  data-popup=\"https:\/\/www.folklore.ee\/udmurt\/kamaudm\/wp-content\/uploads\/2023\/01\/0541.-pudru-segades.jpg\"  title=\"0541. pudru segades\" ><\/div><div class=\"thumbnail-overlay\"><div class=\"rbsIcons\"><i class=\"fa fa-search-plus rbsZoomIcon \" ><\/i><\/div><\/div><\/div><\/div><div class=\"rbs-img  category9260 \" ><div class=\"rbs-img-image   rbs-lightbox \" ><div class=\"rbs-img-thumbs\"  data-thumbnail=\"https:\/\/www.folklore.ee\/udmurt\/kamaudm\/wp-content\/uploads\/2023\/01\/0588.-osalejate-tulek-300x225.jpg\"  title=\"0588. osalejate tulek\"  data-width=\"300\"  data-height=\"225\" ><\/div><div class=\"rbs-img-data-popup\"  data-popup=\"https:\/\/www.folklore.ee\/udmurt\/kamaudm\/wp-content\/uploads\/2023\/01\/0588.-osalejate-tulek.jpg\"  title=\"0588. osalejate tulek\" ><\/div><div class=\"thumbnail-overlay\"><div class=\"rbsIcons\"><i class=\"fa fa-search-plus rbsZoomIcon \" ><\/i><\/div><\/div><\/div><\/div><div class=\"rbs-img  category9260 \" ><div class=\"rbs-img-image   rbs-lightbox \" ><div class=\"rbs-img-thumbs\"  data-thumbnail=\"https:\/\/www.folklore.ee\/udmurt\/kamaudm\/wp-content\/uploads\/2023\/01\/0594.-osalejate-tulek-300x225.jpg\"  title=\"0594. osalejate tulek\"  data-width=\"300\"  data-height=\"225\" ><\/div><div class=\"rbs-img-data-popup\"  data-popup=\"https:\/\/www.folklore.ee\/udmurt\/kamaudm\/wp-content\/uploads\/2023\/01\/0594.-osalejate-tulek.jpg\"  title=\"0594. osalejate tulek\" ><\/div><div class=\"thumbnail-overlay\"><div class=\"rbsIcons\"><i class=\"fa fa-search-plus rbsZoomIcon \" ><\/i><\/div><\/div><\/div><\/div><div class=\"rbs-img  category9260 \" ><div class=\"rbs-img-image   rbs-lightbox \" ><div class=\"rbs-img-thumbs\"  data-thumbnail=\"https:\/\/www.folklore.ee\/udmurt\/kamaudm\/wp-content\/uploads\/2023\/01\/0606.-Palve-300x225.jpg\"  title=\"0606. Palve\"  data-width=\"300\"  data-height=\"225\" ><\/div><div class=\"rbs-img-data-popup\"  data-popup=\"https:\/\/www.folklore.ee\/udmurt\/kamaudm\/wp-content\/uploads\/2023\/01\/0606.-Palve.jpg\"  title=\"0606. Palve\" ><\/div><div class=\"thumbnail-overlay\"><div class=\"rbsIcons\"><i class=\"fa fa-search-plus rbsZoomIcon \" ><\/i><\/div><\/div><\/div><\/div><div class=\"rbs-img  category9260 \" ><div class=\"rbs-img-image   rbs-lightbox \" ><div class=\"rbs-img-thumbs\"  data-thumbnail=\"https:\/\/www.folklore.ee\/udmurt\/kamaudm\/wp-content\/uploads\/2023\/01\/0615.-Palve-lopp-inimesed-laua-juurde-pealiha-ja-leiba-votmas-300x225.jpg\"  title=\"0615. Palve l\u00f5pp inimesed laua juurde pealiha ja leiba v\u00f5tmas\"  data-width=\"300\"  data-height=\"225\" ><\/div><div class=\"rbs-img-data-popup\"  data-popup=\"https:\/\/www.folklore.ee\/udmurt\/kamaudm\/wp-content\/uploads\/2023\/01\/0615.-Palve-lopp-inimesed-laua-juurde-pealiha-ja-leiba-votmas.jpg\"  title=\"0615. Palve l\u00f5pp inimesed laua juurde pealiha ja leiba v\u00f5tmas\" ><\/div><div class=\"thumbnail-overlay\"><div class=\"rbsIcons\"><i class=\"fa fa-search-plus rbsZoomIcon \" ><\/i><\/div><\/div><\/div><\/div><div class=\"rbs-img  category9260 \" ><div class=\"rbs-img-image   rbs-lightbox \" ><div class=\"rbs-img-thumbs\"  data-thumbnail=\"https:\/\/www.folklore.ee\/udmurt\/kamaudm\/wp-content\/uploads\/2023\/01\/0621.uldpilt-300x225.jpg\"  title=\"0621.\u00fcldpilt\"  data-width=\"300\"  data-height=\"225\" ><\/div><div class=\"rbs-img-data-popup\"  data-popup=\"https:\/\/www.folklore.ee\/udmurt\/kamaudm\/wp-content\/uploads\/2023\/01\/0621.uldpilt.jpg\"  title=\"0621.\u00fcldpilt\" ><\/div><div class=\"thumbnail-overlay\"><div class=\"rbsIcons\"><i class=\"fa fa-search-plus rbsZoomIcon \" ><\/i><\/div><\/div><\/div><\/div><div class=\"rbs-img  category9260 \" ><div class=\"rbs-img-image   rbs-lightbox \" ><div class=\"rbs-img-thumbs\"  data-thumbnail=\"https:\/\/www.folklore.ee\/udmurt\/kamaudm\/wp-content\/uploads\/2023\/01\/0646.-naised-pudru-juures-300x225.jpg\"  title=\"0646. naised pudru juures\"  data-width=\"300\"  data-height=\"225\" ><\/div><div class=\"rbs-img-data-popup\"  data-popup=\"https:\/\/www.folklore.ee\/udmurt\/kamaudm\/wp-content\/uploads\/2023\/01\/0646.-naised-pudru-juures.jpg\"  title=\"0646. naised pudru juures\" ><\/div><div class=\"thumbnail-overlay\"><div class=\"rbsIcons\"><i class=\"fa fa-search-plus rbsZoomIcon \" ><\/i><\/div><\/div><\/div><\/div><div class=\"rbs-img  category9260 \" ><div class=\"rbs-img-image   rbs-lightbox \" ><div class=\"rbs-img-thumbs\"  data-thumbnail=\"https:\/\/www.folklore.ee\/udmurt\/kamaudm\/wp-content\/uploads\/2023\/01\/0673.-koristades-300x225.jpg\"  title=\"0673. koristades\"  data-width=\"300\"  data-height=\"225\" ><\/div><div class=\"rbs-img-data-popup\"  data-popup=\"https:\/\/www.folklore.ee\/udmurt\/kamaudm\/wp-content\/uploads\/2023\/01\/0673.-koristades.jpg\"  title=\"0673. koristades\" ><\/div><div class=\"thumbnail-overlay\"><div class=\"rbsIcons\"><i class=\"fa fa-search-plus rbsZoomIcon \" ><\/i><\/div><\/div><\/div><\/div><div class=\"rbs-img  category9260 \" ><div class=\"rbs-img-image   rbs-lightbox \" ><div class=\"rbs-img-thumbs\"  data-thumbnail=\"https:\/\/www.folklore.ee\/udmurt\/kamaudm\/wp-content\/uploads\/2023\/01\/0682.-koristades-300x225.jpg\"  title=\"0682. koristades\"  data-width=\"300\"  data-height=\"225\" ><\/div><div class=\"rbs-img-data-popup\"  data-popup=\"https:\/\/www.folklore.ee\/udmurt\/kamaudm\/wp-content\/uploads\/2023\/01\/0682.-koristades.jpg\"  title=\"0682. koristades\" ><\/div><div class=\"thumbnail-overlay\"><div class=\"rbsIcons\"><i class=\"fa fa-search-plus rbsZoomIcon \" ><\/i><\/div><\/div><\/div><\/div><div class=\"rbs-img  category9260 \" ><div class=\"rbs-img-image   rbs-lightbox \" ><div class=\"rbs-img-thumbs\"  data-thumbnail=\"https:\/\/www.folklore.ee\/udmurt\/kamaudm\/wp-content\/uploads\/2023\/01\/0695.-koristades-300x225.jpg\"  title=\"0695. koristades\"  data-width=\"300\"  data-height=\"225\" ><\/div><div class=\"rbs-img-data-popup\"  data-popup=\"https:\/\/www.folklore.ee\/udmurt\/kamaudm\/wp-content\/uploads\/2023\/01\/0695.-koristades.jpg\"  title=\"0695. koristades\" ><\/div><div class=\"thumbnail-overlay\"><div class=\"rbsIcons\"><i class=\"fa fa-search-plus rbsZoomIcon \" ><\/i><\/div><\/div><\/div><\/div><div class=\"rbs-img  category9260 \" ><div class=\"rbs-img-image   rbs-lightbox \" ><div class=\"rbs-img-thumbs\"  data-thumbnail=\"https:\/\/www.folklore.ee\/udmurt\/kamaudm\/wp-content\/uploads\/2023\/01\/0700.-jargi-jaanud-puder-300x225.jpg\"  title=\"0700. j\u00e4rgi j\u00e4\u00e4nud puder\"  data-width=\"300\"  data-height=\"225\" ><\/div><div class=\"rbs-img-data-popup\"  data-popup=\"https:\/\/www.folklore.ee\/udmurt\/kamaudm\/wp-content\/uploads\/2023\/01\/0700.-jargi-jaanud-puder.jpg\"  title=\"0700. j\u00e4rgi j\u00e4\u00e4nud puder\" ><\/div><div class=\"thumbnail-overlay\"><div class=\"rbsIcons\"><i class=\"fa fa-search-plus rbsZoomIcon \" ><\/i><\/div><\/div><\/div><\/div><\/div><\/div><\/div><script>var rbs_gallery_69edee013133c = {\"version\":\"5.0.2\",\"id\":9260,\"class\":\"id9260\",\"roboGalleryDelay\":1000,\"mainContainer\":\"#robo_gallery_main_block_rbs_gallery_69edee013133c\",\"loadingContainer\":\"#rbs_gallery_69edee013133c-block-loader\",\"loadingContainerObj\":\"rbs_gallery_69edee013133c-block-loader\",\"columnWidth\":\"auto\",\"columns\":3,\"resolutions\":[{\"columnWidth\":\"auto\",\"columns\":3,\"maxWidth\":960},{\"columnWidth\":\"auto\",\"columns\":2,\"maxWidth\":650},{\"columnWidth\":\"auto\",\"columns\":1,\"maxWidth\":450}],\"lightboxOptions\":{\"gallery\":{\"enabled\":true,\"tCounter\":\"%curr% of %total%\"}},\"overlayEffect\":\"direction-aware-fade\",\"boxesToLoadStart\":12,\"boxesToLoad\":8,\"waitUntilThumbLoads\":1,\"LoadingWord\":\"Loading...\",\"loadMoreWord\":\"Load More\",\"noMoreEntriesWord\":\"No More Entries\",\"horizontalSpaceBetweenBoxes\":15,\"verticalSpaceBetweenBoxes\":15,\"lazyLoad\":1,\"wrapContainer\":\"#robo-gallery-wrap-rbs_gallery_69edee013133c\"};<\/script>\n\n\n\n\n\n\n\n<\/div>\n\t\t\t\t\t\t<\/div>\n\t\t\t\t<\/div>\n\t\t\t\t<div class=\"elementor-element elementor-element-12a8141 wpr-main-menu-align-center wpr-pointer-none wpr-mobile-toggle-v3 wpr-main-menu-align--tabletleft wpr-main-menu-align--mobileleft wpr-sub-icon-caret-down wpr-sub-menu-fx-fade wpr-nav-menu-bp-mobile wpr-mobile-menu-full-width wpr-mobile-menu-item-align-center wpr-sub-divider-yes wpr-mobile-divider-yes elementor-widget elementor-widget-wpr-nav-menu\" data-id=\"12a8141\" data-element_type=\"widget\" data-settings=\"{&quot;menu_layout&quot;:&quot;horizontal&quot;}\" data-widget_type=\"wpr-nav-menu.default\">\n\t\t\t\t<div class=\"elementor-widget-container\">\n\t\t\t\t\t<nav class=\"wpr-nav-menu-container wpr-nav-menu-horizontal\" data-trigger=\"hover\"><ul id=\"menu-1-12a8141\" class=\"wpr-nav-menu\"><li class=\"menu-item menu-item-type-post_type menu-item-object-page menu-item-9836\"><a href=\"https:\/\/www.folklore.ee\/udmurt\/kamaudm\/fr\/aribas-vos-2015\/\" class=\"wpr-menu-item wpr-pointer-item menu-link\">V\u00f6s\u2019 2015<\/a><\/li>\n<\/ul><\/nav><nav class=\"wpr-mobile-nav-menu-container\"><div class=\"wpr-mobile-toggle-wrap\"><div class=\"wpr-mobile-toggle\"><span class=\"wpr-mobile-toggle-line\"><\/span><span class=\"wpr-mobile-toggle-line\"><\/span><span class=\"wpr-mobile-toggle-line\"><\/span><\/div><\/div><ul id=\"mobile-menu-2-12a8141\" class=\"wpr-mobile-nav-menu\"><li class=\"menu-item menu-item-type-post_type menu-item-object-page menu-item-9836\"><a href=\"https:\/\/www.folklore.ee\/udmurt\/kamaudm\/fr\/aribas-vos-2015\/\" class=\"wpr-mobile-menu-item menu-link\">V\u00f6s\u2019 2015<\/a><\/li>\n<\/ul><\/nav>\t\t\t\t<\/div>\n\t\t\t\t<\/div>\n\t\t\t\t\t<\/div>\n\t\t<\/div>\n\t\t\t\t\t<\/div>\n\t\t<\/section>\n\t\t\t\t<\/div>\n\t\t","protected":false},"excerpt":{"rendered":"<p>V\u00f6s&#8217; 2015 Ariba\u0161, ra\u00efon de Taty\u0161ly, Bachkirie<\/p>\n","protected":false},"author":1,"featured_media":0,"parent":0,"menu_order":0,"comment_status":"closed","ping_status":"closed","template":"","meta":{"site-sidebar-layout":"no-sidebar","site-content-layout":"page-builder","ast-global-header-display":"","ast-main-header-display":"","ast-hfb-above-header-display":"","ast-hfb-below-header-display":"","ast-hfb-mobile-header-display":"","site-post-title":"disabled","ast-breadcrumbs-content":"","ast-featured-img":"disabled","footer-sml-layout":"","theme-transparent-header-meta":"","adv-header-id-meta":"","stick-header-meta":"","header-above-stick-meta":"","header-main-stick-meta":"","header-below-stick-meta":"","pgc_sgb_lightbox_settings":"","footnotes":""},"class_list":["post-9828","page","type-page","status-publish","hentry"],"_links":{"self":[{"href":"https:\/\/www.folklore.ee\/udmurt\/kamaudm\/wp-json\/wp\/v2\/pages\/9828","targetHints":{"allow":["GET"]}}],"collection":[{"href":"https:\/\/www.folklore.ee\/udmurt\/kamaudm\/wp-json\/wp\/v2\/pages"}],"about":[{"href":"https:\/\/www.folklore.ee\/udmurt\/kamaudm\/wp-json\/wp\/v2\/types\/page"}],"author":[{"embeddable":true,"href":"https:\/\/www.folklore.ee\/udmurt\/kamaudm\/wp-json\/wp\/v2\/users\/1"}],"replies":[{"embeddable":true,"href":"https:\/\/www.folklore.ee\/udmurt\/kamaudm\/wp-json\/wp\/v2\/comments?post=9828"}],"version-history":[{"count":7,"href":"https:\/\/www.folklore.ee\/udmurt\/kamaudm\/wp-json\/wp\/v2\/pages\/9828\/revisions"}],"predecessor-version":[{"id":9835,"href":"https:\/\/www.folklore.ee\/udmurt\/kamaudm\/wp-json\/wp\/v2\/pages\/9828\/revisions\/9835"}],"wp:attachment":[{"href":"https:\/\/www.folklore.ee\/udmurt\/kamaudm\/wp-json\/wp\/v2\/media?parent=9828"}],"curies":[{"name":"wp","href":"https:\/\/api.w.org\/{rel}","templated":true}]}}