{"id":8416,"date":"2022-05-20T08:42:11","date_gmt":"2022-05-20T08:42:11","guid":{"rendered":"https:\/\/www.folklore.ee\/udmurt\/kamaudm\/?page_id=8416"},"modified":"2023-01-06T10:19:59","modified_gmt":"2023-01-06T10:19:59","slug":"village-urazgildy","status":"publish","type":"page","link":"https:\/\/www.folklore.ee\/udmurt\/kamaudm\/fr\/village-urazgildy\/","title":{"rendered":"Urazgil&#8217;dy\u00a0"},"content":{"rendered":"\t\t<div data-elementor-type=\"wp-page\" data-elementor-id=\"8416\" class=\"elementor elementor-8416\">\n\t\t\t\t\t\t<section class=\"elementor-section elementor-top-section elementor-element elementor-element-b9d0e6c elementor-section-boxed elementor-section-height-default elementor-section-height-default wpr-particle-no wpr-jarallax-no wpr-parallax-no wpr-sticky-section-no\" data-id=\"b9d0e6c\" data-element_type=\"section\">\n\t\t\t\t\t\t<div class=\"elementor-container elementor-column-gap-default\">\n\t\t\t\t\t<div class=\"elementor-column elementor-col-100 elementor-top-column elementor-element elementor-element-1ffed10\" data-id=\"1ffed10\" data-element_type=\"column\">\n\t\t\t<div class=\"elementor-widget-wrap elementor-element-populated\">\n\t\t\t\t\t\t<div class=\"elementor-element elementor-element-21c7df0 elementor-widget elementor-widget-heading\" data-id=\"21c7df0\" data-element_type=\"widget\" data-widget_type=\"heading.default\">\n\t\t\t\t<div class=\"elementor-widget-container\">\n\t\t\t\t\t<h2 class=\"elementor-heading-title elementor-size-default\">Urazgil'dy  (Vukogurt)<\/h2>\t\t\t\t<\/div>\n\t\t\t\t<\/div>\n\t\t\t\t\t<\/div>\n\t\t<\/div>\n\t\t\t\t\t<\/div>\n\t\t<\/section>\n\t\t\t\t<section class=\"elementor-section elementor-top-section elementor-element elementor-element-35e6633 elementor-section-boxed elementor-section-height-default elementor-section-height-default wpr-particle-no wpr-jarallax-no wpr-parallax-no wpr-sticky-section-no\" data-id=\"35e6633\" data-element_type=\"section\">\n\t\t\t\t\t\t<div class=\"elementor-container elementor-column-gap-default\">\n\t\t\t\t\t<div class=\"elementor-column elementor-col-33 elementor-top-column elementor-element elementor-element-b536cb7\" data-id=\"b536cb7\" data-element_type=\"column\">\n\t\t\t<div class=\"elementor-widget-wrap elementor-element-populated\">\n\t\t\t\t\t\t<div class=\"elementor-element elementor-element-1995fb3 eael_simple_menu_hamburger_disable_selected_menu_no eael-simple-menu-hamburger-align-right eael-hamburger--tablet elementor-widget elementor-widget-eael-simple-menu\" data-id=\"1995fb3\" data-element_type=\"widget\" data-widget_type=\"eael-simple-menu.default\">\n\t\t\t\t<div class=\"elementor-widget-container\">\n\t\t\t\t\t<style>\n                        @media screen and (max-width: 1024px) {\n                            .eael-hamburger--tablet {\n                                .eael-simple-menu-horizontal,\n                                .eael-simple-menu-vertical {\n                                    display: none;\n                                }\n                            }\n                            .eael-hamburger--tablet {\n                                .eael-simple-menu-container .eael-simple-menu-toggle {\n                                    display: block;\n                                }\n                            }\n                        }\n                    <\/style>            <div data-hamburger-icon=\"&lt;i aria-hidden=&quot;true&quot; class=&quot;fas fa-bars&quot;&gt;&lt;\/i&gt;\" data-indicator-icon=\"&lt;i aria-hidden=&quot;true&quot; class=&quot;fas fa-angle-down&quot;&gt;&lt;\/i&gt;\" data-dropdown-indicator-icon=\"&lt;i class=&quot;fas fa-angle-down&quot;&gt;&lt;\/i&gt;\" class=\"eael-simple-menu-container eael-simple-menu-align-left eael-simple-menu-dropdown-align-left preset-1\" data-hamburger-breakpoints=\"{&quot;mobile&quot;:&quot;\\u041c\\u043e\\u0431\\u0438\\u043b\\u044c\\u043d\\u044b\\u0439 - \\u043a\\u043d\\u0438\\u0436\\u043d\\u0430\\u044f \\u043e\\u0440\\u0438\\u0435\\u043d\\u0442\\u0430\\u0446\\u0438\\u044f (&gt; 767px)&quot;,&quot;tablet&quot;:&quot;\\u041f\\u043b\\u0430\\u043d\\u0448\\u0435\\u0442 - \\u043a\\u043d\\u0438\\u0436\\u043d\\u0430\\u044f \\u043e\\u0440\\u0438\\u0435\\u043d\\u0442\\u0430\\u0446\\u0438\\u044f (&gt; 1024px)&quot;,&quot;desktop&quot;:&quot;\\u041a\\u043e\\u043c\\u043f\\u044c\\u044e\\u0442\\u0435\\u0440 (&gt; 2400 px)&quot;,&quot;none&quot;:&quot;\\u041e\\u0442\\u0441\\u0443\\u0442\\u0441\\u0442\\u0432\\u0443\\u0435\\u0442&quot;}\" data-hamburger-device=\"tablet\">\n                <ul id=\"menu-urazgildy-fr\" class=\"eael-simple-menu eael-simple-menu-dropdown-animate-to-top eael-simple-menu-indicator eael-simple-menu-vertical\"><li id=\"menu-item-8511\" class=\"menu-item menu-item-type-post_type menu-item-object-page menu-item-8511\"><a href=\"https:\/\/www.folklore.ee\/udmurt\/kamaudm\/fr\/urazgildy-pretres\/\" class=\"menu-link\">Sacrificateurs<\/a><\/li>\n<li id=\"menu-item-8547\" class=\"menu-item menu-item-type-post_type menu-item-object-page menu-item-8547\"><a href=\"https:\/\/www.folklore.ee\/udmurt\/kamaudm\/fr\/urazgildy-lecole\/\" class=\"menu-link\">L\u2019\u00e9cole<\/a><\/li>\n<li id=\"menu-item-8548\" class=\"menu-item menu-item-type-post_type menu-item-object-page menu-item-8548\"><a href=\"https:\/\/www.folklore.ee\/udmurt\/kamaudm\/fr\/urazgildy-rues-et-potagers\/\" class=\"menu-link\">Rues et potagers<\/a><\/li>\n<li id=\"menu-item-8549\" class=\"menu-item menu-item-type-post_type menu-item-object-page menu-item-8549\"><a href=\"https:\/\/www.folklore.ee\/udmurt\/kamaudm\/fr\/urazgildy_traiter\/\" class=\"menu-link\">Traiter<\/a><\/li>\n<li id=\"menu-item-8550\" class=\"menu-item menu-item-type-post_type menu-item-object-page menu-item-8550\"><a href=\"https:\/\/www.folklore.ee\/udmurt\/kamaudm\/fr\/urazgildy_vaisselle\/\" class=\"menu-link\">Vaisselle<\/a><\/li>\n<li id=\"menu-item-8576\" class=\"menu-item menu-item-type-post_type menu-item-object-page menu-item-8576\"><a href=\"https:\/\/www.folklore.ee\/udmurt\/kamaudm\/fr\/urazgildy-tulys-kiston-au-cimetiere-2019-05-07\/\" class=\"menu-link\">Tulys kiston au cimeti\u00e8re 2019 05 07<\/a><\/li>\n<li id=\"menu-item-8577\" class=\"menu-item menu-item-type-post_type menu-item-object-page menu-item-8577\"><a href=\"https:\/\/www.folklore.ee\/udmurt\/kamaudm\/fr\/urazgildy-tulys-kiston-dans-la-maison-2019-05-05urazgildy\/\" class=\"menu-link\">Tulys kiston dans la maison 2019 05 05<\/a><\/li>\n<li id=\"menu-item-8578\" class=\"menu-item menu-item-type-post_type menu-item-object-page menu-item-8578\"><a href=\"https:\/\/www.folklore.ee\/udmurt\/kamaudm\/fr\/urazgildy-reunion-au-bydsynnal-2017-04-08\/\" class=\"menu-link\">R\u00e9union au Byd\u00dfynnal 2017 04 08<\/a><\/li>\n<li id=\"menu-item-8579\" class=\"menu-item menu-item-type-post_type menu-item-object-page menu-item-8579\"><a href=\"https:\/\/www.folklore.ee\/udmurt\/kamaudm\/fr\/urazgildy-transport\/\" class=\"menu-link\">Transport<\/a><\/li>\n<li id=\"menu-item-8607\" class=\"menu-item menu-item-type-post_type menu-item-object-page menu-item-8607\"><a href=\"https:\/\/www.folklore.ee\/udmurt\/kamaudm\/fr\/urazgildy-endroit-sacre-2\/\" class=\"menu-link\">Endroit sacr\u00e9<\/a><\/li>\n<li id=\"menu-item-8608\" class=\"menu-item menu-item-type-post_type menu-item-object-page menu-item-8608\"><a href=\"https:\/\/www.folklore.ee\/udmurt\/kamaudm\/fr\/urazgildy-travaux-daiguille\/\" class=\"menu-link\">Travaux d\u2019aiguille<\/a><\/li>\n<li id=\"menu-item-8610\" class=\"menu-item menu-item-type-post_type menu-item-object-page menu-item-8610\"><a href=\"https:\/\/www.folklore.ee\/udmurt\/kamaudm\/fr\/urazgildy-collecte-de-cadeaux-pour-sabantuy-2017-06-09\/\" class=\"menu-link\">Collecte de cadeaux pour Sabantuy 2017 06 09<\/a><\/li>\n<li id=\"menu-item-8655\" class=\"menu-item menu-item-type-post_type menu-item-object-page menu-item-8655\"><a href=\"https:\/\/www.folklore.ee\/udmurt\/kamaudm\/fr\/urazgildy-paysages-autour-du-village\/\" class=\"menu-link\">Paysages autour du village<\/a><\/li>\n<li id=\"menu-item-8656\" class=\"menu-item menu-item-type-post_type menu-item-object-page menu-item-8656\"><a href=\"https:\/\/www.folklore.ee\/udmurt\/kamaudm\/fr\/urazgildy-vue-generale-du-village\/\" class=\"menu-link\">Vue d&#8217;ensemble du village<\/a><\/li>\n<li id=\"menu-item-8658\" class=\"menu-item menu-item-type-post_type menu-item-object-page menu-item-8658\"><a href=\"https:\/\/www.folklore.ee\/udmurt\/kamaudm\/fr\/urazgildy-preparation-de-la-sur-2019-05-05\/\" class=\"menu-link\">Pr\u00e9paration de la sur 2019 05 05<\/a><\/li>\n<li id=\"menu-item-8659\" class=\"menu-item menu-item-type-post_type menu-item-object-page menu-item-8659\"><a href=\"https:\/\/www.folklore.ee\/udmurt\/kamaudm\/fr\/urazgildy-nuny-yuon-2017-09-06\/\" class=\"menu-link\">Nuny yuon 2017 09 06<\/a><\/li>\n<li id=\"menu-item-8660\" class=\"menu-item menu-item-type-post_type menu-item-object-page menu-item-8660\"><a href=\"https:\/\/www.folklore.ee\/udmurt\/kamaudm\/fr\/urazgildy-pique-nique-dans-la-nature-2017-06-09\/\" class=\"menu-link\">Pique-nique dans la nature 2017 06 09<\/a><\/li>\n<li id=\"menu-item-8698\" class=\"menu-item menu-item-type-post_type menu-item-object-page menu-item-8698\"><a href=\"https:\/\/www.folklore.ee\/udmurt\/kamaudm\/fr\/urazgildy-cimetiere\/\" class=\"menu-link\">Cimeti\u00e8re<\/a><\/li>\n<li id=\"menu-item-8699\" class=\"menu-item menu-item-type-post_type menu-item-object-page menu-item-8699\"><a href=\"https:\/\/www.folklore.ee\/udmurt\/kamaudm\/fr\/urazgildy-costumes-et-bijoux\/\" class=\"menu-link\">Costumes et bijoux<\/a><\/li>\n<li id=\"menu-item-8700\" class=\"menu-item menu-item-type-post_type menu-item-object-page menu-item-8700\"><a href=\"https:\/\/www.folklore.ee\/udmurt\/kamaudm\/fr\/urazgildy-magasins\/\" class=\"menu-link\">Magasins<\/a><\/li>\n<li id=\"menu-item-8701\" class=\"menu-item menu-item-type-post_type menu-item-object-page menu-item-8701\"><a href=\"https:\/\/www.folklore.ee\/udmurt\/kamaudm\/fr\/urazgildy-monuments\/\" class=\"menu-link\">Monuments<\/a><\/li>\n<li id=\"menu-item-8702\" class=\"menu-item menu-item-type-post_type menu-item-object-page menu-item-8702\"><a href=\"https:\/\/www.folklore.ee\/udmurt\/kamaudm\/fr\/urazgildy-traitement-fluz-2016-12-08\/\" class=\"menu-link\">Traitement Fluz 2016 12 08<\/a><\/li>\n<li id=\"menu-item-8765\" class=\"menu-item menu-item-type-post_type menu-item-object-page menu-item-8765\"><a href=\"https:\/\/www.folklore.ee\/udmurt\/kamaudm\/fr\/urazgildy-abattre-un-poulet-2019-05-05\/\" class=\"menu-link\">Abattre un poulet 2019 05 05<\/a><\/li>\n<li id=\"menu-item-8766\" class=\"menu-item menu-item-type-post_type menu-item-object-page menu-item-8766\"><a href=\"https:\/\/www.folklore.ee\/udmurt\/kamaudm\/fr\/urazgildy-animaux-domestiques\/\" class=\"menu-link\">Animaux domestiques<\/a><\/li>\n<li id=\"menu-item-8767\" class=\"menu-item menu-item-type-post_type menu-item-object-page menu-item-8767\"><a href=\"https:\/\/www.folklore.ee\/udmurt\/kamaudm\/fr\/urazgildy-cours\/\" class=\"menu-link\">Cours<\/a><\/li>\n<li id=\"menu-item-8768\" class=\"menu-item menu-item-type-post_type menu-item-object-page menu-item-8768\"><a href=\"https:\/\/www.folklore.ee\/udmurt\/kamaudm\/fr\/urazgildy-groupe-de-recherche\/\" class=\"menu-link\">Groupe de recherche<\/a><\/li>\n<li id=\"menu-item-8769\" class=\"menu-item menu-item-type-post_type menu-item-object-page menu-item-8769\"><a href=\"https:\/\/www.folklore.ee\/udmurt\/kamaudm\/fr\/urazgildy-gurt-vos-08-06-2017\/\" class=\"menu-link\">Gurt v\u00f6s\u2019 08 06 2017<\/a><\/li>\n<li id=\"menu-item-8770\" class=\"menu-item menu-item-type-post_type menu-item-object-page menu-item-8770\"><a href=\"https:\/\/www.folklore.ee\/udmurt\/kamaudm\/fr\/urazgildy-gurt-vos-08-06-2014\/\" class=\"menu-link\">Gurt v\u00f6s\u2019 08.06.2014\u00a0<\/a><\/li>\n<li id=\"menu-item-8771\" class=\"menu-item menu-item-type-post_type menu-item-object-page menu-item-8771\"><a href=\"https:\/\/www.folklore.ee\/udmurt\/kamaudm\/fr\/urazgildy-informateurs\/\" class=\"menu-link\">Informateurs<\/a><\/li>\n<li id=\"menu-item-8772\" class=\"menu-item menu-item-type-post_type menu-item-object-page menu-item-8772\"><a href=\"https:\/\/www.folklore.ee\/udmurt\/kamaudm\/fr\/urazgildy-interieurs\/\" class=\"menu-link\">Int\u00e9rieurs<\/a><\/li>\n<li id=\"menu-item-8773\" class=\"menu-item menu-item-type-post_type menu-item-object-page menu-item-8773\"><a href=\"https:\/\/www.folklore.ee\/udmurt\/kamaudm\/fr\/urazgildy-maisons\/\" class=\"menu-link\">Maisons<\/a><\/li>\n<li id=\"menu-item-8774\" class=\"menu-item menu-item-type-post_type menu-item-object-page menu-item-8774\"><a href=\"https:\/\/www.folklore.ee\/udmurt\/kamaudm\/fr\/urazgildy-rite-dentree-de-la-mariee-dans-la-maison-du-marie-2017-06-29-07-03\/\" class=\"menu-link\">Rite d\u2019entr\u00e9e de la mari\u00e9e dans la maison du mari\u00e9 2017 06 29 \u2014 07 03<\/a><\/li>\n<\/ul>                <button class=\"eael-simple-menu-toggle\">\n                    <span class=\"sr-only \">Hamburger Toggle Menu<\/span>\n                    <i aria-hidden=\"true\" class=\"fas fa-bars\"><\/i>                <\/button>\n            <\/div>\n            \t\t\t\t<\/div>\n\t\t\t\t<\/div>\n\t\t\t\t\t<\/div>\n\t\t<\/div>\n\t\t\t\t<div class=\"elementor-column elementor-col-66 elementor-top-column elementor-element elementor-element-e3e63c9\" data-id=\"e3e63c9\" data-element_type=\"column\">\n\t\t\t<div class=\"elementor-widget-wrap elementor-element-populated\">\n\t\t\t\t\t\t<div class=\"elementor-element elementor-element-1ffe1fc eael-fg-hoverer-content-align-left elementor-widget elementor-widget-eael-filterable-gallery\" data-id=\"1ffe1fc\" data-element_type=\"widget\" data-settings=\"{&quot;pagination&quot;:&quot;false&quot;}\" data-widget_type=\"eael-filterable-gallery.default\">\n\t\t\t\t<div class=\"elementor-widget-container\">\n\t\t\t\t\t<style id=\"eael-fg-inline-css-1ffe1fc\">@media only screen and (max-width: 2399px) {\n\t\t\t\t\t.elementor-element.elementor-element-1ffe1fc .eael-filterable-gallery-item-wrap {\n\t\t\t\t\t        width: 100%;\n\t\t\t\t\t    }\n\t\t\t\t\t}@media only screen and (max-width: 1024px) {\n\t\t\t\t\t.elementor-element.elementor-element-1ffe1fc  .eael-filterable-gallery-item-wrap {\n\t\t\t\t\t        width: 50%;\n\t\t\t\t\t    }\n\t\t\t\t\t}@media only screen and (max-width: 767px) {\n\t\t\t\t\t.elementor-element.elementor-element-1ffe1fc  .eael-filterable-gallery-item-wrap {\n\t\t\t\t\t        width: 100%;\n\t\t\t\t\t    }\n\t\t\t\t\t}<\/style>        <div id=\"eael-filter-gallery-wrapper-1ffe1fc\" class=\"eael-filter-gallery-wrapper\" data-layout-mode=\"hoverer\" data-breakpoints=\"{&quot;mobile&quot;:{&quot;label&quot;:&quot;\\u041c\\u043e\\u0431\\u0438\\u043b\\u044c\\u043d\\u044b\\u0439 - \\u043a\\u043d\\u0438\\u0436\\u043d\\u0430\\u044f \\u043e\\u0440\\u0438\\u0435\\u043d\\u0442\\u0430\\u0446\\u0438\\u044f&quot;,&quot;value&quot;:767,&quot;default_value&quot;:767,&quot;direction&quot;:&quot;max&quot;,&quot;is_enabled&quot;:true},&quot;mobile_extra&quot;:{&quot;label&quot;:&quot;\\u041c\\u043e\\u0431\\u0438\\u043b\\u044c\\u043d\\u044b\\u0439 - \\u0430\\u043b\\u044c\\u0431\\u043e\\u043c\\u043d\\u0430\\u044f \\u043e\\u0440\\u0438\\u0435\\u043d\\u0442\\u0430\\u0446\\u0438\\u044f&quot;,&quot;value&quot;:880,&quot;default_value&quot;:880,&quot;direction&quot;:&quot;max&quot;,&quot;is_enabled&quot;:false},&quot;tablet&quot;:{&quot;label&quot;:&quot;\\u041f\\u043b\\u0430\\u043d\\u0448\\u0435\\u0442 - \\u043a\\u043d\\u0438\\u0436\\u043d\\u0430\\u044f \\u043e\\u0440\\u0438\\u0435\\u043d\\u0442\\u0430\\u0446\\u0438\\u044f&quot;,&quot;value&quot;:1024,&quot;default_value&quot;:1024,&quot;direction&quot;:&quot;max&quot;,&quot;is_enabled&quot;:true},&quot;tablet_extra&quot;:{&quot;label&quot;:&quot;\\u041f\\u043b\\u0430\\u043d\\u0448\\u0435\\u0442 - \\u0430\\u043b\\u044c\\u0431\\u043e\\u043c\\u043d\\u0430\\u044f \\u043e\\u0440\\u0438\\u0435\\u043d\\u0442\\u0430\\u0446\\u0438\\u044f&quot;,&quot;value&quot;:1200,&quot;default_value&quot;:1200,&quot;direction&quot;:&quot;max&quot;,&quot;is_enabled&quot;:false},&quot;laptop&quot;:{&quot;label&quot;:&quot;\\u041d\\u043e\\u0443\\u0442\\u0431\\u0443\\u043a&quot;,&quot;value&quot;:1366,&quot;default_value&quot;:1366,&quot;direction&quot;:&quot;max&quot;,&quot;is_enabled&quot;:false},&quot;widescreen&quot;:{&quot;label&quot;:&quot;\\u0428\\u0438\\u0440\\u043e\\u043a\\u043e\\u0444\\u043e\\u0440\\u043c\\u0430\\u0442\\u043d\\u044b\\u0435&quot;,&quot;value&quot;:2400,&quot;default_value&quot;:2400,&quot;direction&quot;:&quot;min&quot;,&quot;is_enabled&quot;:false}}\" data-default_control_key=\"0\" data-custom_default_control=\"1\">\n            \n            \n            <div class=\"eael-filter-gallery-container eael-filter-gallery-grid\" data-images-per-page=\"\" data-total-gallery-items=\"1\" data-nomore-item-text=\"\" data-is-randomize=\"no\" data-settings=\"{&quot;grid_style&quot;:&quot;grid&quot;,&quot;popup&quot;:&quot;none&quot;,&quot;duration&quot;:500,&quot;gallery_enabled&quot;:&quot;&quot;,&quot;video_gallery_yt_privacy&quot;:&quot;&quot;,&quot;control_all_text&quot;:null,&quot;post_id&quot;:8416,&quot;widget_id&quot;:&quot;1ffe1fc&quot;}\" data-search-all=\"\" data-gallery-items=\"WyI8ZGl2IGNsYXNzPVwiZWFlbC1maWx0ZXJhYmxlLWdhbGxlcnktaXRlbS13cmFwXCI+XG5cdFx0XHRcdDxkaXYgY2xhc3M9XCJlYWVsLWdhbGxlcnktZ3JpZC1pdGVtXCI+PGRpdiBjbGFzcz1cImdhbGxlcnktaXRlbS10aHVtYm5haWwtd3JhcFwiPjxpbWcgc3JjPVwiaHR0cHM6XC9cL3d3dy5mb2xrbG9yZS5lZVwvdWRtdXJ0XC9rYW1hdWRtXC93cC1jb250ZW50XC91cGxvYWRzXC8yMDIyXC8xMVwvXHUwNDIzXHUwNDQwXHUwNDMwXHUwNDM3XHUwNDMzXHUwNDM4XHUwNDRjXHUwNDM0XHUwNDRiLTIwMTQtMDYtMDctXHUwNDI0XHUwNDNlXHUwNDQyXHUwNDNlLVx1MDQxNVx1MDQzMlx1MDQzMC1cdTA0MjJcdTA0NDNcdTA0M2JcdTA0NDNcdTA0MzcuanBnXCIgZGF0YS1sYXp5LXNyYz1cImh0dHBzOlwvXC93d3cuZm9sa2xvcmUuZWVcL3VkbXVydFwva2FtYXVkbVwvd3AtY29udGVudFwvdXBsb2Fkc1wvMjAyMlwvMTFcL1x1MDQyM1x1MDQ0MFx1MDQzMFx1MDQzN1x1MDQzM1x1MDQzOFx1MDQ0Y1x1MDQzNFx1MDQ0Yi0yMDE0LTA2LTA3LVx1MDQyNFx1MDQzZVx1MDQ0Mlx1MDQzZS1cdTA0MTVcdTA0MzJcdTA0MzAtXHUwNDIyXHUwNDQzXHUwNDNiXHUwNDQzXHUwNDM3LmpwZ1wiIGFsdD1cIlVyYXpnaWwmIzAzOTtkeSBcIiBjbGFzcz1cImdhbGxlcnktaXRlbS10aHVtYm5haWxcIj48XC9kaXY+PGRpdiBjbGFzcz1cImdhbGxlcnktaXRlbS1jYXB0aW9uLXdyYXAgY2FwdGlvbi1zdHlsZS1ob3ZlcmVyIGVhZWwtc2xpZGUtdXBcIj48ZGl2IGNsYXNzPVwiZ2FsbGVyeS1pdGVtLWhvdmVyZXItYmdcIj48XC9kaXY+PGRpdiBjbGFzcz1cImdhbGxlcnktaXRlbS1jYXB0aW9uLW92ZXJcIj48aDIgY2xhc3M9XCJmZy1pdGVtLXRpdGxlXCI+VXJhemdpbCdkeSA8XC9oMj48ZGl2IGNsYXNzPVwiZmctaXRlbS1jb250ZW50XCI+PHA+VnVlIGdcdTAwZTluXHUwMGU5cmFsZSBkdSB2aWxsYWdlLiAwNyAwNiAyMDE0LiBQaG90byBwYXIgRXZhIFRvdWxvdXNlPFwvcD5cbjxcL2Rpdj48XC9kaXY+PFwvZGl2PjxcL2Rpdj48XC9kaXY+Il0=\" data-init-show=\"1\">\n                <div class=\"eael-filterable-gallery-item-wrap\">\n\t\t\t\t<div class=\"eael-gallery-grid-item\"><div class=\"gallery-item-thumbnail-wrap\"><img decoding=\"async\" src=\"https:\/\/www.folklore.ee\/udmurt\/kamaudm\/wp-content\/uploads\/2022\/11\/\u0423\u0440\u0430\u0437\u0433\u0438\u044c\u0434\u044b-2014-06-07-\u0424\u043e\u0442\u043e-\u0415\u0432\u0430-\u0422\u0443\u043b\u0443\u0437.jpg\" data-lazy-src=\"https:\/\/www.folklore.ee\/udmurt\/kamaudm\/wp-content\/uploads\/2022\/11\/\u0423\u0440\u0430\u0437\u0433\u0438\u044c\u0434\u044b-2014-06-07-\u0424\u043e\u0442\u043e-\u0415\u0432\u0430-\u0422\u0443\u043b\u0443\u0437.jpg\" alt=\"Urazgil&#039;dy \" class=\"gallery-item-thumbnail\"><\/div><div class=\"gallery-item-caption-wrap caption-style-hoverer eael-slide-up\"><div class=\"gallery-item-hoverer-bg\"><\/div><div class=\"gallery-item-caption-over\"><h2 class=\"fg-item-title\">Urazgil'dy <\/h2><div class=\"fg-item-content\"><p>Vue g\u00e9n\u00e9rale du village. 07 06 2014. Photo par Eva Toulouse<\/p>\n<\/div><\/div><\/div><\/div><\/div>            <\/div>\n            \n                    <\/div>\n        \n        \t\t\t\t<\/div>\n\t\t\t\t<\/div>\n\t\t\t\t\t<\/div>\n\t\t<\/div>\n\t\t\t\t\t<\/div>\n\t\t<\/section>\n\t\t\t\t<\/div>\n\t\t","protected":false},"excerpt":{"rendered":"<p>Urazgil&#8217;dy (Vukogurt) Pr\u00eatres L\u2019\u00e9cole Rues et potagers Traiter Vaisselle Tulys kiston au cimeti\u00e8re 2019 05 07 Tulys kiston dans la maison 2019 05 05 R\u00e9union au Byd\u00dfynnal 2017 04 08 Transport Endroit sacr\u00e9 Travaux d\u2019aiguille Collecte de cadeaux pour Sabantuy 2017 06 09 Paysages autour du village Vue g\u00e9n\u00e9rale du village Pr\u00e9paration de la sur 2019 05 05 Nuny yuon 2017 09 06 Pique-nique dans la nature 2017 06 09 Cimeti\u00e8re Costumes et bijoux Magasins Monuments Traitement Fluz 2016 12 08 Abattre un poulet 2019 05 05 Animaux domestiques Cours Groupe de recherche Gurt v\u00f6s\u2019 08 06 2017 Gurt v\u00f6s\u2019 08.06.2014\u00a0 Informateurs Int\u00e9rieurs Maisons Rite d\u2019entr\u00e9e de la mari\u00e9e dans la maison du mari\u00e9 2017 06 29 \u2014 07 03 Urazgil&#8217;dy Vue g\u00e9n\u00e9rale du village. 07 06 2014. Photo par Eva Toulouse<\/p>\n","protected":false},"author":1,"featured_media":0,"parent":0,"menu_order":0,"comment_status":"closed","ping_status":"closed","template":"","meta":{"site-sidebar-layout":"no-sidebar","site-content-layout":"page-builder","ast-global-header-display":"","ast-main-header-display":"","ast-hfb-above-header-display":"","ast-hfb-below-header-display":"","ast-hfb-mobile-header-display":"","site-post-title":"disabled","ast-breadcrumbs-content":"","ast-featured-img":"disabled","footer-sml-layout":"","theme-transparent-header-meta":"","adv-header-id-meta":"","stick-header-meta":"","header-above-stick-meta":"","header-main-stick-meta":"","header-below-stick-meta":"","pgc_sgb_lightbox_settings":"","footnotes":""},"class_list":["post-8416","page","type-page","status-publish","hentry"],"_links":{"self":[{"href":"https:\/\/www.folklore.ee\/udmurt\/kamaudm\/wp-json\/wp\/v2\/pages\/8416","targetHints":{"allow":["GET"]}}],"collection":[{"href":"https:\/\/www.folklore.ee\/udmurt\/kamaudm\/wp-json\/wp\/v2\/pages"}],"about":[{"href":"https:\/\/www.folklore.ee\/udmurt\/kamaudm\/wp-json\/wp\/v2\/types\/page"}],"author":[{"embeddable":true,"href":"https:\/\/www.folklore.ee\/udmurt\/kamaudm\/wp-json\/wp\/v2\/users\/1"}],"replies":[{"embeddable":true,"href":"https:\/\/www.folklore.ee\/udmurt\/kamaudm\/wp-json\/wp\/v2\/comments?post=8416"}],"version-history":[{"count":14,"href":"https:\/\/www.folklore.ee\/udmurt\/kamaudm\/wp-json\/wp\/v2\/pages\/8416\/revisions"}],"predecessor-version":[{"id":10085,"href":"https:\/\/www.folklore.ee\/udmurt\/kamaudm\/wp-json\/wp\/v2\/pages\/8416\/revisions\/10085"}],"wp:attachment":[{"href":"https:\/\/www.folklore.ee\/udmurt\/kamaudm\/wp-json\/wp\/v2\/media?parent=8416"}],"curies":[{"name":"wp","href":"https:\/\/api.w.org\/{rel}","templated":true}]}}