{"id":8206,"date":"2022-05-20T08:42:10","date_gmt":"2022-05-20T08:42:10","guid":{"rendered":"https:\/\/www.folklore.ee\/udmurt\/kamaudm\/?page_id=8206"},"modified":"2023-01-06T09:55:07","modified_gmt":"2023-01-06T09:55:07","slug":"village-malaya-balzuga","status":"publish","type":"page","link":"https:\/\/www.folklore.ee\/udmurt\/kamaudm\/fr\/village-malaya-balzuga\/","title":{"rendered":"Malaya Balzuga"},"content":{"rendered":"\t\t<div data-elementor-type=\"wp-page\" data-elementor-id=\"8206\" class=\"elementor elementor-8206\">\n\t\t\t\t\t\t<section class=\"elementor-section elementor-top-section elementor-element elementor-element-9d6763f elementor-section-boxed elementor-section-height-default elementor-section-height-default wpr-particle-no wpr-jarallax-no wpr-parallax-no wpr-sticky-section-no\" data-id=\"9d6763f\" data-element_type=\"section\">\n\t\t\t\t\t\t<div class=\"elementor-container elementor-column-gap-default\">\n\t\t\t\t\t<div class=\"elementor-column elementor-col-100 elementor-top-column elementor-element elementor-element-0d417ff\" data-id=\"0d417ff\" data-element_type=\"column\">\n\t\t\t<div class=\"elementor-widget-wrap elementor-element-populated\">\n\t\t\t\t\t\t<div class=\"elementor-element elementor-element-6d2965f elementor-widget elementor-widget-heading\" data-id=\"6d2965f\" data-element_type=\"widget\" data-widget_type=\"heading.default\">\n\t\t\t\t<div class=\"elementor-widget-container\">\n\t\t\t\t\t<h2 class=\"elementor-heading-title elementor-size-default\">Malaja Bal'zuga<\/h2>\t\t\t\t<\/div>\n\t\t\t\t<\/div>\n\t\t\t\t\t<\/div>\n\t\t<\/div>\n\t\t\t\t\t<\/div>\n\t\t<\/section>\n\t\t\t\t<section class=\"elementor-section elementor-top-section elementor-element elementor-element-4a1c7e8 elementor-section-boxed elementor-section-height-default elementor-section-height-default wpr-particle-no wpr-jarallax-no wpr-parallax-no wpr-sticky-section-no\" data-id=\"4a1c7e8\" data-element_type=\"section\">\n\t\t\t\t\t\t<div class=\"elementor-container elementor-column-gap-default\">\n\t\t\t\t\t<div class=\"elementor-column elementor-col-33 elementor-top-column elementor-element elementor-element-7c43e2a\" data-id=\"7c43e2a\" data-element_type=\"column\">\n\t\t\t<div class=\"elementor-widget-wrap elementor-element-populated\">\n\t\t\t\t\t\t<div class=\"elementor-element elementor-element-b720ab0 eael_simple_menu_hamburger_disable_selected_menu_no eael-simple-menu-hamburger-align-right eael-hamburger--tablet elementor-widget elementor-widget-eael-simple-menu\" data-id=\"b720ab0\" data-element_type=\"widget\" data-widget_type=\"eael-simple-menu.default\">\n\t\t\t\t<div class=\"elementor-widget-container\">\n\t\t\t\t\t<style>\n                        @media screen and (max-width: 1024px) {\n                            .eael-hamburger--tablet {\n                                .eael-simple-menu-horizontal,\n                                .eael-simple-menu-vertical {\n                                    display: none;\n                                }\n                            }\n                            .eael-hamburger--tablet {\n                                .eael-simple-menu-container .eael-simple-menu-toggle {\n                                    display: block;\n                                }\n                            }\n                        }\n                    <\/style>            <div data-hamburger-icon=\"&lt;i aria-hidden=&quot;true&quot; class=&quot;fas fa-bars&quot;&gt;&lt;\/i&gt;\" data-indicator-icon=\"&lt;i aria-hidden=&quot;true&quot; class=&quot;fas fa-angle-down&quot;&gt;&lt;\/i&gt;\" data-dropdown-indicator-icon=\"&lt;i class=&quot;fas fa-angle-down&quot;&gt;&lt;\/i&gt;\" class=\"eael-simple-menu-container eael-simple-menu-align-left eael-simple-menu-dropdown-align-left preset-1\" data-hamburger-breakpoints=\"{&quot;mobile&quot;:&quot;\\u041c\\u043e\\u0431\\u0438\\u043b\\u044c\\u043d\\u044b\\u0439 - \\u043a\\u043d\\u0438\\u0436\\u043d\\u0430\\u044f \\u043e\\u0440\\u0438\\u0435\\u043d\\u0442\\u0430\\u0446\\u0438\\u044f (&gt; 767px)&quot;,&quot;tablet&quot;:&quot;\\u041f\\u043b\\u0430\\u043d\\u0448\\u0435\\u0442 - \\u043a\\u043d\\u0438\\u0436\\u043d\\u0430\\u044f \\u043e\\u0440\\u0438\\u0435\\u043d\\u0442\\u0430\\u0446\\u0438\\u044f (&gt; 1024px)&quot;,&quot;desktop&quot;:&quot;\\u041a\\u043e\\u043c\\u043f\\u044c\\u044e\\u0442\\u0435\\u0440 (&gt; 2400 px)&quot;,&quot;none&quot;:&quot;\\u041e\\u0442\\u0441\\u0443\\u0442\\u0441\\u0442\\u0432\\u0443\\u0435\\u0442&quot;}\" data-hamburger-device=\"tablet\">\n                <ul id=\"menu-malaya-balzuga-fr\" class=\"eael-simple-menu eael-simple-menu-dropdown-animate-to-top eael-simple-menu-indicator eael-simple-menu-vertical\"><li id=\"menu-item-8187\" class=\"menu-item menu-item-type-post_type menu-item-object-page menu-item-8187\"><a href=\"https:\/\/www.folklore.ee\/udmurt\/kamaudm\/fr\/malaya-balzuga-les-femmes-du-village-chantent-et-dansent\/\" class=\"menu-link\">Les femmes du village chantent et dansent<\/a><\/li>\n<li id=\"menu-item-8188\" class=\"menu-item menu-item-type-post_type menu-item-object-page menu-item-8188\"><a href=\"https:\/\/www.folklore.ee\/udmurt\/kamaudm\/fr\/malaya-balzuga-collecte-de-nourriture-pour-la-priere\/\" class=\"menu-link\">Collecte de nourriture pour la pri\u00e8re 2013 06 06<\/a><\/li>\n<li id=\"menu-item-8189\" class=\"menu-item menu-item-type-post_type menu-item-object-page menu-item-8189\"><a href=\"https:\/\/www.folklore.ee\/udmurt\/kamaudm\/fr\/gurt-vos-2004-06-06\/\" class=\"menu-link\">Gurt v\u00f6s&#8217; 2004 06 06<\/a><\/li>\n<li id=\"menu-item-8190\" class=\"menu-item menu-item-type-post_type menu-item-object-page menu-item-8190\"><a href=\"https:\/\/www.folklore.ee\/udmurt\/kamaudm\/fr\/malaya-balzuga-cours\/\" class=\"menu-link\">Cours<\/a><\/li>\n<li id=\"menu-item-8225\" class=\"menu-item menu-item-type-post_type menu-item-object-page menu-item-8225\"><a href=\"https:\/\/www.folklore.ee\/udmurt\/kamaudm\/fr\/malaya-balzuga-recolte-de-foin\/\" class=\"menu-link\">R\u00e9colte de foin 2013 06 27<\/a><\/li>\n<li id=\"menu-item-8292\" class=\"menu-item menu-item-type-post_type menu-item-object-page menu-item-8292\"><a href=\"https:\/\/www.folklore.ee\/udmurt\/kamaudm\/fr\/malaya-balzuga-cimetiere\/\" class=\"menu-link\">Cimeti\u00e8re<\/a><\/li>\n<li id=\"menu-item-8293\" class=\"menu-item menu-item-type-post_type menu-item-object-page menu-item-8293\"><a href=\"https:\/\/www.folklore.ee\/udmurt\/kamaudm\/fr\/malaya-balzuga-groupe-de-recherche\/\" class=\"menu-link\">Groupe de recherche<\/a><\/li>\n<li id=\"menu-item-8294\" class=\"menu-item menu-item-type-post_type menu-item-object-page menu-item-8294\"><a href=\"https:\/\/www.folklore.ee\/udmurt\/kamaudm\/fr\/malaya-balzuga-interieurs\/\" class=\"menu-link\">Int\u00e9rieurs<\/a><\/li>\n<li id=\"menu-item-8295\" class=\"menu-item menu-item-type-post_type menu-item-object-page menu-item-8295\"><a href=\"https:\/\/www.folklore.ee\/udmurt\/kamaudm\/fr\/animaux-domestiques-malaya-balzuga\/\" class=\"menu-link\">Animaux domestiques<\/a><\/li>\n<li id=\"menu-item-8296\" class=\"menu-item menu-item-type-post_type menu-item-object-page menu-item-8296\"><a href=\"https:\/\/www.folklore.ee\/udmurt\/kamaudm\/fr\/malaya_balzuga_habitations\/\" class=\"menu-link\">Habitations<\/a><\/li>\n<li id=\"menu-item-8297\" class=\"menu-item menu-item-type-post_type menu-item-object-page menu-item-8297\"><a href=\"https:\/\/www.folklore.ee\/udmurt\/kamaudm\/fr\/malaya-balzuga-sacrificateurs\/\" class=\"menu-link\">Sacrificateurs<\/a><\/li>\n<li id=\"menu-item-8330\" class=\"menu-item menu-item-type-post_type menu-item-object-page menu-item-8330\"><a href=\"https:\/\/www.folklore.ee\/udmurt\/kamaudm\/fr\/malaya-balzuga-machines-et-vehicules\/\" class=\"menu-link\">Machines et v\u00e9hicules<\/a><\/li>\n<li id=\"menu-item-8331\" class=\"menu-item menu-item-type-post_type menu-item-object-page menu-item-8331\"><a href=\"https:\/\/www.folklore.ee\/udmurt\/kamaudm\/fr\/malaya-balzuga-magasins\/\" class=\"menu-link\">Magasins<\/a><\/li>\n<li id=\"menu-item-8332\" class=\"menu-item menu-item-type-post_type menu-item-object-page menu-item-8332\"><a href=\"https:\/\/www.folklore.ee\/udmurt\/kamaudm\/fr\/malaya-balzuga-personnes-2\/\" class=\"menu-link\">Personnes<\/a><\/li>\n<li id=\"menu-item-8333\" class=\"menu-item menu-item-type-post_type menu-item-object-page menu-item-8333\"><a href=\"https:\/\/www.folklore.ee\/udmurt\/kamaudm\/fr\/malaya-balzuga-costume-bijoux-textiles\/\" class=\"menu-link\">Costume, bijoux, textiles<\/a><\/li>\n<li id=\"menu-item-8334\" class=\"menu-item menu-item-type-post_type menu-item-object-page menu-item-8334\"><a href=\"https:\/\/www.folklore.ee\/udmurt\/kamaudm\/fr\/malaya-balzuga-ecurie-ferme\/\" class=\"menu-link\">Ecurie, ferme<\/a><\/li>\n<li id=\"menu-item-8367\" class=\"menu-item menu-item-type-post_type menu-item-object-page menu-item-8367\"><a href=\"https:\/\/www.folklore.ee\/udmurt\/kamaudm\/fr\/malaya-balzuga-etang\/\" class=\"menu-link\">Etang<\/a><\/li>\n<li id=\"menu-item-8368\" class=\"menu-item menu-item-type-post_type menu-item-object-page menu-item-8368\"><a href=\"https:\/\/www.folklore.ee\/udmurt\/kamaudm\/fr\/malaya-balzuga-paysages-autour-du-village\/\" class=\"menu-link\">Paysages autour du village<\/a><\/li>\n<li id=\"menu-item-8369\" class=\"menu-item menu-item-type-post_type menu-item-object-page menu-item-8369\"><a href=\"https:\/\/www.folklore.ee\/udmurt\/kamaudm\/fr\/malaya-balzuga-temps\/\" class=\"menu-link\">Temps<\/a><\/li>\n<li id=\"menu-item-8370\" class=\"menu-item menu-item-type-post_type menu-item-object-page menu-item-8370\"><a href=\"https:\/\/www.folklore.ee\/udmurt\/kamaudm\/fr\/malaya-balzuga-personnalites\/\" class=\"menu-link\">Personnalit\u00e9s<\/a><\/li>\n<li id=\"menu-item-8371\" class=\"menu-item menu-item-type-post_type menu-item-object-page menu-item-8371\"><a href=\"https:\/\/www.folklore.ee\/udmurt\/kamaudm\/fr\/malaya-balzuga-vue-densemble-du-village\/\" class=\"menu-link\">Vue d&#8217;ensemble du village<\/a><\/li>\n<li id=\"menu-item-8404\" class=\"menu-item menu-item-type-post_type menu-item-object-page menu-item-8404\"><a href=\"https:\/\/www.folklore.ee\/udmurt\/kamaudm\/fr\/malaya-balzuga-photos-de-lalbum-de-famille\/\" class=\"menu-link\">Photos de l\u2019album de famille<\/a><\/li>\n<li id=\"menu-item-8405\" class=\"menu-item menu-item-type-post_type menu-item-object-page menu-item-8405\"><a href=\"https:\/\/www.folklore.ee\/udmurt\/kamaudm\/fr\/malaya-balzuga-rues-et-jardins\/\" class=\"menu-link\">Rues et potagers<\/a><\/li>\n<li id=\"menu-item-8406\" class=\"menu-item menu-item-type-post_type menu-item-object-page menu-item-8406\"><a href=\"https:\/\/www.folklore.ee\/udmurt\/kamaudm\/fr\/malaya-balzuga-endroit-sacre\/\" class=\"menu-link\">Endroit sacr\u00e9<\/a><\/li>\n<li id=\"menu-item-8407\" class=\"menu-item menu-item-type-post_type menu-item-object-page menu-item-8407\"><a href=\"https:\/\/www.folklore.ee\/udmurt\/kamaudm\/fr\/malaya-balzuga-le-printemps\/\" class=\"menu-link\">Le printemps<\/a><\/li>\n<\/ul>                <button class=\"eael-simple-menu-toggle\">\n                    <span class=\"sr-only \">Hamburger Toggle Menu<\/span>\n                    <i aria-hidden=\"true\" class=\"fas fa-bars\"><\/i>                <\/button>\n            <\/div>\n            \t\t\t\t<\/div>\n\t\t\t\t<\/div>\n\t\t\t\t\t<\/div>\n\t\t<\/div>\n\t\t\t\t<div class=\"elementor-column elementor-col-66 elementor-top-column elementor-element elementor-element-b68ba0f\" data-id=\"b68ba0f\" data-element_type=\"column\">\n\t\t\t<div class=\"elementor-widget-wrap elementor-element-populated\">\n\t\t\t\t\t\t<div class=\"elementor-element elementor-element-c221df8 eael-fg-hoverer-content-align-left elementor-widget elementor-widget-eael-filterable-gallery\" data-id=\"c221df8\" data-element_type=\"widget\" data-settings=\"{&quot;pagination&quot;:&quot;false&quot;}\" data-widget_type=\"eael-filterable-gallery.default\">\n\t\t\t\t<div class=\"elementor-widget-container\">\n\t\t\t\t\t<style id=\"eael-fg-inline-css-c221df8\">@media only screen and (max-width: 2399px) {\n\t\t\t\t\t.elementor-element.elementor-element-c221df8 .eael-filterable-gallery-item-wrap {\n\t\t\t\t\t        width: 100%;\n\t\t\t\t\t    }\n\t\t\t\t\t}@media only screen and (max-width: 1024px) {\n\t\t\t\t\t.elementor-element.elementor-element-c221df8  .eael-filterable-gallery-item-wrap {\n\t\t\t\t\t        width: 50%;\n\t\t\t\t\t    }\n\t\t\t\t\t}@media only screen and (max-width: 767px) {\n\t\t\t\t\t.elementor-element.elementor-element-c221df8  .eael-filterable-gallery-item-wrap {\n\t\t\t\t\t        width: 100%;\n\t\t\t\t\t    }\n\t\t\t\t\t}<\/style>        <div id=\"eael-filter-gallery-wrapper-c221df8\" class=\"eael-filter-gallery-wrapper\" data-layout-mode=\"hoverer\" data-breakpoints=\"{&quot;mobile&quot;:{&quot;label&quot;:&quot;\\u041c\\u043e\\u0431\\u0438\\u043b\\u044c\\u043d\\u044b\\u0439 - \\u043a\\u043d\\u0438\\u0436\\u043d\\u0430\\u044f \\u043e\\u0440\\u0438\\u0435\\u043d\\u0442\\u0430\\u0446\\u0438\\u044f&quot;,&quot;value&quot;:767,&quot;default_value&quot;:767,&quot;direction&quot;:&quot;max&quot;,&quot;is_enabled&quot;:true},&quot;mobile_extra&quot;:{&quot;label&quot;:&quot;\\u041c\\u043e\\u0431\\u0438\\u043b\\u044c\\u043d\\u044b\\u0439 - \\u0430\\u043b\\u044c\\u0431\\u043e\\u043c\\u043d\\u0430\\u044f \\u043e\\u0440\\u0438\\u0435\\u043d\\u0442\\u0430\\u0446\\u0438\\u044f&quot;,&quot;value&quot;:880,&quot;default_value&quot;:880,&quot;direction&quot;:&quot;max&quot;,&quot;is_enabled&quot;:false},&quot;tablet&quot;:{&quot;label&quot;:&quot;\\u041f\\u043b\\u0430\\u043d\\u0448\\u0435\\u0442 - \\u043a\\u043d\\u0438\\u0436\\u043d\\u0430\\u044f \\u043e\\u0440\\u0438\\u0435\\u043d\\u0442\\u0430\\u0446\\u0438\\u044f&quot;,&quot;value&quot;:1024,&quot;default_value&quot;:1024,&quot;direction&quot;:&quot;max&quot;,&quot;is_enabled&quot;:true},&quot;tablet_extra&quot;:{&quot;label&quot;:&quot;\\u041f\\u043b\\u0430\\u043d\\u0448\\u0435\\u0442 - \\u0430\\u043b\\u044c\\u0431\\u043e\\u043c\\u043d\\u0430\\u044f \\u043e\\u0440\\u0438\\u0435\\u043d\\u0442\\u0430\\u0446\\u0438\\u044f&quot;,&quot;value&quot;:1200,&quot;default_value&quot;:1200,&quot;direction&quot;:&quot;max&quot;,&quot;is_enabled&quot;:false},&quot;laptop&quot;:{&quot;label&quot;:&quot;\\u041d\\u043e\\u0443\\u0442\\u0431\\u0443\\u043a&quot;,&quot;value&quot;:1366,&quot;default_value&quot;:1366,&quot;direction&quot;:&quot;max&quot;,&quot;is_enabled&quot;:false},&quot;widescreen&quot;:{&quot;label&quot;:&quot;\\u0428\\u0438\\u0440\\u043e\\u043a\\u043e\\u0444\\u043e\\u0440\\u043c\\u0430\\u0442\\u043d\\u044b\\u0435&quot;,&quot;value&quot;:2400,&quot;default_value&quot;:2400,&quot;direction&quot;:&quot;min&quot;,&quot;is_enabled&quot;:false}}\" data-default_control_key=\"0\" data-custom_default_control=\"1\">\n            \n            \n            <div class=\"eael-filter-gallery-container eael-filter-gallery-grid\" data-images-per-page=\"\" data-total-gallery-items=\"1\" data-nomore-item-text=\"\" data-is-randomize=\"no\" data-settings=\"{&quot;grid_style&quot;:&quot;grid&quot;,&quot;popup&quot;:&quot;none&quot;,&quot;duration&quot;:500,&quot;gallery_enabled&quot;:&quot;&quot;,&quot;video_gallery_yt_privacy&quot;:&quot;&quot;,&quot;control_all_text&quot;:null,&quot;post_id&quot;:8206,&quot;widget_id&quot;:&quot;c221df8&quot;}\" data-search-all=\"\" data-gallery-items=\"WyI8ZGl2IGNsYXNzPVwiZWFlbC1maWx0ZXJhYmxlLWdhbGxlcnktaXRlbS13cmFwXCI+XG5cdFx0XHRcdDxkaXYgY2xhc3M9XCJlYWVsLWdhbGxlcnktZ3JpZC1pdGVtXCI+PGRpdiBjbGFzcz1cImdhbGxlcnktaXRlbS10aHVtYm5haWwtd3JhcFwiPjxpbWcgc3JjPVwiaHR0cHM6XC9cL3d3dy5mb2xrbG9yZS5lZVwvdWRtdXJ0XC9rYW1hdWRtXC93cC1jb250ZW50XC91cGxvYWRzXC8yMDIyXC8xMVwvXHUwNDM0Li1cdTA0MTFcdTA0MzBcdTA0M2JcdTA0NGNcdTA0MzdcdTA0NGVcdTA0MzNcdTA0MzAtMjAxNC0wNi0wNS1cdTA0MjRcdTA0M2VcdTA0NDJcdTA0M2UtXHUwNDE1XHUwNDMyXHUwNDMwLVx1MDQyMlx1MDQ0M1x1MDQzYlx1MDQ0M1x1MDQzNy0yLmpwZ1wiIGRhdGEtbGF6eS1zcmM9XCJodHRwczpcL1wvd3d3LmZvbGtsb3JlLmVlXC91ZG11cnRcL2thbWF1ZG1cL3dwLWNvbnRlbnRcL3VwbG9hZHNcLzIwMjJcLzExXC9cdTA0MzQuLVx1MDQxMVx1MDQzMFx1MDQzYlx1MDQ0Y1x1MDQzN1x1MDQ0ZVx1MDQzM1x1MDQzMC0yMDE0LTA2LTA1LVx1MDQyNFx1MDQzZVx1MDQ0Mlx1MDQzZS1cdTA0MTVcdTA0MzJcdTA0MzAtXHUwNDIyXHUwNDQzXHUwNDNiXHUwNDQzXHUwNDM3LTIuanBnXCIgYWx0PVwiTWFsYWphIEJhbCYjMDM5O3p1Z2FcIiBjbGFzcz1cImdhbGxlcnktaXRlbS10aHVtYm5haWxcIj48XC9kaXY+PGRpdiBjbGFzcz1cImdhbGxlcnktaXRlbS1jYXB0aW9uLXdyYXAgY2FwdGlvbi1zdHlsZS1ob3ZlcmVyIGVhZWwtc2xpZGUtdXBcIj48ZGl2IGNsYXNzPVwiZ2FsbGVyeS1pdGVtLWhvdmVyZXItYmdcIj48XC9kaXY+PGRpdiBjbGFzcz1cImdhbGxlcnktaXRlbS1jYXB0aW9uLW92ZXJcIj48aDIgY2xhc3M9XCJmZy1pdGVtLXRpdGxlXCI+TWFsYWphIEJhbCd6dWdhPFwvaDI+PGRpdiBjbGFzcz1cImZnLWl0ZW0tY29udGVudFwiPjxwPlBob3RvIHBhciBFdmEgVG91bG91c2UuIDIwMTQgMDYgMDU8XC9wPlxuPFwvZGl2PjxcL2Rpdj48XC9kaXY+PFwvZGl2PjxcL2Rpdj4iXQ==\" data-init-show=\"1\">\n                <div class=\"eael-filterable-gallery-item-wrap\">\n\t\t\t\t<div class=\"eael-gallery-grid-item\"><div class=\"gallery-item-thumbnail-wrap\"><img decoding=\"async\" src=\"https:\/\/www.folklore.ee\/udmurt\/kamaudm\/wp-content\/uploads\/2022\/11\/\u0434.-\u0411\u0430\u043b\u044c\u0437\u044e\u0433\u0430-2014-06-05-\u0424\u043e\u0442\u043e-\u0415\u0432\u0430-\u0422\u0443\u043b\u0443\u0437-2.jpg\" data-lazy-src=\"https:\/\/www.folklore.ee\/udmurt\/kamaudm\/wp-content\/uploads\/2022\/11\/\u0434.-\u0411\u0430\u043b\u044c\u0437\u044e\u0433\u0430-2014-06-05-\u0424\u043e\u0442\u043e-\u0415\u0432\u0430-\u0422\u0443\u043b\u0443\u0437-2.jpg\" alt=\"Malaja Bal&#039;zuga\" class=\"gallery-item-thumbnail\"><\/div><div class=\"gallery-item-caption-wrap caption-style-hoverer eael-slide-up\"><div class=\"gallery-item-hoverer-bg\"><\/div><div class=\"gallery-item-caption-over\"><h2 class=\"fg-item-title\">Malaja Bal'zuga<\/h2><div class=\"fg-item-content\"><p>Photo par Eva Toulouse. 2014 06 05<\/p>\n<\/div><\/div><\/div><\/div><\/div>            <\/div>\n            \n                    <\/div>\n        \n        \t\t\t\t<\/div>\n\t\t\t\t<\/div>\n\t\t\t\t\t<\/div>\n\t\t<\/div>\n\t\t\t\t\t<\/div>\n\t\t<\/section>\n\t\t\t\t<\/div>\n\t\t","protected":false},"excerpt":{"rendered":"<p>Malaja Bal&#8217;zuga Les femmes du village chantent et dansent Collecte de nourriture pour la pri\u00e8re 2013 06 06 \u0413\u0443\u0440\u0442 \u0432\u00f6\u0441\u044c 2004 06 06 Verges R\u00e9colte de foin 2013 06 27 Cimeti\u00e8re Groupe de recherche Int\u00e9rieurs Animaux domestiques Habitations Pr\u00eatres Machines et v\u00e9hicules Les magasins Gens Costume, bijoux, textiles Ecurie, ferme Etang Nature autour du village Temps Personnes Vue g\u00e9n\u00e9rale du village Photos de l\u2019album de famille Rues et jardins Endroit sacr\u00e9 Le printemps Malaja Bal&#8217;zuga Photo par Eva Toulouse. 2014 06 05<\/p>\n","protected":false},"author":1,"featured_media":0,"parent":0,"menu_order":0,"comment_status":"closed","ping_status":"closed","template":"","meta":{"site-sidebar-layout":"no-sidebar","site-content-layout":"page-builder","ast-global-header-display":"","ast-main-header-display":"","ast-hfb-above-header-display":"","ast-hfb-below-header-display":"","ast-hfb-mobile-header-display":"","site-post-title":"disabled","ast-breadcrumbs-content":"","ast-featured-img":"disabled","footer-sml-layout":"","theme-transparent-header-meta":"","adv-header-id-meta":"","stick-header-meta":"","header-above-stick-meta":"","header-main-stick-meta":"","header-below-stick-meta":"","pgc_sgb_lightbox_settings":"","footnotes":""},"class_list":["post-8206","page","type-page","status-publish","hentry"],"_links":{"self":[{"href":"https:\/\/www.folklore.ee\/udmurt\/kamaudm\/wp-json\/wp\/v2\/pages\/8206","targetHints":{"allow":["GET"]}}],"collection":[{"href":"https:\/\/www.folklore.ee\/udmurt\/kamaudm\/wp-json\/wp\/v2\/pages"}],"about":[{"href":"https:\/\/www.folklore.ee\/udmurt\/kamaudm\/wp-json\/wp\/v2\/types\/page"}],"author":[{"embeddable":true,"href":"https:\/\/www.folklore.ee\/udmurt\/kamaudm\/wp-json\/wp\/v2\/users\/1"}],"replies":[{"embeddable":true,"href":"https:\/\/www.folklore.ee\/udmurt\/kamaudm\/wp-json\/wp\/v2\/comments?post=8206"}],"version-history":[{"count":13,"href":"https:\/\/www.folklore.ee\/udmurt\/kamaudm\/wp-json\/wp\/v2\/pages\/8206\/revisions"}],"predecessor-version":[{"id":10001,"href":"https:\/\/www.folklore.ee\/udmurt\/kamaudm\/wp-json\/wp\/v2\/pages\/8206\/revisions\/10001"}],"wp:attachment":[{"href":"https:\/\/www.folklore.ee\/udmurt\/kamaudm\/wp-json\/wp\/v2\/media?parent=8206"}],"curies":[{"name":"wp","href":"https:\/\/api.w.org\/{rel}","templated":true}]}}