{"id":5364,"date":"2022-05-20T08:42:10","date_gmt":"2022-05-20T08:42:10","guid":{"rendered":"https:\/\/www.folklore.ee\/udmurt\/kamaudm\/?page_id=5364"},"modified":"2023-01-06T10:53:58","modified_gmt":"2023-01-06T10:53:58","slug":"alga","status":"publish","type":"page","link":"https:\/\/www.folklore.ee\/udmurt\/kamaudm\/fr\/alga\/","title":{"rendered":"alga"},"content":{"rendered":"\t\t<div data-elementor-type=\"wp-page\" data-elementor-id=\"5364\" class=\"elementor elementor-5364\">\n\t\t\t\t\t\t<section class=\"elementor-section elementor-top-section elementor-element elementor-element-0692a3e elementor-section-boxed elementor-section-height-default elementor-section-height-default wpr-particle-no wpr-jarallax-no wpr-parallax-no wpr-sticky-section-no\" data-id=\"0692a3e\" data-element_type=\"section\">\n\t\t\t\t\t\t<div class=\"elementor-container elementor-column-gap-default\">\n\t\t\t\t\t<div class=\"elementor-column elementor-col-100 elementor-top-column elementor-element elementor-element-47f5b22\" data-id=\"47f5b22\" data-element_type=\"column\">\n\t\t\t<div class=\"elementor-widget-wrap elementor-element-populated\">\n\t\t\t\t\t\t<div class=\"elementor-element elementor-element-e9afdf5 elementor-widget elementor-widget-heading\" data-id=\"e9afdf5\" data-element_type=\"widget\" data-widget_type=\"heading.default\">\n\t\t\t\t<div class=\"elementor-widget-container\">\n\t\t\t\t\t<h2 class=\"elementor-heading-title elementor-size-default\">village Alga<\/h2>\t\t\t\t<\/div>\n\t\t\t\t<\/div>\n\t\t\t\t\t<\/div>\n\t\t<\/div>\n\t\t\t\t\t<\/div>\n\t\t<\/section>\n\t\t\t\t<section class=\"elementor-section elementor-top-section elementor-element elementor-element-7281ecc elementor-section-boxed elementor-section-height-default elementor-section-height-default wpr-particle-no wpr-jarallax-no wpr-parallax-no wpr-sticky-section-no\" data-id=\"7281ecc\" data-element_type=\"section\">\n\t\t\t\t\t\t<div class=\"elementor-container elementor-column-gap-default\">\n\t\t\t\t\t<div class=\"elementor-column elementor-col-33 elementor-top-column elementor-element elementor-element-30d6537\" data-id=\"30d6537\" data-element_type=\"column\">\n\t\t\t<div class=\"elementor-widget-wrap elementor-element-populated\">\n\t\t\t\t\t\t<div class=\"elementor-element elementor-element-50f9b02 eael_simple_menu_hamburger_disable_selected_menu_no eael-simple-menu-hamburger-align-right eael-hamburger--tablet elementor-widget elementor-widget-eael-simple-menu\" data-id=\"50f9b02\" data-element_type=\"widget\" data-widget_type=\"eael-simple-menu.default\">\n\t\t\t\t<div class=\"elementor-widget-container\">\n\t\t\t\t\t<style>\n                        @media screen and (max-width: 1024px) {\n                            .eael-hamburger--tablet {\n                                .eael-simple-menu-horizontal,\n                                .eael-simple-menu-vertical {\n                                    display: none;\n                                }\n                            }\n                            .eael-hamburger--tablet {\n                                .eael-simple-menu-container .eael-simple-menu-toggle {\n                                    display: block;\n                                }\n                            }\n                        }\n                    <\/style>            <div data-hamburger-icon=\"&lt;i aria-hidden=&quot;true&quot; class=&quot;fas fa-bars&quot;&gt;&lt;\/i&gt;\" data-indicator-icon=\"&lt;i aria-hidden=&quot;true&quot; class=&quot;fas fa-angle-down&quot;&gt;&lt;\/i&gt;\" data-dropdown-indicator-icon=\"&lt;i class=&quot;fas fa-angle-down&quot;&gt;&lt;\/i&gt;\" class=\"eael-simple-menu-container eael-simple-menu-align-left eael-simple-menu-dropdown-align-left preset-1\" data-hamburger-breakpoints=\"{&quot;mobile&quot;:&quot;\\u041c\\u043e\\u0431\\u0438\\u043b\\u044c\\u043d\\u044b\\u0439 - \\u043a\\u043d\\u0438\\u0436\\u043d\\u0430\\u044f \\u043e\\u0440\\u0438\\u0435\\u043d\\u0442\\u0430\\u0446\\u0438\\u044f (&gt; 767px)&quot;,&quot;tablet&quot;:&quot;\\u041f\\u043b\\u0430\\u043d\\u0448\\u0435\\u0442 - \\u043a\\u043d\\u0438\\u0436\\u043d\\u0430\\u044f \\u043e\\u0440\\u0438\\u0435\\u043d\\u0442\\u0430\\u0446\\u0438\\u044f (&gt; 1024px)&quot;,&quot;desktop&quot;:&quot;\\u041a\\u043e\\u043c\\u043f\\u044c\\u044e\\u0442\\u0435\\u0440 (&gt; 2400 px)&quot;,&quot;none&quot;:&quot;\\u041e\\u0442\\u0441\\u0443\\u0442\\u0441\\u0442\\u0432\\u0443\\u0435\\u0442&quot;}\" data-hamburger-device=\"tablet\">\n                <ul id=\"menu-alga_fr\" class=\"eael-simple-menu eael-simple-menu-dropdown-animate-to-top eael-simple-menu-indicator eael-simple-menu-vertical\"><li id=\"menu-item-5294\" class=\"menu-item menu-item-type-post_type menu-item-object-page menu-item-5294\"><a href=\"https:\/\/www.folklore.ee\/udmurt\/kamaudm\/fr\/vue-densemble\/\" class=\"menu-link\">Vue d&#8217;ensemble<\/a><\/li>\n<li id=\"menu-item-5335\" class=\"menu-item menu-item-type-post_type menu-item-object-page menu-item-5335\"><a href=\"https:\/\/www.folklore.ee\/udmurt\/kamaudm\/fr\/rues-et-potagers\/\" class=\"menu-link\">Rues et potagers<\/a><\/li>\n<li id=\"menu-item-5328\" class=\"menu-item menu-item-type-post_type menu-item-object-page menu-item-5328\"><a href=\"https:\/\/www.folklore.ee\/udmurt\/kamaudm\/fr\/maisons\/\" class=\"menu-link\">Maisons<\/a><\/li>\n<li id=\"menu-item-5329\" class=\"menu-item menu-item-type-post_type menu-item-object-page menu-item-5329\"><a href=\"https:\/\/www.folklore.ee\/udmurt\/kamaudm\/fr\/verges\/\" class=\"menu-link\">Cours<\/a><\/li>\n<li id=\"menu-item-5361\" class=\"menu-item menu-item-type-post_type menu-item-object-page menu-item-5361\"><a href=\"https:\/\/www.folklore.ee\/udmurt\/kamaudm\/fr\/nature-a-proximite-du-village\/\" class=\"menu-link\">Paysages autour du village<\/a><\/li>\n<li id=\"menu-item-5362\" class=\"menu-item menu-item-type-post_type menu-item-object-page menu-item-5362\"><a href=\"https:\/\/www.folklore.ee\/udmurt\/kamaudm\/fr\/rucher\/\" class=\"menu-link\">Rucher<\/a><\/li>\n<li id=\"menu-item-5363\" class=\"menu-item menu-item-type-post_type menu-item-object-page menu-item-5363\"><a href=\"https:\/\/www.folklore.ee\/udmurt\/kamaudm\/fr\/personnes\/\" class=\"menu-link\">Personnalit\u00e9s<\/a><\/li>\n<li id=\"menu-item-5428\" class=\"menu-item menu-item-type-post_type menu-item-object-page menu-item-5428\"><a href=\"https:\/\/www.folklore.ee\/udmurt\/kamaudm\/fr\/pretres-et-aides\/\" class=\"menu-link\">Sacrificateurs et aides<\/a><\/li>\n<li id=\"menu-item-5427\" class=\"menu-item menu-item-type-post_type menu-item-object-page menu-item-5427\"><a href=\"https:\/\/www.folklore.ee\/udmurt\/kamaudm\/fr\/groupe-de-recherche\/\" class=\"menu-link\">Groupe de recherche<\/a><\/li>\n<li id=\"menu-item-5426\" class=\"menu-item menu-item-type-post_type menu-item-object-page menu-item-5426\"><a href=\"https:\/\/www.folklore.ee\/udmurt\/kamaudm\/fr\/endroit-sacre\/\" class=\"menu-link\">Endroit sacr\u00e9<\/a><\/li>\n<li id=\"menu-item-5432\" class=\"menu-item menu-item-type-post_type menu-item-object-page menu-item-5432\"><a href=\"https:\/\/www.folklore.ee\/udmurt\/kamaudm\/fr\/sisis%d1%81on-2013-06-13\/\" class=\"menu-link\">Siz&#8217;is&#8217;kon 2013 06 13<\/a><\/li>\n<li id=\"menu-item-5430\" class=\"menu-item menu-item-type-post_type menu-item-object-page menu-item-5430\"><a href=\"https:\/\/www.folklore.ee\/udmurt\/kamaudm\/fr\/sisis%d1%81on-2013-12-19\/\" class=\"menu-link\">Siz&#8217;is&#8217;kon 2013 12 19<\/a><\/li>\n<li id=\"menu-item-5431\" class=\"menu-item menu-item-type-post_type menu-item-object-page menu-item-5431\"><a href=\"https:\/\/www.folklore.ee\/udmurt\/kamaudm\/fr\/mor-voss-2013-06-14\/\" class=\"menu-link\">M\u00f6r v\u00f6s&#8217; 2013 06 14<\/a><\/li>\n<li id=\"menu-item-5429\" class=\"menu-item menu-item-type-post_type menu-item-object-page menu-item-5429\"><a href=\"https:\/\/www.folklore.ee\/udmurt\/kamaudm\/fr\/tol-mor-vos-2013-12-20\/\" class=\"menu-link\">Tol M\u00f6r v\u00f6s&#8217; 2013 12 20<\/a><\/li>\n<\/ul>                <button class=\"eael-simple-menu-toggle\">\n                    <span class=\"sr-only \">Hamburger Toggle Menu<\/span>\n                    <i aria-hidden=\"true\" class=\"fas fa-bars\"><\/i>                <\/button>\n            <\/div>\n            \t\t\t\t<\/div>\n\t\t\t\t<\/div>\n\t\t\t\t\t<\/div>\n\t\t<\/div>\n\t\t\t\t<div class=\"elementor-column elementor-col-66 elementor-top-column elementor-element elementor-element-f6d66d2\" data-id=\"f6d66d2\" data-element_type=\"column\">\n\t\t\t<div class=\"elementor-widget-wrap elementor-element-populated\">\n\t\t\t\t\t\t<div class=\"elementor-element elementor-element-5ff15bf eael-fg-hoverer-content-align-left elementor-widget elementor-widget-eael-filterable-gallery\" data-id=\"5ff15bf\" data-element_type=\"widget\" data-settings=\"{&quot;pagination&quot;:&quot;false&quot;}\" data-widget_type=\"eael-filterable-gallery.default\">\n\t\t\t\t<div class=\"elementor-widget-container\">\n\t\t\t\t\t<style id=\"eael-fg-inline-css-5ff15bf\">@media only screen and (max-width: 2399px) {\n\t\t\t\t\t.elementor-element.elementor-element-5ff15bf .eael-filterable-gallery-item-wrap {\n\t\t\t\t\t        width: 100%;\n\t\t\t\t\t    }\n\t\t\t\t\t}@media only screen and (max-width: 1024px) {\n\t\t\t\t\t.elementor-element.elementor-element-5ff15bf  .eael-filterable-gallery-item-wrap {\n\t\t\t\t\t        width: 50%;\n\t\t\t\t\t    }\n\t\t\t\t\t}@media only screen and (max-width: 767px) {\n\t\t\t\t\t.elementor-element.elementor-element-5ff15bf  .eael-filterable-gallery-item-wrap {\n\t\t\t\t\t        width: 100%;\n\t\t\t\t\t    }\n\t\t\t\t\t}<\/style>        <div id=\"eael-filter-gallery-wrapper-5ff15bf\" class=\"eael-filter-gallery-wrapper\" data-layout-mode=\"hoverer\" data-breakpoints=\"{&quot;mobile&quot;:{&quot;label&quot;:&quot;\\u041c\\u043e\\u0431\\u0438\\u043b\\u044c\\u043d\\u044b\\u0439 - \\u043a\\u043d\\u0438\\u0436\\u043d\\u0430\\u044f \\u043e\\u0440\\u0438\\u0435\\u043d\\u0442\\u0430\\u0446\\u0438\\u044f&quot;,&quot;value&quot;:767,&quot;default_value&quot;:767,&quot;direction&quot;:&quot;max&quot;,&quot;is_enabled&quot;:true},&quot;mobile_extra&quot;:{&quot;label&quot;:&quot;\\u041c\\u043e\\u0431\\u0438\\u043b\\u044c\\u043d\\u044b\\u0439 - \\u0430\\u043b\\u044c\\u0431\\u043e\\u043c\\u043d\\u0430\\u044f \\u043e\\u0440\\u0438\\u0435\\u043d\\u0442\\u0430\\u0446\\u0438\\u044f&quot;,&quot;value&quot;:880,&quot;default_value&quot;:880,&quot;direction&quot;:&quot;max&quot;,&quot;is_enabled&quot;:false},&quot;tablet&quot;:{&quot;label&quot;:&quot;\\u041f\\u043b\\u0430\\u043d\\u0448\\u0435\\u0442 - \\u043a\\u043d\\u0438\\u0436\\u043d\\u0430\\u044f \\u043e\\u0440\\u0438\\u0435\\u043d\\u0442\\u0430\\u0446\\u0438\\u044f&quot;,&quot;value&quot;:1024,&quot;default_value&quot;:1024,&quot;direction&quot;:&quot;max&quot;,&quot;is_enabled&quot;:true},&quot;tablet_extra&quot;:{&quot;label&quot;:&quot;\\u041f\\u043b\\u0430\\u043d\\u0448\\u0435\\u0442 - \\u0430\\u043b\\u044c\\u0431\\u043e\\u043c\\u043d\\u0430\\u044f \\u043e\\u0440\\u0438\\u0435\\u043d\\u0442\\u0430\\u0446\\u0438\\u044f&quot;,&quot;value&quot;:1200,&quot;default_value&quot;:1200,&quot;direction&quot;:&quot;max&quot;,&quot;is_enabled&quot;:false},&quot;laptop&quot;:{&quot;label&quot;:&quot;\\u041d\\u043e\\u0443\\u0442\\u0431\\u0443\\u043a&quot;,&quot;value&quot;:1366,&quot;default_value&quot;:1366,&quot;direction&quot;:&quot;max&quot;,&quot;is_enabled&quot;:false},&quot;widescreen&quot;:{&quot;label&quot;:&quot;\\u0428\\u0438\\u0440\\u043e\\u043a\\u043e\\u0444\\u043e\\u0440\\u043c\\u0430\\u0442\\u043d\\u044b\\u0435&quot;,&quot;value&quot;:2400,&quot;default_value&quot;:2400,&quot;direction&quot;:&quot;min&quot;,&quot;is_enabled&quot;:false}}\" data-default_control_key=\"0\" data-custom_default_control=\"1\">\n            \n            \n            <div class=\"eael-filter-gallery-container eael-filter-gallery-grid\" data-images-per-page=\"\" data-total-gallery-items=\"1\" data-nomore-item-text=\"\" data-is-randomize=\"no\" data-settings=\"{&quot;grid_style&quot;:&quot;grid&quot;,&quot;popup&quot;:&quot;none&quot;,&quot;duration&quot;:500,&quot;gallery_enabled&quot;:&quot;&quot;,&quot;video_gallery_yt_privacy&quot;:&quot;&quot;,&quot;control_all_text&quot;:null,&quot;post_id&quot;:5364,&quot;widget_id&quot;:&quot;5ff15bf&quot;}\" data-search-all=\"\" data-gallery-items=\"WyI8ZGl2IGNsYXNzPVwiZWFlbC1maWx0ZXJhYmxlLWdhbGxlcnktaXRlbS13cmFwXCI+XG5cdFx0XHRcdDxkaXYgY2xhc3M9XCJlYWVsLWdhbGxlcnktZ3JpZC1pdGVtXCI+PGRpdiBjbGFzcz1cImdhbGxlcnktaXRlbS10aHVtYm5haWwtd3JhcFwiPjxpbWcgc3JjPVwiaHR0cHM6XC9cL3d3dy5mb2xrbG9yZS5lZVwvdWRtdXJ0XC9rYW1hdWRtXC93cC1jb250ZW50XC91cGxvYWRzXC8yMDIyXC8xMVwvXHUwNDM0Li1cdTA0MTBcdTA0M2JcdTA0MzNcdTA0MzAtMjAxMy0wNi0xMy1cdTA0MjRcdTA0M2VcdTA0NDJcdTA0M2UtXHUwNDE1XHUwNDMyXHUwNDMwLVx1MDQyMlx1MDQ0M1x1MDQzYlx1MDQ0M1x1MDQzNy0yLmpwZ1wiIGRhdGEtbGF6eS1zcmM9XCJodHRwczpcL1wvd3d3LmZvbGtsb3JlLmVlXC91ZG11cnRcL2thbWF1ZG1cL3dwLWNvbnRlbnRcL3VwbG9hZHNcLzIwMjJcLzExXC9cdTA0MzQuLVx1MDQxMFx1MDQzYlx1MDQzM1x1MDQzMC0yMDEzLTA2LTEzLVx1MDQyNFx1MDQzZVx1MDQ0Mlx1MDQzZS1cdTA0MTVcdTA0MzJcdTA0MzAtXHUwNDIyXHUwNDQzXHUwNDNiXHUwNDQzXHUwNDM3LTIuanBnXCIgYWx0PVwidmlsbGFnZSBBbGdhXCIgY2xhc3M9XCJnYWxsZXJ5LWl0ZW0tdGh1bWJuYWlsXCI+PFwvZGl2PjxkaXYgY2xhc3M9XCJnYWxsZXJ5LWl0ZW0tY2FwdGlvbi13cmFwIGNhcHRpb24tc3R5bGUtaG92ZXJlciBlYWVsLXNsaWRlLXVwXCI+PGRpdiBjbGFzcz1cImdhbGxlcnktaXRlbS1ob3ZlcmVyLWJnXCI+PFwvZGl2PjxkaXYgY2xhc3M9XCJnYWxsZXJ5LWl0ZW0tY2FwdGlvbi1vdmVyXCI+PGgyIGNsYXNzPVwiZmctaXRlbS10aXRsZVwiPnZpbGxhZ2UgQWxnYTxcL2gyPjxkaXYgY2xhc3M9XCJmZy1pdGVtLWNvbnRlbnRcIj48cD5WdWUgZ1x1MDBlOW5cdTAwZTlyYWxlIGR1IHZpbGxhZ2UuIDEzIGp1aW4gMjAxMy4gUGhvdG8gZCYjODIxNztFdmEgVG91bG91emUuPFwvcD5cbjxcL2Rpdj48XC9kaXY+PFwvZGl2PjxcL2Rpdj48XC9kaXY+Il0=\" data-init-show=\"1\">\n                <div class=\"eael-filterable-gallery-item-wrap\">\n\t\t\t\t<div class=\"eael-gallery-grid-item\"><div class=\"gallery-item-thumbnail-wrap\"><img decoding=\"async\" src=\"https:\/\/www.folklore.ee\/udmurt\/kamaudm\/wp-content\/uploads\/2022\/11\/\u0434.-\u0410\u043b\u0433\u0430-2013-06-13-\u0424\u043e\u0442\u043e-\u0415\u0432\u0430-\u0422\u0443\u043b\u0443\u0437-2.jpg\" data-lazy-src=\"https:\/\/www.folklore.ee\/udmurt\/kamaudm\/wp-content\/uploads\/2022\/11\/\u0434.-\u0410\u043b\u0433\u0430-2013-06-13-\u0424\u043e\u0442\u043e-\u0415\u0432\u0430-\u0422\u0443\u043b\u0443\u0437-2.jpg\" alt=\"village Alga\" class=\"gallery-item-thumbnail\"><\/div><div class=\"gallery-item-caption-wrap caption-style-hoverer eael-slide-up\"><div class=\"gallery-item-hoverer-bg\"><\/div><div class=\"gallery-item-caption-over\"><h2 class=\"fg-item-title\">village Alga<\/h2><div class=\"fg-item-content\"><p>Vue g\u00e9n\u00e9rale du village. 13 juin 2013. Photo d&#8217;Eva Toulouze.<\/p>\n<\/div><\/div><\/div><\/div><\/div>            <\/div>\n            \n                    <\/div>\n        \n        \t\t\t\t<\/div>\n\t\t\t\t<\/div>\n\t\t\t\t\t<\/div>\n\t\t<\/div>\n\t\t\t\t\t<\/div>\n\t\t<\/section>\n\t\t\t\t<\/div>\n\t\t","protected":false},"excerpt":{"rendered":"<p>village Alga Forme g\u00e9n\u00e9rale Rues et potagers Maisons Cours Nature \u00e0 proximit\u00e9 du village Rucher Personnes Pr\u00eatres et aides Groupe de recherche Endroit sacr\u00e9 Sisis\u0441on 2013 06 13 Sisis\u0441on 2013 12 19 M\u00f6r Voss 2013 06 14 Tol Mor V\u00f6s 2013 12 20 village Alga Vue g\u00e9n\u00e9rale du village. 13 juin 2013. Photo d&#8217;Eva Toulouze.<\/p>\n","protected":false},"author":1,"featured_media":0,"parent":0,"menu_order":0,"comment_status":"closed","ping_status":"closed","template":"","meta":{"site-sidebar-layout":"no-sidebar","site-content-layout":"page-builder","ast-global-header-display":"","ast-main-header-display":"","ast-hfb-above-header-display":"","ast-hfb-below-header-display":"","ast-hfb-mobile-header-display":"","site-post-title":"disabled","ast-breadcrumbs-content":"","ast-featured-img":"disabled","footer-sml-layout":"","theme-transparent-header-meta":"","adv-header-id-meta":"","stick-header-meta":"","header-above-stick-meta":"","header-main-stick-meta":"","header-below-stick-meta":"","pgc_sgb_lightbox_settings":"","footnotes":""},"class_list":["post-5364","page","type-page","status-publish","hentry"],"_links":{"self":[{"href":"https:\/\/www.folklore.ee\/udmurt\/kamaudm\/wp-json\/wp\/v2\/pages\/5364","targetHints":{"allow":["GET"]}}],"collection":[{"href":"https:\/\/www.folklore.ee\/udmurt\/kamaudm\/wp-json\/wp\/v2\/pages"}],"about":[{"href":"https:\/\/www.folklore.ee\/udmurt\/kamaudm\/wp-json\/wp\/v2\/types\/page"}],"author":[{"embeddable":true,"href":"https:\/\/www.folklore.ee\/udmurt\/kamaudm\/wp-json\/wp\/v2\/users\/1"}],"replies":[{"embeddable":true,"href":"https:\/\/www.folklore.ee\/udmurt\/kamaudm\/wp-json\/wp\/v2\/comments?post=5364"}],"version-history":[{"count":10,"href":"https:\/\/www.folklore.ee\/udmurt\/kamaudm\/wp-json\/wp\/v2\/pages\/5364\/revisions"}],"predecessor-version":[{"id":10094,"href":"https:\/\/www.folklore.ee\/udmurt\/kamaudm\/wp-json\/wp\/v2\/pages\/5364\/revisions\/10094"}],"wp:attachment":[{"href":"https:\/\/www.folklore.ee\/udmurt\/kamaudm\/wp-json\/wp\/v2\/media?parent=5364"}],"curies":[{"name":"wp","href":"https:\/\/api.w.org\/{rel}","templated":true}]}}