{"id":5323,"date":"2022-11-16T11:13:29","date_gmt":"2022-11-16T11:13:29","guid":{"rendered":"https:\/\/www.folklore.ee\/udmurt\/kamaudm\/?page_id=5323"},"modified":"2023-01-06T13:26:26","modified_gmt":"2023-01-06T13:26:26","slug":"verges","status":"publish","type":"page","link":"https:\/\/www.folklore.ee\/udmurt\/kamaudm\/fr\/verges\/","title":{"rendered":"Verges"},"content":{"rendered":"\t\t<div data-elementor-type=\"wp-page\" data-elementor-id=\"5323\" class=\"elementor elementor-5323\">\n\t\t\t\t\t\t<section class=\"elementor-section elementor-top-section elementor-element elementor-element-0eb0353 elementor-section-boxed elementor-section-height-default elementor-section-height-default wpr-particle-no wpr-jarallax-no wpr-parallax-no wpr-sticky-section-no\" data-id=\"0eb0353\" data-element_type=\"section\">\n\t\t\t\t\t\t<div class=\"elementor-container elementor-column-gap-no\">\n\t\t\t\t\t<div class=\"elementor-column elementor-col-100 elementor-top-column elementor-element elementor-element-882a984\" data-id=\"882a984\" data-element_type=\"column\" data-settings=\"{&quot;background_background&quot;:&quot;classic&quot;}\">\n\t\t\t<div class=\"elementor-widget-wrap elementor-element-populated\">\n\t\t\t\t\t\t<div class=\"elementor-element elementor-element-cd28a09 elementor-widget elementor-widget-heading\" data-id=\"cd28a09\" data-element_type=\"widget\" data-widget_type=\"heading.default\">\n\t\t\t\t<div class=\"elementor-widget-container\">\n\t\t\t\t\t<h2 class=\"elementor-heading-title elementor-size-default\">Cours<\/h2>\t\t\t\t<\/div>\n\t\t\t\t<\/div>\n\t\t\t\t<div class=\"elementor-element elementor-element-c8e7731 elementor-widget elementor-widget-text-editor\" data-id=\"c8e7731\" data-element_type=\"widget\" data-widget_type=\"text-editor.default\">\n\t\t\t\t<div class=\"elementor-widget-container\">\n\t\t\t\t\t\t\t\t\t<section class=\"elementor-section elementor-top-section elementor-element elementor-element-9a9128e elementor-section-boxed elementor-section-height-default elementor-section-height-default wpr-particle-no wpr-jarallax-no wpr-parallax-no wpr-sticky-section-no\" data-id=\"9a9128e\" data-element_type=\"section\"><div class=\"elementor-container elementor-column-gap-default\"><div class=\"elementor-column elementor-col-100 elementor-top-column elementor-element elementor-element-e88b005\" data-id=\"e88b005\" data-element_type=\"column\"><div class=\"elementor-widget-wrap elementor-element-populated\"><div class=\"elementor-element elementor-element-7a186ea elementor-widget elementor-widget-text-editor\" data-id=\"7a186ea\" data-element_type=\"widget\" data-widget_type=\"text-editor.default\"><div class=\"elementor-widget-container\"><p style=\"text-align: center;\"><a href=\"https:\/\/www.folklore.ee\/udmurt\/kamaudm\/fr\/alga\/\">Alga, district de Tatyshlinsky, Bachkirie<\/a><\/p><\/div><\/div><\/div><\/div><\/div><\/section>\t\t\t\t\t\t\t\t<\/div>\n\t\t\t\t<\/div>\n\t\t\t\t<div class=\"elementor-element elementor-element-4b538e9 elementor-widget elementor-widget-shortcode\" data-id=\"4b538e9\" data-element_type=\"widget\" data-widget_type=\"shortcode.default\">\n\t\t\t\t<div class=\"elementor-widget-container\">\n\t\t\t\t\t\t\t<div class=\"elementor-shortcode\"><style type=\"text\/css\" scoped>.rbs_gallery_69d4fb1fb832fSpinner{\r\n\t\t\t\tmargin: 50px auto;\r\n\t\t\t\twidth: 50px;\r\n\t\t\t\theight: 40px;\r\n\t\t\t\ttext-align: center;\r\n\t\t\t\tfont-size: 10px;\r\n\t\t\t}\r\n\t\t\t.rbs_gallery_69d4fb1fb832fSpinner > div{\r\n\t\t\t  background-color: #333;\r\n\t\t\t  height: 100%;\r\n\t\t\t  width: 6px;\r\n\t\t\t  display: inline-block;\r\n\t\t\t  -webkit-animation: rbs_gallery_69d4fb1fb832f-stretchdelay 1.2s infinite ease-in-out;\r\n\t\t\t  animation: rbs_gallery_69d4fb1fb832f-stretchdelay 1.2s infinite ease-in-out;\r\n\t\t\t}\r\n\t\t\t.rbs_gallery_69d4fb1fb832fSpinner .rbs_gallery_69d4fb1fb832fRect2 {\r\n\t\t\t  -webkit-animation-delay: -1.1s;\r\n\t\t\t  animation-delay: -1.1s;\r\n\t\t\t}\r\n\t\t\t.rbs_gallery_69d4fb1fb832fSpinner .rbs_gallery_69d4fb1fb832fRect3 {\r\n\t\t\t  -webkit-animation-delay: -1.0s;\r\n\t\t\t  animation-delay: -1.0s;\r\n\t\t\t}\r\n\t\t\t.rbs_gallery_69d4fb1fb832fSpinner .rbs_gallery_69d4fb1fb832fRect4 {\r\n\t\t\t  -webkit-animation-delay: -0.9s;\r\n\t\t\t  animation-delay: -0.9s;\r\n\t\t\t}\r\n\t\t\t.rbs_gallery_69d4fb1fb832fSpinner .rbs_gallery_69d4fb1fb832fRect5 {\r\n\t\t\t  -webkit-animation-delay: -0.8s;\r\n\t\t\t  animation-delay: -0.8s;\r\n\t\t\t}\r\n\t\t\t@-webkit-keyframes rbs_gallery_69d4fb1fb832f-stretchdelay {\r\n\t\t\t  0%, 40%, 100% { -webkit-transform: scaleY(0.4) }  \r\n\t\t\t  20% { -webkit-transform: scaleY(1.0) }\r\n\t\t\t}\r\n\t\t\t@keyframes rbs_gallery_69d4fb1fb832f-stretchdelay {\r\n\t\t\t  0%, 40%, 100% { \r\n\t\t\t    transform: scaleY(0.4);\r\n\t\t\t    -webkit-transform: scaleY(0.4);\r\n\t\t\t  }  20% { \r\n\t\t\t    transform: scaleY(1.0);\r\n\t\t\t    -webkit-transform: scaleY(1.0);\r\n\t\t\t  }\r\n\t\t\t}\r\n\t\t<\/style><div class=\"robo-gallery-wrap robo-gallery-wrap-id4768 robo-gallery-grid\" ><div id=\"rbs_gallery_69d4fb1fb832f-block-loader\" class=\"rbs_gallery_69d4fb1fb832fSpinner\"><div class=\"rbs_gallery_69d4fb1fb832fRect1\"><\/div> <div class=\"rbs_gallery_69d4fb1fb832fRect2\"><\/div> <div class=\"rbs_gallery_69d4fb1fb832fRect3\"><\/div> <div class=\"rbs_gallery_69d4fb1fb832fRect4\"><\/div> <div class=\"rbs_gallery_69d4fb1fb832fRect5\"><\/div><\/div><div id=\"robo_gallery_main_block_rbs_gallery_69d4fb1fb832f\" class=\"robogallery-gallery-4768\" style=\"width:100%;  display: none;\"><div id=\"rbs_gallery_69d4fb1fb832f\" data-options=\"rbs_gallery_69d4fb1fb832f\" style=\"width:100%;\" class=\"robo_gallery  \"><div class=\"rbs-img  category4768 \" ><div class=\"rbs-img-image   rbs-lightbox \" ><div class=\"rbs-img-thumbs\"  data-thumbnail=\"https:\/\/www.folklore.ee\/udmurt\/kamaudm\/wp-content\/uploads\/2022\/11\/\u0434.-\u0410\u043b\u0433\u0430-2013-06-14-\u0424\u043e\u0442\u043e-\u0415\u0432\u0430-\u0422\u0443\u043b\u0443\u0437-2-300x225.jpg\"  title=\"\u0434. \u0410\u043b\u0433\u0430 2013 06 14 \u0424\u043e\u0442\u043e \u0415\u0432\u0430 \u0422\u0443\u043b\u0443\u0437 (2)\"  data-width=\"300\"  data-height=\"225\" ><\/div><div class=\"rbs-img-data-popup\"  data-popup=\"https:\/\/www.folklore.ee\/udmurt\/kamaudm\/wp-content\/uploads\/2022\/11\/\u0434.-\u0410\u043b\u0433\u0430-2013-06-14-\u0424\u043e\u0442\u043e-\u0415\u0432\u0430-\u0422\u0443\u043b\u0443\u0437-2.jpg\"  title=\"\u0434. \u0410\u043b\u0433\u0430 2013 06 14 \u0424\u043e\u0442\u043e \u0415\u0432\u0430 \u0422\u0443\u043b\u0443\u0437 (2)\" ><\/div><div class=\"thumbnail-overlay\"><div class=\"rbsIcons\"><i class=\"fa fa-search-plus rbsZoomIcon \" ><\/i><\/div><\/div><\/div><\/div><div class=\"rbs-img  category4768 \" ><div class=\"rbs-img-image   rbs-lightbox \" ><div class=\"rbs-img-thumbs\"  data-thumbnail=\"https:\/\/www.folklore.ee\/udmurt\/kamaudm\/wp-content\/uploads\/2022\/11\/\u0434.-\u0410\u043b\u0433\u0430-2013-06-14-\u0424\u043e\u0442\u043e-\u0415\u0432\u0430-\u0422\u0443\u043b\u0443\u0437-1-300x225.jpg\"  title=\"\u0434. \u0410\u043b\u0433\u0430 2013 06 14 \u0424\u043e\u0442\u043e \u0415\u0432\u0430 \u0422\u0443\u043b\u0443\u0437\"  data-width=\"300\"  data-height=\"225\" ><\/div><div class=\"rbs-img-data-popup\"  data-popup=\"https:\/\/www.folklore.ee\/udmurt\/kamaudm\/wp-content\/uploads\/2022\/11\/\u0434.-\u0410\u043b\u0433\u0430-2013-06-14-\u0424\u043e\u0442\u043e-\u0415\u0432\u0430-\u0422\u0443\u043b\u0443\u0437-1.jpg\"  title=\"\u0434. \u0410\u043b\u0433\u0430 2013 06 14 \u0424\u043e\u0442\u043e \u0415\u0432\u0430 \u0422\u0443\u043b\u0443\u0437\" ><\/div><div class=\"thumbnail-overlay\"><div class=\"rbsIcons\"><i class=\"fa fa-search-plus rbsZoomIcon \" ><\/i><\/div><\/div><\/div><\/div><\/div><\/div><\/div><script>var rbs_gallery_69d4fb1fb832f = {\"version\":\"5.0.2\",\"id\":4768,\"class\":\"id4768\",\"roboGalleryDelay\":1000,\"mainContainer\":\"#robo_gallery_main_block_rbs_gallery_69d4fb1fb832f\",\"loadingContainer\":\"#rbs_gallery_69d4fb1fb832f-block-loader\",\"loadingContainerObj\":\"rbs_gallery_69d4fb1fb832f-block-loader\",\"columnWidth\":\"auto\",\"columns\":3,\"resolutions\":[{\"columnWidth\":\"auto\",\"columns\":3,\"maxWidth\":960},{\"columnWidth\":\"auto\",\"columns\":2,\"maxWidth\":650},{\"columnWidth\":\"auto\",\"columns\":1,\"maxWidth\":450}],\"lightboxOptions\":{\"gallery\":{\"enabled\":true,\"tCounter\":\"%curr% of %total%\"}},\"overlayEffect\":\"direction-aware-fade\",\"boxesToLoadStart\":12,\"boxesToLoad\":8,\"waitUntilThumbLoads\":1,\"LoadingWord\":\"Loading...\",\"loadMoreWord\":\"Load More\",\"noMoreEntriesWord\":\"No More Entries\",\"horizontalSpaceBetweenBoxes\":15,\"verticalSpaceBetweenBoxes\":15,\"lazyLoad\":1,\"wrapContainer\":\"#robo-gallery-wrap-rbs_gallery_69d4fb1fb832f\"};<\/script>\n\n<\/div>\n\t\t\t\t\t\t<\/div>\n\t\t\t\t<\/div>\n\t\t\t\t<div class=\"elementor-element elementor-element-dccbe8b wpr-main-menu-align-center wpr-pointer-none wpr-mobile-toggle-v3 wpr-main-menu-align--tabletleft wpr-main-menu-align--mobileleft wpr-sub-icon-caret-down wpr-sub-menu-fx-fade wpr-nav-menu-bp-mobile wpr-mobile-menu-full-width wpr-mobile-menu-item-align-center wpr-sub-divider-yes wpr-mobile-divider-yes elementor-widget elementor-widget-wpr-nav-menu\" data-id=\"dccbe8b\" data-element_type=\"widget\" data-settings=\"{&quot;menu_layout&quot;:&quot;horizontal&quot;}\" data-widget_type=\"wpr-nav-menu.default\">\n\t\t\t\t<div class=\"elementor-widget-container\">\n\t\t\t\t\t<nav class=\"wpr-nav-menu-container wpr-nav-menu-horizontal\" data-trigger=\"hover\"><ul id=\"menu-1-dccbe8b\" class=\"wpr-nav-menu\"><li class=\"menu-item menu-item-type-post_type menu-item-object-page menu-item-5294\"><a href=\"https:\/\/www.folklore.ee\/udmurt\/kamaudm\/fr\/vue-densemble\/\" class=\"wpr-menu-item wpr-pointer-item menu-link\">Vue d&#8217;ensemble<\/a><\/li>\n<li class=\"menu-item menu-item-type-post_type menu-item-object-page menu-item-5335\"><a href=\"https:\/\/www.folklore.ee\/udmurt\/kamaudm\/fr\/rues-et-potagers\/\" class=\"wpr-menu-item wpr-pointer-item menu-link\">Rues et potagers<\/a><\/li>\n<li class=\"menu-item menu-item-type-post_type menu-item-object-page menu-item-5328\"><a href=\"https:\/\/www.folklore.ee\/udmurt\/kamaudm\/fr\/maisons\/\" class=\"wpr-menu-item wpr-pointer-item menu-link\">Maisons<\/a><\/li>\n<li class=\"menu-item menu-item-type-post_type menu-item-object-page menu-item-5329\"><a href=\"https:\/\/www.folklore.ee\/udmurt\/kamaudm\/fr\/verges\/\" class=\"wpr-menu-item wpr-pointer-item menu-link\">Cours<\/a><\/li>\n<li class=\"menu-item menu-item-type-post_type menu-item-object-page menu-item-5361\"><a href=\"https:\/\/www.folklore.ee\/udmurt\/kamaudm\/fr\/nature-a-proximite-du-village\/\" class=\"wpr-menu-item wpr-pointer-item menu-link\">Paysages autour du village<\/a><\/li>\n<li class=\"menu-item menu-item-type-post_type menu-item-object-page menu-item-5362\"><a href=\"https:\/\/www.folklore.ee\/udmurt\/kamaudm\/fr\/rucher\/\" class=\"wpr-menu-item wpr-pointer-item menu-link\">Rucher<\/a><\/li>\n<li class=\"menu-item menu-item-type-post_type menu-item-object-page menu-item-5363\"><a href=\"https:\/\/www.folklore.ee\/udmurt\/kamaudm\/fr\/personnes\/\" class=\"wpr-menu-item wpr-pointer-item menu-link\">Personnalit\u00e9s<\/a><\/li>\n<li class=\"menu-item menu-item-type-post_type menu-item-object-page menu-item-5428\"><a href=\"https:\/\/www.folklore.ee\/udmurt\/kamaudm\/fr\/pretres-et-aides\/\" class=\"wpr-menu-item wpr-pointer-item menu-link\">Sacrificateurs et aides<\/a><\/li>\n<li class=\"menu-item menu-item-type-post_type menu-item-object-page menu-item-5427\"><a href=\"https:\/\/www.folklore.ee\/udmurt\/kamaudm\/fr\/groupe-de-recherche\/\" class=\"wpr-menu-item wpr-pointer-item menu-link\">Groupe de recherche<\/a><\/li>\n<li class=\"menu-item menu-item-type-post_type menu-item-object-page menu-item-5426\"><a href=\"https:\/\/www.folklore.ee\/udmurt\/kamaudm\/fr\/endroit-sacre\/\" class=\"wpr-menu-item wpr-pointer-item menu-link\">Endroit sacr\u00e9<\/a><\/li>\n<li class=\"menu-item menu-item-type-post_type menu-item-object-page menu-item-5432\"><a href=\"https:\/\/www.folklore.ee\/udmurt\/kamaudm\/fr\/sisis%d1%81on-2013-06-13\/\" class=\"wpr-menu-item wpr-pointer-item menu-link\">Siz&#8217;is&#8217;kon 2013 06 13<\/a><\/li>\n<li class=\"menu-item menu-item-type-post_type menu-item-object-page menu-item-5430\"><a href=\"https:\/\/www.folklore.ee\/udmurt\/kamaudm\/fr\/sisis%d1%81on-2013-12-19\/\" class=\"wpr-menu-item wpr-pointer-item menu-link\">Siz&#8217;is&#8217;kon 2013 12 19<\/a><\/li>\n<li class=\"menu-item menu-item-type-post_type menu-item-object-page menu-item-5431\"><a href=\"https:\/\/www.folklore.ee\/udmurt\/kamaudm\/fr\/mor-voss-2013-06-14\/\" class=\"wpr-menu-item wpr-pointer-item menu-link\">M\u00f6r v\u00f6s&#8217; 2013 06 14<\/a><\/li>\n<li class=\"menu-item menu-item-type-post_type menu-item-object-page menu-item-5429\"><a href=\"https:\/\/www.folklore.ee\/udmurt\/kamaudm\/fr\/tol-mor-vos-2013-12-20\/\" class=\"wpr-menu-item wpr-pointer-item menu-link\">Tol M\u00f6r v\u00f6s&#8217; 2013 12 20<\/a><\/li>\n<\/ul><\/nav><nav class=\"wpr-mobile-nav-menu-container\"><div class=\"wpr-mobile-toggle-wrap\"><div class=\"wpr-mobile-toggle\"><span class=\"wpr-mobile-toggle-line\"><\/span><span class=\"wpr-mobile-toggle-line\"><\/span><span class=\"wpr-mobile-toggle-line\"><\/span><\/div><\/div><ul id=\"mobile-menu-2-dccbe8b\" class=\"wpr-mobile-nav-menu\"><li class=\"menu-item menu-item-type-post_type menu-item-object-page menu-item-5294\"><a href=\"https:\/\/www.folklore.ee\/udmurt\/kamaudm\/fr\/vue-densemble\/\" class=\"wpr-mobile-menu-item menu-link\">Vue d&#8217;ensemble<\/a><\/li>\n<li class=\"menu-item menu-item-type-post_type menu-item-object-page menu-item-5335\"><a href=\"https:\/\/www.folklore.ee\/udmurt\/kamaudm\/fr\/rues-et-potagers\/\" class=\"wpr-mobile-menu-item menu-link\">Rues et potagers<\/a><\/li>\n<li class=\"menu-item menu-item-type-post_type menu-item-object-page menu-item-5328\"><a href=\"https:\/\/www.folklore.ee\/udmurt\/kamaudm\/fr\/maisons\/\" class=\"wpr-mobile-menu-item menu-link\">Maisons<\/a><\/li>\n<li class=\"menu-item menu-item-type-post_type menu-item-object-page menu-item-5329\"><a href=\"https:\/\/www.folklore.ee\/udmurt\/kamaudm\/fr\/verges\/\" class=\"wpr-mobile-menu-item menu-link\">Cours<\/a><\/li>\n<li class=\"menu-item menu-item-type-post_type menu-item-object-page menu-item-5361\"><a href=\"https:\/\/www.folklore.ee\/udmurt\/kamaudm\/fr\/nature-a-proximite-du-village\/\" class=\"wpr-mobile-menu-item menu-link\">Paysages autour du village<\/a><\/li>\n<li class=\"menu-item menu-item-type-post_type menu-item-object-page menu-item-5362\"><a href=\"https:\/\/www.folklore.ee\/udmurt\/kamaudm\/fr\/rucher\/\" class=\"wpr-mobile-menu-item menu-link\">Rucher<\/a><\/li>\n<li class=\"menu-item menu-item-type-post_type menu-item-object-page menu-item-5363\"><a href=\"https:\/\/www.folklore.ee\/udmurt\/kamaudm\/fr\/personnes\/\" class=\"wpr-mobile-menu-item menu-link\">Personnalit\u00e9s<\/a><\/li>\n<li class=\"menu-item menu-item-type-post_type menu-item-object-page menu-item-5428\"><a href=\"https:\/\/www.folklore.ee\/udmurt\/kamaudm\/fr\/pretres-et-aides\/\" class=\"wpr-mobile-menu-item menu-link\">Sacrificateurs et aides<\/a><\/li>\n<li class=\"menu-item menu-item-type-post_type menu-item-object-page menu-item-5427\"><a href=\"https:\/\/www.folklore.ee\/udmurt\/kamaudm\/fr\/groupe-de-recherche\/\" class=\"wpr-mobile-menu-item menu-link\">Groupe de recherche<\/a><\/li>\n<li class=\"menu-item menu-item-type-post_type menu-item-object-page menu-item-5426\"><a href=\"https:\/\/www.folklore.ee\/udmurt\/kamaudm\/fr\/endroit-sacre\/\" class=\"wpr-mobile-menu-item menu-link\">Endroit sacr\u00e9<\/a><\/li>\n<li class=\"menu-item menu-item-type-post_type menu-item-object-page menu-item-5432\"><a href=\"https:\/\/www.folklore.ee\/udmurt\/kamaudm\/fr\/sisis%d1%81on-2013-06-13\/\" class=\"wpr-mobile-menu-item menu-link\">Siz&#8217;is&#8217;kon 2013 06 13<\/a><\/li>\n<li class=\"menu-item menu-item-type-post_type menu-item-object-page menu-item-5430\"><a href=\"https:\/\/www.folklore.ee\/udmurt\/kamaudm\/fr\/sisis%d1%81on-2013-12-19\/\" class=\"wpr-mobile-menu-item menu-link\">Siz&#8217;is&#8217;kon 2013 12 19<\/a><\/li>\n<li class=\"menu-item menu-item-type-post_type menu-item-object-page menu-item-5431\"><a href=\"https:\/\/www.folklore.ee\/udmurt\/kamaudm\/fr\/mor-voss-2013-06-14\/\" class=\"wpr-mobile-menu-item menu-link\">M\u00f6r v\u00f6s&#8217; 2013 06 14<\/a><\/li>\n<li class=\"menu-item menu-item-type-post_type menu-item-object-page menu-item-5429\"><a href=\"https:\/\/www.folklore.ee\/udmurt\/kamaudm\/fr\/tol-mor-vos-2013-12-20\/\" class=\"wpr-mobile-menu-item menu-link\">Tol M\u00f6r v\u00f6s&#8217; 2013 12 20<\/a><\/li>\n<\/ul><\/nav>\t\t\t\t<\/div>\n\t\t\t\t<\/div>\n\t\t\t\t\t<\/div>\n\t\t<\/div>\n\t\t\t\t\t<\/div>\n\t\t<\/section>\n\t\t\t\t<\/div>\n\t\t","protected":false},"excerpt":{"rendered":"<p>Cours Alga, district de Tatyshlinsky, Bachkirie Vue d&#8217;ensemble Rues et potagers Maisons Cours Paysages autour du village Rucher Personnalit\u00e9s Sacrificateurs et aides Groupe de recherche Endroit sacr\u00e9 Siz&#8217;is&#8217;kon 2013 06 13 Siz&#8217;is&#8217;kon 2013 12 19 M\u00f6r v\u00f6s&#8217; 2013 06 14 Tol M\u00f6r v\u00f6s&#8217; 2013 12 20 Vue d&#8217;ensemble Rues et potagers Maisons Cours Paysages autour du village Rucher Personnalit\u00e9s Sacrificateurs et aides Groupe de recherche Endroit sacr\u00e9 Siz&#8217;is&#8217;kon 2013 06 13 Siz&#8217;is&#8217;kon 2013 12 19 M\u00f6r v\u00f6s&#8217; 2013 06 14 Tol M\u00f6r v\u00f6s&#8217; 2013 12 20<\/p>\n","protected":false},"author":1,"featured_media":0,"parent":0,"menu_order":0,"comment_status":"closed","ping_status":"closed","template":"","meta":{"site-sidebar-layout":"no-sidebar","site-content-layout":"page-builder","ast-global-header-display":"","ast-main-header-display":"","ast-hfb-above-header-display":"","ast-hfb-below-header-display":"","ast-hfb-mobile-header-display":"","site-post-title":"disabled","ast-breadcrumbs-content":"","ast-featured-img":"disabled","footer-sml-layout":"","theme-transparent-header-meta":"","adv-header-id-meta":"","stick-header-meta":"","header-above-stick-meta":"","header-main-stick-meta":"","header-below-stick-meta":"","pgc_sgb_lightbox_settings":"","footnotes":""},"class_list":["post-5323","page","type-page","status-publish","hentry"],"_links":{"self":[{"href":"https:\/\/www.folklore.ee\/udmurt\/kamaudm\/wp-json\/wp\/v2\/pages\/5323","targetHints":{"allow":["GET"]}}],"collection":[{"href":"https:\/\/www.folklore.ee\/udmurt\/kamaudm\/wp-json\/wp\/v2\/pages"}],"about":[{"href":"https:\/\/www.folklore.ee\/udmurt\/kamaudm\/wp-json\/wp\/v2\/types\/page"}],"author":[{"embeddable":true,"href":"https:\/\/www.folklore.ee\/udmurt\/kamaudm\/wp-json\/wp\/v2\/users\/1"}],"replies":[{"embeddable":true,"href":"https:\/\/www.folklore.ee\/udmurt\/kamaudm\/wp-json\/wp\/v2\/comments?post=5323"}],"version-history":[{"count":7,"href":"https:\/\/www.folklore.ee\/udmurt\/kamaudm\/wp-json\/wp\/v2\/pages\/5323\/revisions"}],"predecessor-version":[{"id":10157,"href":"https:\/\/www.folklore.ee\/udmurt\/kamaudm\/wp-json\/wp\/v2\/pages\/5323\/revisions\/10157"}],"wp:attachment":[{"href":"https:\/\/www.folklore.ee\/udmurt\/kamaudm\/wp-json\/wp\/v2\/media?parent=5323"}],"curies":[{"name":"wp","href":"https:\/\/api.w.org\/{rel}","templated":true}]}}