{"id":4546,"date":"2022-06-01T19:06:17","date_gmt":"2022-06-01T19:06:17","guid":{"rendered":"https:\/\/www.folklore.ee\/udmurt\/kamaudm\/?page_id=4546"},"modified":"2023-01-06T13:59:11","modified_gmt":"2023-01-06T13:59:11","slug":"asavka_chansons","status":"publish","type":"page","link":"https:\/\/www.folklore.ee\/udmurt\/kamaudm\/fr\/asavka_chansons\/","title":{"rendered":"asavka_chansons"},"content":{"rendered":"\t\t<div data-elementor-type=\"wp-page\" data-elementor-id=\"4546\" class=\"elementor elementor-4546\">\n\t\t\t\t\t\t<section class=\"elementor-section elementor-top-section elementor-element elementor-element-f24056a elementor-section-boxed elementor-section-height-default elementor-section-height-default wpr-particle-no wpr-jarallax-no wpr-parallax-no wpr-sticky-section-no\" data-id=\"f24056a\" data-element_type=\"section\">\n\t\t\t\t\t\t<div class=\"elementor-container elementor-column-gap-default\">\n\t\t\t\t\t<div class=\"elementor-column elementor-col-100 elementor-top-column elementor-element elementor-element-b06eb9f\" data-id=\"b06eb9f\" data-element_type=\"column\">\n\t\t\t<div class=\"elementor-widget-wrap elementor-element-populated\">\n\t\t\t\t\t\t<div class=\"elementor-element elementor-element-e5d067b elementor-widget elementor-widget-heading\" data-id=\"e5d067b\" data-element_type=\"widget\" data-widget_type=\"heading.default\">\n\t\t\t\t<div class=\"elementor-widget-container\">\n\t\t\t\t\t<h2 class=\"elementor-heading-title elementor-size-default\">Chansons<\/h2>\t\t\t\t<\/div>\n\t\t\t\t<\/div>\n\t\t\t\t<div class=\"elementor-element elementor-element-be9272d elementor-widget elementor-widget-text-editor\" data-id=\"be9272d\" data-element_type=\"widget\" data-widget_type=\"text-editor.default\">\n\t\t\t\t<div class=\"elementor-widget-container\">\n\t\t\t\t\t\t\t\t\t<section class=\"elementor-section elementor-top-section elementor-element elementor-element-9a9128e elementor-section-boxed elementor-section-height-default elementor-section-height-default wpr-particle-no wpr-jarallax-no wpr-parallax-no wpr-sticky-section-no\" data-id=\"9a9128e\" data-element_type=\"section\"><div class=\"elementor-container elementor-column-gap-default\"><div class=\"elementor-column elementor-col-100 elementor-top-column elementor-element elementor-element-e88b005\" data-id=\"e88b005\" data-element_type=\"column\"><div class=\"elementor-widget-wrap elementor-element-populated\"><div class=\"elementor-element elementor-element-7a186ea elementor-widget elementor-widget-text-editor\" data-id=\"7a186ea\" data-element_type=\"widget\" data-widget_type=\"text-editor.default\"><div class=\"elementor-widget-container\"><p style=\"text-align: center;\"><a href=\"https:\/\/www.folklore.ee\/udmurt\/kamaudm\/fr\/asavka-2\/\">Asavka, district de Baltachevsky, Bachkirie<\/a><\/p><\/div><\/div><\/div><\/div><\/div><\/section>\t\t\t\t\t\t\t\t<\/div>\n\t\t\t\t<\/div>\n\t\t\t\t\t<\/div>\n\t\t<\/div>\n\t\t\t\t\t<\/div>\n\t\t<\/section>\n\t\t\t\t<section class=\"elementor-section elementor-top-section elementor-element elementor-element-4d403d7 elementor-section-boxed elementor-section-height-default elementor-section-height-default wpr-particle-no wpr-jarallax-no wpr-parallax-no wpr-sticky-section-no\" data-id=\"4d403d7\" data-element_type=\"section\">\n\t\t\t\t\t\t<div class=\"elementor-container elementor-column-gap-default\">\n\t\t\t\t\t<div class=\"elementor-column elementor-col-50 elementor-top-column elementor-element elementor-element-5416b25\" data-id=\"5416b25\" data-element_type=\"column\">\n\t\t\t<div class=\"elementor-widget-wrap elementor-element-populated\">\n\t\t\t\t\t\t<div class=\"elementor-element elementor-element-0eff315 elementor-widget elementor-widget-video\" data-id=\"0eff315\" data-element_type=\"widget\" data-settings=\"{&quot;youtube_url&quot;:&quot;https:\\\/\\\/youtu.be\\\/VEknEJD7s3E&quot;,&quot;video_type&quot;:&quot;youtube&quot;,&quot;controls&quot;:&quot;yes&quot;}\" data-widget_type=\"video.default\">\n\t\t\t\t<div class=\"elementor-widget-container\">\n\t\t\t\t\t\t\t<div class=\"elementor-wrapper elementor-open-inline\">\n\t\t\t<div class=\"elementor-video\"><\/div>\t\t<\/div>\n\t\t\t\t\t\t<\/div>\n\t\t\t\t<\/div>\n\t\t\t\t\t<\/div>\n\t\t<\/div>\n\t\t\t\t<div class=\"elementor-column elementor-col-50 elementor-top-column elementor-element elementor-element-88dcd4c\" data-id=\"88dcd4c\" data-element_type=\"column\">\n\t\t\t<div class=\"elementor-widget-wrap elementor-element-populated\">\n\t\t\t\t\t\t<div class=\"elementor-element elementor-element-41b570a elementor-widget elementor-widget-video\" data-id=\"41b570a\" data-element_type=\"widget\" data-settings=\"{&quot;youtube_url&quot;:&quot;https:\\\/\\\/youtu.be\\\/Ebg_cxPovWI&quot;,&quot;video_type&quot;:&quot;youtube&quot;,&quot;controls&quot;:&quot;yes&quot;}\" data-widget_type=\"video.default\">\n\t\t\t\t<div class=\"elementor-widget-container\">\n\t\t\t\t\t\t\t<div class=\"elementor-wrapper elementor-open-inline\">\n\t\t\t<div class=\"elementor-video\"><\/div>\t\t<\/div>\n\t\t\t\t\t\t<\/div>\n\t\t\t\t<\/div>\n\t\t\t\t\t<\/div>\n\t\t<\/div>\n\t\t\t\t\t<\/div>\n\t\t<\/section>\n\t\t\t\t<section class=\"elementor-section elementor-top-section elementor-element elementor-element-74f81ae6 elementor-section-boxed elementor-section-height-default elementor-section-height-default wpr-particle-no wpr-jarallax-no wpr-parallax-no wpr-sticky-section-no\" data-id=\"74f81ae6\" data-element_type=\"section\" data-settings=\"{&quot;background_background&quot;:&quot;classic&quot;}\">\n\t\t\t\t\t\t<div class=\"elementor-container elementor-column-gap-default\">\n\t\t\t\t\t<div class=\"elementor-column elementor-col-100 elementor-top-column elementor-element elementor-element-248bef07\" data-id=\"248bef07\" data-element_type=\"column\">\n\t\t\t<div class=\"elementor-widget-wrap elementor-element-populated\">\n\t\t\t\t\t\t<div class=\"elementor-element elementor-element-6282424a wpr-main-menu-align-center wpr-pointer-none wpr-mobile-toggle-v3 wpr-main-menu-align--tabletleft wpr-main-menu-align--mobileleft wpr-sub-icon-caret-down wpr-sub-menu-fx-fade wpr-nav-menu-bp-mobile wpr-mobile-menu-full-width wpr-mobile-menu-item-align-center wpr-sub-divider-yes wpr-mobile-divider-yes elementor-widget elementor-widget-wpr-nav-menu\" data-id=\"6282424a\" data-element_type=\"widget\" data-settings=\"{&quot;menu_layout&quot;:&quot;horizontal&quot;}\" data-widget_type=\"wpr-nav-menu.default\">\n\t\t\t\t<div class=\"elementor-widget-container\">\n\t\t\t\t\t<nav class=\"wpr-nav-menu-container wpr-nav-menu-horizontal\" data-trigger=\"hover\"><ul id=\"menu-1-6282424a\" class=\"wpr-nav-menu\"><li class=\"menu-item menu-item-type-post_type menu-item-object-page menu-item-4484\"><a href=\"https:\/\/www.folklore.ee\/udmurt\/kamaudm\/fr\/asavka_des_rues\/\" class=\"wpr-menu-item wpr-pointer-item menu-link\">Des rues<\/a><\/li>\n<li class=\"menu-item menu-item-type-post_type menu-item-object-page menu-item-4491\"><a href=\"https:\/\/www.folklore.ee\/udmurt\/kamaudm\/fr\/asavka_cours\/\" class=\"wpr-menu-item wpr-pointer-item menu-link\">Cours<\/a><\/li>\n<li class=\"menu-item menu-item-type-post_type menu-item-object-page menu-item-4507\"><a href=\"https:\/\/www.folklore.ee\/udmurt\/kamaudm\/fr\/maisons-2\/\" class=\"wpr-menu-item wpr-pointer-item menu-link\">Maisons<\/a><\/li>\n<li class=\"menu-item menu-item-type-post_type menu-item-object-page menu-item-4508\"><a href=\"https:\/\/www.folklore.ee\/udmurt\/kamaudm\/fr\/asavka_interieur\/\" class=\"wpr-menu-item wpr-pointer-item menu-link\">Int\u00e9rieur<\/a><\/li>\n<li class=\"menu-item menu-item-type-post_type menu-item-object-page menu-item-4528\"><a href=\"https:\/\/www.folklore.ee\/udmurt\/kamaudm\/fr\/asavka_costume\/\" class=\"wpr-menu-item wpr-pointer-item menu-link\">Costume<\/a><\/li>\n<li class=\"menu-item menu-item-type-post_type menu-item-object-page menu-item-4529\"><a href=\"https:\/\/www.folklore.ee\/udmurt\/kamaudm\/fr\/asavka_vaisselle\/\" class=\"wpr-menu-item wpr-pointer-item menu-link\">Vaisselle<\/a><\/li>\n<li class=\"menu-item menu-item-type-post_type menu-item-object-page menu-item-4553\"><a href=\"https:\/\/www.folklore.ee\/udmurt\/kamaudm\/fr\/asavka_animaux_domestiques\/\" class=\"wpr-menu-item wpr-pointer-item menu-link\">Animaux domestiques<\/a><\/li>\n<li class=\"menu-item menu-item-type-post_type menu-item-object-page menu-item-4551\"><a href=\"https:\/\/www.folklore.ee\/udmurt\/kamaudm\/fr\/asavka_magasins\/\" class=\"wpr-menu-item wpr-pointer-item menu-link\">Magasins<\/a><\/li>\n<li class=\"menu-item menu-item-type-post_type menu-item-object-page menu-item-4605\"><a href=\"https:\/\/www.folklore.ee\/udmurt\/kamaudm\/fr\/asavka_chansons\/\" class=\"wpr-menu-item wpr-pointer-item menu-link\">Chansons<\/a><\/li>\n<li class=\"menu-item menu-item-type-post_type menu-item-object-page menu-item-4552\"><a href=\"https:\/\/www.folklore.ee\/udmurt\/kamaudm\/fr\/asavka_ecole\/\" class=\"wpr-menu-item wpr-pointer-item menu-link\">\u00c9cole<\/a><\/li>\n<li class=\"menu-item menu-item-type-post_type menu-item-object-page menu-item-4564\"><a href=\"https:\/\/www.folklore.ee\/udmurt\/kamaudm\/fr\/asavka_endroit_sacre\/\" class=\"wpr-menu-item wpr-pointer-item menu-link\">Endroit sacr\u00e9<\/a><\/li>\n<li class=\"menu-item menu-item-type-post_type menu-item-object-page menu-item-4565\"><a href=\"https:\/\/www.folklore.ee\/udmurt\/kamaudm\/fr\/asavka_mor-vos-09-06-2016\/\" class=\"wpr-menu-item wpr-pointer-item menu-link\">M\u00f6r v\u00f6s&#8217; 09.06.2016<\/a><\/li>\n<li class=\"menu-item menu-item-type-post_type menu-item-object-page menu-item-4584\"><a href=\"https:\/\/www.folklore.ee\/udmurt\/kamaudm\/fr\/asavka_tol-vos\/\" class=\"wpr-menu-item wpr-pointer-item menu-link\">Tol v\u00f6s&#8217;<\/a><\/li>\n<li class=\"menu-item menu-item-type-post_type menu-item-object-page menu-item-4586\"><a href=\"https:\/\/www.folklore.ee\/udmurt\/kamaudm\/fr\/asavka_sacrificateurs\/\" class=\"wpr-menu-item wpr-pointer-item menu-link\">Sacrificateurs<\/a><\/li>\n<li class=\"menu-item menu-item-type-post_type menu-item-object-page menu-item-4585\"><a href=\"https:\/\/www.folklore.ee\/udmurt\/kamaudm\/fr\/asavka_habitants\/\" class=\"wpr-menu-item wpr-pointer-item menu-link\">Habitants<\/a><\/li>\n<li class=\"menu-item menu-item-type-post_type menu-item-object-page menu-item-4603\"><a href=\"https:\/\/www.folklore.ee\/udmurt\/kamaudm\/fr\/asavka_personnalites\/\" class=\"wpr-menu-item wpr-pointer-item menu-link\">Personnalit\u00e9s<\/a><\/li>\n<li class=\"menu-item menu-item-type-post_type menu-item-object-page menu-item-4602\"><a href=\"https:\/\/www.folklore.ee\/udmurt\/kamaudm\/fr\/asaka_informateurs\/\" class=\"wpr-menu-item wpr-pointer-item menu-link\">Informateurs<\/a><\/li>\n<li class=\"menu-item menu-item-type-post_type menu-item-object-page menu-item-4604\"><a href=\"https:\/\/www.folklore.ee\/udmurt\/kamaudm\/fr\/asavka_groupe_de_recherche\/\" class=\"wpr-menu-item wpr-pointer-item menu-link\">Groupe de recherche<\/a><\/li>\n<\/ul><\/nav><nav class=\"wpr-mobile-nav-menu-container\"><div class=\"wpr-mobile-toggle-wrap\"><div class=\"wpr-mobile-toggle\"><span class=\"wpr-mobile-toggle-line\"><\/span><span class=\"wpr-mobile-toggle-line\"><\/span><span class=\"wpr-mobile-toggle-line\"><\/span><\/div><\/div><ul id=\"mobile-menu-2-6282424a\" class=\"wpr-mobile-nav-menu\"><li class=\"menu-item menu-item-type-post_type menu-item-object-page menu-item-4484\"><a href=\"https:\/\/www.folklore.ee\/udmurt\/kamaudm\/fr\/asavka_des_rues\/\" class=\"wpr-mobile-menu-item menu-link\">Des rues<\/a><\/li>\n<li class=\"menu-item menu-item-type-post_type menu-item-object-page menu-item-4491\"><a href=\"https:\/\/www.folklore.ee\/udmurt\/kamaudm\/fr\/asavka_cours\/\" class=\"wpr-mobile-menu-item menu-link\">Cours<\/a><\/li>\n<li class=\"menu-item menu-item-type-post_type menu-item-object-page menu-item-4507\"><a href=\"https:\/\/www.folklore.ee\/udmurt\/kamaudm\/fr\/maisons-2\/\" class=\"wpr-mobile-menu-item menu-link\">Maisons<\/a><\/li>\n<li class=\"menu-item menu-item-type-post_type menu-item-object-page menu-item-4508\"><a href=\"https:\/\/www.folklore.ee\/udmurt\/kamaudm\/fr\/asavka_interieur\/\" class=\"wpr-mobile-menu-item menu-link\">Int\u00e9rieur<\/a><\/li>\n<li class=\"menu-item menu-item-type-post_type menu-item-object-page menu-item-4528\"><a href=\"https:\/\/www.folklore.ee\/udmurt\/kamaudm\/fr\/asavka_costume\/\" class=\"wpr-mobile-menu-item menu-link\">Costume<\/a><\/li>\n<li class=\"menu-item menu-item-type-post_type menu-item-object-page menu-item-4529\"><a href=\"https:\/\/www.folklore.ee\/udmurt\/kamaudm\/fr\/asavka_vaisselle\/\" class=\"wpr-mobile-menu-item menu-link\">Vaisselle<\/a><\/li>\n<li class=\"menu-item menu-item-type-post_type menu-item-object-page menu-item-4553\"><a href=\"https:\/\/www.folklore.ee\/udmurt\/kamaudm\/fr\/asavka_animaux_domestiques\/\" class=\"wpr-mobile-menu-item menu-link\">Animaux domestiques<\/a><\/li>\n<li class=\"menu-item menu-item-type-post_type menu-item-object-page menu-item-4551\"><a href=\"https:\/\/www.folklore.ee\/udmurt\/kamaudm\/fr\/asavka_magasins\/\" class=\"wpr-mobile-menu-item menu-link\">Magasins<\/a><\/li>\n<li class=\"menu-item menu-item-type-post_type menu-item-object-page menu-item-4605\"><a href=\"https:\/\/www.folklore.ee\/udmurt\/kamaudm\/fr\/asavka_chansons\/\" class=\"wpr-mobile-menu-item menu-link\">Chansons<\/a><\/li>\n<li class=\"menu-item menu-item-type-post_type menu-item-object-page menu-item-4552\"><a href=\"https:\/\/www.folklore.ee\/udmurt\/kamaudm\/fr\/asavka_ecole\/\" class=\"wpr-mobile-menu-item menu-link\">\u00c9cole<\/a><\/li>\n<li class=\"menu-item menu-item-type-post_type menu-item-object-page menu-item-4564\"><a href=\"https:\/\/www.folklore.ee\/udmurt\/kamaudm\/fr\/asavka_endroit_sacre\/\" class=\"wpr-mobile-menu-item menu-link\">Endroit sacr\u00e9<\/a><\/li>\n<li class=\"menu-item menu-item-type-post_type menu-item-object-page menu-item-4565\"><a href=\"https:\/\/www.folklore.ee\/udmurt\/kamaudm\/fr\/asavka_mor-vos-09-06-2016\/\" class=\"wpr-mobile-menu-item menu-link\">M\u00f6r v\u00f6s&#8217; 09.06.2016<\/a><\/li>\n<li class=\"menu-item menu-item-type-post_type menu-item-object-page menu-item-4584\"><a href=\"https:\/\/www.folklore.ee\/udmurt\/kamaudm\/fr\/asavka_tol-vos\/\" class=\"wpr-mobile-menu-item menu-link\">Tol v\u00f6s&#8217;<\/a><\/li>\n<li class=\"menu-item menu-item-type-post_type menu-item-object-page menu-item-4586\"><a href=\"https:\/\/www.folklore.ee\/udmurt\/kamaudm\/fr\/asavka_sacrificateurs\/\" class=\"wpr-mobile-menu-item menu-link\">Sacrificateurs<\/a><\/li>\n<li class=\"menu-item menu-item-type-post_type menu-item-object-page menu-item-4585\"><a href=\"https:\/\/www.folklore.ee\/udmurt\/kamaudm\/fr\/asavka_habitants\/\" class=\"wpr-mobile-menu-item menu-link\">Habitants<\/a><\/li>\n<li class=\"menu-item menu-item-type-post_type menu-item-object-page menu-item-4603\"><a href=\"https:\/\/www.folklore.ee\/udmurt\/kamaudm\/fr\/asavka_personnalites\/\" class=\"wpr-mobile-menu-item menu-link\">Personnalit\u00e9s<\/a><\/li>\n<li class=\"menu-item menu-item-type-post_type menu-item-object-page menu-item-4602\"><a href=\"https:\/\/www.folklore.ee\/udmurt\/kamaudm\/fr\/asaka_informateurs\/\" class=\"wpr-mobile-menu-item menu-link\">Informateurs<\/a><\/li>\n<li class=\"menu-item menu-item-type-post_type menu-item-object-page menu-item-4604\"><a href=\"https:\/\/www.folklore.ee\/udmurt\/kamaudm\/fr\/asavka_groupe_de_recherche\/\" class=\"wpr-mobile-menu-item menu-link\">Groupe de recherche<\/a><\/li>\n<\/ul><\/nav>\t\t\t\t<\/div>\n\t\t\t\t<\/div>\n\t\t\t\t\t<\/div>\n\t\t<\/div>\n\t\t\t\t\t<\/div>\n\t\t<\/section>\n\t\t\t\t<\/div>\n\t\t","protected":false},"excerpt":{"rendered":"<p>Chansons Asavka, district de Baltachevsky, Bachkirie https:\/\/youtu.be\/VEknEJD7s3Ehttps:\/\/youtu.be\/Ebg_cxPovWI Des rues Cours Maisons Int\u00e9rieur Costume Vaisselle Animaux domestiques Magasins Chansons \u00c9cole Endroit sacr\u00e9 M\u00f6r v\u00f6s&#8217; 09.06.2016 Tol v\u00f6s&#8217; Sacrificateurs Habitants Personnalit\u00e9s Informateurs Groupe de recherche Des rues Cours Maisons Int\u00e9rieur Costume Vaisselle Animaux domestiques Magasins Chansons \u00c9cole Endroit sacr\u00e9 M\u00f6r v\u00f6s&#8217; 09.06.2016 Tol v\u00f6s&#8217; Sacrificateurs Habitants Personnalit\u00e9s Informateurs Groupe de recherche<\/p>\n","protected":false},"author":1,"featured_media":0,"parent":0,"menu_order":0,"comment_status":"closed","ping_status":"closed","template":"","meta":{"site-sidebar-layout":"no-sidebar","site-content-layout":"boxed-container","ast-global-header-display":"","ast-main-header-display":"","ast-hfb-above-header-display":"","ast-hfb-below-header-display":"","ast-hfb-mobile-header-display":"","site-post-title":"disabled","ast-breadcrumbs-content":"","ast-featured-img":"disabled","footer-sml-layout":"","theme-transparent-header-meta":"","adv-header-id-meta":"","stick-header-meta":"","header-above-stick-meta":"","header-main-stick-meta":"","header-below-stick-meta":"","pgc_sgb_lightbox_settings":"","footnotes":""},"class_list":["post-4546","page","type-page","status-publish","hentry"],"_links":{"self":[{"href":"https:\/\/www.folklore.ee\/udmurt\/kamaudm\/wp-json\/wp\/v2\/pages\/4546","targetHints":{"allow":["GET"]}}],"collection":[{"href":"https:\/\/www.folklore.ee\/udmurt\/kamaudm\/wp-json\/wp\/v2\/pages"}],"about":[{"href":"https:\/\/www.folklore.ee\/udmurt\/kamaudm\/wp-json\/wp\/v2\/types\/page"}],"author":[{"embeddable":true,"href":"https:\/\/www.folklore.ee\/udmurt\/kamaudm\/wp-json\/wp\/v2\/users\/1"}],"replies":[{"embeddable":true,"href":"https:\/\/www.folklore.ee\/udmurt\/kamaudm\/wp-json\/wp\/v2\/comments?post=4546"}],"version-history":[{"count":7,"href":"https:\/\/www.folklore.ee\/udmurt\/kamaudm\/wp-json\/wp\/v2\/pages\/4546\/revisions"}],"predecessor-version":[{"id":10213,"href":"https:\/\/www.folklore.ee\/udmurt\/kamaudm\/wp-json\/wp\/v2\/pages\/4546\/revisions\/10213"}],"wp:attachment":[{"href":"https:\/\/www.folklore.ee\/udmurt\/kamaudm\/wp-json\/wp\/v2\/media?parent=4546"}],"curies":[{"name":"wp","href":"https:\/\/api.w.org\/{rel}","templated":true}]}}