{"id":4523,"date":"2022-06-01T19:06:17","date_gmt":"2022-06-01T19:06:17","guid":{"rendered":"https:\/\/www.folklore.ee\/udmurt\/kamaudm\/?page_id=4523"},"modified":"2023-01-06T14:02:59","modified_gmt":"2023-01-06T14:02:59","slug":"asavka_vaisselle","status":"publish","type":"page","link":"https:\/\/www.folklore.ee\/udmurt\/kamaudm\/fr\/asavka_vaisselle\/","title":{"rendered":"asavka_vaisselle"},"content":{"rendered":"\t\t<div data-elementor-type=\"wp-page\" data-elementor-id=\"4523\" class=\"elementor elementor-4523\">\n\t\t\t\t\t\t<section class=\"elementor-section elementor-top-section elementor-element elementor-element-97a65e6 elementor-section-boxed elementor-section-height-default elementor-section-height-default wpr-particle-no wpr-jarallax-no wpr-parallax-no wpr-sticky-section-no\" data-id=\"97a65e6\" data-element_type=\"section\">\n\t\t\t\t\t\t<div class=\"elementor-container elementor-column-gap-default\">\n\t\t\t\t\t<div class=\"elementor-column elementor-col-100 elementor-top-column elementor-element elementor-element-ddb7bab\" data-id=\"ddb7bab\" data-element_type=\"column\">\n\t\t\t<div class=\"elementor-widget-wrap elementor-element-populated\">\n\t\t\t\t\t\t<div class=\"elementor-element elementor-element-3ea9cac elementor-widget elementor-widget-heading\" data-id=\"3ea9cac\" data-element_type=\"widget\" data-widget_type=\"heading.default\">\n\t\t\t\t<div class=\"elementor-widget-container\">\n\t\t\t\t\t<h2 class=\"elementor-heading-title elementor-size-default\">Vaisselle<\/h2>\t\t\t\t<\/div>\n\t\t\t\t<\/div>\n\t\t\t\t<div class=\"elementor-element elementor-element-1ef06ca elementor-widget elementor-widget-text-editor\" data-id=\"1ef06ca\" data-element_type=\"widget\" data-widget_type=\"text-editor.default\">\n\t\t\t\t<div class=\"elementor-widget-container\">\n\t\t\t\t\t\t\t\t\t<section class=\"elementor-section elementor-top-section elementor-element elementor-element-9a9128e elementor-section-boxed elementor-section-height-default elementor-section-height-default wpr-particle-no wpr-jarallax-no wpr-parallax-no wpr-sticky-section-no\" data-id=\"9a9128e\" data-element_type=\"section\"><div class=\"elementor-container elementor-column-gap-default\"><div class=\"elementor-column elementor-col-100 elementor-top-column elementor-element elementor-element-e88b005\" data-id=\"e88b005\" data-element_type=\"column\"><div class=\"elementor-widget-wrap elementor-element-populated\"><div class=\"elementor-element elementor-element-7a186ea elementor-widget elementor-widget-text-editor\" data-id=\"7a186ea\" data-element_type=\"widget\" data-widget_type=\"text-editor.default\"><div class=\"elementor-widget-container\"><p style=\"text-align: center;\"><a href=\"https:\/\/www.folklore.ee\/udmurt\/kamaudm\/fr\/asavka-2\/\">Asavka, district de Baltachevsky, Bachkirie<\/a><\/p><\/div><\/div><\/div><\/div><\/div><\/section>\t\t\t\t\t\t\t\t<\/div>\n\t\t\t\t<\/div>\n\t\t\t\t\t<\/div>\n\t\t<\/div>\n\t\t\t\t\t<\/div>\n\t\t<\/section>\n\t\t\t\t<section class=\"elementor-section elementor-top-section elementor-element elementor-element-513d51f elementor-section-boxed elementor-section-height-default elementor-section-height-default wpr-particle-no wpr-jarallax-no wpr-parallax-no wpr-sticky-section-no\" data-id=\"513d51f\" data-element_type=\"section\">\n\t\t\t\t\t\t<div class=\"elementor-container elementor-column-gap-default\">\n\t\t\t\t\t<div class=\"elementor-column elementor-col-100 elementor-top-column elementor-element elementor-element-0621785\" data-id=\"0621785\" data-element_type=\"column\">\n\t\t\t<div class=\"elementor-widget-wrap elementor-element-populated\">\n\t\t\t\t\t\t<div class=\"elementor-element elementor-element-0fc0ebc elementor-widget elementor-widget-shortcode\" data-id=\"0fc0ebc\" data-element_type=\"widget\" data-widget_type=\"shortcode.default\">\n\t\t\t\t<div class=\"elementor-widget-container\">\n\t\t\t\t\t\t\t<div class=\"elementor-shortcode\"><style type=\"text\/css\" scoped>.rbs_gallery_69df4339215bfSpinner{\r\n\t\t\t\tmargin: 50px auto;\r\n\t\t\t\twidth: 50px;\r\n\t\t\t\theight: 40px;\r\n\t\t\t\ttext-align: center;\r\n\t\t\t\tfont-size: 10px;\r\n\t\t\t}\r\n\t\t\t.rbs_gallery_69df4339215bfSpinner > div{\r\n\t\t\t  background-color: #333;\r\n\t\t\t  height: 100%;\r\n\t\t\t  width: 6px;\r\n\t\t\t  display: inline-block;\r\n\t\t\t  -webkit-animation: rbs_gallery_69df4339215bf-stretchdelay 1.2s infinite ease-in-out;\r\n\t\t\t  animation: rbs_gallery_69df4339215bf-stretchdelay 1.2s infinite ease-in-out;\r\n\t\t\t}\r\n\t\t\t.rbs_gallery_69df4339215bfSpinner .rbs_gallery_69df4339215bfRect2 {\r\n\t\t\t  -webkit-animation-delay: -1.1s;\r\n\t\t\t  animation-delay: -1.1s;\r\n\t\t\t}\r\n\t\t\t.rbs_gallery_69df4339215bfSpinner .rbs_gallery_69df4339215bfRect3 {\r\n\t\t\t  -webkit-animation-delay: -1.0s;\r\n\t\t\t  animation-delay: -1.0s;\r\n\t\t\t}\r\n\t\t\t.rbs_gallery_69df4339215bfSpinner .rbs_gallery_69df4339215bfRect4 {\r\n\t\t\t  -webkit-animation-delay: -0.9s;\r\n\t\t\t  animation-delay: -0.9s;\r\n\t\t\t}\r\n\t\t\t.rbs_gallery_69df4339215bfSpinner .rbs_gallery_69df4339215bfRect5 {\r\n\t\t\t  -webkit-animation-delay: -0.8s;\r\n\t\t\t  animation-delay: -0.8s;\r\n\t\t\t}\r\n\t\t\t@-webkit-keyframes rbs_gallery_69df4339215bf-stretchdelay {\r\n\t\t\t  0%, 40%, 100% { -webkit-transform: scaleY(0.4) }  \r\n\t\t\t  20% { -webkit-transform: scaleY(1.0) }\r\n\t\t\t}\r\n\t\t\t@keyframes rbs_gallery_69df4339215bf-stretchdelay {\r\n\t\t\t  0%, 40%, 100% { \r\n\t\t\t    transform: scaleY(0.4);\r\n\t\t\t    -webkit-transform: scaleY(0.4);\r\n\t\t\t  }  20% { \r\n\t\t\t    transform: scaleY(1.0);\r\n\t\t\t    -webkit-transform: scaleY(1.0);\r\n\t\t\t  }\r\n\t\t\t}\r\n\t\t<\/style><div class=\"robo-gallery-wrap robo-gallery-wrap-id3331 robo-gallery-grid\" ><div id=\"rbs_gallery_69df4339215bf-block-loader\" class=\"rbs_gallery_69df4339215bfSpinner\"><div class=\"rbs_gallery_69df4339215bfRect1\"><\/div> <div class=\"rbs_gallery_69df4339215bfRect2\"><\/div> <div class=\"rbs_gallery_69df4339215bfRect3\"><\/div> <div class=\"rbs_gallery_69df4339215bfRect4\"><\/div> <div class=\"rbs_gallery_69df4339215bfRect5\"><\/div><\/div><div id=\"robo_gallery_main_block_rbs_gallery_69df4339215bf\" class=\"robogallery-gallery-3331\" style=\"width:100%;  display: none;\"><div id=\"rbs_gallery_69df4339215bf\" data-options=\"rbs_gallery_69df4339215bf\" style=\"width:100%;\" class=\"robo_gallery  \"><div class=\"rbs-img  category3331 \" ><div class=\"rbs-img-image   rbs-lightbox \" ><div class=\"rbs-img-thumbs\"  data-thumbnail=\"https:\/\/www.folklore.ee\/udmurt\/kamaudm\/wp-content\/uploads\/2022\/06\/\u0434.-\u0410\u0441\u0430\u0432\u043a\u0430-\u0441\u0442\u043e\u043b.-08.06.2016.-\u0424\u043e\u0442\u043e-\u0415\u0432\u0430-\u0422\u0443\u043b\u0443\u0437-300x225.jpg\"  title=\"\u0434. \u0410\u0441\u0430\u0432\u043a\u0430, \u0441\u0442\u043e\u043b. 08.06.2016. \u0424\u043e\u0442\u043e \u0415\u0432\u0430 \u0422\u0443\u043b\u0443\u0437\"  data-width=\"300\"  data-height=\"225\" ><\/div><div class=\"rbs-img-data-popup\"  data-popup=\"https:\/\/www.folklore.ee\/udmurt\/kamaudm\/wp-content\/uploads\/2022\/06\/\u0434.-\u0410\u0441\u0430\u0432\u043a\u0430-\u0441\u0442\u043e\u043b.-08.06.2016.-\u0424\u043e\u0442\u043e-\u0415\u0432\u0430-\u0422\u0443\u043b\u0443\u0437.jpg\"  title=\"\u0434. \u0410\u0441\u0430\u0432\u043a\u0430, \u0441\u0442\u043e\u043b. 08.06.2016. \u0424\u043e\u0442\u043e \u0415\u0432\u0430 \u0422\u0443\u043b\u0443\u0437\" ><\/div><div class=\"thumbnail-overlay\"><div class=\"rbsIcons\"><i class=\"fa fa-search-plus rbsZoomIcon \" ><\/i><\/div><\/div><\/div><\/div><\/div><\/div><\/div><script>var rbs_gallery_69df4339215bf = {\"version\":\"5.0.2\",\"id\":3331,\"class\":\"id3331\",\"roboGalleryDelay\":1000,\"mainContainer\":\"#robo_gallery_main_block_rbs_gallery_69df4339215bf\",\"loadingContainer\":\"#rbs_gallery_69df4339215bf-block-loader\",\"loadingContainerObj\":\"rbs_gallery_69df4339215bf-block-loader\",\"columnWidth\":\"auto\",\"columns\":3,\"resolutions\":[{\"columnWidth\":\"auto\",\"columns\":3,\"maxWidth\":960},{\"columnWidth\":\"auto\",\"columns\":2,\"maxWidth\":650},{\"columnWidth\":\"auto\",\"columns\":1,\"maxWidth\":450}],\"lightboxOptions\":{\"gallery\":{\"enabled\":true,\"tCounter\":\"%curr% of %total%\"}},\"overlayEffect\":\"direction-aware-fade\",\"boxesToLoadStart\":12,\"boxesToLoad\":8,\"waitUntilThumbLoads\":1,\"LoadingWord\":\"Loading...\",\"loadMoreWord\":\"Load More\",\"noMoreEntriesWord\":\"No More Entries\",\"horizontalSpaceBetweenBoxes\":15,\"verticalSpaceBetweenBoxes\":15,\"lazyLoad\":1,\"wrapContainer\":\"#robo-gallery-wrap-rbs_gallery_69df4339215bf\"};<\/script>\n<\/div>\n\t\t\t\t\t\t<\/div>\n\t\t\t\t<\/div>\n\t\t\t\t\t<\/div>\n\t\t<\/div>\n\t\t\t\t\t<\/div>\n\t\t<\/section>\n\t\t\t\t<section class=\"elementor-section elementor-top-section elementor-element elementor-element-61c428f6 elementor-section-boxed elementor-section-height-default elementor-section-height-default wpr-particle-no wpr-jarallax-no wpr-parallax-no wpr-sticky-section-no\" data-id=\"61c428f6\" data-element_type=\"section\" data-settings=\"{&quot;background_background&quot;:&quot;classic&quot;}\">\n\t\t\t\t\t\t<div class=\"elementor-container elementor-column-gap-default\">\n\t\t\t\t\t<div class=\"elementor-column elementor-col-100 elementor-top-column elementor-element elementor-element-33bc9820\" data-id=\"33bc9820\" data-element_type=\"column\">\n\t\t\t<div class=\"elementor-widget-wrap elementor-element-populated\">\n\t\t\t\t\t\t<div class=\"elementor-element elementor-element-6ae28aa6 wpr-main-menu-align-center wpr-pointer-none wpr-mobile-toggle-v3 wpr-main-menu-align--tabletleft wpr-main-menu-align--mobileleft wpr-sub-icon-caret-down wpr-sub-menu-fx-fade wpr-nav-menu-bp-mobile wpr-mobile-menu-full-width wpr-mobile-menu-item-align-center wpr-sub-divider-yes wpr-mobile-divider-yes elementor-widget elementor-widget-wpr-nav-menu\" data-id=\"6ae28aa6\" data-element_type=\"widget\" data-settings=\"{&quot;menu_layout&quot;:&quot;horizontal&quot;}\" data-widget_type=\"wpr-nav-menu.default\">\n\t\t\t\t<div class=\"elementor-widget-container\">\n\t\t\t\t\t<nav class=\"wpr-nav-menu-container wpr-nav-menu-horizontal\" data-trigger=\"hover\"><ul id=\"menu-1-6ae28aa6\" class=\"wpr-nav-menu\"><li class=\"menu-item menu-item-type-post_type menu-item-object-page menu-item-4484\"><a href=\"https:\/\/www.folklore.ee\/udmurt\/kamaudm\/fr\/asavka_des_rues\/\" class=\"wpr-menu-item wpr-pointer-item menu-link\">Des rues<\/a><\/li>\n<li class=\"menu-item menu-item-type-post_type menu-item-object-page menu-item-4491\"><a href=\"https:\/\/www.folklore.ee\/udmurt\/kamaudm\/fr\/asavka_cours\/\" class=\"wpr-menu-item wpr-pointer-item menu-link\">Cours<\/a><\/li>\n<li class=\"menu-item menu-item-type-post_type menu-item-object-page menu-item-4507\"><a href=\"https:\/\/www.folklore.ee\/udmurt\/kamaudm\/fr\/maisons-2\/\" class=\"wpr-menu-item wpr-pointer-item menu-link\">Maisons<\/a><\/li>\n<li class=\"menu-item menu-item-type-post_type menu-item-object-page menu-item-4508\"><a href=\"https:\/\/www.folklore.ee\/udmurt\/kamaudm\/fr\/asavka_interieur\/\" class=\"wpr-menu-item wpr-pointer-item menu-link\">Int\u00e9rieur<\/a><\/li>\n<li class=\"menu-item menu-item-type-post_type menu-item-object-page menu-item-4528\"><a href=\"https:\/\/www.folklore.ee\/udmurt\/kamaudm\/fr\/asavka_costume\/\" class=\"wpr-menu-item wpr-pointer-item menu-link\">Costume<\/a><\/li>\n<li class=\"menu-item menu-item-type-post_type menu-item-object-page menu-item-4529\"><a href=\"https:\/\/www.folklore.ee\/udmurt\/kamaudm\/fr\/asavka_vaisselle\/\" class=\"wpr-menu-item wpr-pointer-item menu-link\">Vaisselle<\/a><\/li>\n<li class=\"menu-item menu-item-type-post_type menu-item-object-page menu-item-4553\"><a href=\"https:\/\/www.folklore.ee\/udmurt\/kamaudm\/fr\/asavka_animaux_domestiques\/\" class=\"wpr-menu-item wpr-pointer-item menu-link\">Animaux domestiques<\/a><\/li>\n<li class=\"menu-item menu-item-type-post_type menu-item-object-page menu-item-4551\"><a href=\"https:\/\/www.folklore.ee\/udmurt\/kamaudm\/fr\/asavka_magasins\/\" class=\"wpr-menu-item wpr-pointer-item menu-link\">Magasins<\/a><\/li>\n<li class=\"menu-item menu-item-type-post_type menu-item-object-page menu-item-4605\"><a href=\"https:\/\/www.folklore.ee\/udmurt\/kamaudm\/fr\/asavka_chansons\/\" class=\"wpr-menu-item wpr-pointer-item menu-link\">Chansons<\/a><\/li>\n<li class=\"menu-item menu-item-type-post_type menu-item-object-page menu-item-4552\"><a href=\"https:\/\/www.folklore.ee\/udmurt\/kamaudm\/fr\/asavka_ecole\/\" class=\"wpr-menu-item wpr-pointer-item menu-link\">\u00c9cole<\/a><\/li>\n<li class=\"menu-item menu-item-type-post_type menu-item-object-page menu-item-4564\"><a href=\"https:\/\/www.folklore.ee\/udmurt\/kamaudm\/fr\/asavka_endroit_sacre\/\" class=\"wpr-menu-item wpr-pointer-item menu-link\">Endroit sacr\u00e9<\/a><\/li>\n<li class=\"menu-item menu-item-type-post_type menu-item-object-page menu-item-4565\"><a href=\"https:\/\/www.folklore.ee\/udmurt\/kamaudm\/fr\/asavka_mor-vos-09-06-2016\/\" class=\"wpr-menu-item wpr-pointer-item menu-link\">M\u00f6r v\u00f6s&#8217; 09.06.2016<\/a><\/li>\n<li class=\"menu-item menu-item-type-post_type menu-item-object-page menu-item-4584\"><a href=\"https:\/\/www.folklore.ee\/udmurt\/kamaudm\/fr\/asavka_tol-vos\/\" class=\"wpr-menu-item wpr-pointer-item menu-link\">Tol v\u00f6s&#8217;<\/a><\/li>\n<li class=\"menu-item menu-item-type-post_type menu-item-object-page menu-item-4586\"><a href=\"https:\/\/www.folklore.ee\/udmurt\/kamaudm\/fr\/asavka_sacrificateurs\/\" class=\"wpr-menu-item wpr-pointer-item menu-link\">Sacrificateurs<\/a><\/li>\n<li class=\"menu-item menu-item-type-post_type menu-item-object-page menu-item-4585\"><a href=\"https:\/\/www.folklore.ee\/udmurt\/kamaudm\/fr\/asavka_habitants\/\" class=\"wpr-menu-item wpr-pointer-item menu-link\">Habitants<\/a><\/li>\n<li class=\"menu-item menu-item-type-post_type menu-item-object-page menu-item-4603\"><a href=\"https:\/\/www.folklore.ee\/udmurt\/kamaudm\/fr\/asavka_personnalites\/\" class=\"wpr-menu-item wpr-pointer-item menu-link\">Personnalit\u00e9s<\/a><\/li>\n<li class=\"menu-item menu-item-type-post_type menu-item-object-page menu-item-4602\"><a href=\"https:\/\/www.folklore.ee\/udmurt\/kamaudm\/fr\/asaka_informateurs\/\" class=\"wpr-menu-item wpr-pointer-item menu-link\">Informateurs<\/a><\/li>\n<li class=\"menu-item menu-item-type-post_type menu-item-object-page menu-item-4604\"><a href=\"https:\/\/www.folklore.ee\/udmurt\/kamaudm\/fr\/asavka_groupe_de_recherche\/\" class=\"wpr-menu-item wpr-pointer-item menu-link\">Groupe de recherche<\/a><\/li>\n<\/ul><\/nav><nav class=\"wpr-mobile-nav-menu-container\"><div class=\"wpr-mobile-toggle-wrap\"><div class=\"wpr-mobile-toggle\"><span class=\"wpr-mobile-toggle-line\"><\/span><span class=\"wpr-mobile-toggle-line\"><\/span><span class=\"wpr-mobile-toggle-line\"><\/span><\/div><\/div><ul id=\"mobile-menu-2-6ae28aa6\" class=\"wpr-mobile-nav-menu\"><li class=\"menu-item menu-item-type-post_type menu-item-object-page menu-item-4484\"><a href=\"https:\/\/www.folklore.ee\/udmurt\/kamaudm\/fr\/asavka_des_rues\/\" class=\"wpr-mobile-menu-item menu-link\">Des rues<\/a><\/li>\n<li class=\"menu-item menu-item-type-post_type menu-item-object-page menu-item-4491\"><a href=\"https:\/\/www.folklore.ee\/udmurt\/kamaudm\/fr\/asavka_cours\/\" class=\"wpr-mobile-menu-item menu-link\">Cours<\/a><\/li>\n<li class=\"menu-item menu-item-type-post_type menu-item-object-page menu-item-4507\"><a href=\"https:\/\/www.folklore.ee\/udmurt\/kamaudm\/fr\/maisons-2\/\" class=\"wpr-mobile-menu-item menu-link\">Maisons<\/a><\/li>\n<li class=\"menu-item menu-item-type-post_type menu-item-object-page menu-item-4508\"><a href=\"https:\/\/www.folklore.ee\/udmurt\/kamaudm\/fr\/asavka_interieur\/\" class=\"wpr-mobile-menu-item menu-link\">Int\u00e9rieur<\/a><\/li>\n<li class=\"menu-item menu-item-type-post_type menu-item-object-page menu-item-4528\"><a href=\"https:\/\/www.folklore.ee\/udmurt\/kamaudm\/fr\/asavka_costume\/\" class=\"wpr-mobile-menu-item menu-link\">Costume<\/a><\/li>\n<li class=\"menu-item menu-item-type-post_type menu-item-object-page menu-item-4529\"><a href=\"https:\/\/www.folklore.ee\/udmurt\/kamaudm\/fr\/asavka_vaisselle\/\" class=\"wpr-mobile-menu-item menu-link\">Vaisselle<\/a><\/li>\n<li class=\"menu-item menu-item-type-post_type menu-item-object-page menu-item-4553\"><a href=\"https:\/\/www.folklore.ee\/udmurt\/kamaudm\/fr\/asavka_animaux_domestiques\/\" class=\"wpr-mobile-menu-item menu-link\">Animaux domestiques<\/a><\/li>\n<li class=\"menu-item menu-item-type-post_type menu-item-object-page menu-item-4551\"><a href=\"https:\/\/www.folklore.ee\/udmurt\/kamaudm\/fr\/asavka_magasins\/\" class=\"wpr-mobile-menu-item menu-link\">Magasins<\/a><\/li>\n<li class=\"menu-item menu-item-type-post_type menu-item-object-page menu-item-4605\"><a href=\"https:\/\/www.folklore.ee\/udmurt\/kamaudm\/fr\/asavka_chansons\/\" class=\"wpr-mobile-menu-item menu-link\">Chansons<\/a><\/li>\n<li class=\"menu-item menu-item-type-post_type menu-item-object-page menu-item-4552\"><a href=\"https:\/\/www.folklore.ee\/udmurt\/kamaudm\/fr\/asavka_ecole\/\" class=\"wpr-mobile-menu-item menu-link\">\u00c9cole<\/a><\/li>\n<li class=\"menu-item menu-item-type-post_type menu-item-object-page menu-item-4564\"><a href=\"https:\/\/www.folklore.ee\/udmurt\/kamaudm\/fr\/asavka_endroit_sacre\/\" class=\"wpr-mobile-menu-item menu-link\">Endroit sacr\u00e9<\/a><\/li>\n<li class=\"menu-item menu-item-type-post_type menu-item-object-page menu-item-4565\"><a href=\"https:\/\/www.folklore.ee\/udmurt\/kamaudm\/fr\/asavka_mor-vos-09-06-2016\/\" class=\"wpr-mobile-menu-item menu-link\">M\u00f6r v\u00f6s&#8217; 09.06.2016<\/a><\/li>\n<li class=\"menu-item menu-item-type-post_type menu-item-object-page menu-item-4584\"><a href=\"https:\/\/www.folklore.ee\/udmurt\/kamaudm\/fr\/asavka_tol-vos\/\" class=\"wpr-mobile-menu-item menu-link\">Tol v\u00f6s&#8217;<\/a><\/li>\n<li class=\"menu-item menu-item-type-post_type menu-item-object-page menu-item-4586\"><a href=\"https:\/\/www.folklore.ee\/udmurt\/kamaudm\/fr\/asavka_sacrificateurs\/\" class=\"wpr-mobile-menu-item menu-link\">Sacrificateurs<\/a><\/li>\n<li class=\"menu-item menu-item-type-post_type menu-item-object-page menu-item-4585\"><a href=\"https:\/\/www.folklore.ee\/udmurt\/kamaudm\/fr\/asavka_habitants\/\" class=\"wpr-mobile-menu-item menu-link\">Habitants<\/a><\/li>\n<li class=\"menu-item menu-item-type-post_type menu-item-object-page menu-item-4603\"><a href=\"https:\/\/www.folklore.ee\/udmurt\/kamaudm\/fr\/asavka_personnalites\/\" class=\"wpr-mobile-menu-item menu-link\">Personnalit\u00e9s<\/a><\/li>\n<li class=\"menu-item menu-item-type-post_type menu-item-object-page menu-item-4602\"><a href=\"https:\/\/www.folklore.ee\/udmurt\/kamaudm\/fr\/asaka_informateurs\/\" class=\"wpr-mobile-menu-item menu-link\">Informateurs<\/a><\/li>\n<li class=\"menu-item menu-item-type-post_type menu-item-object-page menu-item-4604\"><a href=\"https:\/\/www.folklore.ee\/udmurt\/kamaudm\/fr\/asavka_groupe_de_recherche\/\" class=\"wpr-mobile-menu-item menu-link\">Groupe de recherche<\/a><\/li>\n<\/ul><\/nav>\t\t\t\t<\/div>\n\t\t\t\t<\/div>\n\t\t\t\t\t<\/div>\n\t\t<\/div>\n\t\t\t\t\t<\/div>\n\t\t<\/section>\n\t\t\t\t<\/div>\n\t\t","protected":false},"excerpt":{"rendered":"<p>Vaisselle Asavka, district de Baltachevsky, Bachkirie Des rues Cours Maisons Int\u00e9rieur Costume Vaisselle Animaux domestiques Magasins Chansons \u00c9cole Endroit sacr\u00e9 M\u00f6r v\u00f6s&#8217; 09.06.2016 Tol v\u00f6s&#8217; Sacrificateurs Habitants Personnalit\u00e9s Informateurs Groupe de recherche Des rues Cours Maisons Int\u00e9rieur Costume Vaisselle Animaux domestiques Magasins Chansons \u00c9cole Endroit sacr\u00e9 M\u00f6r v\u00f6s&#8217; 09.06.2016 Tol v\u00f6s&#8217; Sacrificateurs Habitants Personnalit\u00e9s Informateurs Groupe de recherche<\/p>\n","protected":false},"author":1,"featured_media":0,"parent":0,"menu_order":0,"comment_status":"closed","ping_status":"closed","template":"","meta":{"site-sidebar-layout":"no-sidebar","site-content-layout":"boxed-container","ast-global-header-display":"","ast-main-header-display":"","ast-hfb-above-header-display":"","ast-hfb-below-header-display":"","ast-hfb-mobile-header-display":"","site-post-title":"disabled","ast-breadcrumbs-content":"","ast-featured-img":"disabled","footer-sml-layout":"","theme-transparent-header-meta":"","adv-header-id-meta":"","stick-header-meta":"","header-above-stick-meta":"","header-main-stick-meta":"","header-below-stick-meta":"","pgc_sgb_lightbox_settings":"","footnotes":""},"class_list":["post-4523","page","type-page","status-publish","hentry"],"_links":{"self":[{"href":"https:\/\/www.folklore.ee\/udmurt\/kamaudm\/wp-json\/wp\/v2\/pages\/4523","targetHints":{"allow":["GET"]}}],"collection":[{"href":"https:\/\/www.folklore.ee\/udmurt\/kamaudm\/wp-json\/wp\/v2\/pages"}],"about":[{"href":"https:\/\/www.folklore.ee\/udmurt\/kamaudm\/wp-json\/wp\/v2\/types\/page"}],"author":[{"embeddable":true,"href":"https:\/\/www.folklore.ee\/udmurt\/kamaudm\/wp-json\/wp\/v2\/users\/1"}],"replies":[{"embeddable":true,"href":"https:\/\/www.folklore.ee\/udmurt\/kamaudm\/wp-json\/wp\/v2\/comments?post=4523"}],"version-history":[{"count":7,"href":"https:\/\/www.folklore.ee\/udmurt\/kamaudm\/wp-json\/wp\/v2\/pages\/4523\/revisions"}],"predecessor-version":[{"id":10252,"href":"https:\/\/www.folklore.ee\/udmurt\/kamaudm\/wp-json\/wp\/v2\/pages\/4523\/revisions\/10252"}],"wp:attachment":[{"href":"https:\/\/www.folklore.ee\/udmurt\/kamaudm\/wp-json\/wp\/v2\/media?parent=4523"}],"curies":[{"name":"wp","href":"https:\/\/api.w.org\/{rel}","templated":true}]}}