{"id":4457,"date":"2022-05-20T08:43:36","date_gmt":"2022-05-20T08:43:36","guid":{"rendered":"https:\/\/www.folklore.ee\/udmurt\/kamaudm\/?page_id=4457"},"modified":"2023-01-06T13:56:38","modified_gmt":"2023-01-06T13:56:38","slug":"asavka-2","status":"publish","type":"page","link":"https:\/\/www.folklore.ee\/udmurt\/kamaudm\/fr\/asavka-2\/","title":{"rendered":"Asavka"},"content":{"rendered":"\t\t<div data-elementor-type=\"wp-page\" data-elementor-id=\"4457\" class=\"elementor elementor-4457\">\n\t\t\t\t\t\t<section class=\"elementor-section elementor-top-section elementor-element elementor-element-e09d5c3 elementor-section-boxed elementor-section-height-default elementor-section-height-default wpr-particle-no wpr-jarallax-no wpr-parallax-no wpr-sticky-section-no\" data-id=\"e09d5c3\" data-element_type=\"section\">\n\t\t\t\t\t\t<div class=\"elementor-container elementor-column-gap-default\">\n\t\t\t\t\t<div class=\"elementor-column elementor-col-100 elementor-top-column elementor-element elementor-element-6b38de7\" data-id=\"6b38de7\" data-element_type=\"column\">\n\t\t\t<div class=\"elementor-widget-wrap elementor-element-populated\">\n\t\t\t\t\t\t<div class=\"elementor-element elementor-element-77dbbf5 elementor-widget elementor-widget-heading\" data-id=\"77dbbf5\" data-element_type=\"widget\" data-widget_type=\"heading.default\">\n\t\t\t\t<div class=\"elementor-widget-container\">\n\t\t\t\t\t<h2 class=\"elementor-heading-title elementor-size-default\">Asavka<\/h2>\t\t\t\t<\/div>\n\t\t\t\t<\/div>\n\t\t\t\t\t<\/div>\n\t\t<\/div>\n\t\t\t\t\t<\/div>\n\t\t<\/section>\n\t\t\t\t<section class=\"elementor-section elementor-top-section elementor-element elementor-element-c7bcb95 elementor-section-boxed elementor-section-height-default elementor-section-height-default wpr-particle-no wpr-jarallax-no wpr-parallax-no wpr-sticky-section-no\" data-id=\"c7bcb95\" data-element_type=\"section\">\n\t\t\t\t\t\t<div class=\"elementor-container elementor-column-gap-default\">\n\t\t\t\t\t<div class=\"elementor-column elementor-col-33 elementor-top-column elementor-element elementor-element-a8ec81b\" data-id=\"a8ec81b\" data-element_type=\"column\">\n\t\t\t<div class=\"elementor-widget-wrap elementor-element-populated\">\n\t\t\t\t\t\t<div class=\"elementor-element elementor-element-859e3b1 eael_simple_menu_hamburger_disable_selected_menu_no eael-simple-menu-hamburger-align-right eael-hamburger--tablet elementor-widget elementor-widget-eael-simple-menu\" data-id=\"859e3b1\" data-element_type=\"widget\" data-widget_type=\"eael-simple-menu.default\">\n\t\t\t\t<div class=\"elementor-widget-container\">\n\t\t\t\t\t<style>\n                        @media screen and (max-width: 1024px) {\n                            .eael-hamburger--tablet {\n                                .eael-simple-menu-horizontal,\n                                .eael-simple-menu-vertical {\n                                    display: none;\n                                }\n                            }\n                            .eael-hamburger--tablet {\n                                .eael-simple-menu-container .eael-simple-menu-toggle {\n                                    display: block;\n                                }\n                            }\n                        }\n                    <\/style>            <div data-hamburger-icon=\"&lt;i aria-hidden=&quot;true&quot; class=&quot;fas fa-bars&quot;&gt;&lt;\/i&gt;\" data-indicator-icon=\"&lt;i aria-hidden=&quot;true&quot; class=&quot;fas fa-angle-down&quot;&gt;&lt;\/i&gt;\" data-dropdown-indicator-icon=\"&lt;i class=&quot;fas fa-angle-down&quot;&gt;&lt;\/i&gt;\" class=\"eael-simple-menu-container eael-simple-menu-align-left eael-simple-menu-dropdown-align-left preset-1\" data-hamburger-breakpoints=\"{&quot;mobile&quot;:&quot;\\u041c\\u043e\\u0431\\u0438\\u043b\\u044c\\u043d\\u044b\\u0439 - \\u043a\\u043d\\u0438\\u0436\\u043d\\u0430\\u044f \\u043e\\u0440\\u0438\\u0435\\u043d\\u0442\\u0430\\u0446\\u0438\\u044f (&gt; 767px)&quot;,&quot;tablet&quot;:&quot;\\u041f\\u043b\\u0430\\u043d\\u0448\\u0435\\u0442 - \\u043a\\u043d\\u0438\\u0436\\u043d\\u0430\\u044f \\u043e\\u0440\\u0438\\u0435\\u043d\\u0442\\u0430\\u0446\\u0438\\u044f (&gt; 1024px)&quot;,&quot;desktop&quot;:&quot;\\u041a\\u043e\\u043c\\u043f\\u044c\\u044e\\u0442\\u0435\\u0440 (&gt; 2400 px)&quot;,&quot;none&quot;:&quot;\\u041e\\u0442\\u0441\\u0443\\u0442\\u0441\\u0442\\u0432\\u0443\\u0435\\u0442&quot;}\" data-hamburger-device=\"tablet\">\n                <ul id=\"menu-asavka_fr\" class=\"eael-simple-menu eael-simple-menu-dropdown-animate-to-top eael-simple-menu-indicator eael-simple-menu-vertical\"><li id=\"menu-item-4484\" class=\"menu-item menu-item-type-post_type menu-item-object-page menu-item-4484\"><a href=\"https:\/\/www.folklore.ee\/udmurt\/kamaudm\/fr\/asavka_des_rues\/\" class=\"menu-link\">Des rues<\/a><\/li>\n<li id=\"menu-item-4491\" class=\"menu-item menu-item-type-post_type menu-item-object-page menu-item-4491\"><a href=\"https:\/\/www.folklore.ee\/udmurt\/kamaudm\/fr\/asavka_cours\/\" class=\"menu-link\">Cours<\/a><\/li>\n<li id=\"menu-item-4507\" class=\"menu-item menu-item-type-post_type menu-item-object-page menu-item-4507\"><a href=\"https:\/\/www.folklore.ee\/udmurt\/kamaudm\/fr\/maisons-2\/\" class=\"menu-link\">Maisons<\/a><\/li>\n<li id=\"menu-item-4508\" class=\"menu-item menu-item-type-post_type menu-item-object-page menu-item-4508\"><a href=\"https:\/\/www.folklore.ee\/udmurt\/kamaudm\/fr\/asavka_interieur\/\" class=\"menu-link\">Int\u00e9rieur<\/a><\/li>\n<li id=\"menu-item-4528\" class=\"menu-item menu-item-type-post_type menu-item-object-page menu-item-4528\"><a href=\"https:\/\/www.folklore.ee\/udmurt\/kamaudm\/fr\/asavka_costume\/\" class=\"menu-link\">Costume<\/a><\/li>\n<li id=\"menu-item-4529\" class=\"menu-item menu-item-type-post_type menu-item-object-page menu-item-4529\"><a href=\"https:\/\/www.folklore.ee\/udmurt\/kamaudm\/fr\/asavka_vaisselle\/\" class=\"menu-link\">Vaisselle<\/a><\/li>\n<li id=\"menu-item-4553\" class=\"menu-item menu-item-type-post_type menu-item-object-page menu-item-4553\"><a href=\"https:\/\/www.folklore.ee\/udmurt\/kamaudm\/fr\/asavka_animaux_domestiques\/\" class=\"menu-link\">Animaux domestiques<\/a><\/li>\n<li id=\"menu-item-4551\" class=\"menu-item menu-item-type-post_type menu-item-object-page menu-item-4551\"><a href=\"https:\/\/www.folklore.ee\/udmurt\/kamaudm\/fr\/asavka_magasins\/\" class=\"menu-link\">Magasins<\/a><\/li>\n<li id=\"menu-item-4605\" class=\"menu-item menu-item-type-post_type menu-item-object-page menu-item-4605\"><a href=\"https:\/\/www.folklore.ee\/udmurt\/kamaudm\/fr\/asavka_chansons\/\" class=\"menu-link\">Chansons<\/a><\/li>\n<li id=\"menu-item-4552\" class=\"menu-item menu-item-type-post_type menu-item-object-page menu-item-4552\"><a href=\"https:\/\/www.folklore.ee\/udmurt\/kamaudm\/fr\/asavka_ecole\/\" class=\"menu-link\">\u00c9cole<\/a><\/li>\n<li id=\"menu-item-4564\" class=\"menu-item menu-item-type-post_type menu-item-object-page menu-item-4564\"><a href=\"https:\/\/www.folklore.ee\/udmurt\/kamaudm\/fr\/asavka_endroit_sacre\/\" class=\"menu-link\">Endroit sacr\u00e9<\/a><\/li>\n<li id=\"menu-item-4565\" class=\"menu-item menu-item-type-post_type menu-item-object-page menu-item-4565\"><a href=\"https:\/\/www.folklore.ee\/udmurt\/kamaudm\/fr\/asavka_mor-vos-09-06-2016\/\" class=\"menu-link\">M\u00f6r v\u00f6s&#8217; 09.06.2016<\/a><\/li>\n<li id=\"menu-item-4584\" class=\"menu-item menu-item-type-post_type menu-item-object-page menu-item-4584\"><a href=\"https:\/\/www.folklore.ee\/udmurt\/kamaudm\/fr\/asavka_tol-vos\/\" class=\"menu-link\">Tol v\u00f6s&#8217;<\/a><\/li>\n<li id=\"menu-item-4586\" class=\"menu-item menu-item-type-post_type menu-item-object-page menu-item-4586\"><a href=\"https:\/\/www.folklore.ee\/udmurt\/kamaudm\/fr\/asavka_sacrificateurs\/\" class=\"menu-link\">Sacrificateurs<\/a><\/li>\n<li id=\"menu-item-4585\" class=\"menu-item menu-item-type-post_type menu-item-object-page menu-item-4585\"><a href=\"https:\/\/www.folklore.ee\/udmurt\/kamaudm\/fr\/asavka_habitants\/\" class=\"menu-link\">Habitants<\/a><\/li>\n<li id=\"menu-item-4603\" class=\"menu-item menu-item-type-post_type menu-item-object-page menu-item-4603\"><a href=\"https:\/\/www.folklore.ee\/udmurt\/kamaudm\/fr\/asavka_personnalites\/\" class=\"menu-link\">Personnalit\u00e9s<\/a><\/li>\n<li id=\"menu-item-4602\" class=\"menu-item menu-item-type-post_type menu-item-object-page menu-item-4602\"><a href=\"https:\/\/www.folklore.ee\/udmurt\/kamaudm\/fr\/asaka_informateurs\/\" class=\"menu-link\">Informateurs<\/a><\/li>\n<li id=\"menu-item-4604\" class=\"menu-item menu-item-type-post_type menu-item-object-page menu-item-4604\"><a href=\"https:\/\/www.folklore.ee\/udmurt\/kamaudm\/fr\/asavka_groupe_de_recherche\/\" class=\"menu-link\">Groupe de recherche<\/a><\/li>\n<\/ul>                <button class=\"eael-simple-menu-toggle\">\n                    <span class=\"sr-only \">Hamburger Toggle Menu<\/span>\n                    <i aria-hidden=\"true\" class=\"fas fa-bars\"><\/i>                <\/button>\n            <\/div>\n            \t\t\t\t<\/div>\n\t\t\t\t<\/div>\n\t\t\t\t\t<\/div>\n\t\t<\/div>\n\t\t\t\t<div class=\"elementor-column elementor-col-66 elementor-top-column elementor-element elementor-element-ff5b850\" data-id=\"ff5b850\" data-element_type=\"column\">\n\t\t\t<div class=\"elementor-widget-wrap elementor-element-populated\">\n\t\t\t\t\t\t<div class=\"elementor-element elementor-element-1c064b2 eael-fg-hoverer-content-align-left elementor-widget elementor-widget-eael-filterable-gallery\" data-id=\"1c064b2\" data-element_type=\"widget\" data-settings=\"{&quot;pagination&quot;:&quot;false&quot;}\" data-widget_type=\"eael-filterable-gallery.default\">\n\t\t\t\t<div class=\"elementor-widget-container\">\n\t\t\t\t\t<style id=\"eael-fg-inline-css-1c064b2\">@media only screen and (max-width: 2399px) {\n\t\t\t\t\t.elementor-element.elementor-element-1c064b2 .eael-filterable-gallery-item-wrap {\n\t\t\t\t\t        width: 100%;\n\t\t\t\t\t    }\n\t\t\t\t\t}@media only screen and (max-width: 1024px) {\n\t\t\t\t\t.elementor-element.elementor-element-1c064b2  .eael-filterable-gallery-item-wrap {\n\t\t\t\t\t        width: 50%;\n\t\t\t\t\t    }\n\t\t\t\t\t}@media only screen and (max-width: 767px) {\n\t\t\t\t\t.elementor-element.elementor-element-1c064b2  .eael-filterable-gallery-item-wrap {\n\t\t\t\t\t        width: 100%;\n\t\t\t\t\t    }\n\t\t\t\t\t}<\/style>        <div id=\"eael-filter-gallery-wrapper-1c064b2\" class=\"eael-filter-gallery-wrapper\" data-layout-mode=\"hoverer\" data-breakpoints=\"{&quot;mobile&quot;:{&quot;label&quot;:&quot;\\u041c\\u043e\\u0431\\u0438\\u043b\\u044c\\u043d\\u044b\\u0439 - \\u043a\\u043d\\u0438\\u0436\\u043d\\u0430\\u044f \\u043e\\u0440\\u0438\\u0435\\u043d\\u0442\\u0430\\u0446\\u0438\\u044f&quot;,&quot;value&quot;:767,&quot;default_value&quot;:767,&quot;direction&quot;:&quot;max&quot;,&quot;is_enabled&quot;:true},&quot;mobile_extra&quot;:{&quot;label&quot;:&quot;\\u041c\\u043e\\u0431\\u0438\\u043b\\u044c\\u043d\\u044b\\u0439 - \\u0430\\u043b\\u044c\\u0431\\u043e\\u043c\\u043d\\u0430\\u044f \\u043e\\u0440\\u0438\\u0435\\u043d\\u0442\\u0430\\u0446\\u0438\\u044f&quot;,&quot;value&quot;:880,&quot;default_value&quot;:880,&quot;direction&quot;:&quot;max&quot;,&quot;is_enabled&quot;:false},&quot;tablet&quot;:{&quot;label&quot;:&quot;\\u041f\\u043b\\u0430\\u043d\\u0448\\u0435\\u0442 - \\u043a\\u043d\\u0438\\u0436\\u043d\\u0430\\u044f \\u043e\\u0440\\u0438\\u0435\\u043d\\u0442\\u0430\\u0446\\u0438\\u044f&quot;,&quot;value&quot;:1024,&quot;default_value&quot;:1024,&quot;direction&quot;:&quot;max&quot;,&quot;is_enabled&quot;:true},&quot;tablet_extra&quot;:{&quot;label&quot;:&quot;\\u041f\\u043b\\u0430\\u043d\\u0448\\u0435\\u0442 - \\u0430\\u043b\\u044c\\u0431\\u043e\\u043c\\u043d\\u0430\\u044f \\u043e\\u0440\\u0438\\u0435\\u043d\\u0442\\u0430\\u0446\\u0438\\u044f&quot;,&quot;value&quot;:1200,&quot;default_value&quot;:1200,&quot;direction&quot;:&quot;max&quot;,&quot;is_enabled&quot;:false},&quot;laptop&quot;:{&quot;label&quot;:&quot;\\u041d\\u043e\\u0443\\u0442\\u0431\\u0443\\u043a&quot;,&quot;value&quot;:1366,&quot;default_value&quot;:1366,&quot;direction&quot;:&quot;max&quot;,&quot;is_enabled&quot;:false},&quot;widescreen&quot;:{&quot;label&quot;:&quot;\\u0428\\u0438\\u0440\\u043e\\u043a\\u043e\\u0444\\u043e\\u0440\\u043c\\u0430\\u0442\\u043d\\u044b\\u0435&quot;,&quot;value&quot;:2400,&quot;default_value&quot;:2400,&quot;direction&quot;:&quot;min&quot;,&quot;is_enabled&quot;:false}}\" data-default_control_key=\"0\" data-custom_default_control=\"1\">\n            \n            \n            <div class=\"eael-filter-gallery-container eael-filter-gallery-grid\" data-images-per-page=\"\" data-total-gallery-items=\"1\" data-nomore-item-text=\"\" data-is-randomize=\"no\" data-settings=\"{&quot;grid_style&quot;:&quot;grid&quot;,&quot;popup&quot;:&quot;none&quot;,&quot;duration&quot;:500,&quot;gallery_enabled&quot;:&quot;&quot;,&quot;video_gallery_yt_privacy&quot;:&quot;&quot;,&quot;control_all_text&quot;:null,&quot;post_id&quot;:4457,&quot;widget_id&quot;:&quot;1c064b2&quot;}\" data-search-all=\"\" data-gallery-items=\"WyI8ZGl2IGNsYXNzPVwiZWFlbC1maWx0ZXJhYmxlLWdhbGxlcnktaXRlbS13cmFwXCI+XG5cdFx0XHRcdDxkaXYgY2xhc3M9XCJlYWVsLWdhbGxlcnktZ3JpZC1pdGVtXCI+PGRpdiBjbGFzcz1cImdhbGxlcnktaXRlbS10aHVtYm5haWwtd3JhcFwiPjxpbWcgc3JjPVwiaHR0cHM6XC9cL3d3dy5mb2xrbG9yZS5lZVwvdWRtdXJ0XC9rYW1hdWRtXC93cC1jb250ZW50XC91cGxvYWRzXC8yMDIyXC8wNVwvUDEwOTAxMDktc2NhbGVkLmpwZ1wiIGRhdGEtbGF6eS1zcmM9XCJodHRwczpcL1wvd3d3LmZvbGtsb3JlLmVlXC91ZG11cnRcL2thbWF1ZG1cL3dwLWNvbnRlbnRcL3VwbG9hZHNcLzIwMjJcLzA1XC9QMTA5MDEwOS1zY2FsZWQuanBnXCIgYWx0PVwiQXNhdmthXCIgY2xhc3M9XCJnYWxsZXJ5LWl0ZW0tdGh1bWJuYWlsXCI+PFwvZGl2PjxkaXYgY2xhc3M9XCJnYWxsZXJ5LWl0ZW0tY2FwdGlvbi13cmFwIGNhcHRpb24tc3R5bGUtaG92ZXJlciBlYWVsLXNsaWRlLXVwXCI+PGRpdiBjbGFzcz1cImdhbGxlcnktaXRlbS1ob3ZlcmVyLWJnXCI+PFwvZGl2PjxkaXYgY2xhc3M9XCJnYWxsZXJ5LWl0ZW0tY2FwdGlvbi1vdmVyXCI+PGgyIGNsYXNzPVwiZmctaXRlbS10aXRsZVwiPkFzYXZrYTxcL2gyPjxkaXYgY2xhc3M9XCJmZy1pdGVtLWNvbnRlbnRcIj48cD5WdWUgZ1x1MDBlOW5cdTAwZTlyYWxlIGR1IHZpbGxhZ2UuIDA4XC8wOVwvMjAxNi4gUGhvdG8gZCYjODIxNztFdmEgVG91bG91emUuPFwvcD5cbjxcL2Rpdj48XC9kaXY+PFwvZGl2PjxcL2Rpdj48XC9kaXY+Il0=\" data-init-show=\"1\">\n                <div class=\"eael-filterable-gallery-item-wrap\">\n\t\t\t\t<div class=\"eael-gallery-grid-item\"><div class=\"gallery-item-thumbnail-wrap\"><img decoding=\"async\" src=\"https:\/\/www.folklore.ee\/udmurt\/kamaudm\/wp-content\/uploads\/2022\/05\/P1090109-scaled.jpg\" data-lazy-src=\"https:\/\/www.folklore.ee\/udmurt\/kamaudm\/wp-content\/uploads\/2022\/05\/P1090109-scaled.jpg\" alt=\"Asavka\" class=\"gallery-item-thumbnail\"><\/div><div class=\"gallery-item-caption-wrap caption-style-hoverer eael-slide-up\"><div class=\"gallery-item-hoverer-bg\"><\/div><div class=\"gallery-item-caption-over\"><h2 class=\"fg-item-title\">Asavka<\/h2><div class=\"fg-item-content\"><p>Vue g\u00e9n\u00e9rale du village. 08\/09\/2016. Photo d&#8217;Eva Toulouze.<\/p>\n<\/div><\/div><\/div><\/div><\/div>            <\/div>\n            \n                    <\/div>\n        \n        \t\t\t\t<\/div>\n\t\t\t\t<\/div>\n\t\t\t\t\t<\/div>\n\t\t<\/div>\n\t\t\t\t\t<\/div>\n\t\t<\/section>\n\t\t\t\t<\/div>\n\t\t","protected":false},"excerpt":{"rendered":"<p>Asavka Des rues Cours Maisons Int\u00e9rieur Costume Vaisselle Animaux domestiques Magasins Chansons \u00c9cole Endroit sacr\u00e9 M\u00f6r v\u00f6s&#8217; 09.06.2016 Tol v\u00f6s&#8217; Sacrificateurs Habitants Personnalit\u00e9s Informateurs Groupe de recherche Asavka Vue g\u00e9n\u00e9rale du village. 08\/09\/2016. Photo d&#8217;Eva Toulouze.<\/p>\n","protected":false},"author":1,"featured_media":0,"parent":0,"menu_order":0,"comment_status":"closed","ping_status":"closed","template":"elementor_theme","meta":{"site-sidebar-layout":"no-sidebar","site-content-layout":"page-builder","ast-global-header-display":"","ast-main-header-display":"","ast-hfb-above-header-display":"","ast-hfb-below-header-display":"","ast-hfb-mobile-header-display":"","site-post-title":"disabled","ast-breadcrumbs-content":"","ast-featured-img":"disabled","footer-sml-layout":"","theme-transparent-header-meta":"","adv-header-id-meta":"","stick-header-meta":"","header-above-stick-meta":"","header-main-stick-meta":"","header-below-stick-meta":"","pgc_sgb_lightbox_settings":"","footnotes":""},"class_list":["post-4457","page","type-page","status-publish","hentry"],"_links":{"self":[{"href":"https:\/\/www.folklore.ee\/udmurt\/kamaudm\/wp-json\/wp\/v2\/pages\/4457","targetHints":{"allow":["GET"]}}],"collection":[{"href":"https:\/\/www.folklore.ee\/udmurt\/kamaudm\/wp-json\/wp\/v2\/pages"}],"about":[{"href":"https:\/\/www.folklore.ee\/udmurt\/kamaudm\/wp-json\/wp\/v2\/types\/page"}],"author":[{"embeddable":true,"href":"https:\/\/www.folklore.ee\/udmurt\/kamaudm\/wp-json\/wp\/v2\/users\/1"}],"replies":[{"embeddable":true,"href":"https:\/\/www.folklore.ee\/udmurt\/kamaudm\/wp-json\/wp\/v2\/comments?post=4457"}],"version-history":[{"count":17,"href":"https:\/\/www.folklore.ee\/udmurt\/kamaudm\/wp-json\/wp\/v2\/pages\/4457\/revisions"}],"predecessor-version":[{"id":10198,"href":"https:\/\/www.folklore.ee\/udmurt\/kamaudm\/wp-json\/wp\/v2\/pages\/4457\/revisions\/10198"}],"wp:attachment":[{"href":"https:\/\/www.folklore.ee\/udmurt\/kamaudm\/wp-json\/wp\/v2\/media?parent=4457"}],"curies":[{"name":"wp","href":"https:\/\/api.w.org\/{rel}","templated":true}]}}