{"id":11228,"date":"2023-01-30T19:01:11","date_gmt":"2023-01-30T19:01:11","guid":{"rendered":"https:\/\/www.folklore.ee\/udmurt\/kamaudm\/?page_id=11228"},"modified":"2023-01-31T21:11:10","modified_gmt":"2023-01-31T21:11:10","slug":"collection-darticles","status":"publish","type":"page","link":"https:\/\/www.folklore.ee\/udmurt\/kamaudm\/fr\/collection-darticles\/","title":{"rendered":"collection d&#8217;articles"},"content":{"rendered":"\t\t<div data-elementor-type=\"wp-page\" data-elementor-id=\"11228\" class=\"elementor elementor-11228\">\n\t\t\t\t\t\t<section class=\"elementor-section elementor-top-section elementor-element elementor-element-630ab10 elementor-section-boxed elementor-section-height-default elementor-section-height-default wpr-particle-no wpr-jarallax-no wpr-parallax-no wpr-sticky-section-no\" data-id=\"630ab10\" data-element_type=\"section\">\n\t\t\t\t\t\t<div class=\"elementor-container elementor-column-gap-no\">\n\t\t\t\t\t<div class=\"elementor-column elementor-col-100 elementor-top-column elementor-element elementor-element-ae324a6\" data-id=\"ae324a6\" data-element_type=\"column\" data-settings=\"{&quot;background_background&quot;:&quot;classic&quot;}\">\n\t\t\t<div class=\"elementor-widget-wrap elementor-element-populated\">\n\t\t\t\t\t\t<div class=\"elementor-element elementor-element-c039b61 elementor-widget elementor-widget-heading\" data-id=\"c039b61\" data-element_type=\"widget\" data-widget_type=\"heading.default\">\n\t\t\t\t<div class=\"elementor-widget-container\">\n\t\t\t\t\t<h2 class=\"elementor-heading-title elementor-size-default\">\u0421ollection d'articles<\/h2>\t\t\t\t<\/div>\n\t\t\t\t<\/div>\n\t\t\t\t<div class=\"elementor-element elementor-element-66cf1a0 elementor-widget elementor-widget-text-editor\" data-id=\"66cf1a0\" data-element_type=\"widget\" data-widget_type=\"text-editor.default\">\n\t\t\t\t<div class=\"elementor-widget-container\">\n\t\t\t\t\t\t\t\t\t<p>Ceci est la version anglaise du recueil d&#8217;articles publi\u00e9s dans le cadre du projet IUF. Le livre est presque pr\u00eat. Il manque un article important sur lequel\u00a0<span class=\"il\">Eva<\/span>\u00a0Toulouze est en train de travailler,\u00a0 le travail des directeurs de publication pour \u00e9liminer les r\u00e9p\u00e9titions, d\u00e9cider si tous les articles m\u00e9ritent d&#8217;\u00eatre inclus. Il va falloir aussi soumettre le manuscrit \u00e0 la relecture linguistique des traductions. Une fois ce travail fait, qui devrait nous mener \u00e0 juin 2023, nous pourrons soumettre le manuscrit \u00e0 la maison d&#8217;\u00e9dition de l&#8217;Universit\u00e9 de Tallinn.\u00a0<\/p>\t\t\t\t\t\t\t\t<\/div>\n\t\t\t\t<\/div>\n\t\t\t\t<div class=\"elementor-element elementor-element-15dc371 elementor-widget elementor-widget-text-editor\" data-id=\"15dc371\" data-element_type=\"widget\" data-widget_type=\"text-editor.default\">\n\t\t\t\t<div class=\"elementor-widget-container\">\n\t\t\t\t\t\t\t\t\t<h4 style=\"text-align: center;\">The eastern Udmurt and their worldview at the beginning of the 21st century<\/h4><p style=\"text-align: center;\">Volume 1. The Eastern Udmurt society<\/p>\t\t\t\t\t\t\t\t<\/div>\n\t\t\t\t<\/div>\n\t\t\t\t<div class=\"elementor-element elementor-element-37e938e elementor-widget elementor-widget-bae-word-viewer\" data-id=\"37e938e\" data-element_type=\"widget\" data-widget_type=\"bae-word-viewer.default\">\n\t\t\t\t<div class=\"elementor-widget-container\">\n\t\t\t\t\t\t\t<div class=\"word_style\">\n\t\t\t     \t\t<div class=\"download\">\n\t\t\t\t\t\t\t<\/div>\n\t\t<\/div>\n\t\t\t\t<div class=\"word_viewer\">\n\t\t\t<iframe src=\"https:\/\/view.officeapps.live.com\/op\/embed.aspx?src=https:\/\/www.folklore.ee\/udmurt\/kamaudm\/wp-content\/uploads\/2023\/01\/Vol1-29012023.docx\">\n\t\t\t<\/iframe>\n\t\t<\/div>\n\t\t\t\t\t<\/div>\n\t\t\t\t<\/div>\n\t\t\t\t<div class=\"elementor-element elementor-element-8f0c134 elementor-widget elementor-widget-text-editor\" data-id=\"8f0c134\" data-element_type=\"widget\" data-widget_type=\"text-editor.default\">\n\t\t\t\t<div class=\"elementor-widget-container\">\n\t\t\t\t\t\t\t\t\t<h4 style=\"text-align: center;\">The eastern Udmurt and their worldview at the beginning of the 21st century<\/h4><p style=\"text-align: center;\">Vol.II<\/p>\t\t\t\t\t\t\t\t<\/div>\n\t\t\t\t<\/div>\n\t\t\t\t<div class=\"elementor-element elementor-element-fa42894 elementor-widget elementor-widget-bae-pdf-native-embedder\" data-id=\"fa42894\" data-element_type=\"widget\" data-widget_type=\"bae-pdf-native-embedder.default\">\n\t\t\t\t<div class=\"elementor-widget-container\">\n\t\t\t\t\t\t\t<div class =\"native_style\">\n\t\t\t     \t\t<div class=\"download\">\n\t\t\t\t\t\t\t<\/div>\n\t\t<\/div>\n\t\t\t\t<div class=\"my_native\">\n\t\t\t<iframe src=\"https:\/\/www.folklore.ee\/udmurt\/kamaudm\/wp-content\/uploads\/2023\/01\/Vol.-II-29012023.pdf\"><\/iframe>\n\t\t<\/div>\n\t\t\t\t\t<\/div>\n\t\t\t\t<\/div>\n\t\t\t\t\t<\/div>\n\t\t<\/div>\n\t\t\t\t\t<\/div>\n\t\t<\/section>\n\t\t\t\t<section class=\"elementor-section elementor-top-section elementor-element elementor-element-cd7a343 elementor-section-boxed elementor-section-height-default elementor-section-height-default wpr-particle-no wpr-jarallax-no wpr-parallax-no wpr-sticky-section-no\" data-id=\"cd7a343\" data-element_type=\"section\">\n\t\t\t\t\t\t<div class=\"elementor-container elementor-column-gap-custom\">\n\t\t\t\t\t<div class=\"elementor-column elementor-col-100 elementor-top-column elementor-element elementor-element-a9969e1\" data-id=\"a9969e1\" data-element_type=\"column\" data-settings=\"{&quot;background_background&quot;:&quot;classic&quot;}\">\n\t\t\t<div class=\"elementor-widget-wrap elementor-element-populated\">\n\t\t\t\t\t\t<div class=\"elementor-element elementor-element-436cb4f wpr-main-menu-align-center wpr-pointer-none wpr-mobile-toggle-v3 wpr-main-menu-align--tabletleft wpr-main-menu-align--mobileleft wpr-sub-icon-caret-down wpr-sub-menu-fx-fade wpr-nav-menu-bp-mobile wpr-mobile-menu-full-width wpr-mobile-menu-item-align-center wpr-sub-divider-yes wpr-mobile-divider-yes elementor-widget elementor-widget-wpr-nav-menu\" data-id=\"436cb4f\" data-element_type=\"widget\" data-settings=\"{&quot;menu_layout&quot;:&quot;horizontal&quot;}\" data-widget_type=\"wpr-nav-menu.default\">\n\t\t\t\t<div class=\"elementor-widget-container\">\n\t\t\t\t\t<nav class=\"wpr-nav-menu-container wpr-nav-menu-horizontal\" data-trigger=\"hover\"><ul id=\"menu-1-436cb4f\" class=\"wpr-nav-menu\"><li class=\"menu-item menu-item-type-post_type menu-item-object-page menu-item-11275\"><a href=\"https:\/\/www.folklore.ee\/udmurt\/kamaudm\/fr\/films\/\" class=\"wpr-menu-item wpr-pointer-item menu-link\">Films<\/a><\/li>\n<li class=\"menu-item menu-item-type-post_type menu-item-object-page menu-item-11274\"><a href=\"https:\/\/www.folklore.ee\/udmurt\/kamaudm\/fr\/collection-darticles\/\" class=\"wpr-menu-item wpr-pointer-item menu-link\">Collection d\u2019articles<\/a><\/li>\n<li class=\"menu-item menu-item-type-post_type menu-item-object-page menu-item-11350\"><a href=\"https:\/\/www.folklore.ee\/udmurt\/kamaudm\/fr\/recueil-de-prieres\/\" class=\"wpr-menu-item wpr-pointer-item menu-link\">Recueil de pri\u00e8res<\/a><\/li>\n<li class=\"menu-item menu-item-type-post_type menu-item-object-page menu-item-11273\"><a href=\"https:\/\/www.folklore.ee\/udmurt\/kamaudm\/fr\/recueil-de-chants\/\" class=\"wpr-menu-item wpr-pointer-item menu-link\">Recueil de chants<\/a><\/li>\n<li class=\"menu-item menu-item-type-post_type menu-item-object-page menu-item-11272\"><a href=\"https:\/\/www.folklore.ee\/udmurt\/kamaudm\/fr\/resultats-des-terrains\/\" class=\"wpr-menu-item wpr-pointer-item menu-link\">Resultats des terrains<\/a><\/li>\n<\/ul><\/nav><nav class=\"wpr-mobile-nav-menu-container\"><div class=\"wpr-mobile-toggle-wrap\"><div class=\"wpr-mobile-toggle\"><span class=\"wpr-mobile-toggle-line\"><\/span><span class=\"wpr-mobile-toggle-line\"><\/span><span class=\"wpr-mobile-toggle-line\"><\/span><\/div><\/div><ul id=\"mobile-menu-2-436cb4f\" class=\"wpr-mobile-nav-menu\"><li class=\"menu-item menu-item-type-post_type menu-item-object-page menu-item-11275\"><a href=\"https:\/\/www.folklore.ee\/udmurt\/kamaudm\/fr\/films\/\" class=\"wpr-mobile-menu-item menu-link\">Films<\/a><\/li>\n<li class=\"menu-item menu-item-type-post_type menu-item-object-page menu-item-11274\"><a href=\"https:\/\/www.folklore.ee\/udmurt\/kamaudm\/fr\/collection-darticles\/\" class=\"wpr-mobile-menu-item menu-link\">Collection d\u2019articles<\/a><\/li>\n<li class=\"menu-item menu-item-type-post_type menu-item-object-page menu-item-11350\"><a href=\"https:\/\/www.folklore.ee\/udmurt\/kamaudm\/fr\/recueil-de-prieres\/\" class=\"wpr-mobile-menu-item menu-link\">Recueil de pri\u00e8res<\/a><\/li>\n<li class=\"menu-item menu-item-type-post_type menu-item-object-page menu-item-11273\"><a href=\"https:\/\/www.folklore.ee\/udmurt\/kamaudm\/fr\/recueil-de-chants\/\" class=\"wpr-mobile-menu-item menu-link\">Recueil de chants<\/a><\/li>\n<li class=\"menu-item menu-item-type-post_type menu-item-object-page menu-item-11272\"><a href=\"https:\/\/www.folklore.ee\/udmurt\/kamaudm\/fr\/resultats-des-terrains\/\" class=\"wpr-mobile-menu-item menu-link\">Resultats des terrains<\/a><\/li>\n<\/ul><\/nav>\t\t\t\t<\/div>\n\t\t\t\t<\/div>\n\t\t\t\t\t<\/div>\n\t\t<\/div>\n\t\t\t\t\t<\/div>\n\t\t<\/section>\n\t\t\t\t<\/div>\n\t\t","protected":false},"excerpt":{"rendered":"<p>\u0421ollection d&#8217;articles Ceci est la version anglaise du recueil d&#8217;articles publi\u00e9s dans le cadre du projet IUF. Le livre est presque pr\u00eat. Il manque un article important sur lequel\u00a0Eva\u00a0Toulouze est en train de travailler,\u00a0 le travail des directeurs de publication pour \u00e9liminer les r\u00e9p\u00e9titions, d\u00e9cider si tous les articles m\u00e9ritent d&#8217;\u00eatre inclus. Il va falloir aussi soumettre le manuscrit \u00e0 la relecture linguistique des traductions. Une fois ce travail fait, qui devrait nous mener \u00e0 juin 2023, nous pourrons soumettre le manuscrit \u00e0 la maison d&#8217;\u00e9dition de l&#8217;Universit\u00e9 de Tallinn.\u00a0 The eastern Udmurt and their worldview at the beginning of the 21st century Volume 1. The Eastern Udmurt society The eastern Udmurt and their worldview at the beginning of the 21st century Vol.II Films Collection d\u2019articles Recueil de chants Resultats des terrains Films Collection d\u2019articles Recueil de chants Resultats des terrains<\/p>\n","protected":false},"author":1,"featured_media":0,"parent":0,"menu_order":0,"comment_status":"closed","ping_status":"closed","template":"","meta":{"site-sidebar-layout":"no-sidebar","site-content-layout":"page-builder","ast-global-header-display":"","ast-main-header-display":"","ast-hfb-above-header-display":"","ast-hfb-below-header-display":"","ast-hfb-mobile-header-display":"","site-post-title":"disabled","ast-breadcrumbs-content":"","ast-featured-img":"disabled","footer-sml-layout":"","theme-transparent-header-meta":"","adv-header-id-meta":"","stick-header-meta":"","header-above-stick-meta":"","header-main-stick-meta":"","header-below-stick-meta":"","pgc_sgb_lightbox_settings":"","footnotes":""},"class_list":["post-11228","page","type-page","status-publish","hentry"],"_links":{"self":[{"href":"https:\/\/www.folklore.ee\/udmurt\/kamaudm\/wp-json\/wp\/v2\/pages\/11228","targetHints":{"allow":["GET"]}}],"collection":[{"href":"https:\/\/www.folklore.ee\/udmurt\/kamaudm\/wp-json\/wp\/v2\/pages"}],"about":[{"href":"https:\/\/www.folklore.ee\/udmurt\/kamaudm\/wp-json\/wp\/v2\/types\/page"}],"author":[{"embeddable":true,"href":"https:\/\/www.folklore.ee\/udmurt\/kamaudm\/wp-json\/wp\/v2\/users\/1"}],"replies":[{"embeddable":true,"href":"https:\/\/www.folklore.ee\/udmurt\/kamaudm\/wp-json\/wp\/v2\/comments?post=11228"}],"version-history":[{"count":7,"href":"https:\/\/www.folklore.ee\/udmurt\/kamaudm\/wp-json\/wp\/v2\/pages\/11228\/revisions"}],"predecessor-version":[{"id":11281,"href":"https:\/\/www.folklore.ee\/udmurt\/kamaudm\/wp-json\/wp\/v2\/pages\/11228\/revisions\/11281"}],"wp:attachment":[{"href":"https:\/\/www.folklore.ee\/udmurt\/kamaudm\/wp-json\/wp\/v2\/media?parent=11228"}],"curies":[{"name":"wp","href":"https:\/\/api.w.org\/{rel}","templated":true}]}}