{"id":10839,"date":"2023-01-21T13:10:03","date_gmt":"2023-01-21T13:10:03","guid":{"rendered":"https:\/\/www.folklore.ee\/udmurt\/kamaudm\/?page_id=10839"},"modified":"2023-02-01T09:12:46","modified_gmt":"2023-02-01T09:12:46","slug":"articles-3","status":"publish","type":"page","link":"https:\/\/www.folklore.ee\/udmurt\/kamaudm\/fr\/articles-3\/","title":{"rendered":"Articles"},"content":{"rendered":"\n<div style=\"height:20px\" aria-hidden=\"true\" class=\"wp-block-spacer\"><\/div>\n\n\n\n<h2 class=\"has-text-align-center has-black-color has-text-color wp-block-heading\">Articles<\/h2>\n\n\n\n<div style=\"height:80px\" aria-hidden=\"true\" class=\"wp-block-spacer\"><\/div>\n\n\n\n<h2 class=\"has-text-align-center wp-block-heading\" style=\"font-size:24px\">\u0411\u043e\u043b\u044c\u0448\u0435\u043a\u0430\u0447\u0430\u043a\u043e\u0432\u043e: \u0440\u0438\u0442\u0443\u0430\u043b\u044c\u043d\u0430\u044f \u0436\u0438\u0437\u043d\u044c \u0432\u0447\u0435\u0440\u0430 \u0438 \u0441\u0435\u0433\u043e\u0434\u043d\u044f, \u0438 \u0447\u0442\u043e \u043c\u044b \u0437\u043d\u0435\u043c \u043e \u043d\u0435\u0439<\/h2>\n\n\n\n<div class=\"wp-block-group alignwide is-vertical is-content-justification-center is-layout-flex wp-container-core-group-is-layout-ce155fab wp-block-group-is-layout-flex\"><div class=\"wp-block-group__inner-container\">\n<p class=\"has-text-align-center has-medium-font-size\">\u0415\u0432\u0430 \u0422\u0443\u043b\u0443\u0437<\/p>\n\n\n\n<div class=\"wp-block-algori-pdf-viewer-block-algori-pdf-viewer\"><iframe class=\"wp-block-algori-pdf-viewer-block-algori-pdf-viewer-iframe\" src=\"https:\/\/www.folklore.ee\/udmurt\/kamaudm\/wp-content\/plugins\/algori-pdf-viewer\/dist\/web\/viewer.html?file=https%3A%2F%2Fwww.folklore.ee%2Fudmurt%2Fkamaudm%2Fwp-content%2Fuploads%2F2023%2F01%2F%D0%91%D0%BE%D0%BB%D1%8C%D1%88%D0%B5%D0%BA%D0%B0%D1%87%D0%B0%D0%BA%D0%BE%D0%B2%D0%BE-%D1%80%D0%B8%D1%82%D1%83%D0%B0%D0%BB%D1%8C%D0%BD%D0%B0%D1%8F-%D0%B6%D0%B8%D0%B7%D0%BD%D1%8C.pdf\" style=\"width:1200px;height:800px\"><\/iframe><\/div>\n<\/div><\/div>\n\n\n\n<div style=\"height:150px\" aria-hidden=\"true\" class=\"wp-block-spacer\"><\/div>\n\n\n\n<h2 class=\"has-text-align-center wp-block-heading\" style=\"font-size:24px\">FILMING AN UDMURT VILLAGE CEREMONY IN BASHKORTOSTAN<\/h2>\n\n\n\n<p class=\"has-text-align-center has-medium-font-size\">Eva Toulouze , Liivo Niglas <\/p>\n\n\n\n<div class=\"wp-block-group is-vertical is-content-justification-center is-layout-flex wp-container-core-group-is-layout-ce155fab wp-block-group-is-layout-flex\"><div class=\"wp-block-group__inner-container\">\n<div class=\"wp-block-algori-pdf-viewer-block-algori-pdf-viewer\"><iframe class=\"wp-block-algori-pdf-viewer-block-algori-pdf-viewer-iframe\" src=\"https:\/\/www.folklore.ee\/udmurt\/kamaudm\/wp-content\/plugins\/algori-pdf-viewer\/dist\/web\/viewer.html?file=https%3A%2F%2Fwww.folklore.ee%2Fudmurt%2Fkamaudm%2Fwp-content%2Fuploads%2F2023%2F01%2FFilming-Udmurt-ceremonies-2019.pdf\" style=\"width:1200px;height:800px\"><\/iframe><\/div>\n<\/div><\/div>\n\n\n\n<div style=\"height:150px\" aria-hidden=\"true\" class=\"wp-block-spacer\"><\/div>\n\n\n\n<h2 class=\"has-text-align-center wp-block-heading\" style=\"font-size:26px\">V\u00f5it v\u00f5i lein? Venemaa 9. mai pidustuste kahem\u00f5ttelisusestv\u00e4iksest udmurdi k\u00fclast vaadatuna<\/h2>\n\n\n\n<div class=\"wp-block-group is-vertical is-content-justification-center is-layout-flex wp-container-core-group-is-layout-ce155fab wp-block-group-is-layout-flex\"><div class=\"wp-block-group__inner-container\">\n<p class=\"has-text-align-center has-medium-font-size\">Eva Toulouze<\/p>\n\n\n\n<div class=\"wp-block-algori-pdf-viewer-block-algori-pdf-viewer\"><iframe class=\"wp-block-algori-pdf-viewer-block-algori-pdf-viewer-iframe\" src=\"https:\/\/www.folklore.ee\/udmurt\/kamaudm\/wp-content\/plugins\/algori-pdf-viewer\/dist\/web\/viewer.html?file=https%3A%2F%2Fwww.folklore.ee%2Ftagused%2Fnr82%2Ftoulouze.pdf\" style=\"width:1200px;height:800px\"><\/iframe><\/div>\n\n\n\n<div style=\"height:150px\" aria-hidden=\"true\" class=\"wp-block-spacer\"><\/div>\n<\/div><\/div>\n\n\n\n<div class=\"wp-block-group is-vertical is-content-justification-center is-layout-flex wp-container-core-group-is-layout-ce155fab wp-block-group-is-layout-flex\"><div class=\"wp-block-group__inner-container\">\n<h2 class=\"has-text-align-center wp-block-heading\" style=\"font-size:26px\">\u201cWe Cannot Pray Without&nbsp;Kumyshka\u201d: Alcohol in Udmurt Ritual Life<\/h2>\n\n\n\n<p class=\"has-text-align-center has-medium-font-size\">Eva Toulouze, Laur Vallikivi<\/p>\n\n\n\n<div class=\"wp-block-algori-pdf-viewer-block-algori-pdf-viewer\"><iframe class=\"wp-block-algori-pdf-viewer-block-algori-pdf-viewer-iframe\" src=\"https:\/\/www.folklore.ee\/udmurt\/kamaudm\/wp-content\/plugins\/algori-pdf-viewer\/dist\/web\/viewer.html?file=https%3A%2F%2Fwww.folklore.ee%2Fudmurt%2Fkamaudm%2Fwp-content%2Fuploads%2F2023%2F01%2F10.2478_jef-2021-0025.pdf\" style=\"width:1200px;height:800px\"><\/iframe><\/div>\n\n\n\n<div style=\"height:150px\" aria-hidden=\"true\" class=\"wp-block-spacer\"><\/div>\n<\/div><\/div>\n\n\n\n<div class=\"wp-block-group is-vertical is-content-justification-center is-layout-flex wp-container-core-group-is-layout-ce155fab wp-block-group-is-layout-flex\"><div class=\"wp-block-group__inner-container\">\n<h2 class=\"has-text-align-center wp-block-heading\" style=\"font-size:26px\">Uni ja unen\u00e4od udmurdi kultuuris<\/h2>\n\n\n\n<p class=\"has-text-align-center has-medium-font-size\">Nikolai Anisimov, Eva Toulouze<\/p>\n\n\n\n<div class=\"wp-block-algori-pdf-viewer-block-algori-pdf-viewer\"><iframe class=\"wp-block-algori-pdf-viewer-block-algori-pdf-viewer-iframe\" src=\"https:\/\/www.folklore.ee\/udmurt\/kamaudm\/wp-content\/plugins\/algori-pdf-viewer\/dist\/web\/viewer.html?file=https%3A%2F%2Fwww.folklore.ee%2Ftagused%2Fnr80%2Fanisimov_toulouze.pdf\" style=\"width:1200px;height:800px\"><\/iframe><\/div>\n\n\n\n<div style=\"height:150px\" aria-hidden=\"true\" class=\"wp-block-spacer\"><\/div>\n<\/div><\/div>\n\n\n\n<div class=\"wp-block-group is-vertical is-content-justification-center is-layout-flex wp-container-core-group-is-layout-ce155fab wp-block-group-is-layout-flex\"><div class=\"wp-block-group__inner-container\">\n<h2 class=\"has-text-align-center wp-block-heading\" style=\"font-size:26px\">\u041a\u0443\u043b\u044c\u0442\u0443\u0440\u0430 \u0438 \u0440\u0435\u043b\u0438\u0433\u0438\u043e\u0437\u043d\u0430\u044f \u043f\u0440\u0430\u043a\u0442\u0438\u043a\u0430 \u0437\u0430\u043a\u0430\u043c\u0441\u043a\u0438\u0445 \u0443\u0434\u043c\u0443\u0440\u0442\u043e\u0432: \u043e \u0433\u0440\u0430\u043d\u0438\u0446\u0435 \u043c\u0435\u0436\u0434\u0443 \u0441\u0430\u043a\u0440\u0430\u043b\u044c\u043d\u044b\u043c \u0438 \u043f\u0440\u043e\u0444\u0430\u043d\u043d\u044b\u043c.<\/h2>\n\n\n\n<p class=\"has-text-align-center has-medium-font-size\">\u0415\u0432\u0430 \u0422\u0443\u043b\u0443\u0437, \u041b\u0430\u0443\u0440 \u0412\u0430\u043b\u043b\u0438\u043a\u0438\u0432\u0438<\/p>\n\n\n\n<div class=\"wp-block-algori-pdf-viewer-block-algori-pdf-viewer\"><iframe class=\"wp-block-algori-pdf-viewer-block-algori-pdf-viewer-iframe\" src=\"https:\/\/www.folklore.ee\/udmurt\/kamaudm\/wp-content\/plugins\/algori-pdf-viewer\/dist\/web\/viewer.html?file=https%3A%2F%2Fwww.folklore.ee%2Fudmurt%2Fkamaudm%2Fwp-content%2Fuploads%2F2023%2F01%2FTuluz-jt.pdf\" style=\"width:1200px;height:800px\"><\/iframe><\/div>\n\n\n\n<div style=\"height:150px\" aria-hidden=\"true\" class=\"wp-block-spacer\"><\/div>\n<\/div><\/div>\n\n\n\n<div class=\"wp-block-group is-vertical is-content-justification-center is-layout-flex wp-container-core-group-is-layout-ce155fab wp-block-group-is-layout-flex\"><div class=\"wp-block-group__inner-container\">\n<h2 class=\"has-text-align-center wp-block-heading\" style=\"font-size:26px\">\u0421\u043e\u0432\u0440\u0435\u043c\u0435\u043d\u043d\u0430\u044f \u043a\u0443\u043b\u044c\u0442\u0443\u0440\u0430. \u0422\u043e\u043c II<\/h2>\n\n\n\n<p class=\"has-text-align-center has-medium-font-size\">\u0415\u0432\u0430 \u0422\u0443\u043b\u0443\u0437, \u0415\u043b\u0435\u043d\u0430 \u041f\u043e\u043f\u043e\u0432\u0430, \u041d\u0438\u043a\u043e\u043b\u0430\u0439 \u0410\u043d\u0438\u0441\u0438\u043c\u043e\u0432<\/p>\n\n\n\n<div class=\"wp-block-algori-pdf-viewer-block-algori-pdf-viewer\"><iframe class=\"wp-block-algori-pdf-viewer-block-algori-pdf-viewer-iframe\" src=\"https:\/\/www.folklore.ee\/udmurt\/kamaudm\/wp-content\/plugins\/algori-pdf-viewer\/dist\/web\/viewer.html?file=https%3A%2F%2Fwww.folklore.ee%2Fudmurt%2Fkamaudm%2Fwp-content%2Fuploads%2F2023%2F01%2Fudmurdi-2_varv-small.pdf\" style=\"width:1200px;height:800px\"><\/iframe><\/div>\n\n\n\n<div style=\"height:150px\" aria-hidden=\"true\" class=\"wp-block-spacer\"><\/div>\n<\/div><\/div>\n\n\n\n<div class=\"wp-block-group is-vertical is-content-justification-center is-layout-flex wp-container-core-group-is-layout-ce155fab wp-block-group-is-layout-flex\"><div class=\"wp-block-group__inner-container\">\n<h2 class=\"has-text-align-center wp-block-heading\" style=\"font-size:26px\"><strong>CURRENT STUDIES. Udmurt Mythology and Folklore<\/strong><\/h2>\n\n\n\n<p class=\"has-text-align-center has-medium-font-size\">Nikolai Anisimov, Mare K\u00f5iva, Eva Toulouze<\/p>\n\n\n\n<div class=\"wp-block-algori-pdf-viewer-block-algori-pdf-viewer\"><iframe class=\"wp-block-algori-pdf-viewer-block-algori-pdf-viewer-iframe\" src=\"https:\/\/www.folklore.ee\/udmurt\/kamaudm\/wp-content\/plugins\/algori-pdf-viewer\/dist\/web\/viewer.html?file=https%3A%2F%2Fwww.folklore.ee%2Fudmurt%2Fkamaudm%2Fwp-content%2Fuploads%2F2023%2F01%2Fsator22.pdf\" style=\"width:1200px;height:800px\"><\/iframe><\/div>\n\n\n\n<div style=\"height:150px\" aria-hidden=\"true\" class=\"wp-block-spacer\"><\/div>\n<\/div><\/div>\n","protected":false},"excerpt":{"rendered":"<p>Articles \u0411\u043e\u043b\u044c\u0448\u0435\u043a\u0430\u0447\u0430\u043a\u043e\u0432\u043e: \u0440\u0438\u0442\u0443\u0430\u043b\u044c\u043d\u0430\u044f \u0436\u0438\u0437\u043d\u044c \u0432\u0447\u0435\u0440\u0430 \u0438 \u0441\u0435\u0433\u043e\u0434\u043d\u044f, \u0438 \u0447\u0442\u043e \u043c\u044b \u0437\u043d\u0435\u043c \u043e \u043d\u0435\u0439 \u0415\u0432\u0430 \u0422\u0443\u043b\u0443\u0437 FILMING AN UDMURT VILLAGE CEREMONY IN BASHKORTOSTAN Eva Toulouze , Liivo Niglas V\u00f5it v\u00f5i lein? Venemaa 9. mai pidustuste kahem\u00f5ttelisusestv\u00e4iksest udmurdi k\u00fclast vaadatuna Eva Toulouze \u201cWe Cannot Pray Without&nbsp;Kumyshka\u201d: Alcohol in Udmurt Ritual Life Eva Toulouze, Laur Vallikivi Uni ja unen\u00e4od udmurdi kultuuris Nikolai Anisimov, Eva Toulouze \u041a\u0443\u043b\u044c\u0442\u0443\u0440\u0430 \u0438 \u0440\u0435\u043b\u0438\u0433\u0438\u043e\u0437\u043d\u0430\u044f \u043f\u0440\u0430\u043a\u0442\u0438\u043a\u0430 \u0437\u0430\u043a\u0430\u043c\u0441\u043a\u0438\u0445 \u0443\u0434\u043c\u0443\u0440\u0442\u043e\u0432: \u043e \u0433\u0440\u0430\u043d\u0438\u0446\u0435 \u043c\u0435\u0436\u0434\u0443 \u0441\u0430\u043a\u0440\u0430\u043b\u044c\u043d\u044b\u043c \u0438 \u043f\u0440\u043e\u0444\u0430\u043d\u043d\u044b\u043c. \u0415\u0432\u0430 \u0422\u0443\u043b\u0443\u0437, \u041b\u0430\u0443\u0440 \u0412\u0430\u043b\u043b\u0438\u043a\u0438\u0432\u0438 \u0421\u043e\u0432\u0440\u0435\u043c\u0435\u043d\u043d\u0430\u044f \u043a\u0443\u043b\u044c\u0442\u0443\u0440\u0430. \u0422\u043e\u043c II \u0415\u0432\u0430 \u0422\u0443\u043b\u0443\u0437, \u0415\u043b\u0435\u043d\u0430 \u041f\u043e\u043f\u043e\u0432\u0430, \u041d\u0438\u043a\u043e\u043b\u0430\u0439 \u0410\u043d\u0438\u0441\u0438\u043c\u043e\u0432 CURRENT STUDIES. Udmurt Mythology and Folklore Nikolai Anisimov, Mare K\u00f5iva, Eva Toulouze<\/p>\n","protected":false},"author":1,"featured_media":0,"parent":0,"menu_order":0,"comment_status":"closed","ping_status":"closed","template":"","meta":{"site-sidebar-layout":"default","site-content-layout":"default","ast-global-header-display":"","ast-main-header-display":"","ast-hfb-above-header-display":"","ast-hfb-below-header-display":"","ast-hfb-mobile-header-display":"","site-post-title":"disabled","ast-breadcrumbs-content":"","ast-featured-img":"","footer-sml-layout":"","theme-transparent-header-meta":"","adv-header-id-meta":"","stick-header-meta":"","header-above-stick-meta":"","header-main-stick-meta":"","header-below-stick-meta":"","pgc_sgb_lightbox_settings":"","footnotes":""},"class_list":["post-10839","page","type-page","status-publish","hentry"],"_links":{"self":[{"href":"https:\/\/www.folklore.ee\/udmurt\/kamaudm\/wp-json\/wp\/v2\/pages\/10839","targetHints":{"allow":["GET"]}}],"collection":[{"href":"https:\/\/www.folklore.ee\/udmurt\/kamaudm\/wp-json\/wp\/v2\/pages"}],"about":[{"href":"https:\/\/www.folklore.ee\/udmurt\/kamaudm\/wp-json\/wp\/v2\/types\/page"}],"author":[{"embeddable":true,"href":"https:\/\/www.folklore.ee\/udmurt\/kamaudm\/wp-json\/wp\/v2\/users\/1"}],"replies":[{"embeddable":true,"href":"https:\/\/www.folklore.ee\/udmurt\/kamaudm\/wp-json\/wp\/v2\/comments?post=10839"}],"version-history":[{"count":3,"href":"https:\/\/www.folklore.ee\/udmurt\/kamaudm\/wp-json\/wp\/v2\/pages\/10839\/revisions"}],"predecessor-version":[{"id":11296,"href":"https:\/\/www.folklore.ee\/udmurt\/kamaudm\/wp-json\/wp\/v2\/pages\/10839\/revisions\/11296"}],"wp:attachment":[{"href":"https:\/\/www.folklore.ee\/udmurt\/kamaudm\/wp-json\/wp\/v2\/media?parent=10839"}],"curies":[{"name":"wp","href":"https:\/\/api.w.org\/{rel}","templated":true}]}}