{"id":968,"date":"2024-06-14T11:12:50","date_gmt":"2024-06-14T08:12:50","guid":{"rendered":"https:\/\/dev.wsys.ee\/seto\/?page_id=968"},"modified":"2025-08-04T14:02:38","modified_gmt":"2025-08-04T11:02:38","slug":"privaatsuspoliitika","status":"publish","type":"page","link":"https:\/\/www.folklore.ee\/setoviisid\/privaatsuspoliitika\/","title":{"rendered":"Privaatsuspoliitika"},"content":{"rendered":"\n<h2 class=\"wp-block-heading\">Kes me oleme<\/h2>\n\n\n\n<p>Setuviisid on Eesti Kirjandusmuuseumi Folkloristika osakonna hallatav hariduslik veebileht, mis asub aadressil: <a>https:\/\/www.folklore.ee\/setoviisid\/<\/a><\/p>\n\n\n\n<h2 class=\"wp-block-heading\">Kommentaarid<\/h2>\n\n\n\n<p>Meie veebileht ei kogu kasutajatelt kontaktivormi ega muu kanali kaudu isikuandmeid. Kasutajakogemuse t\u00e4iustamiseks kogutakse ainult tehnilist laadi anon\u00fc\u00fcmset teavet.<\/p>\n\n\n\n<h2 class=\"wp-block-heading\">Meedia<\/h2>\n\n\n\n<p>Lehel ei ole v\u00f5imalust kasutajatel faile \u00fcles laadida. K\u00f5ik meediasisu (pildid, helin\u00e4ited) on hallatud Eesti Kirjandusmuuseumi poolt ja paiknevad lokaalselt serveris, mist\u00f5ttu ei kaasne k\u00fclastajatele risk kolmandate osapoolte j\u00e4lgimiseks.<\/p>\n\n\n\n<h2 class=\"wp-block-heading\">K\u00fcpsised<\/h2>\n\n\n\n<p>Setuviisid kasutab k\u00fcpsiseid, et pakkuda paremat kasutuskogemust ning koguda anon\u00fc\u00fcmset statistikat Google Analyticsi kaudu. K\u00fcpsised aitavad m\u00f5ista, kuidas k\u00fclastajad lehte kasutavad, ja toetavad veebilehe sisulist arendamist.<\/p>\n\n\n\n<p>K\u00fcpsiste kasutamise kohta saab oma valiku teha k\u00fcpsiseaknas, mis avaneb esmakordsel k\u00fclastusel.<\/p>\n\n\n\n<h2 class=\"wp-block-heading\">Lisatud sisu muudelt veebisaitidelt<\/h2>\n\n\n\n<p>Lehel ei kasutata manustatud sisu kolmandatelt veebilehtedelt (nt YouTube\u2019i videoid, interaktiivseid kaarte jms). K\u00f5ik sisu on loodud ja majutatud kohapeal.<\/p>\n\n\n\n<h2 class=\"wp-block-heading\">Kellega me andmeid jagame<\/h2>\n\n\n\n<p>Me ei jaga andmeid \u00fchegi kolmanda osapoolega. Google Analyticsi statistika on anon\u00fc\u00fcmne ja ei v\u00f5imalda kasutaja tuvastamist.<\/p>\n\n\n\n<h2 class=\"wp-block-heading\">Kui kaua me andmeid s\u00e4ilitame<\/h2>\n\n\n\n<p>Kuna isikuandmeid ei koguta, ei toimu ka andmete s\u00e4ilitamist. Anal\u00fc\u00fctilised andmed kustutatakse automaatselt Google Analyticsi seadetes m\u00e4\u00e4ratud aja m\u00f6\u00f6dudes.<\/p>\n\n\n\n<h2 class=\"wp-block-heading\">Millised on \u00f5igused enda andmetele<\/h2>\n\n\n\n<p>Kuna isikuandmeid ei koguta ega t\u00f6\u00f6delda, ei kohaldu andmete taotlemise ega kustutamise \u00f5igus.<\/p>\n\n\n\n<h2 class=\"wp-block-heading\">Kuhu me andmeid saadame<\/h2>\n\n\n\n<p>Veebileht ei saada andmeid v\u00e4ljapoole Eesti Kirjandusmuuseumi servereid, v.a. anon\u00fc\u00fcmne statistika Google Analyticsi kaudu.<\/p>\n\n\n\n<h2 class=\"wp-block-heading\">Kontaktandmed<\/h2>\n\n\n\n<p>Privaatsuspoliitika ja k\u00fcpsiste kasutamise kohta saad t\u00e4psemat infot p\u00f6\u00f6rdudes: Eesti Kirjandusmuuseumi Folkloristika osakond<br>E-post: <a>root@folklore.ee<\/a><br>Telefon: +372 737 7740<\/p>\n","protected":false},"excerpt":{"rendered":"<p>Kes me oleme Setuviisid on Eesti Kirjandusmuuseumi Folkloristika osakonna hallatav hariduslik veebileht, mis asub aadressil: https:\/\/www.folklore.ee\/setoviisid\/ Kommentaarid Meie veebileht ei kogu kasutajatelt kontaktivormi ega muu kanali kaudu isikuandmeid. Kasutajakogemuse t\u00e4iustamiseks kogutakse ainult tehnilist laadi anon\u00fc\u00fcmset teavet. Meedia Lehel ei ole v\u00f5imalust kasutajatel faile \u00fcles laadida. K\u00f5ik meediasisu (pildid, helin\u00e4ited) on hallatud Eesti Kirjandusmuuseumi poolt ja [&hellip;]<\/p>\n","protected":false},"author":3,"featured_media":0,"parent":0,"menu_order":0,"comment_status":"closed","ping_status":"closed","template":"","meta":{"_acf_changed":false,"footnotes":""},"class_list":["post-968","page","type-page","status-publish","hentry"],"acf":[],"yoast_head":"<!-- This site is optimized with the Yoast SEO plugin v23.0 - https:\/\/yoast.com\/wordpress\/plugins\/seo\/ -->\n<title>Privaatsuspoliitika - Seto leelo viisit\u00fcpoloogia<\/title>\n<meta name=\"robots\" content=\"index, follow, max-snippet:-1, max-image-preview:large, max-video-preview:-1\" \/>\n<link rel=\"canonical\" href=\"https:\/\/www.folklore.ee\/setoviisid\/privaatsuspoliitika\/\" \/>\n<meta property=\"og:locale\" content=\"et_EE\" \/>\n<meta property=\"og:type\" content=\"article\" \/>\n<meta property=\"og:title\" content=\"Privaatsuspoliitika - Seto leelo viisit\u00fcpoloogia\" \/>\n<meta property=\"og:description\" content=\"Kes me oleme Setuviisid on Eesti Kirjandusmuuseumi Folkloristika osakonna hallatav hariduslik veebileht, mis asub aadressil: https:\/\/www.folklore.ee\/setoviisid\/ Kommentaarid Meie veebileht ei kogu kasutajatelt kontaktivormi ega muu kanali kaudu isikuandmeid. Kasutajakogemuse t\u00e4iustamiseks kogutakse ainult tehnilist laadi anon\u00fc\u00fcmset teavet. Meedia Lehel ei ole v\u00f5imalust kasutajatel faile \u00fcles laadida. K\u00f5ik meediasisu (pildid, helin\u00e4ited) on hallatud Eesti Kirjandusmuuseumi poolt ja [&hellip;]\" \/>\n<meta property=\"og:url\" content=\"https:\/\/www.folklore.ee\/setoviisid\/privaatsuspoliitika\/\" \/>\n<meta property=\"og:site_name\" content=\"Seto leelo viisit\u00fcpoloogia\" \/>\n<meta property=\"article:modified_time\" content=\"2025-08-04T11:02:38+00:00\" \/>\n<meta name=\"twitter:card\" content=\"summary_large_image\" \/>\n<meta name=\"twitter:label1\" content=\"Est. reading time\" \/>\n\t<meta name=\"twitter:data1\" content=\"2 minutit\" \/>\n<script type=\"application\/ld+json\" class=\"yoast-schema-graph\">{\"@context\":\"https:\/\/schema.org\",\"@graph\":[{\"@type\":\"WebPage\",\"@id\":\"https:\/\/www.folklore.ee\/setoviisid\/privaatsuspoliitika\/\",\"url\":\"https:\/\/www.folklore.ee\/setoviisid\/privaatsuspoliitika\/\",\"name\":\"Privaatsuspoliitika - Seto leelo viisit\u00fcpoloogia\",\"isPartOf\":{\"@id\":\"https:\/\/www.folklore.ee\/setoviisid\/#website\"},\"datePublished\":\"2024-06-14T08:12:50+00:00\",\"dateModified\":\"2025-08-04T11:02:38+00:00\",\"breadcrumb\":{\"@id\":\"https:\/\/www.folklore.ee\/setoviisid\/privaatsuspoliitika\/#breadcrumb\"},\"inLanguage\":\"et\",\"potentialAction\":[{\"@type\":\"ReadAction\",\"target\":[\"https:\/\/www.folklore.ee\/setoviisid\/privaatsuspoliitika\/\"]}]},{\"@type\":\"BreadcrumbList\",\"@id\":\"https:\/\/www.folklore.ee\/setoviisid\/privaatsuspoliitika\/#breadcrumb\",\"itemListElement\":[{\"@type\":\"ListItem\",\"position\":1,\"name\":\"Avaleht\",\"item\":\"https:\/\/www.folklore.ee\/setoviisid\/\"},{\"@type\":\"ListItem\",\"position\":2,\"name\":\"Privaatsuspoliitika\"}]},{\"@type\":\"WebSite\",\"@id\":\"https:\/\/www.folklore.ee\/setoviisid\/#website\",\"url\":\"https:\/\/www.folklore.ee\/setoviisid\/\",\"name\":\"Seto leelo viisit\u00fcpoloogia\",\"description\":\"\",\"potentialAction\":[{\"@type\":\"SearchAction\",\"target\":{\"@type\":\"EntryPoint\",\"urlTemplate\":\"https:\/\/www.folklore.ee\/setoviisid\/?s={search_term_string}\"},\"query-input\":\"required name=search_term_string\"}],\"inLanguage\":\"et\"}]}<\/script>\n<!-- \/ Yoast SEO plugin. -->","yoast_head_json":{"title":"Privaatsuspoliitika - Seto leelo viisit\u00fcpoloogia","robots":{"index":"index","follow":"follow","max-snippet":"max-snippet:-1","max-image-preview":"max-image-preview:large","max-video-preview":"max-video-preview:-1"},"canonical":"https:\/\/www.folklore.ee\/setoviisid\/privaatsuspoliitika\/","og_locale":"et_EE","og_type":"article","og_title":"Privaatsuspoliitika - Seto leelo viisit\u00fcpoloogia","og_description":"Kes me oleme Setuviisid on Eesti Kirjandusmuuseumi Folkloristika osakonna hallatav hariduslik veebileht, mis asub aadressil: https:\/\/www.folklore.ee\/setoviisid\/ Kommentaarid Meie veebileht ei kogu kasutajatelt kontaktivormi ega muu kanali kaudu isikuandmeid. Kasutajakogemuse t\u00e4iustamiseks kogutakse ainult tehnilist laadi anon\u00fc\u00fcmset teavet. Meedia Lehel ei ole v\u00f5imalust kasutajatel faile \u00fcles laadida. K\u00f5ik meediasisu (pildid, helin\u00e4ited) on hallatud Eesti Kirjandusmuuseumi poolt ja [&hellip;]","og_url":"https:\/\/www.folklore.ee\/setoviisid\/privaatsuspoliitika\/","og_site_name":"Seto leelo viisit\u00fcpoloogia","article_modified_time":"2025-08-04T11:02:38+00:00","twitter_card":"summary_large_image","twitter_misc":{"Est. reading time":"2 minutit"},"schema":{"@context":"https:\/\/schema.org","@graph":[{"@type":"WebPage","@id":"https:\/\/www.folklore.ee\/setoviisid\/privaatsuspoliitika\/","url":"https:\/\/www.folklore.ee\/setoviisid\/privaatsuspoliitika\/","name":"Privaatsuspoliitika - Seto leelo viisit\u00fcpoloogia","isPartOf":{"@id":"https:\/\/www.folklore.ee\/setoviisid\/#website"},"datePublished":"2024-06-14T08:12:50+00:00","dateModified":"2025-08-04T11:02:38+00:00","breadcrumb":{"@id":"https:\/\/www.folklore.ee\/setoviisid\/privaatsuspoliitika\/#breadcrumb"},"inLanguage":"et","potentialAction":[{"@type":"ReadAction","target":["https:\/\/www.folklore.ee\/setoviisid\/privaatsuspoliitika\/"]}]},{"@type":"BreadcrumbList","@id":"https:\/\/www.folklore.ee\/setoviisid\/privaatsuspoliitika\/#breadcrumb","itemListElement":[{"@type":"ListItem","position":1,"name":"Avaleht","item":"https:\/\/www.folklore.ee\/setoviisid\/"},{"@type":"ListItem","position":2,"name":"Privaatsuspoliitika"}]},{"@type":"WebSite","@id":"https:\/\/www.folklore.ee\/setoviisid\/#website","url":"https:\/\/www.folklore.ee\/setoviisid\/","name":"Seto leelo viisit\u00fcpoloogia","description":"","potentialAction":[{"@type":"SearchAction","target":{"@type":"EntryPoint","urlTemplate":"https:\/\/www.folklore.ee\/setoviisid\/?s={search_term_string}"},"query-input":"required name=search_term_string"}],"inLanguage":"et"}]}},"_links":{"self":[{"href":"https:\/\/www.folklore.ee\/setoviisid\/wp-json\/wp\/v2\/pages\/968","targetHints":{"allow":["GET"]}}],"collection":[{"href":"https:\/\/www.folklore.ee\/setoviisid\/wp-json\/wp\/v2\/pages"}],"about":[{"href":"https:\/\/www.folklore.ee\/setoviisid\/wp-json\/wp\/v2\/types\/page"}],"author":[{"embeddable":true,"href":"https:\/\/www.folklore.ee\/setoviisid\/wp-json\/wp\/v2\/users\/3"}],"replies":[{"embeddable":true,"href":"https:\/\/www.folklore.ee\/setoviisid\/wp-json\/wp\/v2\/comments?post=968"}],"version-history":[{"count":5,"href":"https:\/\/www.folklore.ee\/setoviisid\/wp-json\/wp\/v2\/pages\/968\/revisions"}],"predecessor-version":[{"id":6020,"href":"https:\/\/www.folklore.ee\/setoviisid\/wp-json\/wp\/v2\/pages\/968\/revisions\/6020"}],"wp:attachment":[{"href":"https:\/\/www.folklore.ee\/setoviisid\/wp-json\/wp\/v2\/media?parent=968"}],"curies":[{"name":"wp","href":"https:\/\/api.w.org\/{rel}","templated":true}]}}