{"id":8,"date":"2024-01-29T09:46:31","date_gmt":"2024-01-29T09:46:31","guid":{"rendered":"https:\/\/dev.wsys.ee\/psyhiaatriakeskus\/?page_id=8"},"modified":"2025-10-09T22:50:43","modified_gmt":"2025-10-09T19:50:43","slug":"avaleht","status":"publish","type":"page","link":"https:\/\/www.folklore.ee\/setoviisid\/","title":{"rendered":"Avaleht"},"content":{"rendered":"\n<h1 class=\"wp-block-heading\">Seto leelo viisit\u00fcpoloogia<\/h1>\n\n\n\n<figure class=\"wp-block-image size-full\"><img loading=\"lazy\" decoding=\"async\" width=\"1280\" height=\"892\" src=\"https:\/\/www.folklore.ee\/setoviisid\/wp-content\/uploads\/2025\/08\/1280px-\u0421\u0432\u0430\u0434\u044c\u0431\u0430_toodeldud.jpg\" alt=\"\" class=\"wp-image-6012\"\/><\/figure>\n\n\n\n<p><strong>Seto leelo viisit\u00fcpoloogia loomine on oluline etapp seto laulutraditsiooni uurimisel, mis \u00fcldistab, korrastab ja m\u00f5testab paljude rahvalauluteadlaste varasemat uurimist\u00f6\u00f6d. Viisit\u00fcpoloogia eesm\u00e4rk on \u00fchelt poolt koostada seto leelo viisit\u00fc\u00fcpidest v\u00f5imalikult ammendav \u00fclevaade, teiselt poolt aga esitada viisit\u00fc\u00fcpe s\u00fcsteemina, mis avaks traditsiooni ajaloolisi stiilikihistusi ja nendevahelisi suhteid. Kuigi tegemist on eelk\u00f5ige teadusliku uurimusega, saab viisit\u00fcpoloogiat kasutada ka praktilistel eesm\u00e4rkidel \u2013  viisirepertuaari laiendamiseks ja variantidega rikastamiseks.<br><\/strong><\/p>\n\n\n\n<p>&#8220;Seto leelo viisit\u00fcpoloogia&#8221; on etnomusikoloogiline ja muusikateoreetiline uurimus, mille taga on autori pikaajalised kogemused seto laulutraditsiooni uurimisel. Samal ajal on see mahukas allikapublikatsioon, mille elektrooniline vorm v\u00f5imaldab mugavalt kuulata ja vaadata heli- ja noodin\u00e4iteid (veebirakenduse artiklid sisaldavad 259 noodistust), lugeda viisit\u00fc\u00fcpide ja viisit\u00fc\u00fcpide r\u00fchmade kirjeldusi ja kommentaare (223 artiklit), leida arhiiviviiteid sama viisi eri esitustele, v\u00f5rrelda eri viisit\u00fc\u00fcpe ja viisivariante. Samuti annab elektrooniline vorm selgema \u00fclevaate t\u00fcpoloogia terviklikust struktuurist ja viisit\u00fc\u00fcpide mitmetasandilisest grupeerimisest ning lihtsustab viiside ja viisivariantide otsimist eri tunnuste j\u00e4rgi.<\/p>\n\n\n\n<p>Kuna &#8220;Seto leelo viisit\u00fcpoloogia&#8221; on valdavalt muusikaanal\u00fc\u00fctiline uurimus, vajab lugeja teadustekstidest arusaamiseks eelteadmisi seto leelo muusikalistest stiilidest ja nendega seotud muusikateoreetilistest terminitest. Veebirakendus sisaldab sissejuhatavaid artikleid, mis annavad vajalikke baasteadmisi seto leelost ja uurimuse terminoloogiast. Lisatud on ka rakenduse kasutusjuhend ja kirjanduse nimekiri.<\/p>\n\n\n\n<p>Uurimist\u00f6\u00f6d ja veebirakenduse loomist on rahastanud Eesti Kultuuriministeerium Eesti kultuuri teadus- ja arendusprogrammist 2023-2026 (KUM-TA32) ja Eesti Teadusagentuur (PRG2600). Projekt on teostatud Eesti Muusika- ja Teatriakadeemia ning Eesti Kirjandusmuuseumi koost\u00f6\u00f6s.<\/p>\n","protected":false},"excerpt":{"rendered":"<p>Seto leelo viisit\u00fcpoloogia Seto leelo viisit\u00fcpoloogia loomine on oluline etapp seto laulutraditsiooni uurimisel, mis \u00fcldistab, korrastab ja m\u00f5testab paljude rahvalauluteadlaste varasemat uurimist\u00f6\u00f6d. Viisit\u00fcpoloogia eesm\u00e4rk on \u00fchelt poolt koostada seto leelo viisit\u00fc\u00fcpidest v\u00f5imalikult ammendav \u00fclevaade, teiselt poolt aga esitada viisit\u00fc\u00fcpe s\u00fcsteemina, mis avaks traditsiooni ajaloolisi stiilikihistusi ja nendevahelisi suhteid. Kuigi tegemist on eelk\u00f5ige teadusliku uurimusega, saab [&hellip;]<\/p>\n","protected":false},"author":3,"featured_media":0,"parent":0,"menu_order":0,"comment_status":"closed","ping_status":"closed","template":"","meta":{"_acf_changed":false,"footnotes":""},"class_list":["post-8","page","type-page","status-publish","hentry"],"acf":[],"yoast_head":"<!-- This site is optimized with the Yoast SEO plugin v23.0 - https:\/\/yoast.com\/wordpress\/plugins\/seo\/ -->\n<title>Seto leelo viisit\u00fcpoloogia \u2013 teaduslik veebiandmestik<\/title>\n<meta name=\"description\" content=\"Seto leelo viisit\u00fcpoloogia on teadusp\u00f5hine andmebaas, mis k\u00e4sitleb seto laulude meloodilist ja struktuurset mitmekesisust ning viisit\u00fc\u00fcpide anal\u00fc\u00fcsi.\" \/>\n<meta name=\"robots\" content=\"index, follow, max-snippet:-1, max-image-preview:large, max-video-preview:-1\" \/>\n<link rel=\"canonical\" href=\"https:\/\/www.folklore.ee\/setoviisid\/\" \/>\n<meta property=\"og:locale\" content=\"et_EE\" \/>\n<meta property=\"og:type\" content=\"article\" \/>\n<meta property=\"og:title\" content=\"Seto leelo viisit\u00fcpoloogia \u2013 teaduslik veebiandmestik\" \/>\n<meta property=\"og:description\" content=\"Seto leelo viisit\u00fcpoloogia on teadusp\u00f5hine andmebaas, mis k\u00e4sitleb seto laulude meloodilist ja struktuurset mitmekesisust ning viisit\u00fc\u00fcpide anal\u00fc\u00fcsi.\" \/>\n<meta property=\"og:url\" content=\"https:\/\/www.folklore.ee\/setoviisid\/\" \/>\n<meta property=\"og:site_name\" content=\"Seto leelo viisit\u00fcpoloogia\" \/>\n<meta property=\"article:modified_time\" content=\"2025-10-09T19:50:43+00:00\" \/>\n<meta name=\"twitter:card\" content=\"summary_large_image\" \/>\n<meta name=\"twitter:label1\" content=\"Est. reading time\" \/>\n\t<meta name=\"twitter:data1\" content=\"2 minutit\" \/>\n<script type=\"application\/ld+json\" class=\"yoast-schema-graph\">{\"@context\":\"https:\/\/schema.org\",\"@graph\":[{\"@type\":\"WebPage\",\"@id\":\"https:\/\/www.folklore.ee\/setoviisid\/\",\"url\":\"https:\/\/www.folklore.ee\/setoviisid\/\",\"name\":\"Seto leelo viisit\u00fcpoloogia \u2013 teaduslik veebiandmestik\",\"isPartOf\":{\"@id\":\"https:\/\/www.folklore.ee\/setoviisid\/#website\"},\"datePublished\":\"2024-01-29T09:46:31+00:00\",\"dateModified\":\"2025-10-09T19:50:43+00:00\",\"description\":\"Seto leelo viisit\u00fcpoloogia on teadusp\u00f5hine andmebaas, mis k\u00e4sitleb seto laulude meloodilist ja struktuurset mitmekesisust ning viisit\u00fc\u00fcpide anal\u00fc\u00fcsi.\",\"breadcrumb\":{\"@id\":\"https:\/\/www.folklore.ee\/setoviisid\/#breadcrumb\"},\"inLanguage\":\"et\",\"potentialAction\":[{\"@type\":\"ReadAction\",\"target\":[\"https:\/\/www.folklore.ee\/setoviisid\/\"]}]},{\"@type\":\"BreadcrumbList\",\"@id\":\"https:\/\/www.folklore.ee\/setoviisid\/#breadcrumb\",\"itemListElement\":[{\"@type\":\"ListItem\",\"position\":1,\"name\":\"Avaleht\",\"item\":\"https:\/\/www.folklore.ee\/setoviisid\/\"},{\"@type\":\"ListItem\",\"position\":2,\"name\":\"Avaleht\"}]},{\"@type\":\"WebSite\",\"@id\":\"https:\/\/www.folklore.ee\/setoviisid\/#website\",\"url\":\"https:\/\/www.folklore.ee\/setoviisid\/\",\"name\":\"Seto leelo viisit\u00fcpoloogia\",\"description\":\"\",\"potentialAction\":[{\"@type\":\"SearchAction\",\"target\":{\"@type\":\"EntryPoint\",\"urlTemplate\":\"https:\/\/www.folklore.ee\/setoviisid\/?s={search_term_string}\"},\"query-input\":\"required name=search_term_string\"}],\"inLanguage\":\"et\"}]}<\/script>\n<!-- \/ Yoast SEO plugin. -->","yoast_head_json":{"title":"Seto leelo viisit\u00fcpoloogia \u2013 teaduslik veebiandmestik","description":"Seto leelo viisit\u00fcpoloogia on teadusp\u00f5hine andmebaas, mis k\u00e4sitleb seto laulude meloodilist ja struktuurset mitmekesisust ning viisit\u00fc\u00fcpide anal\u00fc\u00fcsi.","robots":{"index":"index","follow":"follow","max-snippet":"max-snippet:-1","max-image-preview":"max-image-preview:large","max-video-preview":"max-video-preview:-1"},"canonical":"https:\/\/www.folklore.ee\/setoviisid\/","og_locale":"et_EE","og_type":"article","og_title":"Seto leelo viisit\u00fcpoloogia \u2013 teaduslik veebiandmestik","og_description":"Seto leelo viisit\u00fcpoloogia on teadusp\u00f5hine andmebaas, mis k\u00e4sitleb seto laulude meloodilist ja struktuurset mitmekesisust ning viisit\u00fc\u00fcpide anal\u00fc\u00fcsi.","og_url":"https:\/\/www.folklore.ee\/setoviisid\/","og_site_name":"Seto leelo viisit\u00fcpoloogia","article_modified_time":"2025-10-09T19:50:43+00:00","twitter_card":"summary_large_image","twitter_misc":{"Est. reading time":"2 minutit"},"schema":{"@context":"https:\/\/schema.org","@graph":[{"@type":"WebPage","@id":"https:\/\/www.folklore.ee\/setoviisid\/","url":"https:\/\/www.folklore.ee\/setoviisid\/","name":"Seto leelo viisit\u00fcpoloogia \u2013 teaduslik veebiandmestik","isPartOf":{"@id":"https:\/\/www.folklore.ee\/setoviisid\/#website"},"datePublished":"2024-01-29T09:46:31+00:00","dateModified":"2025-10-09T19:50:43+00:00","description":"Seto leelo viisit\u00fcpoloogia on teadusp\u00f5hine andmebaas, mis k\u00e4sitleb seto laulude meloodilist ja struktuurset mitmekesisust ning viisit\u00fc\u00fcpide anal\u00fc\u00fcsi.","breadcrumb":{"@id":"https:\/\/www.folklore.ee\/setoviisid\/#breadcrumb"},"inLanguage":"et","potentialAction":[{"@type":"ReadAction","target":["https:\/\/www.folklore.ee\/setoviisid\/"]}]},{"@type":"BreadcrumbList","@id":"https:\/\/www.folklore.ee\/setoviisid\/#breadcrumb","itemListElement":[{"@type":"ListItem","position":1,"name":"Avaleht","item":"https:\/\/www.folklore.ee\/setoviisid\/"},{"@type":"ListItem","position":2,"name":"Avaleht"}]},{"@type":"WebSite","@id":"https:\/\/www.folklore.ee\/setoviisid\/#website","url":"https:\/\/www.folklore.ee\/setoviisid\/","name":"Seto leelo viisit\u00fcpoloogia","description":"","potentialAction":[{"@type":"SearchAction","target":{"@type":"EntryPoint","urlTemplate":"https:\/\/www.folklore.ee\/setoviisid\/?s={search_term_string}"},"query-input":"required name=search_term_string"}],"inLanguage":"et"}]}},"_links":{"self":[{"href":"https:\/\/www.folklore.ee\/setoviisid\/wp-json\/wp\/v2\/pages\/8","targetHints":{"allow":["GET"]}}],"collection":[{"href":"https:\/\/www.folklore.ee\/setoviisid\/wp-json\/wp\/v2\/pages"}],"about":[{"href":"https:\/\/www.folklore.ee\/setoviisid\/wp-json\/wp\/v2\/types\/page"}],"author":[{"embeddable":true,"href":"https:\/\/www.folklore.ee\/setoviisid\/wp-json\/wp\/v2\/users\/3"}],"replies":[{"embeddable":true,"href":"https:\/\/www.folklore.ee\/setoviisid\/wp-json\/wp\/v2\/comments?post=8"}],"version-history":[{"count":212,"href":"https:\/\/www.folklore.ee\/setoviisid\/wp-json\/wp\/v2\/pages\/8\/revisions"}],"predecessor-version":[{"id":6167,"href":"https:\/\/www.folklore.ee\/setoviisid\/wp-json\/wp\/v2\/pages\/8\/revisions\/6167"}],"wp:attachment":[{"href":"https:\/\/www.folklore.ee\/setoviisid\/wp-json\/wp\/v2\/media?parent=8"}],"curies":[{"name":"wp","href":"https:\/\/api.w.org\/{rel}","templated":true}]}}