{"id":1528,"date":"2024-08-12T18:52:58","date_gmt":"2024-08-12T15:52:58","guid":{"rendered":"https:\/\/dev.wsys.ee\/seto\/?page_id=1528"},"modified":"2025-08-01T15:19:13","modified_gmt":"2025-08-01T12:19:13","slug":"seto-leelo-viisitupoloogia-kui-rakenduslik-ressurss","status":"publish","type":"page","link":"https:\/\/www.folklore.ee\/setoviisid\/viisitupoloogia-kellele-ja-milleks\/seto-leelo-viisitupoloogia-kui-rakenduslik-ressurss\/","title":{"rendered":"&#8220;Seto leelo viisit\u00fcpoloogia&#8221; kui rakenduslik ressurss"},"content":{"rendered":"\n<p>Suulise traditsiooni muusika ei vaja eksisteerimiseks ja edasikandumiseks ei teoreetilist teadvustamist ega nootidega \u00fcleskirjutamist. Igal juhul oli see nii minevikus, kui inimeste muusikamaailm oli homogeenne, koosnedes ainult oma lokaalsest traditsioonist ja selle stiilidest. Traditsioon omandati lapseeas ja laule \u00f5piti matkimise teel vanematelt inimestest sama loomulikult kui emakeelt. T\u00e4nap\u00e4eval on olukord t\u00e4iesti teine \u2013 nn \u201cprimaarse\u201d traditsiooni kandjaid, kelle kohta eel\u00f6eldu k\u00e4ib, on \u00e4\u00e4rmiselt v\u00e4he ja nad on reeglina v\u00e4ga k\u00f5rges eas. Inimesed, kes praegu tunnevad huvi rahvalaulu laulmise vastu, omandavad selle enamasti t\u00e4iskasvanutena. Valdav osa muusikast, mida nad kuulevad enda \u00fcmber meediast ja \u00f5pivad koolis, kuulub hoopis teise muusikas\u00fcsteemi ja muusikamaailma. V\u00e4he sellest, rahvamuusika stiilide muutumine algas juba palju varem l\u00e4\u00e4ne muusikakultuuri m\u00f5ju all ja 20. sajandil ei taganud isegi traditsiooni loomulik, suuline edasikandmine enam vanema muusikastiili s\u00e4ilimist. Etnomusikoloogid on t\u00e4heldanud sarnast tendentsi k\u00f5ikjal Euroopas \u2013 vanad muusikastiilid kaotavad oma iidse omap\u00e4ra, lihtsustuvad ja \u00fchtlustuvad, viisirepertuaar v\u00e4heneb, kusjuures esimesena kaovad just k\u00f5ige vanemad ja stiililt originaalsemad viisid. P\u00f5hjuseks ei ole mitte t\u00e4naste rahvalaulikute hoolimatus, vaid nende muusikalise m\u00f5tlemise teistsugune \u201ch\u00e4\u00e4lestus\u201d, mis segab vanade viiside omandamist ja traditsioonip\u00e4rast esitamist.&nbsp;<\/p>\n\n\n\n<p>Seto leelotraditsiooni j\u00e4tkajate hulgas on t\u00e4nap\u00e4eval \u00f5nneks&nbsp; palju inimesi, kes on probleemist teadlikud ning kellel on soov s\u00e4ilitada ja  vajadusel taaselustada seto rahvalaulu selle etniliselt ja kultuuriliselt omap\u00e4rasel kujul. Selleks p\u00f6\u00f6rduvad nad arhiivimaterjalide poole ning k\u00fcsivad n\u00f5u ka rahvamuusika uurijatelt. Nagu n\u00e4itab praktika, k\u00e4ib vana stiili omandamine palju h\u00f5lpsamini, kui l\u00e4heneda sellele \u00fclesandele teadlikult. Teadlikkus asendab t\u00e4nap\u00e4eval puuduvat v\u00f5imalust elada vanasse muusikastiili sisse intuitiivselt, mis eeldab suurt kuuldelist kogemust. See puudutab nii vana muusikastiili \u00f5ppimist kui ka viisirepertuaari laiendamist. K\u00e4esolev viisit\u00fcpoloogia pakub omalt poolt \u00fche t\u00e4iendava v\u00f5imaluse saada teadlikuks seto vana laulustiili omap\u00e4rast &#8211; aitab seada selgemaid eesm\u00e4rke laulude \u00f5ppimisel, leida enda jaoks uusi viise ja avastada juba tuttavate viiside varieerimisv\u00f5imalusi.<\/p>\n\n\n\n<p>Seto viisit\u00fc\u00fcpide otsimine viisirepertuaari t\u00e4iendamiseks v\u00f5i viisit\u00fc\u00fcbi variantidega tutvumiseks on nii arhiivides kui ka noodi- ja heliv\u00e4ljaannetes \u00fcsna keeruline, sest arhiivides puudub v\u00f5imalus otsida laule viisi j\u00e4rgi ja publikatsioonides on laulud tavaliselt grupeeritud laululiigi j\u00e4rgi (vt n\u00e4iteks Herbert Tampere \u201cEesti rahvalaule viisidega\u201d I-V (1956-1965)). Kuna sama viisit\u00fc\u00fcp v\u00f5ib olla kasutusel erinevates laululiikides, leiab sama viisit\u00fc\u00fcbiga laule ja uusi viisit\u00fc\u00fcpe ainult noodistusi v\u00f5i helisalvestisi j\u00e4rjest l\u00e4bi vaadates v\u00f5i kuulates. K\u00e4esolev veebirakendus on keskendunud just lauluviisidele. Viisit\u00fc\u00fcbid on siin esitatud s\u00fcstematiseerituna ja see lihtsustab viiside sihip\u00e4rast otsimist. Iga viisit\u00fc\u00fcpi esindab mitu varianti (v.a viisid, millest ongi ainult \u00fcks j\u00e4\u00e4dvustus). Iga viisit\u00fc\u00fcbi kirjelduses on toodud kuni viie esituse noodistused, mille juurde saab kuulata ka vastavaid originaalhelisalvestisi (v\u00e4ljaandes on kokku 259 noodistust ja helisalvestist). Lisatud on arhiiviviiteid muudele helisalvestistele, kus leidub sama viisit\u00fc\u00fcbi variante. Sama viisi erinevate esituste kuulamine on p\u00e4rimuslauljatele v\u00e4ga oluline kogemus, mis kompenseerib mitmekesise elava traditsiooni puudumist. T\u00e4nap\u00e4eval \u00f5pitakse viisi sageli ainult \u00fche salvestise j\u00e4rgi ja seet\u00f5ttu kannatab nii esituse meloodiline kui faktuuriline variatiivsus.&nbsp;<\/p>\n\n\n\n<p>Elektrooniline viisit\u00fcpoloogia v\u00f5ib olla abiks ka seto vanema laulustiili huvilistele, kes leiavad siit rohkesti seto omap\u00e4rases arhailises <a href=\"https:\/\/www.folklore.ee\/setoviisid\/seto-leelo-muusikalised-stiilid\/helilaadid\/#:~:text=juttu%20j%C3%A4rgnevates%20alapeat%C3%BCkkides.-,Pooltoon%2Dpoolteisttoon%2Dlaad,-Seto%20leelo%20muusikalise\"><strong>pooltoon-poolteisttoon-laadis<\/strong><\/a> viiside variante. Vanap\u00e4rased viisiversioonid on eriti v\u00e4\u00e4rtuslikud, sest t\u00e4nap\u00e4eva esituspraktikas k\u00f5lavad samad viisit\u00fc\u00fcbid valdavalt diatoniseeritud kujul (kaasaegsetel lauljatel on nii lihtsam laulda, sest see meenutab tavap\u00e4rast euroopalikku ma\u017eoori v\u00f5i minoori). Pooltoon-poolteisttoon-laadis viisivariandid on viisit\u00fc\u00fcpide kirjeldustes alati \u00e4ra toodud ka noodistustena, millest on keerulise struktuuriga viiside esitamisel suur abi. Noodistuste kaudu saavad nooditundjatest huvilised paremini teadvustada esitusstiili erinevaid v\u00f5tteid ja n\u00fcansse, sh meloodilisi intervalle, mikroalteratsiooni, r\u00fctmilisi ja faktuurilisi v\u00f5tteid (n\u00e4iteks alumise <em>torr\u00f5 <\/em>meloodiak\u00e4ike) jms.<\/p>\n\n\n\n<p>Laulude teadliku esitamise juurde kuulub ka esitatavate laulude ja viisit\u00fc\u00fcpide taustainformatsiooni tundmine. Suulise traditsiooni muusika on tihedalt seotud muusikav\u00e4lise kontekstiga \u2013 n\u00e4iteks laulu v\u00f5i viisi kuulumine m\u00f5ne t\u00f6\u00f6, rituaali v\u00f5i muu tegevuse juurde. Muusikav\u00e4line funktsioon v\u00f5ib otseselt m\u00f5jutada isegi viisi muusikalist struktuuri. Nende teemade \u00fcle \u00fcldisemalt arutletud sektsioonis <a href=\"https:\/\/www.folklore.ee\/setoviisid\/seto-leelo\/\"><strong>Seto leelo<\/strong><\/a><strong> <\/strong>(vt peamen\u00fc\u00fc ja vastava nupu rippmen\u00fc\u00fc). Samas sektsioonis asub ka laululiikide ja viisit\u00fc\u00fcpide tabel (vt <a href=\"https:\/\/www.folklore.ee\/setoviisid\/seto-leelo\/alamlehe-pealkiri\/\"><strong>Laululiigid ja viisit\u00fc\u00fcbid<\/strong><\/a>), kust viisit\u00fc\u00fcpe saab otsida laululiikide j\u00e4rgi. Tabelist on abi siis, kui eesm\u00e4rgiks on leida konkreetse teemaga seotud lauluviise. Informatsiooni viisit\u00fc\u00fcpide kasutamise kohta eri laululiikides leiab ka viisit\u00fc\u00fcpide kommentaaridest.<\/p>\n","protected":false},"excerpt":{"rendered":"<p>Suulise traditsiooni muusika ei vaja eksisteerimiseks ja edasikandumiseks ei teoreetilist teadvustamist ega nootidega \u00fcleskirjutamist. Igal juhul oli see nii minevikus, kui inimeste muusikamaailm oli homogeenne, koosnedes ainult oma lokaalsest traditsioonist ja selle stiilidest. Traditsioon omandati lapseeas ja laule \u00f5piti matkimise teel vanematelt inimestest sama loomulikult kui emakeelt. T\u00e4nap\u00e4eval on olukord t\u00e4iesti teine \u2013 nn \u201cprimaarse\u201d [&hellip;]<\/p>\n","protected":false},"author":4,"featured_media":0,"parent":1010,"menu_order":0,"comment_status":"closed","ping_status":"closed","template":"","meta":{"_acf_changed":false,"footnotes":""},"class_list":["post-1528","page","type-page","status-publish","hentry"],"acf":[],"yoast_head":"<!-- This site is optimized with the Yoast SEO plugin v23.0 - https:\/\/yoast.com\/wordpress\/plugins\/seo\/ -->\n<title>Seto leelo viisitypoloogia \u2013 praktiline t\u00f6\u00f6riist teadlastele ja huvilistele<\/title>\n<meta name=\"description\" content=\"Avasta Seto leelo viisitypoloogia kui praktiline t\u00f6\u00f6vahend \u2013 sirvi meloodialiike, kuula n\u00e4iteid ja m\u00f5ista traditsiooni s\u00fcgavust.\" \/>\n<meta name=\"robots\" content=\"index, follow, max-snippet:-1, max-image-preview:large, max-video-preview:-1\" \/>\n<link rel=\"canonical\" href=\"https:\/\/www.folklore.ee\/setoviisid\/viisitupoloogia-kellele-ja-milleks\/seto-leelo-viisitupoloogia-kui-rakenduslik-ressurss\/\" \/>\n<meta property=\"og:locale\" content=\"et_EE\" \/>\n<meta property=\"og:type\" content=\"article\" \/>\n<meta property=\"og:title\" content=\"Seto leelo viisitypoloogia \u2013 praktiline t\u00f6\u00f6riist teadlastele ja huvilistele\" \/>\n<meta property=\"og:description\" content=\"Avasta Seto leelo viisitypoloogia kui praktiline t\u00f6\u00f6vahend \u2013 sirvi meloodialiike, kuula n\u00e4iteid ja m\u00f5ista traditsiooni s\u00fcgavust.\" \/>\n<meta property=\"og:url\" content=\"https:\/\/www.folklore.ee\/setoviisid\/viisitupoloogia-kellele-ja-milleks\/seto-leelo-viisitupoloogia-kui-rakenduslik-ressurss\/\" \/>\n<meta property=\"og:site_name\" content=\"Seto leelo viisit\u00fcpoloogia\" \/>\n<meta property=\"article:modified_time\" content=\"2025-08-01T12:19:13+00:00\" \/>\n<meta name=\"twitter:card\" content=\"summary_large_image\" \/>\n<meta name=\"twitter:label1\" content=\"Est. reading time\" \/>\n\t<meta name=\"twitter:data1\" content=\"4 minutit\" \/>\n<script type=\"application\/ld+json\" class=\"yoast-schema-graph\">{\"@context\":\"https:\/\/schema.org\",\"@graph\":[{\"@type\":\"WebPage\",\"@id\":\"https:\/\/www.folklore.ee\/setoviisid\/viisitupoloogia-kellele-ja-milleks\/seto-leelo-viisitupoloogia-kui-rakenduslik-ressurss\/\",\"url\":\"https:\/\/www.folklore.ee\/setoviisid\/viisitupoloogia-kellele-ja-milleks\/seto-leelo-viisitupoloogia-kui-rakenduslik-ressurss\/\",\"name\":\"Seto leelo viisitypoloogia \u2013 praktiline t\u00f6\u00f6riist teadlastele ja huvilistele\",\"isPartOf\":{\"@id\":\"https:\/\/www.folklore.ee\/setoviisid\/#website\"},\"datePublished\":\"2024-08-12T15:52:58+00:00\",\"dateModified\":\"2025-08-01T12:19:13+00:00\",\"description\":\"Avasta Seto leelo viisitypoloogia kui praktiline t\u00f6\u00f6vahend \u2013 sirvi meloodialiike, kuula n\u00e4iteid ja m\u00f5ista traditsiooni s\u00fcgavust.\",\"breadcrumb\":{\"@id\":\"https:\/\/www.folklore.ee\/setoviisid\/viisitupoloogia-kellele-ja-milleks\/seto-leelo-viisitupoloogia-kui-rakenduslik-ressurss\/#breadcrumb\"},\"inLanguage\":\"et\",\"potentialAction\":[{\"@type\":\"ReadAction\",\"target\":[\"https:\/\/www.folklore.ee\/setoviisid\/viisitupoloogia-kellele-ja-milleks\/seto-leelo-viisitupoloogia-kui-rakenduslik-ressurss\/\"]}]},{\"@type\":\"BreadcrumbList\",\"@id\":\"https:\/\/www.folklore.ee\/setoviisid\/viisitupoloogia-kellele-ja-milleks\/seto-leelo-viisitupoloogia-kui-rakenduslik-ressurss\/#breadcrumb\",\"itemListElement\":[{\"@type\":\"ListItem\",\"position\":1,\"name\":\"Avaleht\",\"item\":\"https:\/\/www.folklore.ee\/setoviisid\/\"},{\"@type\":\"ListItem\",\"position\":2,\"name\":\"Viisit\u00fcpoloogia. Kellele ja milleks?\",\"item\":\"https:\/\/www.folklore.ee\/setoviisid\/viisitupoloogia-kellele-ja-milleks\/\"},{\"@type\":\"ListItem\",\"position\":3,\"name\":\"&#8220;Seto leelo viisit\u00fcpoloogia&#8221; kui rakenduslik ressurss\"}]},{\"@type\":\"WebSite\",\"@id\":\"https:\/\/www.folklore.ee\/setoviisid\/#website\",\"url\":\"https:\/\/www.folklore.ee\/setoviisid\/\",\"name\":\"Seto leelo viisit\u00fcpoloogia\",\"description\":\"\",\"potentialAction\":[{\"@type\":\"SearchAction\",\"target\":{\"@type\":\"EntryPoint\",\"urlTemplate\":\"https:\/\/www.folklore.ee\/setoviisid\/?s={search_term_string}\"},\"query-input\":\"required name=search_term_string\"}],\"inLanguage\":\"et\"}]}<\/script>\n<!-- \/ Yoast SEO plugin. -->","yoast_head_json":{"title":"Seto leelo viisitypoloogia \u2013 praktiline t\u00f6\u00f6riist teadlastele ja huvilistele","description":"Avasta Seto leelo viisitypoloogia kui praktiline t\u00f6\u00f6vahend \u2013 sirvi meloodialiike, kuula n\u00e4iteid ja m\u00f5ista traditsiooni s\u00fcgavust.","robots":{"index":"index","follow":"follow","max-snippet":"max-snippet:-1","max-image-preview":"max-image-preview:large","max-video-preview":"max-video-preview:-1"},"canonical":"https:\/\/www.folklore.ee\/setoviisid\/viisitupoloogia-kellele-ja-milleks\/seto-leelo-viisitupoloogia-kui-rakenduslik-ressurss\/","og_locale":"et_EE","og_type":"article","og_title":"Seto leelo viisitypoloogia \u2013 praktiline t\u00f6\u00f6riist teadlastele ja huvilistele","og_description":"Avasta Seto leelo viisitypoloogia kui praktiline t\u00f6\u00f6vahend \u2013 sirvi meloodialiike, kuula n\u00e4iteid ja m\u00f5ista traditsiooni s\u00fcgavust.","og_url":"https:\/\/www.folklore.ee\/setoviisid\/viisitupoloogia-kellele-ja-milleks\/seto-leelo-viisitupoloogia-kui-rakenduslik-ressurss\/","og_site_name":"Seto leelo viisit\u00fcpoloogia","article_modified_time":"2025-08-01T12:19:13+00:00","twitter_card":"summary_large_image","twitter_misc":{"Est. reading time":"4 minutit"},"schema":{"@context":"https:\/\/schema.org","@graph":[{"@type":"WebPage","@id":"https:\/\/www.folklore.ee\/setoviisid\/viisitupoloogia-kellele-ja-milleks\/seto-leelo-viisitupoloogia-kui-rakenduslik-ressurss\/","url":"https:\/\/www.folklore.ee\/setoviisid\/viisitupoloogia-kellele-ja-milleks\/seto-leelo-viisitupoloogia-kui-rakenduslik-ressurss\/","name":"Seto leelo viisitypoloogia \u2013 praktiline t\u00f6\u00f6riist teadlastele ja huvilistele","isPartOf":{"@id":"https:\/\/www.folklore.ee\/setoviisid\/#website"},"datePublished":"2024-08-12T15:52:58+00:00","dateModified":"2025-08-01T12:19:13+00:00","description":"Avasta Seto leelo viisitypoloogia kui praktiline t\u00f6\u00f6vahend \u2013 sirvi meloodialiike, kuula n\u00e4iteid ja m\u00f5ista traditsiooni s\u00fcgavust.","breadcrumb":{"@id":"https:\/\/www.folklore.ee\/setoviisid\/viisitupoloogia-kellele-ja-milleks\/seto-leelo-viisitupoloogia-kui-rakenduslik-ressurss\/#breadcrumb"},"inLanguage":"et","potentialAction":[{"@type":"ReadAction","target":["https:\/\/www.folklore.ee\/setoviisid\/viisitupoloogia-kellele-ja-milleks\/seto-leelo-viisitupoloogia-kui-rakenduslik-ressurss\/"]}]},{"@type":"BreadcrumbList","@id":"https:\/\/www.folklore.ee\/setoviisid\/viisitupoloogia-kellele-ja-milleks\/seto-leelo-viisitupoloogia-kui-rakenduslik-ressurss\/#breadcrumb","itemListElement":[{"@type":"ListItem","position":1,"name":"Avaleht","item":"https:\/\/www.folklore.ee\/setoviisid\/"},{"@type":"ListItem","position":2,"name":"Viisit\u00fcpoloogia. Kellele ja milleks?","item":"https:\/\/www.folklore.ee\/setoviisid\/viisitupoloogia-kellele-ja-milleks\/"},{"@type":"ListItem","position":3,"name":"&#8220;Seto leelo viisit\u00fcpoloogia&#8221; kui rakenduslik ressurss"}]},{"@type":"WebSite","@id":"https:\/\/www.folklore.ee\/setoviisid\/#website","url":"https:\/\/www.folklore.ee\/setoviisid\/","name":"Seto leelo viisit\u00fcpoloogia","description":"","potentialAction":[{"@type":"SearchAction","target":{"@type":"EntryPoint","urlTemplate":"https:\/\/www.folklore.ee\/setoviisid\/?s={search_term_string}"},"query-input":"required name=search_term_string"}],"inLanguage":"et"}]}},"_links":{"self":[{"href":"https:\/\/www.folklore.ee\/setoviisid\/wp-json\/wp\/v2\/pages\/1528","targetHints":{"allow":["GET"]}}],"collection":[{"href":"https:\/\/www.folklore.ee\/setoviisid\/wp-json\/wp\/v2\/pages"}],"about":[{"href":"https:\/\/www.folklore.ee\/setoviisid\/wp-json\/wp\/v2\/types\/page"}],"author":[{"embeddable":true,"href":"https:\/\/www.folklore.ee\/setoviisid\/wp-json\/wp\/v2\/users\/4"}],"replies":[{"embeddable":true,"href":"https:\/\/www.folklore.ee\/setoviisid\/wp-json\/wp\/v2\/comments?post=1528"}],"version-history":[{"count":11,"href":"https:\/\/www.folklore.ee\/setoviisid\/wp-json\/wp\/v2\/pages\/1528\/revisions"}],"predecessor-version":[{"id":5884,"href":"https:\/\/www.folklore.ee\/setoviisid\/wp-json\/wp\/v2\/pages\/1528\/revisions\/5884"}],"up":[{"embeddable":true,"href":"https:\/\/www.folklore.ee\/setoviisid\/wp-json\/wp\/v2\/pages\/1010"}],"wp:attachment":[{"href":"https:\/\/www.folklore.ee\/setoviisid\/wp-json\/wp\/v2\/media?parent=1528"}],"curies":[{"name":"wp","href":"https:\/\/api.w.org\/{rel}","templated":true}]}}