{"id":1320,"date":"2024-07-14T19:10:35","date_gmt":"2024-07-14T16:10:35","guid":{"rendered":"https:\/\/dev.wsys.ee\/seto\/?page_id=1320"},"modified":"2025-10-21T14:51:49","modified_gmt":"2025-10-21T11:51:49","slug":"tupoloogia-koostamise-pohimotted","status":"publish","type":"page","link":"https:\/\/www.folklore.ee\/setoviisid\/viisitupoloogia-koostamise-pohimotted\/tupoloogia-koostamise-pohimotted\/","title":{"rendered":"T\u00fcpoloogia struktuur ja kasutamine"},"content":{"rendered":"\n<p>Viisit\u00fcpoloogia puhul puudub universaalne meetod, mida saaks teaduslikust kirjandusest laenata ja rakendada igale rahvamuusika traditsioonile. Vastupidi \u2013 alati otsitakse unikaalset lahendust, l\u00e4htudes uuritava muusikatraditsiooni stiililisest omap\u00e4rast ja struktuurist. Viisit\u00fcpoloogia algne kontseptsioon tekib uurijal tema kogemuste p\u00f5hjal ja suurel m\u00e4\u00e4ral intuitiivselt. T\u00fcpoloogia koostamise protsessis leiab osa eelnevatest oletustest kinnitust, osa mitte, algne idee areneb, t\u00e4psustub ja teatud m\u00e4\u00e4ral ka muutub.<\/p>\n\n\n\n<p>Alustades t\u00f6\u00f6d seto leelo viisit\u00fcpoloogiaga, l\u00e4htusin kahest \u00fcldisemast h\u00fcpoteesist. Esimese h\u00fcpoteesi j\u00e4rgi t\u00e4idab seto lauluviiside identifitseerimisel peamist representatiivset rolli <a href=\"https:\/\/www.folklore.ee\/setoviisid\/seto-leelo-muusikalised-stiilid\/harmooniline-rutm\/\"><strong>harmooniline r\u00fctm<\/strong><\/a> \u2013 seto leelo omap\u00e4rane struktuurne n\u00e4htus, mis koordineerib mitmeh\u00e4\u00e4lsust ja viisivarieerimist. Teise h\u00fcpoteesi kohaselt jaguneb seto leelo viisirepertuaar kaheks p\u00f5hiliseks stiilikihiks, mille tunnuseks on <a href=\"https:\/\/www.folklore.ee\/setoviisid\/seto-leelo-muusikalised-stiilid\/rutm-ja-meetrum\/#:~:text=t%C3%BCpologiseerimise%20meetodi%20seisukohalt.-,R%C3%BCtmis%C3%BCsteemid,-Seto%20mitmeh%C3%A4%C3%A4lsetes%20lauludes\"><strong>r\u00fctmis\u00fcsteemi<\/strong><\/a> t\u00fc\u00fcp, mida m\u00e4\u00e4rab meetrumitasandite arv ja r\u00fctmiv\u00e4ltuste proportsionaalsus. T\u00fcpoloogia koostamise k\u00e4igus leidis esimene h\u00fcpotees t\u00e4ielikult kinnitust, mist\u00f5ttu siinses uurimuses sai harmoonilisest r\u00fctmimudelist otsustav tunnus viisit\u00fc\u00fcbi m\u00e4\u00e4ramisel. Lisaks harmoonilisele r\u00fctmile kasutasin viisit\u00fc\u00fcpe m\u00e4\u00e4rates ja r\u00fchmitades m\u00f5nikord ka teisi tunnuseid \u2013 peamiselt <a href=\"https:\/\/www.folklore.ee\/setoviisid\/seto-leelo-muusikalised-stiilid\/vormiehitus\/\"><strong>viisivormi<\/strong><\/a> ja <a href=\"https:\/\/www.folklore.ee\/setoviisid\/seto-leelo-muusikalised-stiilid\/rutm-ja-meetrum\/#:~:text=Meloodiline%20r%C3%BCtm%20ja%20silbir%C3%BCtm\"><strong>silbir\u00fctmi<\/strong><\/a>. Kinnituse sai ka h\u00fcpotees kahest r\u00fctmis\u00fcsteemist, sest leidsin palju viisit\u00fc\u00fcpe, mis kuuluvad selgelt neisse s\u00fcsteemidesse. Samas kogunes t\u00fcpologiseerimise k\u00e4igus suur hulk viisit\u00fc\u00fcpe, mis sobivad esimesse v\u00f5i teise r\u00fctmis\u00fcsteemi vaid osaliselt. Seejuures on neil \u00fchiseid jooni, mis ei sobi kumbagi s\u00fcsteemi. Nii tekkis idee kolmandast r\u00fctmis\u00fcsteemist, mille erip\u00e4ra on seotud \u201er\u00f5hulise v\u00e4rsi\u201c ja\/v\u00f5i \u201ejagava r\u00fctmi\u201c (<em>divisive rhythm<\/em>) printsiipidega.<\/p>\n\n\n\n<p>Kui kasutaja avab veebirakenduse, n\u00e4eb ta vasakul k\u00fclgmen\u00fc\u00fcd pealkirjaga \u201eT\u00fcpoloogia\u201c. See on veebirakenduse k\u00f5ige olulisem osa, mis esitleb seto leelo viisit\u00fcpoloogiat mitmetasandilise taksonoomilise puuna ning sisaldab viisit\u00fc\u00fcpide ja nende r\u00fchmade anal\u00fc\u00fctilisi kirjeldusi. Kuna selline puu ei mahuks tervikuna ekraanile, on see tehtud avatavaks ja suletavaks. Selleks tuleb kl\u00f5psata t\u00fcpoloogilise puu nuppudel, millel on tekst \u201eava\u201c ja \u201esulge\u201c. Veebirakenduse avamisel kuvatakse t\u00fcpoloogia suletud kujul, nii et n\u00e4htavad on ainult kolm \u00fcldjaotust \u2013 <a href=\"https:\/\/www.folklore.ee\/setoviisid\/tupoloogia\/rutmisusteem\/\"><strong>I r\u00fctmis\u00fcsteem<\/strong><\/a>, <a href=\"https:\/\/www.folklore.ee\/setoviisid\/tupoloogia\/rutmisusteem-iii\/\"><strong>II r\u00fctmis\u00fcsteem<\/strong><\/a> ja <a href=\"https:\/\/www.folklore.ee\/setoviisid\/tupoloogia\/rutmisusteem-2\/\"><strong>III r\u00fctmis\u00fcsteem<\/strong><\/a>. R\u00fctmis\u00fcsteemi avades tuleb n\u00e4htavale selle esimene alajaotus (n\u00e4iteks on <a href=\"https:\/\/www.folklore.ee\/setoviisid\/tupoloogia\/rutmisusteem\/\"><strong>I r\u00fctmis\u00fcsteemil<\/strong><\/a> kolm alar\u00fchma \u2013 <a href=\"https:\/\/www.folklore.ee\/setoviisid\/tupoloogia\/rutmisusteem\/kaheksandiknoodid-kahe-ja-kolmeloogilised-meetrumiruhmad\/\"><strong>I.A<\/strong><\/a>, <a href=\"https:\/\/www.folklore.ee\/setoviisid\/tupoloogia\/rutmisusteem\/i-a-3-uksikud-veerandnoodid-motiivide-kordused\/\"><strong>I.B<\/strong><\/a> ja <a href=\"https:\/\/www.folklore.ee\/setoviisid\/tupoloogia\/rutmisusteem\/lorem-ipsum-3\/\"><strong>I.C<\/strong><\/a>). Neid alajaotusi saab omakorda avada, kuni j\u00f5utakse viimase tasandini \u2013 konkreetse viisit\u00fc\u00fcbini (t\u00fcpoloogia puul on maksimaalselt viis tasandit). Viisit\u00fc\u00fcp v\u00f5ib asuda viiendal tasandil (n\u00e4iteks <a href=\"https:\/\/www.folklore.ee\/setoviisid\/tupoloogia\/rutmisusteem\/kaheksandiknoodid-kahe-ja-kolmeloogilised-meetrumiruhmad\/uksiku-kolmeloogilise-meetrumiruhmaga-viisid\/poora-aal-tantsulised-jutustavad-laulud-jt\/lorem-ipsum\/\"><strong>I.A.1.a<sub>1<\/sub><\/strong><\/a>), kuid juhul, kui r\u00fchmitamine l\u00f5peb k\u00f5rgemal tasandil, v\u00f5ib t\u00fc\u00fcp asuda ka m\u00f5nel teisel tasandil. N\u00e4iteks<strong>&nbsp;<a href=\"https:\/\/www.folklore.ee\/setoviisid\/tupoloogia\/rutmisusteem\/i-a-3-uksikud-veerandnoodid-motiivide-kordused\/motiivi-ox-oox-kordused\/\"><strong>I.B.2<\/strong><\/a><\/strong> on viisit\u00fc\u00fcp, mitte r\u00fchm). Viisit\u00fc\u00fcbi nupp erineb r\u00fchma nupust selle poolest, et seda ei saa enam edasi avada (puudub m\u00e4rk \u201eava\u201c). R\u00fchmade avamisel hiirekl\u00f5psuga m\u00e4rgil \u201eava\u201c avaneb ainult t\u00fcpoloogia struktuur (puu), kuid ei avane r\u00fchma kirjeldus. Selline lahendus v\u00f5imaldab vaadata t\u00fcpoloogia struktuuri, sulgemata seejuures teksti, mida parasjagu loed. R\u00fchma kirjelduse avamiseks peab kl\u00f5psama r\u00fchma nuppu v\u00e4ljaspool m\u00e4rki \u201eava\u201c (\u00fchtlasi avaneb ka t\u00fcpoloogia j\u00e4rgmise tasandi struktuur).<\/p>\n\n\n\n<p>Iga viisit\u00fcpoloogia nupu taga asub kas viisit\u00fc\u00fcpide r\u00fchma v\u00f5i viisit\u00fc\u00fcbi kirjeldav tekst. Selliseid kirjeldusi on kokku 223 ja neist 132 on viisit\u00fc\u00fcpide kirjeldused. Selleks, et saaks kiiresti tutvuda nuppude taga oleva sisuga, on igale nupule lisatud h\u00fcpikvihje alajaotuse pealkirjaga (n\u00e4iteks on nupu<strong>&nbsp;<a href=\"https:\/\/www.folklore.ee\/setoviisid\/tupoloogia\/rutmisusteem\/i-a-3-uksikud-veerandnoodid-motiivide-kordused\/motiivi-ox-oox-kordused\/\"><strong>I.B.2<\/strong><\/a><\/strong> h\u00fcpikvihje \u201eMotiivi Ox Oox kordused. <em>K\u00e4sikivilaul <\/em>jt\u201c).<\/p>\n\n\n\n<p>Nagu eelnevast jutust selgub, on igal viisit\u00fc\u00fcbil ja r\u00fchmal individuaalne numbritest ja t\u00e4htedest koosnev t\u00e4histus. Selle esimene osa \u2013 roomanumber (I, II ja III) \u2013 osutab r\u00fctmis\u00fcsteemile. Edasi j\u00e4rgnevad alajaotused kuni viisit\u00fc\u00fcbini. Sellised t\u00e4histused mitte ainult ei n\u00e4ita viisit\u00fc\u00fcbi v\u00f5i r\u00fchma kohta t\u00fcpoloogia s\u00fcsteemis, vaid on ka v\u00e4ga mugavad viitamisel viisit\u00fc\u00fcbile t\u00fcpoloogia tekstides, sest viisit\u00fc\u00fcbile v\u00f5i r\u00fchmale ei ole v\u00f5imalik anda l\u00fchikest s\u00f5nalist nimetust. Viisit\u00fcpoloogia tekstides on viisit\u00fc\u00fcpide ja r\u00fchmade t\u00e4histused alati paksus kirjas ja lingi funktsiooniga. Lingil kl\u00f5psates saab vaadata, millisest t\u00fcpoloogia alajaotusest on juttu. Linkideks on tehtud ka viited m\u00f5nele t\u00e4htsale teoreetilisele m\u00f5istele (nagu <strong><a href=\"https:\/\/www.folklore.ee\/setoviisid\/seto-leelo-muusikalised-stiilid\/harmooniline-rutm\/\"><strong>harmooniline r\u00fctm<\/strong><\/a><\/strong> v\u00f5i <a href=\"https:\/\/www.folklore.ee\/setoviisid\/seto-leelo-muusikalised-stiilid\/helilaadid\/#:~:text=juttu%20j%C3%A4rgnevates%20alapeat%C3%BCkkides.-,Pooltoon%2Dpoolteisttoon%2Dlaad,-Seto%20leelo%20muusikalise\"><strong>pooltoon-poolteisttoon-laad<\/strong><\/a>); need lingid viivad vastavatele sissejuhatavatele teoreetilistele sisulehtedele peamen\u00fc\u00fcst.<\/p>\n\n\n\n<p>Linkide s\u00fcsteem v\u00f5imaldab kasutajal valida endale k\u00f5ige mugavama mooduse t\u00fcpoloogiaga tutvumiseks. K\u00f5ik t\u00fcpoloogia artiklid on kirjutatud arvestusega, et need oleksid loetavad iseseisvalt, sellest tulenevad m\u00f5ned v\u00e4ltimatud kordused nende tekstides. Et artikli sisust s\u00fcgavamalt aru saada, on soovitatav kasutada teksti sees olevaid linke. See on eriti t\u00e4htis siis, kui alustada t\u00fcpoloogiaga tutvumist juhuslikust huvi pakkunud artiklist. Linke kasutades v\u00f5ib alguspunktist s\u00f5ltumata lahti harutada kogu t\u00fcpoloogia s\u00fcsteemi ning saada palju teada ka seto leelo muusikalisest stiilist \u00fcldisemalt.<\/p>\n\n\n\n<p>T\u00fcpoloogia alajaotuste pealkirjad viitavad viisit\u00fc\u00fcpi v\u00f5i viisit\u00fc\u00fcpide r\u00fchma eristavale tunnusele v\u00f5i tunnustekompleksile. Selleks v\u00f5ib olla harmoonilise r\u00fctmi mudel (<a href=\"https:\/\/www.folklore.ee\/setoviisid\/tupoloogia\/rutmisusteem-2\/reakordused-ja-luhiread\/reakordused-sh-pohirea-struktuuriga-refraanid\/rea-oo-xo-xx-oo-kordused\/\"><strong>III.A.1.a<\/strong><\/a> \u2013 Rea Oo Xo\/Oo Xx Oo kordused), numbritega v\u00e4lja kirjutatud silbir\u00fctmi mudel (<a href=\"https:\/\/www.folklore.ee\/setoviisid\/tupoloogia\/rutmisusteem-iii\/teine-poolrida-4444-ooxx-oooo-xxxx-oooo\/10-loogilised-viisid-64-erinev-harmooniline-rutm\/4-8-44-44-88-88-2-oo-oo-xo-xx-oo-nurmo-laul\/\"><strong>II.C.3.c<\/strong><\/a> \u2013 4. 8 \u2018 44 44 \u2018 88 88 2 (OO \u2018 OO XO \u2018 XX OO). <em>Nurm\u00f5laul<\/em>), aga ka viisi v\u00f5i teksti vormiehitus (<a href=\"https:\/\/www.folklore.ee\/setoviisid\/tupoloogia\/rutmisusteem-2\/reakordused-ja-luhiread\/reakordused-sh-pohirea-struktuuriga-refraanid\/rea-oo-xo-xx-oo-kordused\/oo-xo-oo-xx-oo-3-5-korda-tekst-ab-abrrr-sormemahkimise-mang-jt\/\"><strong>III.A.1.a<sub>11<\/sub><\/strong><\/a> \u2013 ||: Oo Xo\/Oo Xx Oo :|| 3\u20135 korda. Tekst A(B) || (AB)RRR. S\u00f5rmem\u00e4hkimise m\u00e4ng jt). Pealkirjades kasutatud s\u00fcmbolite t\u00e4hendused on seletatud lehel <a href=\"https:\/\/www.folklore.ee\/setoviisid\/viisitupoloogia-koostamise-pohimotted\/kasutajale\/\"><strong>Viisit\u00fc\u00fcbi kirjelduse struktuur<\/strong><\/a>. Siin mainin vaid, et silbir\u00fctmi mustreid ei olnud tehniliselt v\u00f5imalik pealkirjades noodim\u00e4rkidega kirjutada, mist\u00f5ttu kasutasin numbreid, kus 8 on kaheksandiknoot, 4 on veerandnoot jne.<\/p>\n\n\n\n<p>Madalama tasandi r\u00fchmade ja viisit\u00fc\u00fcpide kirjelduste pealkirjades ei korranud ma reeglina k\u00f5rgema tasandi tunnuseid (muidu oleksid pealkirjad liiga pikad), kuid neid on lihtne vaadata artikli pealkirja kohal olevalt skeemilt, mis n\u00e4itab \u201eteed\u201c avalehelt avatud sisuleheni:<\/p>\n\n\n\n<figure class=\"wp-block-image size-full\"><img loading=\"lazy\" decoding=\"async\" width=\"862\" height=\"180\" src=\"https:\/\/www.folklore.ee\/setoviisid\/wp-content\/uploads\/2025\/04\/Naide_Tupoloogia-struktuur.png\" alt=\"\" class=\"wp-image-4652\"\/><\/figure>\n\n\n\n<p>R\u00fchmade pealkirjad annavad hea \u00fclevaate nii viisit\u00fc\u00fcbi kohast viisit\u00fcpoloogia s\u00fcsteemis kui ka selle struktuursetest omadustest. Viisit\u00fc\u00fcpide kirjelduste pealkirjades nimetatakse sageli ka m\u00f5nda konkreetset laulu v\u00f5i laululiiki (<em>Nurm\u00f5laul<\/em>, S\u00f5rmem\u00e4hkimise m\u00e4ng), et anda kasutajale, kes juba orienteerub seto leelo repertuaaris, vihje, mis laulu v\u00f5i lauluviisiga on tegemist.<\/p>\n","protected":false},"excerpt":{"rendered":"<p>Viisit\u00fcpoloogia puhul puudub universaalne meetod, mida saaks teaduslikust kirjandusest laenata ja rakendada igale rahvamuusika traditsioonile. Vastupidi \u2013 alati otsitakse unikaalset lahendust, l\u00e4htudes uuritava muusikatraditsiooni stiililisest omap\u00e4rast ja struktuurist. Viisit\u00fcpoloogia algne kontseptsioon tekib uurijal tema kogemuste p\u00f5hjal ja suurel m\u00e4\u00e4ral intuitiivselt. T\u00fcpoloogia koostamise protsessis leiab osa eelnevatest oletustest kinnitust, osa mitte, algne idee areneb, t\u00e4psustub ja [&hellip;]<\/p>\n","protected":false},"author":4,"featured_media":0,"parent":1016,"menu_order":2,"comment_status":"closed","ping_status":"closed","template":"","meta":{"_acf_changed":false,"footnotes":""},"class_list":["post-1320","page","type-page","status-publish","hentry"],"acf":[],"yoast_head":"<!-- This site is optimized with the Yoast SEO plugin v23.0 - https:\/\/yoast.com\/wordpress\/plugins\/seo\/ -->\n<title>T\u00fcpoloogia struktuur ja kasutamine - Seto leelo viisit\u00fcpoloogia<\/title>\n<meta name=\"robots\" content=\"index, follow, max-snippet:-1, max-image-preview:large, max-video-preview:-1\" \/>\n<link rel=\"canonical\" href=\"https:\/\/www.folklore.ee\/setoviisid\/viisitupoloogia-koostamise-pohimotted\/tupoloogia-koostamise-pohimotted\/\" \/>\n<meta property=\"og:locale\" content=\"et_EE\" \/>\n<meta property=\"og:type\" content=\"article\" \/>\n<meta property=\"og:title\" content=\"T\u00fcpoloogia struktuur ja kasutamine - Seto leelo viisit\u00fcpoloogia\" \/>\n<meta property=\"og:description\" content=\"Viisit\u00fcpoloogia puhul puudub universaalne meetod, mida saaks teaduslikust kirjandusest laenata ja rakendada igale rahvamuusika traditsioonile. Vastupidi \u2013 alati otsitakse unikaalset lahendust, l\u00e4htudes uuritava muusikatraditsiooni stiililisest omap\u00e4rast ja struktuurist. Viisit\u00fcpoloogia algne kontseptsioon tekib uurijal tema kogemuste p\u00f5hjal ja suurel m\u00e4\u00e4ral intuitiivselt. T\u00fcpoloogia koostamise protsessis leiab osa eelnevatest oletustest kinnitust, osa mitte, algne idee areneb, t\u00e4psustub ja [&hellip;]\" \/>\n<meta property=\"og:url\" content=\"https:\/\/www.folklore.ee\/setoviisid\/viisitupoloogia-koostamise-pohimotted\/tupoloogia-koostamise-pohimotted\/\" \/>\n<meta property=\"og:site_name\" content=\"Seto leelo viisit\u00fcpoloogia\" \/>\n<meta property=\"article:modified_time\" content=\"2025-10-21T11:51:49+00:00\" \/>\n<meta property=\"og:image\" content=\"https:\/\/www.folklore.ee\/setoviisid\/wp-content\/uploads\/2025\/04\/Naide_Tupoloogia-struktuur.png\" \/>\n<meta name=\"twitter:card\" content=\"summary_large_image\" \/>\n<meta name=\"twitter:label1\" content=\"Est. reading time\" \/>\n\t<meta name=\"twitter:data1\" content=\"5 minutit\" \/>\n<script type=\"application\/ld+json\" class=\"yoast-schema-graph\">{\"@context\":\"https:\/\/schema.org\",\"@graph\":[{\"@type\":\"WebPage\",\"@id\":\"https:\/\/www.folklore.ee\/setoviisid\/viisitupoloogia-koostamise-pohimotted\/tupoloogia-koostamise-pohimotted\/\",\"url\":\"https:\/\/www.folklore.ee\/setoviisid\/viisitupoloogia-koostamise-pohimotted\/tupoloogia-koostamise-pohimotted\/\",\"name\":\"T\u00fcpoloogia struktuur ja kasutamine - Seto leelo viisit\u00fcpoloogia\",\"isPartOf\":{\"@id\":\"https:\/\/www.folklore.ee\/setoviisid\/#website\"},\"primaryImageOfPage\":{\"@id\":\"https:\/\/www.folklore.ee\/setoviisid\/viisitupoloogia-koostamise-pohimotted\/tupoloogia-koostamise-pohimotted\/#primaryimage\"},\"image\":{\"@id\":\"https:\/\/www.folklore.ee\/setoviisid\/viisitupoloogia-koostamise-pohimotted\/tupoloogia-koostamise-pohimotted\/#primaryimage\"},\"thumbnailUrl\":\"https:\/\/www.folklore.ee\/setoviisid\/wp-content\/uploads\/2025\/04\/Naide_Tupoloogia-struktuur.png\",\"datePublished\":\"2024-07-14T16:10:35+00:00\",\"dateModified\":\"2025-10-21T11:51:49+00:00\",\"breadcrumb\":{\"@id\":\"https:\/\/www.folklore.ee\/setoviisid\/viisitupoloogia-koostamise-pohimotted\/tupoloogia-koostamise-pohimotted\/#breadcrumb\"},\"inLanguage\":\"et\",\"potentialAction\":[{\"@type\":\"ReadAction\",\"target\":[\"https:\/\/www.folklore.ee\/setoviisid\/viisitupoloogia-koostamise-pohimotted\/tupoloogia-koostamise-pohimotted\/\"]}]},{\"@type\":\"ImageObject\",\"inLanguage\":\"et\",\"@id\":\"https:\/\/www.folklore.ee\/setoviisid\/viisitupoloogia-koostamise-pohimotted\/tupoloogia-koostamise-pohimotted\/#primaryimage\",\"url\":\"https:\/\/www.folklore.ee\/setoviisid\/wp-content\/uploads\/2025\/04\/Naide_Tupoloogia-struktuur.png\",\"contentUrl\":\"https:\/\/www.folklore.ee\/setoviisid\/wp-content\/uploads\/2025\/04\/Naide_Tupoloogia-struktuur.png\",\"width\":862,\"height\":180},{\"@type\":\"BreadcrumbList\",\"@id\":\"https:\/\/www.folklore.ee\/setoviisid\/viisitupoloogia-koostamise-pohimotted\/tupoloogia-koostamise-pohimotted\/#breadcrumb\",\"itemListElement\":[{\"@type\":\"ListItem\",\"position\":1,\"name\":\"Avaleht\",\"item\":\"https:\/\/www.folklore.ee\/setoviisid\/\"},{\"@type\":\"ListItem\",\"position\":2,\"name\":\"Veebirakenduse struktuur ja kasutamine\",\"item\":\"https:\/\/www.folklore.ee\/setoviisid\/viisitupoloogia-koostamise-pohimotted\/\"},{\"@type\":\"ListItem\",\"position\":3,\"name\":\"T\u00fcpoloogia struktuur ja kasutamine\"}]},{\"@type\":\"WebSite\",\"@id\":\"https:\/\/www.folklore.ee\/setoviisid\/#website\",\"url\":\"https:\/\/www.folklore.ee\/setoviisid\/\",\"name\":\"Seto leelo viisit\u00fcpoloogia\",\"description\":\"\",\"potentialAction\":[{\"@type\":\"SearchAction\",\"target\":{\"@type\":\"EntryPoint\",\"urlTemplate\":\"https:\/\/www.folklore.ee\/setoviisid\/?s={search_term_string}\"},\"query-input\":\"required name=search_term_string\"}],\"inLanguage\":\"et\"}]}<\/script>\n<!-- \/ Yoast SEO plugin. -->","yoast_head_json":{"title":"T\u00fcpoloogia struktuur ja kasutamine - Seto leelo viisit\u00fcpoloogia","robots":{"index":"index","follow":"follow","max-snippet":"max-snippet:-1","max-image-preview":"max-image-preview:large","max-video-preview":"max-video-preview:-1"},"canonical":"https:\/\/www.folklore.ee\/setoviisid\/viisitupoloogia-koostamise-pohimotted\/tupoloogia-koostamise-pohimotted\/","og_locale":"et_EE","og_type":"article","og_title":"T\u00fcpoloogia struktuur ja kasutamine - Seto leelo viisit\u00fcpoloogia","og_description":"Viisit\u00fcpoloogia puhul puudub universaalne meetod, mida saaks teaduslikust kirjandusest laenata ja rakendada igale rahvamuusika traditsioonile. Vastupidi \u2013 alati otsitakse unikaalset lahendust, l\u00e4htudes uuritava muusikatraditsiooni stiililisest omap\u00e4rast ja struktuurist. Viisit\u00fcpoloogia algne kontseptsioon tekib uurijal tema kogemuste p\u00f5hjal ja suurel m\u00e4\u00e4ral intuitiivselt. T\u00fcpoloogia koostamise protsessis leiab osa eelnevatest oletustest kinnitust, osa mitte, algne idee areneb, t\u00e4psustub ja [&hellip;]","og_url":"https:\/\/www.folklore.ee\/setoviisid\/viisitupoloogia-koostamise-pohimotted\/tupoloogia-koostamise-pohimotted\/","og_site_name":"Seto leelo viisit\u00fcpoloogia","article_modified_time":"2025-10-21T11:51:49+00:00","og_image":[{"url":"https:\/\/www.folklore.ee\/setoviisid\/wp-content\/uploads\/2025\/04\/Naide_Tupoloogia-struktuur.png"}],"twitter_card":"summary_large_image","twitter_misc":{"Est. reading time":"5 minutit"},"schema":{"@context":"https:\/\/schema.org","@graph":[{"@type":"WebPage","@id":"https:\/\/www.folklore.ee\/setoviisid\/viisitupoloogia-koostamise-pohimotted\/tupoloogia-koostamise-pohimotted\/","url":"https:\/\/www.folklore.ee\/setoviisid\/viisitupoloogia-koostamise-pohimotted\/tupoloogia-koostamise-pohimotted\/","name":"T\u00fcpoloogia struktuur ja kasutamine - Seto leelo viisit\u00fcpoloogia","isPartOf":{"@id":"https:\/\/www.folklore.ee\/setoviisid\/#website"},"primaryImageOfPage":{"@id":"https:\/\/www.folklore.ee\/setoviisid\/viisitupoloogia-koostamise-pohimotted\/tupoloogia-koostamise-pohimotted\/#primaryimage"},"image":{"@id":"https:\/\/www.folklore.ee\/setoviisid\/viisitupoloogia-koostamise-pohimotted\/tupoloogia-koostamise-pohimotted\/#primaryimage"},"thumbnailUrl":"https:\/\/www.folklore.ee\/setoviisid\/wp-content\/uploads\/2025\/04\/Naide_Tupoloogia-struktuur.png","datePublished":"2024-07-14T16:10:35+00:00","dateModified":"2025-10-21T11:51:49+00:00","breadcrumb":{"@id":"https:\/\/www.folklore.ee\/setoviisid\/viisitupoloogia-koostamise-pohimotted\/tupoloogia-koostamise-pohimotted\/#breadcrumb"},"inLanguage":"et","potentialAction":[{"@type":"ReadAction","target":["https:\/\/www.folklore.ee\/setoviisid\/viisitupoloogia-koostamise-pohimotted\/tupoloogia-koostamise-pohimotted\/"]}]},{"@type":"ImageObject","inLanguage":"et","@id":"https:\/\/www.folklore.ee\/setoviisid\/viisitupoloogia-koostamise-pohimotted\/tupoloogia-koostamise-pohimotted\/#primaryimage","url":"https:\/\/www.folklore.ee\/setoviisid\/wp-content\/uploads\/2025\/04\/Naide_Tupoloogia-struktuur.png","contentUrl":"https:\/\/www.folklore.ee\/setoviisid\/wp-content\/uploads\/2025\/04\/Naide_Tupoloogia-struktuur.png","width":862,"height":180},{"@type":"BreadcrumbList","@id":"https:\/\/www.folklore.ee\/setoviisid\/viisitupoloogia-koostamise-pohimotted\/tupoloogia-koostamise-pohimotted\/#breadcrumb","itemListElement":[{"@type":"ListItem","position":1,"name":"Avaleht","item":"https:\/\/www.folklore.ee\/setoviisid\/"},{"@type":"ListItem","position":2,"name":"Veebirakenduse struktuur ja kasutamine","item":"https:\/\/www.folklore.ee\/setoviisid\/viisitupoloogia-koostamise-pohimotted\/"},{"@type":"ListItem","position":3,"name":"T\u00fcpoloogia struktuur ja kasutamine"}]},{"@type":"WebSite","@id":"https:\/\/www.folklore.ee\/setoviisid\/#website","url":"https:\/\/www.folklore.ee\/setoviisid\/","name":"Seto leelo viisit\u00fcpoloogia","description":"","potentialAction":[{"@type":"SearchAction","target":{"@type":"EntryPoint","urlTemplate":"https:\/\/www.folklore.ee\/setoviisid\/?s={search_term_string}"},"query-input":"required name=search_term_string"}],"inLanguage":"et"}]}},"_links":{"self":[{"href":"https:\/\/www.folklore.ee\/setoviisid\/wp-json\/wp\/v2\/pages\/1320","targetHints":{"allow":["GET"]}}],"collection":[{"href":"https:\/\/www.folklore.ee\/setoviisid\/wp-json\/wp\/v2\/pages"}],"about":[{"href":"https:\/\/www.folklore.ee\/setoviisid\/wp-json\/wp\/v2\/types\/page"}],"author":[{"embeddable":true,"href":"https:\/\/www.folklore.ee\/setoviisid\/wp-json\/wp\/v2\/users\/4"}],"replies":[{"embeddable":true,"href":"https:\/\/www.folklore.ee\/setoviisid\/wp-json\/wp\/v2\/comments?post=1320"}],"version-history":[{"count":19,"href":"https:\/\/www.folklore.ee\/setoviisid\/wp-json\/wp\/v2\/pages\/1320\/revisions"}],"predecessor-version":[{"id":6293,"href":"https:\/\/www.folklore.ee\/setoviisid\/wp-json\/wp\/v2\/pages\/1320\/revisions\/6293"}],"up":[{"embeddable":true,"href":"https:\/\/www.folklore.ee\/setoviisid\/wp-json\/wp\/v2\/pages\/1016"}],"wp:attachment":[{"href":"https:\/\/www.folklore.ee\/setoviisid\/wp-json\/wp\/v2\/media?parent=1320"}],"curies":[{"name":"wp","href":"https:\/\/api.w.org\/{rel}","templated":true}]}}