{"id":1016,"date":"2024-06-18T13:10:52","date_gmt":"2024-06-18T10:10:52","guid":{"rendered":"https:\/\/dev.wsys.ee\/seto\/?page_id=1016"},"modified":"2025-08-01T14:57:37","modified_gmt":"2025-08-01T11:57:37","slug":"viisitupoloogia-koostamise-pohimotted","status":"publish","type":"page","link":"https:\/\/www.folklore.ee\/setoviisid\/viisitupoloogia-koostamise-pohimotted\/","title":{"rendered":"Veebirakenduse struktuur ja kasutamine"},"content":{"rendered":"\n<p>Selle sektsiooni eesm\u00e4rk on aidata kasutajal h\u00f5lpsamini orienteeruda \u201eSeto leelo viisit\u00fcpoloogia\u201c veebirakenduses ja m\u00e4rgata selle v\u00f5imalusi. Selleks annan ettekujutuse veebirakenduse \u00fclesehitusest, viisit\u00fcpoloogia \u00fcldisest struktuurist ja viisit\u00fc\u00fcpide kirjeldamise s\u00fcsteemist ning juhin t\u00e4helepanu ka m\u00f5nele tehnilisele detailile.<\/p>\n\n\n\n<p>Veebirakenduse avalehel leiab projekti \u00fcldise tutvustuse. P\u00f5hisisu juurde viib aga kaks men\u00fc\u00fcd \u2013 peamen\u00fc\u00fc (\u00fclemine nupurida) ja k\u00fclgmen\u00fc\u00fc (vasakul). Peamen\u00fc\u00fc artiklid on enamasti sissejuhatava sisuga ja nende p\u00f5hi\u00fclesanne on anda veebirakenduse kasutajale informatsiooni, mis on vajalik viiside t\u00fcpologiseerimise p\u00f5him\u00f5tetest ja anal\u00fc\u00fctilistest tekstidest arusaamiseks. Viisit\u00fcpoloogia ise avaneb k\u00fclgmen\u00fc\u00fcs, mis kujutab endast t\u00fcpoloogia taksonoomilist puud ning mida saab avada ja sulgeda. See koosneb 223 sisulehest, mis sisaldavad viisit\u00fc\u00fcpide ja viisit\u00fc\u00fcpide r\u00fchmade kirjeldusi.<\/p>\n\n\n\n<p>Peamen\u00fc\u00fc koosneb neljast sektsioonist ehk peamen\u00fc\u00fclehtedest ja alamlehtedest (alamlehtedele viivad rippmen\u00fc\u00fcd). Peamen\u00fc\u00fc esimeses sektsioonis, <a href=\"https:\/\/www.folklore.ee\/setoviisid\/viisitupoloogia-kellele-ja-milleks\/\"><strong>Viisit\u00fcpoloogia. Kellele ja milleks?<\/strong><\/a>, on sissejuhatavad tekstid, kus selgitan uurimuse teaduslikke ja rakenduslikke eesm\u00e4rke ning metodoloogiat. Uurimuse teoreetilist tausta ja metodoloogiat avab p\u00f5hjalikult alamleht <a href=\"https:\/\/www.folklore.ee\/setoviisid\/viisitupoloogia-kellele-ja-milleks\/viisitupoloogia-rahvamuusika-uuringutes\/\"><strong>Viisit\u00fcpoloogia etnomusikoloogias. Teoreetiline sissejuhatus<\/strong><\/a>. Alamleht<strong> <\/strong><a href=\"https:\/\/www.folklore.ee\/setoviisid\/viisitupoloogia-kellele-ja-milleks\/seto-leelo-viisitupoloogia-kui-rakenduslik-ressurss\/\"><strong>\u201eSeto leelo viisit\u00fcpoloogia\u201d kui rakenduslik ressurss<\/strong><\/a> on adresseeritud seto leelo esitajatele ja huvilistele ning selgitab, mille poolest k\u00e4esolev veebirakendus v\u00f5iks neile kasulik olla.<\/p>\n\n\n\n<p>Teine sektsioon, <a href=\"https:\/\/www.folklore.ee\/setoviisid\/seto-leelo\/\"><strong>Seto leelo<\/strong><\/a>, tutvustab seto leelo traditsiooni \u00fcldisemalt. Selle alamlehed on p\u00fchendatud seto laululiikidele ja esituskontekstile. Laululiikide s\u00fcsteemi tutvustab l\u00fchidalt alamleht <a href=\"https:\/\/www.folklore.ee\/setoviisid\/seto-leelo\/alamleht\/\"><strong>Laululiigid ja esituskontekst<\/strong><\/a>. Teine alamleht, <a href=\"https:\/\/www.folklore.ee\/setoviisid\/seto-leelo\/alamlehe-pealkiri\/\"><strong>Laululiigid ja viisit\u00fc\u00fcbid<\/strong><\/a>, n\u00e4itab tabeli kujul seto leelo laululiikide ja viisit\u00fc\u00fcpide seoseid \u2013 milliseid viisit\u00fc\u00fcpe kasutatakse \u00fches v\u00f5i teises laululiigis. See tabel kujutab endast \u00fchte t\u00fcpoloogilise uurimuse tulemust, millel on nii teaduslik kui ka praktiline v\u00e4\u00e4rtus, sest selle abil saab otsida viisit\u00fc\u00fcpe laululiikide j\u00e4rgi.<\/p>\n\n\n\n<p>Kolmas sektsioon, <a href=\"https:\/\/www.folklore.ee\/setoviisid\/seto-leelo-muusikalised-stiilid\/\"><strong>Seto leelo muusikaline stiil<\/strong><\/a>, tutvustab p\u00f5hjalikumalt seto leelo omap\u00e4rast muusikalist stiili, keskendudes selle olulisematele ilmingutele. Leelo muusikastiili eri aspektidele on p\u00fchendatud alamlehed: <a href=\"https:\/\/www.folklore.ee\/setoviisid\/seto-leelo-muusikalised-stiilid\/mitmehaalsus\/\"><strong>Mitmeh\u00e4\u00e4lsus<\/strong><\/a>, <a href=\"https:\/\/www.folklore.ee\/setoviisid\/seto-leelo-muusikalised-stiilid\/helilaadid\/\"><strong>Helilaadid<\/strong><\/a>, <a href=\"https:\/\/www.folklore.ee\/setoviisid\/seto-leelo-muusikalised-stiilid\/rutm-ja-meetrum\/\"><strong>R\u00fctm ja meetrum<\/strong><\/a>, <a href=\"https:\/\/www.folklore.ee\/setoviisid\/seto-leelo-muusikalised-stiilid\/harmooniline-rutm\/\"><strong>Harmooniline r\u00fctm<\/strong><\/a>, <a href=\"https:\/\/www.folklore.ee\/setoviisid\/seto-leelo-muusikalised-stiilid\/vormiehitus\/\"><strong>Vormiehitus<\/strong><\/a> ja <a href=\"https:\/\/www.folklore.ee\/setoviisid\/seto-leelo-muusikalised-stiilid\/esitamisviis\/\"><strong>Esitusviis<\/strong><\/a>. Kasutajale on tutvustus vajalik, et m\u00f5ista viisit\u00fcpoloogia teaduslikke tekste \u2013 t\u00fcpoloogia \u00fcksuste (viisit\u00fc\u00fcpide ja viisit\u00fc\u00fcpide r\u00fchmade) anal\u00fc\u00fctilisi kirjeldusi ja muud teoreetilist arutelu. Seal selgitan ka uurimuses kasutatud spetsiifilist terminoloogiat.<\/p>\n\n\n\n<p>K\u00e4esolev sektsioon, <strong>Veebirakenduse struktuur ja kasutamine<\/strong>, on peamen\u00fc\u00fc neljas sektsioon ja selle funktsioone on osaliselt tutvustatud juba eespool. Siin sektsioonis on kolm alamlehte. Esimene neist, <a href=\"https:\/\/www.folklore.ee\/setoviisid\/viisitupoloogia-koostamise-pohimotted\/tupoloogia-koostamise-pohimotted\/\"><strong>T\u00fcpoloogia struktuur ja kasutamine<\/strong><\/a>, tutvustab hierarhilise t\u00fcpoloogia mitmetasandilist s\u00fcsteemi ja annab kasutajale soovitusi, kuidas seda mahukat materjali paremini k\u00e4sitleda ja selle sisu omandada. Teine alamleht, <a href=\"https:\/\/www.folklore.ee\/setoviisid\/viisitupoloogia-koostamise-pohimotted\/kasutajale\/\"><strong>Viisit\u00fc\u00fcbi kirjelduse struktuur<\/strong><\/a>, seletab, kuidas viisit\u00fc\u00fcpide kirjeldused on t\u00fcpoloogias struktureeritud. K\u00f5ik viisit\u00fc\u00fcpide kirjeldused j\u00e4rgivad sama skeemi ja koosnevad samadest osadest. Kirjelduste struktuur ja osade t\u00e4hendused n\u00f5uavad eelnevat p\u00f5hjendust ja selgitust. Viimane alamleht, <a href=\"https:\/\/www.folklore.ee\/setoviisid\/viisitupoloogia-koostamise-pohimotted\/kasutatud-kirjandus\/\"><strong>Allikad ja kirjandus<\/strong><\/a>, sisaldab viiteid arhiiviallikatele ja teaduskirjandusele, mida on kasutatud p\u00f5hiliselt veebirakenduse sissejuhatavates artiklides.<\/p>\n\n\n\n<p>\u00dcldise soovitusena lisan, et kasutaja v\u00f5ib valida erinevaid strateegiaid veebirakenduse sisuga tutvumiseks. V\u00f5ib lugeda j\u00e4rjest rakenduse sisulehti, liikudes esmalt peamen\u00fc\u00fcs vasakult paremale ja seej\u00e4rel k\u00fclgmen\u00fc\u00fcs \u00fclevalt alla. Samas v\u00f5iks olla isegi veel t\u00f5husam alustada k\u00fclgmen\u00fc\u00fcs asuva t\u00fcpoloogia uurimist suuremate r\u00fchmade kirjeldustest \u2013 lugeda k\u00f5igepealt <a href=\"https:\/\/www.folklore.ee\/setoviisid\/tupoloogia\/rutmisusteem\/\"><strong>I r\u00fctmis\u00fcsteemi<\/strong><\/a>, <a href=\"https:\/\/www.folklore.ee\/setoviisid\/tupoloogia\/rutmisusteem-iii\/\"><strong>II r\u00fctmis\u00fcsteemi<\/strong><\/a> ja <a href=\"https:\/\/www.folklore.ee\/setoviisid\/tupoloogia\/rutmisusteem-2\/\"><strong>III r\u00fctmis\u00fcsteemi<\/strong><\/a> kirjeldusi, seej\u00e4rel tutvuda iga r\u00fctmis\u00fcsteemi alar\u00fchmade kirjeldustega ja l\u00f5petada konkreetsete viisit\u00fc\u00fcpide kirjeldustega. Tuleb arvestada, et noodi- ja helin\u00e4ited asuvad viisit\u00fc\u00fcpide kirjeldustes ning nende vaatamiseks ja kuulamiseks tuleks p\u00f6\u00f6rduda viisit\u00fc\u00fcpide kirjelduste poole. Kasutaja, kes on huvitatud k\u00e4esolevast veebirakendusest eelk\u00f5ige kui allikapublikatsioonist, v\u00f5iks kohe avada t\u00fcpoloogia men\u00fc\u00fc viisit\u00fc\u00fcpide kirjeldusi, mis sisaldavad lisaks muusikalistele n\u00e4idetele ka arhiiviviiteid sama viisit\u00fc\u00fcbi teistele esitustele.<\/p>\n\n\n\n<p>\u201cSeto leelo viisit\u00fcpoloogia\u201c elektrooniline vorm v\u00f5imaldab t\u00e4nu linkide s\u00fcsteemile vabalt sisutekstide vahel liikuda. K\u00f5igil viisit\u00fc\u00fcpidel ja viisit\u00fc\u00fcpide r\u00fchmadel on numbritest ja t\u00e4htedest koosnevad unikaalsed t\u00e4histused, n\u00e4iteks <a href=\"https:\/\/www.folklore.ee\/setoviisid\/tupoloogia\/rutmisusteem\/kaheksandiknoodid-kahe-ja-kolmeloogilised-meetrumiruhmad\/uksiku-kolmeloogilise-meetrumiruhmaga-viisid\/\"><strong>I.A.1<\/strong><\/a>, <a href=\"https:\/\/www.folklore.ee\/setoviisid\/tupoloogia\/rutmisusteem-iii\/regulaarse-meetrumiga-viisid\/kuueloogiline-meetrum-6-4\/pohirida-ooooxo-silbirutm-4-8-44-88-88-4\/\"><strong>II.E.4.a<\/strong><\/a> v\u00f5i <a href=\"https:\/\/www.folklore.ee\/setoviisid\/tupoloogia\/rutmisusteem-2\/viisirida-88-88-44-22\/mudel-oooo-oooxoooo\/viisivorm-ab-ab\/tekst-ra-ra-refraan-hoi-tara-voi-tara-4-88-4-88\/\"><strong>III.C.1.a<sub>2<\/sub><\/strong><\/a>. Need on esile t\u00f5stetud paksu kirjaga ja toimivad alati linkidena, nii et neile klikkides saab vaadata, millisest r\u00fchmast v\u00f5i viisit\u00fc\u00fcbist tekstis juttu on. Samuti toimivad linkidena viited t\u00e4htsatele muusikalistele m\u00f5istetele, n\u00e4iteks <a href=\"https:\/\/www.folklore.ee\/setoviisid\/seto-leelo-muusikalised-stiilid\/harmooniline-rutm\/\"><strong>harmooniline r\u00fctm<\/strong><\/a>, <a href=\"https:\/\/www.folklore.ee\/setoviisid\/seto-leelo-muusikalised-stiilid\/helilaadid\/#:~:text=juttu%20j%C3%A4rgnevates%20alapeat%C3%BCkkides.-,Pooltoon%2Dpoolteisttoon%2Dlaad,-Seto%20leelo%20muusikalise\"><strong>pooltoon-poolteisttoon-laad<\/strong><\/a>, <a href=\"https:\/\/www.folklore.ee\/setoviisid\/seto-leelo-muusikalised-stiilid\/helilaadid\/#:~:text=6%20ja%209).-,Helilaadide%20segunemine,-Kuigi%20eelpool%20kirjeldatud\"><strong>helilaadide segunemine<\/strong><\/a> ja m\u00f5ned teised. M\u00f5istete lingid viivad peamen\u00fc\u00fc vastavate teoreetiliste artiklite v\u00f5i nende osadeni.<\/p>\n","protected":false},"excerpt":{"rendered":"<p>Selle sektsiooni eesm\u00e4rk on aidata kasutajal h\u00f5lpsamini orienteeruda \u201eSeto leelo viisit\u00fcpoloogia\u201c veebirakenduses ja m\u00e4rgata selle v\u00f5imalusi. Selleks annan ettekujutuse veebirakenduse \u00fclesehitusest, viisit\u00fcpoloogia \u00fcldisest struktuurist ja viisit\u00fc\u00fcpide kirjeldamise s\u00fcsteemist ning juhin t\u00e4helepanu ka m\u00f5nele tehnilisele detailile. Veebirakenduse avalehel leiab projekti \u00fcldise tutvustuse. P\u00f5hisisu juurde viib aga kaks men\u00fc\u00fcd \u2013 peamen\u00fc\u00fc (\u00fclemine nupurida) ja k\u00fclgmen\u00fc\u00fc (vasakul). Peamen\u00fc\u00fc [&hellip;]<\/p>\n","protected":false},"author":3,"featured_media":0,"parent":0,"menu_order":0,"comment_status":"closed","ping_status":"closed","template":"","meta":{"_acf_changed":false,"footnotes":""},"class_list":["post-1016","page","type-page","status-publish","hentry"],"acf":[],"yoast_head":"<!-- This site is optimized with the Yoast SEO plugin v23.0 - https:\/\/yoast.com\/wordpress\/plugins\/seo\/ -->\n<title>Seto leelo veebirakendus \u2013 struktuur ja kasutusjuhend<\/title>\n<meta name=\"description\" content=\"Tutvu Seto leelo veebirakenduse struktuuri ja kasutusv\u00f5imalustega \u2013 selged men\u00fc\u00fcd, praktilised n\u00e4ited ja loogiline \u00fclesehitus aitavad kiiresti orienteeruda.\" \/>\n<meta name=\"robots\" content=\"index, follow, max-snippet:-1, max-image-preview:large, max-video-preview:-1\" \/>\n<link rel=\"canonical\" href=\"https:\/\/www.folklore.ee\/setoviisid\/viisitupoloogia-koostamise-pohimotted\/\" \/>\n<meta property=\"og:locale\" content=\"et_EE\" \/>\n<meta property=\"og:type\" content=\"article\" \/>\n<meta property=\"og:title\" content=\"Seto leelo veebirakendus \u2013 struktuur ja kasutusjuhend\" \/>\n<meta property=\"og:description\" content=\"Tutvu Seto leelo veebirakenduse struktuuri ja kasutusv\u00f5imalustega \u2013 selged men\u00fc\u00fcd, praktilised n\u00e4ited ja loogiline \u00fclesehitus aitavad kiiresti orienteeruda.\" \/>\n<meta property=\"og:url\" content=\"https:\/\/www.folklore.ee\/setoviisid\/viisitupoloogia-koostamise-pohimotted\/\" \/>\n<meta property=\"og:site_name\" content=\"Seto leelo viisit\u00fcpoloogia\" \/>\n<meta property=\"article:modified_time\" content=\"2025-08-01T11:57:37+00:00\" \/>\n<meta name=\"twitter:card\" content=\"summary_large_image\" \/>\n<meta name=\"twitter:label1\" content=\"Est. reading time\" \/>\n\t<meta name=\"twitter:data1\" content=\"4 minutit\" \/>\n<script type=\"application\/ld+json\" class=\"yoast-schema-graph\">{\"@context\":\"https:\/\/schema.org\",\"@graph\":[{\"@type\":\"WebPage\",\"@id\":\"https:\/\/www.folklore.ee\/setoviisid\/viisitupoloogia-koostamise-pohimotted\/\",\"url\":\"https:\/\/www.folklore.ee\/setoviisid\/viisitupoloogia-koostamise-pohimotted\/\",\"name\":\"Seto leelo veebirakendus \u2013 struktuur ja kasutusjuhend\",\"isPartOf\":{\"@id\":\"https:\/\/www.folklore.ee\/setoviisid\/#website\"},\"datePublished\":\"2024-06-18T10:10:52+00:00\",\"dateModified\":\"2025-08-01T11:57:37+00:00\",\"description\":\"Tutvu Seto leelo veebirakenduse struktuuri ja kasutusv\u00f5imalustega \u2013 selged men\u00fc\u00fcd, praktilised n\u00e4ited ja loogiline \u00fclesehitus aitavad kiiresti orienteeruda.\",\"breadcrumb\":{\"@id\":\"https:\/\/www.folklore.ee\/setoviisid\/viisitupoloogia-koostamise-pohimotted\/#breadcrumb\"},\"inLanguage\":\"et\",\"potentialAction\":[{\"@type\":\"ReadAction\",\"target\":[\"https:\/\/www.folklore.ee\/setoviisid\/viisitupoloogia-koostamise-pohimotted\/\"]}]},{\"@type\":\"BreadcrumbList\",\"@id\":\"https:\/\/www.folklore.ee\/setoviisid\/viisitupoloogia-koostamise-pohimotted\/#breadcrumb\",\"itemListElement\":[{\"@type\":\"ListItem\",\"position\":1,\"name\":\"Avaleht\",\"item\":\"https:\/\/www.folklore.ee\/setoviisid\/\"},{\"@type\":\"ListItem\",\"position\":2,\"name\":\"Veebirakenduse struktuur ja kasutamine\"}]},{\"@type\":\"WebSite\",\"@id\":\"https:\/\/www.folklore.ee\/setoviisid\/#website\",\"url\":\"https:\/\/www.folklore.ee\/setoviisid\/\",\"name\":\"Seto leelo viisit\u00fcpoloogia\",\"description\":\"\",\"potentialAction\":[{\"@type\":\"SearchAction\",\"target\":{\"@type\":\"EntryPoint\",\"urlTemplate\":\"https:\/\/www.folklore.ee\/setoviisid\/?s={search_term_string}\"},\"query-input\":\"required name=search_term_string\"}],\"inLanguage\":\"et\"}]}<\/script>\n<!-- \/ Yoast SEO plugin. -->","yoast_head_json":{"title":"Seto leelo veebirakendus \u2013 struktuur ja kasutusjuhend","description":"Tutvu Seto leelo veebirakenduse struktuuri ja kasutusv\u00f5imalustega \u2013 selged men\u00fc\u00fcd, praktilised n\u00e4ited ja loogiline \u00fclesehitus aitavad kiiresti orienteeruda.","robots":{"index":"index","follow":"follow","max-snippet":"max-snippet:-1","max-image-preview":"max-image-preview:large","max-video-preview":"max-video-preview:-1"},"canonical":"https:\/\/www.folklore.ee\/setoviisid\/viisitupoloogia-koostamise-pohimotted\/","og_locale":"et_EE","og_type":"article","og_title":"Seto leelo veebirakendus \u2013 struktuur ja kasutusjuhend","og_description":"Tutvu Seto leelo veebirakenduse struktuuri ja kasutusv\u00f5imalustega \u2013 selged men\u00fc\u00fcd, praktilised n\u00e4ited ja loogiline \u00fclesehitus aitavad kiiresti orienteeruda.","og_url":"https:\/\/www.folklore.ee\/setoviisid\/viisitupoloogia-koostamise-pohimotted\/","og_site_name":"Seto leelo viisit\u00fcpoloogia","article_modified_time":"2025-08-01T11:57:37+00:00","twitter_card":"summary_large_image","twitter_misc":{"Est. reading time":"4 minutit"},"schema":{"@context":"https:\/\/schema.org","@graph":[{"@type":"WebPage","@id":"https:\/\/www.folklore.ee\/setoviisid\/viisitupoloogia-koostamise-pohimotted\/","url":"https:\/\/www.folklore.ee\/setoviisid\/viisitupoloogia-koostamise-pohimotted\/","name":"Seto leelo veebirakendus \u2013 struktuur ja kasutusjuhend","isPartOf":{"@id":"https:\/\/www.folklore.ee\/setoviisid\/#website"},"datePublished":"2024-06-18T10:10:52+00:00","dateModified":"2025-08-01T11:57:37+00:00","description":"Tutvu Seto leelo veebirakenduse struktuuri ja kasutusv\u00f5imalustega \u2013 selged men\u00fc\u00fcd, praktilised n\u00e4ited ja loogiline \u00fclesehitus aitavad kiiresti orienteeruda.","breadcrumb":{"@id":"https:\/\/www.folklore.ee\/setoviisid\/viisitupoloogia-koostamise-pohimotted\/#breadcrumb"},"inLanguage":"et","potentialAction":[{"@type":"ReadAction","target":["https:\/\/www.folklore.ee\/setoviisid\/viisitupoloogia-koostamise-pohimotted\/"]}]},{"@type":"BreadcrumbList","@id":"https:\/\/www.folklore.ee\/setoviisid\/viisitupoloogia-koostamise-pohimotted\/#breadcrumb","itemListElement":[{"@type":"ListItem","position":1,"name":"Avaleht","item":"https:\/\/www.folklore.ee\/setoviisid\/"},{"@type":"ListItem","position":2,"name":"Veebirakenduse struktuur ja kasutamine"}]},{"@type":"WebSite","@id":"https:\/\/www.folklore.ee\/setoviisid\/#website","url":"https:\/\/www.folklore.ee\/setoviisid\/","name":"Seto leelo viisit\u00fcpoloogia","description":"","potentialAction":[{"@type":"SearchAction","target":{"@type":"EntryPoint","urlTemplate":"https:\/\/www.folklore.ee\/setoviisid\/?s={search_term_string}"},"query-input":"required name=search_term_string"}],"inLanguage":"et"}]}},"_links":{"self":[{"href":"https:\/\/www.folklore.ee\/setoviisid\/wp-json\/wp\/v2\/pages\/1016","targetHints":{"allow":["GET"]}}],"collection":[{"href":"https:\/\/www.folklore.ee\/setoviisid\/wp-json\/wp\/v2\/pages"}],"about":[{"href":"https:\/\/www.folklore.ee\/setoviisid\/wp-json\/wp\/v2\/types\/page"}],"author":[{"embeddable":true,"href":"https:\/\/www.folklore.ee\/setoviisid\/wp-json\/wp\/v2\/users\/3"}],"replies":[{"embeddable":true,"href":"https:\/\/www.folklore.ee\/setoviisid\/wp-json\/wp\/v2\/comments?post=1016"}],"version-history":[{"count":20,"href":"https:\/\/www.folklore.ee\/setoviisid\/wp-json\/wp\/v2\/pages\/1016\/revisions"}],"predecessor-version":[{"id":5838,"href":"https:\/\/www.folklore.ee\/setoviisid\/wp-json\/wp\/v2\/pages\/1016\/revisions\/5838"}],"wp:attachment":[{"href":"https:\/\/www.folklore.ee\/setoviisid\/wp-json\/wp\/v2\/media?parent=1016"}],"curies":[{"name":"wp","href":"https:\/\/api.w.org\/{rel}","templated":true}]}}