{"id":1014,"date":"2024-06-18T13:10:43","date_gmt":"2024-06-18T10:10:43","guid":{"rendered":"https:\/\/dev.wsys.ee\/seto\/?page_id=1014"},"modified":"2025-10-19T19:46:44","modified_gmt":"2025-10-19T16:46:44","slug":"seto-leelo-muusikalised-stiilid","status":"publish","type":"page","link":"https:\/\/www.folklore.ee\/setoviisid\/seto-leelo-muusikalised-stiilid\/","title":{"rendered":"Seto leelo muusikaline stiil"},"content":{"rendered":"\n<p>Seto leelo viisit\u00fcpoloogia, mida esitleb k\u00e4esolev veebirakendus, p\u00f5hineb k\u00f5igepealt muusika anal\u00fc\u00fcsil ja eeldab muusikateoreetilist k\u00e4sitlust ning vastavate terminite kasutamist. Seega tuleb viisit\u00fcpoloogia m\u00f5istmiseks tutvuda seto leelo muusikastiili(de) p\u00f5hiomaduste ja nende uurimise problemaatikaga. Seto leelotraditsioon pakub muusikaanal\u00fc\u00fcsi jaoks palju p\u00f5nevaid teemasid, sest see h\u00e4sti s\u00e4ilinud iidne mitmeh\u00e4\u00e4lne laulutraditsioon on silmapaistvalt omap\u00e4rane nii regionaalses kui ka palju laiemas m\u00f5\u00f5tmes.<\/p>\n\n\n\n<p>R\u00e4\u00e4kides seto leelo vanemast muusikalisest stiilist, kasutatakse sageli s\u00f5nu \u201cebatavaline\u201d, \u201charuldane\u201d, \u201cunikaalne\u201d, sest paljud leelo stiilijooned esinevad kogu maailma traditsioonilises muusikas t\u00f5esti v\u00e4ga harva. Nii on \u00fcheks unikaalseks ja saladuslikuks n\u00e4htuseks seto <a href=\"https:\/\/www.folklore.ee\/setoviisid\/seto-leelo-muusikalised-stiilid\/helilaadid\/#:~:text=juttu%20j%C3%A4rgnevates%20alapeat%C3%BCkkides.-,Pooltoon%2Dpoolteisttoon%2Dlaad,-Seto%20leelo%20muusikalise\"><strong>pooltoon-poolteisttoon-laad<\/strong><\/a> \u2013 ebatavalise s\u00fcmmeetrilise struktuuriga mittetempereeritud helirida, mis on omane seto leelo vanematele liikidele (itkudele, t\u00f6\u00f6- ja tavandilauludele). Selle helireaga on seotud ka erilised intonatsioonilised ilmingud \u2013 astmetevaheliste intervallide varieerimine ja (mikro)alteratsioon, mis lisavad seto lauludele spetsiifilist k\u00f5lav\u00e4rvi. Seto viiside veel \u00fcheks huvitavaks omaduseks on \u00fcsna rangelt v\u00e4ljapeetud binaarne harmooniline s\u00fcsteem ja sellest tulenev <a href=\"https:\/\/www.folklore.ee\/setoviisid\/seto-leelo-muusikalised-stiilid\/harmooniline-rutm\/\"><strong>harmoonilise r\u00fctmi<\/strong><\/a> n\u00e4htus. Omap\u00e4rased on ka seto laulu r\u00fctmistruktuur, eriline \u201celastne\u201d tempo ja r\u00fctmitunnetus \u2013 suhteliselt l\u00fchikese melostroofi jooksul v\u00f5ib toimuda mitmeid tempo (mikro)muutusi ning esineb ka palju r\u00fctmilisi n\u00fcansse. Ja l\u00f5puks ei saa mainimata j\u00e4tta v\u00e4ga ebatavalist esitusv\u00f5tet, mida setod nimetavad <em><a href=\"https:\/\/www.folklore.ee\/setoviisid\/seto-leelo-muusikalised-stiilid\/esitamisviis\/\"><strong>kerg\u00fct\u00e4miseks <\/strong><\/a><\/em>\u2013 eeslaulja poolt l\u00e4bi viidud j\u00e4rske laskuvaid \u201cmodulatsioone\u201d, millele eelneb helik\u00f5rgustaseme (&#8220;helistiku&#8221;) j\u00e4rkj\u00e4rguline t\u00f5us.&nbsp;<\/p>\n\n\n\n<p>Seto leelo muusikaline s\u00fcsteem on v\u00e4ga mitmekesine ja mahukas teema, mis v\u00e4\u00e4riks p\u00f5hjalikku k\u00e4sitlemist eraldi monograafias. Sellise uurimuse, omamoodi \u201cSeto leelo muusikateooria\u201d, plaanin tulevikus v\u00e4lja anda omaette raamatuna. Plaani teostumisel saab k\u00e4esolevast \u201cSeto leelo viisit\u00fcpoloogia\u201d veebirakendusest monograafia lisa, kust saab vaadata noodin\u00e4iteid ja kuulata helisalvestisi. Elektroonilise \u201cSeto leelo viisit\u00fcpoloogia\u201d eraldi kasutamiseks on aga vaja l\u00fchemat \u00fclevaadet, mis annab p\u00f5hiteadmised seto viiside muusikalise stiili eri aspektidest. Need on h\u00e4davajalikud, et aru saada viisit\u00fcpoloogia koostamise p\u00f5him\u00f5tetest ja viisit\u00fc\u00fcpide anal\u00fc\u00fctilistest kirjeldustest.<\/p>\n\n\n\n<p>Siinse sektsiooni alamlehtedel (vt rippmen\u00fc\u00fc) peatun eelk\u00f5ige seto leelo muusikalise s\u00fcsteemi neil aspektidel, millel p\u00f5hineb viisit\u00fc\u00fcpide m\u00e4\u00e4ramine ja r\u00fchmitamine ning viisit\u00fcpoloogia hierarhilise s\u00fcsteemi loomine. Nendeks aspektideks on k\u00f5igepealt harmooniline r\u00fctm (vt <a href=\"https:\/\/www.folklore.ee\/setoviisid\/seto-leelo-muusikalised-stiilid\/harmooniline-rutm\/\"><strong>Harmooniline r\u00fctm<\/strong><\/a>), r\u00fctmis\u00fcsteemi teised ilmingud nagu meloodia- ja silbir\u00fctm (vt <a href=\"https:\/\/www.folklore.ee\/setoviisid\/seto-leelo-muusikalised-stiilid\/rutm-ja-meetrum\/\"><strong>R\u00fctm ja meetrum<\/strong><\/a>) ning viisivorm ja selle seos s\u00f5nalise teksti struktuuriga (vt <a href=\"https:\/\/www.folklore.ee\/setoviisid\/seto-leelo-muusikalised-stiilid\/vormiehitus\/\"><strong>Vormiehitus<\/strong><\/a>). Samas tutvustan ka neid stiilitunnuseid, mida seto viisit\u00fc\u00fcpide m\u00e4\u00e4ramisel otseselt ei kasutata, kuid mis on seto leelo muusikalise stiili seisukohalt v\u00e4ga olulised ja millest tuleb juttu viisit\u00fc\u00fcpide kirjeldamisel. Nendeks stiili aspektideks on mitmeh\u00e4\u00e4lse faktuuri ehitus (vt <a href=\"https:\/\/www.folklore.ee\/setoviisid\/seto-leelo-muusikalised-stiilid\/mitmehaalsus\/\"><strong>Mitmeh\u00e4\u00e4lsus<\/strong><\/a>) ja helilaadide s\u00fcsteem, mis on t\u00e4htis kriteerium seto leelo ajalooliste stiilide eristamisel (vt <a href=\"https:\/\/www.folklore.ee\/setoviisid\/seto-leelo-muusikalised-stiilid\/helilaadid\/\"><strong>Helilaadid<\/strong><\/a>). Samuti peaks \u201cSeto leelo viisit\u00fcpoloogia\u201d kasutajal olema ettekujutus seto mitmeh\u00e4\u00e4lsete laulude traditsioonilisest esitusviisist, kus on oluline eeslaulja ja koori vahekord, ning <em>kerg\u00fct\u00e4mise<\/em> v\u00f5ttest, mis ei ole otseselt seotud viisit\u00fc\u00fcpide eristamise v\u00f5i kirjeldamisega, kuid on v\u00e4ga omap\u00e4rane esitusstiili element (vt <a href=\"https:\/\/www.folklore.ee\/setoviisid\/seto-leelo-muusikalised-stiilid\/esitamisviis\/\"><strong>Esitusviis<\/strong><\/a>).<\/p>\n","protected":false},"excerpt":{"rendered":"<p>Seto leelo viisit\u00fcpoloogia, mida esitleb k\u00e4esolev veebirakendus, p\u00f5hineb k\u00f5igepealt muusika anal\u00fc\u00fcsil ja eeldab muusikateoreetilist k\u00e4sitlust ning vastavate terminite kasutamist. Seega tuleb viisit\u00fcpoloogia m\u00f5istmiseks tutvuda seto leelo muusikastiili(de) p\u00f5hiomaduste ja nende uurimise problemaatikaga. Seto leelotraditsioon pakub muusikaanal\u00fc\u00fcsi jaoks palju p\u00f5nevaid teemasid, sest see h\u00e4sti s\u00e4ilinud iidne mitmeh\u00e4\u00e4lne laulutraditsioon on silmapaistvalt omap\u00e4rane nii regionaalses kui ka palju [&hellip;]<\/p>\n","protected":false},"author":3,"featured_media":0,"parent":0,"menu_order":0,"comment_status":"closed","ping_status":"closed","template":"","meta":{"_acf_changed":false,"footnotes":""},"class_list":["post-1014","page","type-page","status-publish","hentry"],"acf":[],"yoast_head":"<!-- This site is optimized with the Yoast SEO plugin v23.0 - https:\/\/yoast.com\/wordpress\/plugins\/seo\/ -->\n<title>Seto leelo muusikaline stiil \u2013 k\u00f5la, r\u00fctm ja erip\u00e4ra<\/title>\n<meta name=\"description\" content=\"Seto leelo muusikaline stiil \u00fchendab ainulaadse k\u00f5la, r\u00fctmi ja h\u00e4\u00e4leseaded, mis erinevad tavap\u00e4rastest muusikastruktuuridest kogu maailmas.\" \/>\n<meta name=\"robots\" content=\"index, follow, max-snippet:-1, max-image-preview:large, max-video-preview:-1\" \/>\n<link rel=\"canonical\" href=\"https:\/\/www.folklore.ee\/setoviisid\/seto-leelo-muusikalised-stiilid\/\" \/>\n<meta property=\"og:locale\" content=\"et_EE\" \/>\n<meta property=\"og:type\" content=\"article\" \/>\n<meta property=\"og:title\" content=\"Seto leelo muusikaline stiil \u2013 k\u00f5la, r\u00fctm ja erip\u00e4ra\" \/>\n<meta property=\"og:description\" content=\"Seto leelo muusikaline stiil \u00fchendab ainulaadse k\u00f5la, r\u00fctmi ja h\u00e4\u00e4leseaded, mis erinevad tavap\u00e4rastest muusikastruktuuridest kogu maailmas.\" \/>\n<meta property=\"og:url\" content=\"https:\/\/www.folklore.ee\/setoviisid\/seto-leelo-muusikalised-stiilid\/\" \/>\n<meta property=\"og:site_name\" content=\"Seto leelo viisit\u00fcpoloogia\" \/>\n<meta property=\"article:modified_time\" content=\"2025-10-19T16:46:44+00:00\" \/>\n<meta name=\"twitter:card\" content=\"summary_large_image\" \/>\n<meta name=\"twitter:label1\" content=\"Est. reading time\" \/>\n\t<meta name=\"twitter:data1\" content=\"3 minutit\" \/>\n<script type=\"application\/ld+json\" class=\"yoast-schema-graph\">{\"@context\":\"https:\/\/schema.org\",\"@graph\":[{\"@type\":\"WebPage\",\"@id\":\"https:\/\/www.folklore.ee\/setoviisid\/seto-leelo-muusikalised-stiilid\/\",\"url\":\"https:\/\/www.folklore.ee\/setoviisid\/seto-leelo-muusikalised-stiilid\/\",\"name\":\"Seto leelo muusikaline stiil \u2013 k\u00f5la, r\u00fctm ja erip\u00e4ra\",\"isPartOf\":{\"@id\":\"https:\/\/www.folklore.ee\/setoviisid\/#website\"},\"datePublished\":\"2024-06-18T10:10:43+00:00\",\"dateModified\":\"2025-10-19T16:46:44+00:00\",\"description\":\"Seto leelo muusikaline stiil \u00fchendab ainulaadse k\u00f5la, r\u00fctmi ja h\u00e4\u00e4leseaded, mis erinevad tavap\u00e4rastest muusikastruktuuridest kogu maailmas.\",\"breadcrumb\":{\"@id\":\"https:\/\/www.folklore.ee\/setoviisid\/seto-leelo-muusikalised-stiilid\/#breadcrumb\"},\"inLanguage\":\"et\",\"potentialAction\":[{\"@type\":\"ReadAction\",\"target\":[\"https:\/\/www.folklore.ee\/setoviisid\/seto-leelo-muusikalised-stiilid\/\"]}]},{\"@type\":\"BreadcrumbList\",\"@id\":\"https:\/\/www.folklore.ee\/setoviisid\/seto-leelo-muusikalised-stiilid\/#breadcrumb\",\"itemListElement\":[{\"@type\":\"ListItem\",\"position\":1,\"name\":\"Avaleht\",\"item\":\"https:\/\/www.folklore.ee\/setoviisid\/\"},{\"@type\":\"ListItem\",\"position\":2,\"name\":\"Seto leelo muusikaline stiil\"}]},{\"@type\":\"WebSite\",\"@id\":\"https:\/\/www.folklore.ee\/setoviisid\/#website\",\"url\":\"https:\/\/www.folklore.ee\/setoviisid\/\",\"name\":\"Seto leelo viisit\u00fcpoloogia\",\"description\":\"\",\"potentialAction\":[{\"@type\":\"SearchAction\",\"target\":{\"@type\":\"EntryPoint\",\"urlTemplate\":\"https:\/\/www.folklore.ee\/setoviisid\/?s={search_term_string}\"},\"query-input\":\"required name=search_term_string\"}],\"inLanguage\":\"et\"}]}<\/script>\n<!-- \/ Yoast SEO plugin. -->","yoast_head_json":{"title":"Seto leelo muusikaline stiil \u2013 k\u00f5la, r\u00fctm ja erip\u00e4ra","description":"Seto leelo muusikaline stiil \u00fchendab ainulaadse k\u00f5la, r\u00fctmi ja h\u00e4\u00e4leseaded, mis erinevad tavap\u00e4rastest muusikastruktuuridest kogu maailmas.","robots":{"index":"index","follow":"follow","max-snippet":"max-snippet:-1","max-image-preview":"max-image-preview:large","max-video-preview":"max-video-preview:-1"},"canonical":"https:\/\/www.folklore.ee\/setoviisid\/seto-leelo-muusikalised-stiilid\/","og_locale":"et_EE","og_type":"article","og_title":"Seto leelo muusikaline stiil \u2013 k\u00f5la, r\u00fctm ja erip\u00e4ra","og_description":"Seto leelo muusikaline stiil \u00fchendab ainulaadse k\u00f5la, r\u00fctmi ja h\u00e4\u00e4leseaded, mis erinevad tavap\u00e4rastest muusikastruktuuridest kogu maailmas.","og_url":"https:\/\/www.folklore.ee\/setoviisid\/seto-leelo-muusikalised-stiilid\/","og_site_name":"Seto leelo viisit\u00fcpoloogia","article_modified_time":"2025-10-19T16:46:44+00:00","twitter_card":"summary_large_image","twitter_misc":{"Est. reading time":"3 minutit"},"schema":{"@context":"https:\/\/schema.org","@graph":[{"@type":"WebPage","@id":"https:\/\/www.folklore.ee\/setoviisid\/seto-leelo-muusikalised-stiilid\/","url":"https:\/\/www.folklore.ee\/setoviisid\/seto-leelo-muusikalised-stiilid\/","name":"Seto leelo muusikaline stiil \u2013 k\u00f5la, r\u00fctm ja erip\u00e4ra","isPartOf":{"@id":"https:\/\/www.folklore.ee\/setoviisid\/#website"},"datePublished":"2024-06-18T10:10:43+00:00","dateModified":"2025-10-19T16:46:44+00:00","description":"Seto leelo muusikaline stiil \u00fchendab ainulaadse k\u00f5la, r\u00fctmi ja h\u00e4\u00e4leseaded, mis erinevad tavap\u00e4rastest muusikastruktuuridest kogu maailmas.","breadcrumb":{"@id":"https:\/\/www.folklore.ee\/setoviisid\/seto-leelo-muusikalised-stiilid\/#breadcrumb"},"inLanguage":"et","potentialAction":[{"@type":"ReadAction","target":["https:\/\/www.folklore.ee\/setoviisid\/seto-leelo-muusikalised-stiilid\/"]}]},{"@type":"BreadcrumbList","@id":"https:\/\/www.folklore.ee\/setoviisid\/seto-leelo-muusikalised-stiilid\/#breadcrumb","itemListElement":[{"@type":"ListItem","position":1,"name":"Avaleht","item":"https:\/\/www.folklore.ee\/setoviisid\/"},{"@type":"ListItem","position":2,"name":"Seto leelo muusikaline stiil"}]},{"@type":"WebSite","@id":"https:\/\/www.folklore.ee\/setoviisid\/#website","url":"https:\/\/www.folklore.ee\/setoviisid\/","name":"Seto leelo viisit\u00fcpoloogia","description":"","potentialAction":[{"@type":"SearchAction","target":{"@type":"EntryPoint","urlTemplate":"https:\/\/www.folklore.ee\/setoviisid\/?s={search_term_string}"},"query-input":"required name=search_term_string"}],"inLanguage":"et"}]}},"_links":{"self":[{"href":"https:\/\/www.folklore.ee\/setoviisid\/wp-json\/wp\/v2\/pages\/1014","targetHints":{"allow":["GET"]}}],"collection":[{"href":"https:\/\/www.folklore.ee\/setoviisid\/wp-json\/wp\/v2\/pages"}],"about":[{"href":"https:\/\/www.folklore.ee\/setoviisid\/wp-json\/wp\/v2\/types\/page"}],"author":[{"embeddable":true,"href":"https:\/\/www.folklore.ee\/setoviisid\/wp-json\/wp\/v2\/users\/3"}],"replies":[{"embeddable":true,"href":"https:\/\/www.folklore.ee\/setoviisid\/wp-json\/wp\/v2\/comments?post=1014"}],"version-history":[{"count":23,"href":"https:\/\/www.folklore.ee\/setoviisid\/wp-json\/wp\/v2\/pages\/1014\/revisions"}],"predecessor-version":[{"id":6273,"href":"https:\/\/www.folklore.ee\/setoviisid\/wp-json\/wp\/v2\/pages\/1014\/revisions\/6273"}],"wp:attachment":[{"href":"https:\/\/www.folklore.ee\/setoviisid\/wp-json\/wp\/v2\/media?parent=1014"}],"curies":[{"name":"wp","href":"https:\/\/api.w.org\/{rel}","templated":true}]}}