{"id":1012,"date":"2024-06-18T13:10:35","date_gmt":"2024-06-18T10:10:35","guid":{"rendered":"https:\/\/dev.wsys.ee\/seto\/?page_id=1012"},"modified":"2025-10-08T10:31:00","modified_gmt":"2025-10-08T07:31:00","slug":"seto-leelo","status":"publish","type":"page","link":"https:\/\/www.folklore.ee\/setoviisid\/seto-leelo\/","title":{"rendered":"Seto leelo"},"content":{"rendered":"\n<p>Seto <em>leelo<\/em>, iidse p\u00e4ritoluga mitmeh\u00e4\u00e4lne rahvalaul, on \u00fcks v\u00e4heseid j\u00e4rjepideva traditsioonina t\u00e4naseni s\u00e4ilinud vanema laulukultuuri vorme Eestis. Leelo on seto kultuuri m\u00e4rgiline n\u00e4htus, sellel on sajandeid olnud v\u00e4ga oluline roll setode traditsioonilises eluviisis ja see on endiselt seto etnilise identiteedi \u00fclit\u00e4htis osa. Seto leelo on oma kultuurilis-geograafilises kontekstis v\u00e4ga omap\u00e4rane rahvalaulustiil, erinedes m\u00e4rkimisv\u00e4\u00e4rselt nii eesti kui ka naaberrahvaste rahvalaulust. Seto leelo ajalooline p\u00e4ritolu on seni lahendamata m\u00f5istatus \u2013 oletatavasti on see mingi arhailise kultuuri kild, mis on s\u00e4ilinud meie ajani t\u00e4nu setode pikaajalisele kultuurilisele ja keelelisele isoleeritusele.<\/p>\n\n\n\n<p>Eesti regilaulu kontekstis teeb seto leelo ainulaadseks juba selle <a href=\"https:\/\/www.folklore.ee\/setoviisid\/seto-leelo-muusikalised-stiilid\/mitmehaalsus\/\"><strong>mitmeh\u00e4\u00e4lne esitusvorm<\/strong><\/a>. Eesti regilaul on p\u00f5him\u00f5tteliselt \u00fcheh\u00e4\u00e4lne stiil isegi siis, kui lauldakse mitmekesi, setod laulavad aga alati mitmeh\u00e4\u00e4lselt, v.a surnuitke, karjaselaule, h\u00e4llilaule ja m\u00f5nda teist spetsiifilist soololaululiiki. Mitmeh\u00e4\u00e4lsus on setode muusikalise m\u00f5tlemise alus, ilma milleta nad laulmist ette ei kujuta. Mitmeh\u00e4\u00e4lsusele lisanduvad ka teised omap\u00e4rad \u2013 erilised <a href=\"https:\/\/www.folklore.ee\/setoviisid\/seto-leelo-muusikalised-stiilid\/helilaadid\/\"><strong>helilaadid<\/strong><\/a> (m\u00f5ni neist on v\u00e4ga haruldane ka maailma mastaabis), spetsiifiline <a href=\"https:\/\/www.folklore.ee\/setoviisid\/seto-leelo-muusikalised-stiilid\/harmooniline-rutm\/\"><strong>harmoonilise r\u00fctmi<\/strong><\/a> n\u00e4htus, regilaulule mitteomased <a href=\"https:\/\/www.folklore.ee\/setoviisid\/seto-leelo-muusikalised-stiilid\/rutm-ja-meetrum\/\"><strong>r\u00fctmimudelid<\/strong><\/a> ja <a href=\"https:\/\/www.folklore.ee\/setoviisid\/seto-leelo-muusikalised-stiilid\/vormiehitus\/\"><strong>viisivormid<\/strong><\/a>, erilised <a href=\"https:\/\/www.folklore.ee\/setoviisid\/seto-leelo-muusikalised-stiilid\/esitamisviis\/\"><strong>esitusv\u00f5tted<\/strong><\/a> (nagu <em>kerg\u00fct\u00e4mine<\/em>) jm. K\u00f5ik see teeb seto leelo ainulaadseks laulutraditsiooniks nii kohalikus kui ka laiemas rahvamuusika kontekstis.<\/p>\n\n\n\n<p>Seto rahvalaulu muudab v\u00e4ga v\u00e4\u00e4rtuslikuks arhailiste stiilin\u00e4htuste ebatavaliselt hea s\u00e4ilimine ajas. Vanema seto laulu m\u00f5ned stiilijooned on t\u00f5elised muusikalised reliktid, mis heidavad valgust muusikalise m\u00f5tlemise ajaloo varastele staadiumidele. Samas on seto leelo mitmekesine ja mitmekihiline muusikaline kultuur, kus eksisteerivad koos erineva vanuse ja oletatavasti ka eri p\u00e4ritoluga stiilikihistused ning arvukad laululiigid. Ja l\u00f5puks on erilise v\u00e4\u00e4rtusega ka muusikatraditsiooni j\u00e4rjepidevus<em> \u2013 <\/em>vaatamata m\u00f5ningatele muutustele ja kaotustele on traditsioon seto kogukonna jaoks endiselt aktuaalne. Seto leelokooride arv on hetkel \u00fcsna suur, nende liikmed on erinevas vanuses, erineva sotsiaalse ja haridusliku taustaga ning vastavalt ka erineva motivatsiooniga, mis k\u00f5ik kokku loob elava ja d\u00fcnaamilise kultuuritraditsiooni. Seto leelo t\u00e4htsust kultuurip\u00e4randina on tunnustatud ka rahvusvaheliselt \u2013 2009. aastal kanti see UNESCO inimkonna vaimse kultuurip\u00e4randi esindusnimistusse.<\/p>\n\n\n\n<p>Seto leelo on kompleksne ja mitmetahuline kultuurin\u00e4htus, kus omavahel p\u00f5imuvad erinevad tegurid \u2013 v\u00e4rsiehitus, laulutekstide sisu, muusikaline stiil, laulude esituskontekst jm. Uurimuse teemat arvestades ei ole seda k\u00f5ike v\u00f5imalik ega ka vajalik siin h\u00f5lmata. Siin sektsioonis puudutan l\u00fchidalt seto laululiike ja esituskonteksti (vt alaleht <a href=\"https:\/\/www.folklore.ee\/setoviisid\/seto-leelo\/alamleht\/\"><strong>Laululiigid ja esituskontekst<\/strong><\/a>) ning n\u00e4itan tabeli kujul laululiikide seoseid viisit\u00fc\u00fcpidega (vt <a href=\"https:\/\/www.folklore.ee\/setoviisid\/seto-leelo\/alamlehe-pealkiri\/\"><strong>Laululiigid ja viisit\u00fc\u00fcbid<\/strong><\/a>). Viimane pakub mitte ainult v\u00e4\u00e4rtuslikku teaduslikku teavet, vaid v\u00f5ib olla kasulik ka veebirakenduse praktikutest kasutajatele, kui neil on huvi leida repertuaari t\u00e4iendamiseks viisit\u00fc\u00fcpe laululiigi j\u00e4rgi (n\u00e4iteks selgitada v\u00e4lja, milliste viisidega lauldakse urbep\u00e4evalaule v\u00f5i kiigelaule). Seto leelo muusikalist stiili puudutavaid teemasid k\u00e4sitlen sektsiooni <a href=\"https:\/\/www.folklore.ee\/setoviisid\/seto-leelo-muusikalised-stiilid\/\"><strong>Seto leelo muusikaline stiil<\/strong><\/a> artiklites.<\/p>\n\n\n\n<p><\/p>\n","protected":false},"excerpt":{"rendered":"<p>Seto leelo, iidse p\u00e4ritoluga mitmeh\u00e4\u00e4lne rahvalaul, on \u00fcks v\u00e4heseid j\u00e4rjepideva traditsioonina t\u00e4naseni s\u00e4ilinud vanema laulukultuuri vorme Eestis. Leelo on seto kultuuri m\u00e4rgiline n\u00e4htus, sellel on sajandeid olnud v\u00e4ga oluline roll setode traditsioonilises eluviisis ja see on endiselt seto etnilise identiteedi \u00fclit\u00e4htis osa. Seto leelo on oma kultuurilis-geograafilises kontekstis v\u00e4ga omap\u00e4rane rahvalaulustiil, erinedes m\u00e4rkimisv\u00e4\u00e4rselt nii eesti [&hellip;]<\/p>\n","protected":false},"author":3,"featured_media":0,"parent":0,"menu_order":0,"comment_status":"closed","ping_status":"closed","template":"","meta":{"_acf_changed":false,"footnotes":""},"class_list":["post-1012","page","type-page","status-publish","hentry"],"acf":[],"yoast_head":"<!-- This site is optimized with the Yoast SEO plugin v23.0 - https:\/\/yoast.com\/wordpress\/plugins\/seo\/ -->\n<title>Seto leelo visiitipoloogia \u2013 laululiikide t\u00e4hendus ja kasutus<\/title>\n<meta name=\"description\" content=\"Seto leelo visiitipoloogia selgitab, kuidas liigituvad traditsioonilised laulut\u00fc\u00fcbid ja mida need r\u00e4\u00e4givad seto kultuuri v\u00e4\u00e4rtustest ja kasutusviisidest.\" \/>\n<meta name=\"robots\" content=\"index, follow, max-snippet:-1, max-image-preview:large, max-video-preview:-1\" \/>\n<link rel=\"canonical\" href=\"https:\/\/www.folklore.ee\/setoviisid\/seto-leelo\/\" \/>\n<meta property=\"og:locale\" content=\"et_EE\" \/>\n<meta property=\"og:type\" content=\"article\" \/>\n<meta property=\"og:title\" content=\"Seto leelo visiitipoloogia \u2013 laululiikide t\u00e4hendus ja kasutus\" \/>\n<meta property=\"og:description\" content=\"Seto leelo visiitipoloogia selgitab, kuidas liigituvad traditsioonilised laulut\u00fc\u00fcbid ja mida need r\u00e4\u00e4givad seto kultuuri v\u00e4\u00e4rtustest ja kasutusviisidest.\" \/>\n<meta property=\"og:url\" content=\"https:\/\/www.folklore.ee\/setoviisid\/seto-leelo\/\" \/>\n<meta property=\"og:site_name\" content=\"Seto leelo viisit\u00fcpoloogia\" \/>\n<meta property=\"article:modified_time\" content=\"2025-10-08T07:31:00+00:00\" \/>\n<meta name=\"twitter:card\" content=\"summary_large_image\" \/>\n<meta name=\"twitter:label1\" content=\"Est. reading time\" \/>\n\t<meta name=\"twitter:data1\" content=\"3 minutit\" \/>\n<script type=\"application\/ld+json\" class=\"yoast-schema-graph\">{\"@context\":\"https:\/\/schema.org\",\"@graph\":[{\"@type\":\"WebPage\",\"@id\":\"https:\/\/www.folklore.ee\/setoviisid\/seto-leelo\/\",\"url\":\"https:\/\/www.folklore.ee\/setoviisid\/seto-leelo\/\",\"name\":\"Seto leelo visiitipoloogia \u2013 laululiikide t\u00e4hendus ja kasutus\",\"isPartOf\":{\"@id\":\"https:\/\/www.folklore.ee\/setoviisid\/#website\"},\"datePublished\":\"2024-06-18T10:10:35+00:00\",\"dateModified\":\"2025-10-08T07:31:00+00:00\",\"description\":\"Seto leelo visiitipoloogia selgitab, kuidas liigituvad traditsioonilised laulut\u00fc\u00fcbid ja mida need r\u00e4\u00e4givad seto kultuuri v\u00e4\u00e4rtustest ja kasutusviisidest.\",\"breadcrumb\":{\"@id\":\"https:\/\/www.folklore.ee\/setoviisid\/seto-leelo\/#breadcrumb\"},\"inLanguage\":\"et\",\"potentialAction\":[{\"@type\":\"ReadAction\",\"target\":[\"https:\/\/www.folklore.ee\/setoviisid\/seto-leelo\/\"]}]},{\"@type\":\"BreadcrumbList\",\"@id\":\"https:\/\/www.folklore.ee\/setoviisid\/seto-leelo\/#breadcrumb\",\"itemListElement\":[{\"@type\":\"ListItem\",\"position\":1,\"name\":\"Avaleht\",\"item\":\"https:\/\/www.folklore.ee\/setoviisid\/\"},{\"@type\":\"ListItem\",\"position\":2,\"name\":\"Seto leelo\"}]},{\"@type\":\"WebSite\",\"@id\":\"https:\/\/www.folklore.ee\/setoviisid\/#website\",\"url\":\"https:\/\/www.folklore.ee\/setoviisid\/\",\"name\":\"Seto leelo viisit\u00fcpoloogia\",\"description\":\"\",\"potentialAction\":[{\"@type\":\"SearchAction\",\"target\":{\"@type\":\"EntryPoint\",\"urlTemplate\":\"https:\/\/www.folklore.ee\/setoviisid\/?s={search_term_string}\"},\"query-input\":\"required name=search_term_string\"}],\"inLanguage\":\"et\"}]}<\/script>\n<!-- \/ Yoast SEO plugin. -->","yoast_head_json":{"title":"Seto leelo visiitipoloogia \u2013 laululiikide t\u00e4hendus ja kasutus","description":"Seto leelo visiitipoloogia selgitab, kuidas liigituvad traditsioonilised laulut\u00fc\u00fcbid ja mida need r\u00e4\u00e4givad seto kultuuri v\u00e4\u00e4rtustest ja kasutusviisidest.","robots":{"index":"index","follow":"follow","max-snippet":"max-snippet:-1","max-image-preview":"max-image-preview:large","max-video-preview":"max-video-preview:-1"},"canonical":"https:\/\/www.folklore.ee\/setoviisid\/seto-leelo\/","og_locale":"et_EE","og_type":"article","og_title":"Seto leelo visiitipoloogia \u2013 laululiikide t\u00e4hendus ja kasutus","og_description":"Seto leelo visiitipoloogia selgitab, kuidas liigituvad traditsioonilised laulut\u00fc\u00fcbid ja mida need r\u00e4\u00e4givad seto kultuuri v\u00e4\u00e4rtustest ja kasutusviisidest.","og_url":"https:\/\/www.folklore.ee\/setoviisid\/seto-leelo\/","og_site_name":"Seto leelo viisit\u00fcpoloogia","article_modified_time":"2025-10-08T07:31:00+00:00","twitter_card":"summary_large_image","twitter_misc":{"Est. reading time":"3 minutit"},"schema":{"@context":"https:\/\/schema.org","@graph":[{"@type":"WebPage","@id":"https:\/\/www.folklore.ee\/setoviisid\/seto-leelo\/","url":"https:\/\/www.folklore.ee\/setoviisid\/seto-leelo\/","name":"Seto leelo visiitipoloogia \u2013 laululiikide t\u00e4hendus ja kasutus","isPartOf":{"@id":"https:\/\/www.folklore.ee\/setoviisid\/#website"},"datePublished":"2024-06-18T10:10:35+00:00","dateModified":"2025-10-08T07:31:00+00:00","description":"Seto leelo visiitipoloogia selgitab, kuidas liigituvad traditsioonilised laulut\u00fc\u00fcbid ja mida need r\u00e4\u00e4givad seto kultuuri v\u00e4\u00e4rtustest ja kasutusviisidest.","breadcrumb":{"@id":"https:\/\/www.folklore.ee\/setoviisid\/seto-leelo\/#breadcrumb"},"inLanguage":"et","potentialAction":[{"@type":"ReadAction","target":["https:\/\/www.folklore.ee\/setoviisid\/seto-leelo\/"]}]},{"@type":"BreadcrumbList","@id":"https:\/\/www.folklore.ee\/setoviisid\/seto-leelo\/#breadcrumb","itemListElement":[{"@type":"ListItem","position":1,"name":"Avaleht","item":"https:\/\/www.folklore.ee\/setoviisid\/"},{"@type":"ListItem","position":2,"name":"Seto leelo"}]},{"@type":"WebSite","@id":"https:\/\/www.folklore.ee\/setoviisid\/#website","url":"https:\/\/www.folklore.ee\/setoviisid\/","name":"Seto leelo viisit\u00fcpoloogia","description":"","potentialAction":[{"@type":"SearchAction","target":{"@type":"EntryPoint","urlTemplate":"https:\/\/www.folklore.ee\/setoviisid\/?s={search_term_string}"},"query-input":"required name=search_term_string"}],"inLanguage":"et"}]}},"_links":{"self":[{"href":"https:\/\/www.folklore.ee\/setoviisid\/wp-json\/wp\/v2\/pages\/1012","targetHints":{"allow":["GET"]}}],"collection":[{"href":"https:\/\/www.folklore.ee\/setoviisid\/wp-json\/wp\/v2\/pages"}],"about":[{"href":"https:\/\/www.folklore.ee\/setoviisid\/wp-json\/wp\/v2\/types\/page"}],"author":[{"embeddable":true,"href":"https:\/\/www.folklore.ee\/setoviisid\/wp-json\/wp\/v2\/users\/3"}],"replies":[{"embeddable":true,"href":"https:\/\/www.folklore.ee\/setoviisid\/wp-json\/wp\/v2\/comments?post=1012"}],"version-history":[{"count":11,"href":"https:\/\/www.folklore.ee\/setoviisid\/wp-json\/wp\/v2\/pages\/1012\/revisions"}],"predecessor-version":[{"id":6115,"href":"https:\/\/www.folklore.ee\/setoviisid\/wp-json\/wp\/v2\/pages\/1012\/revisions\/6115"}],"wp:attachment":[{"href":"https:\/\/www.folklore.ee\/setoviisid\/wp-json\/wp\/v2\/media?parent=1012"}],"curies":[{"name":"wp","href":"https:\/\/api.w.org\/{rel}","templated":true}]}}