{"id":276,"date":"2025-03-28T07:01:48","date_gmt":"2025-03-28T07:01:48","guid":{"rendered":"https:\/\/www.folklore.ee\/rl\/folkte\/sugri\/mordva\/?page_id=276"},"modified":"2025-06-09T10:33:53","modified_gmt":"2025-06-09T10:33:53","slug":"helipalad","status":"publish","type":"page","link":"https:\/\/www.folklore.ee\/rl\/folkte\/sugri\/mordva\/helipalad\/","title":{"rendered":"Helipalad"},"content":{"rendered":"\n<p><strong>\u041a\u0430\u043b\u044f\u0434\u0430, \u043a\u0430\u043b\u044f\u0434\u0430\u2026 + sanditamine.<\/strong><\/p>\n\n\n\n<figure class=\"wp-block-audio\"><audio controls src=\"https:\/\/www.folklore.ee\/rl\/folkte\/sugri\/mordva\/wp-content\/uploads\/2025\/06\/M2-1684-a-Zapis_l.mp3\"><\/audio><\/figure>\n\n\n\n<p><em>RKM, Mgn. II 1684 a &lt; Venemaa, Kuib\u00f5\u0161evi obl., Pohvistnevo raj., Proran k. &lt; Stepanovka k. &#8211; Kuib\u00f5\u0161evi raadio; Mihhail T\u0161uva\u0161ov &lt; Jevgenia Radajeva (1966-1970)<\/em><\/p>\n\n\n\n<hr class=\"wp-block-kenta-blocks-separator kb-separator-f7466142 kb-separator\"\/>\n\n\n\n<p><strong>Surnuitk emale + seletus alguses: itkude liigid, surnuitku esituse tunnused.<\/strong><\/p>\n\n\n\n<figure class=\"wp-block-audio\"><audio controls src=\"https:\/\/www.folklore.ee\/rl\/folkte\/sugri\/mordva\/wp-content\/uploads\/2025\/06\/M2-1684-b-Osoboi_musokalnoi_i__l.mp3\"><\/audio><\/figure>\n\n\n\n<p><em>RKM, Mgn. II 1684 b &lt; Venemaa, Kuib\u00f5\u0161evi obl., Pohvistnevo raj., Proran k. &lt; Stepanovka k. &#8211; Kuib\u00f5\u0161evi raadio; Mihhail T\u0161uva\u0161ov &lt; Jevgenia Radajeva, 40 a. (1966-1970)<\/em><\/p>\n\n\n\n<hr class=\"wp-block-kenta-blocks-separator kb-separator-6cdac8d2 kb-separator\"\/>\n\n\n\n<p><strong>Surnuitk kosmonaut Vladimir Komarovi surma puhul + alguses seletus: esitaja repertuaar. Laul osaliselt vene paralellt\u00f5lgiga.<\/strong><\/p>\n\n\n\n<figure class=\"wp-block-audio\"><audio controls src=\"https:\/\/www.folklore.ee\/rl\/folkte\/sugri\/mordva\/wp-content\/uploads\/2025\/06\/M2-1684-c-Bolshim__l.mp3\"><\/audio><\/figure>\n\n\n\n<p><em>RKM, Mgn. II 1684 c &lt; Venemaa, Kuib\u00f5\u0161evi obl., Podbelskaja jaam &#8211; Kuib\u00f5\u0161evi raadio; Mihhail T\u0161uva\u0161ov &lt; Matrjona Kavrina (1966-1970)<\/em><\/p>\n\n\n\n<hr class=\"wp-block-kenta-blocks-separator kb-separator-289f9e5c kb-separator\"\/>\n\n\n\n<p><strong>\u0412\u0438\u0440\u044c\u0433\u0430 \u0430\u0440\u0434\u044b \u041c\u0430\u0448\u0443\u0440\u0430 (\u041f\u043e \u043b\u0435\u0441\u0443 \u0435\u0434\u0435\u0442 \u041c\u0430\u0448\u0435\u043d\u044c\u043a\u0430, mordva l\u00fc\u00fcriline laul) + T\u0161uva\u0161ovi t\u00f6\u00f6toa kirjeldus.<\/strong><\/p>\n\n\n\n<figure class=\"wp-block-audio\"><audio controls src=\"https:\/\/www.folklore.ee\/rl\/folkte\/sugri\/mordva\/wp-content\/uploads\/2025\/06\/M2-1683-c-Po_lesu_jedet__l.mp3\"><\/audio><\/figure>\n\n\n\n<p><em>RKM, Mgn. II 1683 c &lt; Venemaa, Kuib\u00f5\u0161evi obl., Pohvistnevo raj., Lukjanovka k. &#8211; Kuib\u00f5\u0161evi raadio; Mihhail T\u0161uva\u0161ov &lt; Maria Prohhorova; Anna Borzova; Pelageja Volgina; Jelena Volgina (1966-1970)<\/em><\/p>\n\n\n\n<hr class=\"wp-block-kenta-blocks-separator kb-separator-ce734e4f kb-separator\"\/>\n\n\n\n<p><strong>\u0412\u0430 \u043b\u0443\u0433\u0430, \u043b\u0443\u0433\u0430, \u043b\u0443\u0433\u0430\u2026 (ringm\u00e4ngulaul) + esitajate andmed.<\/strong><\/p>\n\n\n\n<figure class=\"wp-block-audio\"><audio controls src=\"https:\/\/www.folklore.ee\/rl\/folkte\/sugri\/mordva\/wp-content\/uploads\/2025\/06\/M2-3789-09-vo_luga_luga_luga__l.mp3\"><\/audio><\/figure>\n\n\n\n<p><em>RKM, Mgn. II 3789 (9) &lt; Venemaa, Ba\u0161kiiri ANSV, Fjodorovka raj., Kuzminovka (\u041c\u043e\u043a\u0448\u043e \u0432\u0435\u043b\u0435) &#8211; Viktor Danilov &lt; Aleksandra Nikitina, 1924; Pelageja Asabina, 1910; Anna Trofimova, 1918 (1983)<\/em><\/p>\n\n\n\n<hr class=\"wp-block-kenta-blocks-separator kb-separator-e8b45fa0 kb-separator\"\/>\n\n\n\n<p><strong>\u041e\u0445, \u044f\u043b\u0430\u043a\u0441\u043a\u0435\u043c\u2026 (\u043b\u0430\u0439\u0448\u0435\u043c\u0430 &#8211; surnuitk vennale)<\/strong><\/p>\n\n\n\n<figure class=\"wp-block-audio\"><audio controls src=\"https:\/\/www.folklore.ee\/rl\/folkte\/sugri\/mordva\/wp-content\/uploads\/2025\/06\/M2-3787-16-oh_jalakskem_laishema__l.mp3\"><\/audio><\/figure>\n\n\n\n<p><em>RKM, Mgn. II 3787 (16) &lt; Venemaa, Ba\u0161kiiri ANSV, Fjodorovka raj., Nizhnii Alyshtan &#8211; Viktor Danilov &lt; Olga Baljanova, 1912 (1983)<\/em><\/p>\n\n\n\n<hr class=\"wp-block-kenta-blocks-separator kb-separator-281713c0 kb-separator\"\/>\n\n\n\n<p><strong>\u0412\u0430\u0439, \u043c\u0430\u0448\u0442\u044b\u0442\u044c, \u043c\u0430\u0448\u0442\u044b\u0442\u044c\u2026 (eepiline laul)<\/strong><\/p>\n\n\n\n<figure class=\"wp-block-audio\"><audio controls src=\"https:\/\/www.folklore.ee\/rl\/folkte\/sugri\/mordva\/wp-content\/uploads\/2025\/06\/M2-3785-18-vai_mashtotj_mashtotj__l.mp3\"><\/audio><\/figure>\n\n\n\n<p><em>RKM, Mgn. II 3785 (18) &lt; Venemaa, Ba\u0161kiiri ANSV, Fjodorovka raj., Fjodorovka k. (\u0424\u0435\u0434\u043e\u0440 \u0432\u0435\u043b\u0435) &#8211; Viktor Danilov &lt; Jekaterina Ple\u0161akova, 1910; Raissa Maksimova, 1934; Raissa Bar\u00f5\u0161nikova, 1941; Pelageja Bar\u00f5\u0161nikova, 1912; Aniss&#8217;a Babina, 1925 (1983)<\/em><\/p>\n\n\n\n<hr class=\"wp-block-kenta-blocks-separator kb-separator-416c50e1 kb-separator\"\/>\n\n\n\n<p><strong>\u0411\u0430\u0441\u043b\u0430\u0432\u0438\u043c\u0430\u043a \u0430\u0432\u0430\u043a\u0430\u0439\u2026 (pulmaitk) + esitajate andmed.<\/strong><\/p>\n\n\n\n<figure class=\"wp-block-audio\"><audio controls src=\"https:\/\/www.folklore.ee\/rl\/folkte\/sugri\/mordva\/wp-content\/uploads\/2025\/06\/M2-3785-07-baslavimak_avakai__l.mp3\"><\/audio><\/figure>\n\n\n\n<p><em>RKM, Mgn. II 3785 (7) &lt; Venemaa, Ba\u0161kiiri ANSV, Fjodorovka raj., Fjodorovka k. (\u0424\u0435\u0434\u043e\u0440 \u0432\u0435\u043b\u0435) &#8211; Viktor Danilov &lt; Aniss&#8217;a Bol\u0161eglazova, 1910 (1983)<\/em><\/p>\n\n\n\n<hr class=\"wp-block-kenta-blocks-separator kb-separator-daeda3f8 kb-separator\"\/>\n\n\n\n<p><strong>\u041a\u0430\u043b\u044f\u0434\u0430, \u043a\u0430\u043b\u044f\u0434\u0430\u2026 (kalendrilaul; fragment)<\/strong><\/p>\n\n\n\n<figure class=\"wp-block-audio\"><audio controls src=\"https:\/\/www.folklore.ee\/rl\/folkte\/sugri\/mordva\/wp-content\/uploads\/2025\/06\/M2-3785-06-kaljada_kaljada__l.mp3\"><\/audio><\/figure>\n\n\n\n<p><em>RKM, Mgn. II 3785 (6) &lt; Venemaa, Ba\u0161kiiri ANSV, Fjodorovka raj., Fjodorovka k. (\u0424\u0435\u0434\u043e\u0440 \u0432\u0435\u043b\u0435) &#8211; Viktor Danilov &lt; Aniss&#8217;a Bol\u0161eglazova, 1910 (1983)<\/em><\/p>\n\n\n\n<hr class=\"wp-block-kenta-blocks-separator kb-separator-1e45b9a3 kb-separator\"\/>\n\n\n\n<p><strong>\u041e\u043d\u043e \u0441\u044b\u0442\u044c, \u043e\u043d\u043e \u0441\u044b\u0442\u044c\u2026 (\u043f\u0430\u0440\u044f\u0432\u0442\u0438\u043c\u0430 = pulmalaul).<\/strong><\/p>\n\n\n\n<figure class=\"wp-block-audio\"><audio controls src=\"https:\/\/www.folklore.ee\/rl\/folkte\/sugri\/mordva\/wp-content\/uploads\/2025\/06\/M2-3784-16-ono_sotj_ono_sotj__l.mp3\"><\/audio><\/figure>\n\n\n\n<p><em>RKM, Mgn. II 3784 (16) &lt; Venemaa, Ba\u0161kiiri ANSV, Fjodorovka raj., Fjodorovka k. (\u0424\u0435\u0434\u043e\u0440 \u0432\u0435\u043b\u0435) &#8211; Viktor Danilov &lt; Jevdokia Bar\u00f5\u0161nikova, 1924; Zinaida Bar\u00f5\u0161nikova, 1944; Anna Kuprijanova, 1922 (1983)<\/em><\/p>\n\n\n\n<hr class=\"wp-block-kenta-blocks-separator kb-separator-dab79a1f kb-separator\"\/>\n\n\n\n<p><strong>\u041b\u0443\u0433\u0430\u0432\u0430\u043d\u0442\u044c \u044f\u043a\u0438 \u043a\u0430\u0447\u0435\u0439 \u0430\u043b\u0430\u0448\u0430\u2026 (eepiline laul).<\/strong><\/p>\n\n\n\n<figure class=\"wp-block-audio\"><audio controls src=\"https:\/\/www.folklore.ee\/rl\/folkte\/sugri\/mordva\/wp-content\/uploads\/2025\/06\/M2-3784-09-lugavantj_jaki_katshei__l.mp3\"><\/audio><\/figure>\n\n\n\n<p><em>RKM, Mgn. II 3784 (9) &lt; Venemaa, Ba\u0161kiiri ANSV, Fjodorovka raj., Fjodorovka k. (\u0424\u0435\u0434\u043e\u0440 \u0432\u0435\u043b\u0435) &#8211; Viktor Danilov &lt; Jevdokia Bar\u00f5\u0161nikova, 1924; Zinaida Bar\u00f5\u0161nikova, 1944; Anna Kuprijanova, 1922 (1983)<\/em><\/p>\n\n\n\n<hr class=\"wp-block-kenta-blocks-separator kb-separator-07b34ff6 kb-separator\"\/>\n\n\n\n<p><strong>\u0412\u0430\u0439, \u0432\u0435\u0440\u044c\u0433\u0430, \u0432\u0435\u0440\u044c\u0433\u0430 \u043b\u0438\u0432\u0442\u0438\u0442\u044c\u00a0 \u0433\u0430\u043b\u0430\u0442\u043d\u0435&#8230; (eepiline laul)<\/strong><\/p>\n\n\n\n<figure class=\"wp-block-audio\"><audio controls src=\"https:\/\/www.folklore.ee\/rl\/folkte\/sugri\/mordva\/wp-content\/uploads\/2025\/06\/M2-3784-06-vai_verjga_verjga_livtitj__l.mp3\"><\/audio><\/figure>\n\n\n\n<p><em>RKM, Mgn. II 3784 (6) &lt; Venemaa, Ba\u0161kiiri ANSV, Fjodorovka raj., Fjodorovka k. (\u0424\u0435\u0434\u043e\u0440 \u0432\u0435\u043b\u0435) &#8211; Viktor Danilov &lt; Jevdokia Bar\u00f5\u0161nikova, 1924; Zinaida Bar\u00f5\u0161nikova, 1944; Anna Kuprijanova, 1922 (1983)<\/em><\/p>\n","protected":false},"excerpt":{"rendered":"<p>\u041a\u0430\u043b\u044f\u0434\u0430, \u043a\u0430\u043b\u044f\u0434\u0430\u2026 + sanditamine. RKM, Mgn. II 1684 a &lt; Venemaa, Kuib\u00f5\u0161evi obl., Pohvistnevo raj., Proran k. &lt; Stepanovka k. &#8211; Kuib\u00f5\u0161evi raadio; Mihhail T\u0161uva\u0161ov &lt; Jevgenia Radajeva (1966-1970) Surnuitk emale + seletus alguses: itkude liigid, surnuitku esituse tunnused. RKM, Mgn. II 1684 b &lt; Venemaa, Kuib\u00f5\u0161evi obl., Pohvistnevo raj., Proran k. &lt; Stepanovka k. [&hellip;]<\/p>\n","protected":false},"author":1,"featured_media":0,"parent":0,"menu_order":0,"comment_status":"closed","ping_status":"closed","template":"","meta":{"site-container-style":"default","site-container-layout":"default","site-sidebar-layout":"default","site-transparent-header":"default","disable-article-header":"default","disable-site-header":"default","disable-site-footer":"default","disable-content-area-spacing":"default","footnotes":""},"class_list":["post-276","page","type-page","status-publish","hentry"],"_links":{"self":[{"href":"https:\/\/www.folklore.ee\/rl\/folkte\/sugri\/mordva\/wp-json\/wp\/v2\/pages\/276","targetHints":{"allow":["GET"]}}],"collection":[{"href":"https:\/\/www.folklore.ee\/rl\/folkte\/sugri\/mordva\/wp-json\/wp\/v2\/pages"}],"about":[{"href":"https:\/\/www.folklore.ee\/rl\/folkte\/sugri\/mordva\/wp-json\/wp\/v2\/types\/page"}],"author":[{"embeddable":true,"href":"https:\/\/www.folklore.ee\/rl\/folkte\/sugri\/mordva\/wp-json\/wp\/v2\/users\/1"}],"replies":[{"embeddable":true,"href":"https:\/\/www.folklore.ee\/rl\/folkte\/sugri\/mordva\/wp-json\/wp\/v2\/comments?post=276"}],"version-history":[{"count":9,"href":"https:\/\/www.folklore.ee\/rl\/folkte\/sugri\/mordva\/wp-json\/wp\/v2\/pages\/276\/revisions"}],"predecessor-version":[{"id":308,"href":"https:\/\/www.folklore.ee\/rl\/folkte\/sugri\/mordva\/wp-json\/wp\/v2\/pages\/276\/revisions\/308"}],"wp:attachment":[{"href":"https:\/\/www.folklore.ee\/rl\/folkte\/sugri\/mordva\/wp-json\/wp\/v2\/media?parent=276"}],"curies":[{"name":"wp","href":"https:\/\/api.w.org\/{rel}","templated":true}]}}