{"id":894,"date":"2016-05-23T15:12:08","date_gmt":"2016-05-23T12:12:08","guid":{"rendered":"http:\/\/www.folklore.ee\/dh\/?page_id=894"},"modified":"2016-10-06T13:45:44","modified_gmt":"2016-10-06T10:45:44","slug":"konverents_dhe2016","status":"publish","type":"page","link":"https:\/\/www.folklore.ee\/dh\/uritused\/konverents_dhe2016\/","title":{"rendered":"Eesti digitaalhumanitaaria A\u00b0 2016"},"content":{"rendered":"<h2><b>Visuaalne digitaalhumanitaaria:<br \/>\nhumanitaarandmete esitamine ja t\u00f5lgendamine<\/b><\/h2>\n<p>12.-14. oktoobril 2016 Tartus, Eesti Kirjandusmuuseumis<\/p>\n<h2><b>Visuaalne digitaalhumanitaaria:<br \/>\nhumanitaarandmete esitamine ja t\u00f5lgendamine<\/b><\/h2>\n<p>12.-14. oktoobril 2016 Tartus, Eesti Kirjandusmuuseumis<\/p>\n<p><span style=\"font-weight: 400;\">Digitaalsete tehnoloogiate ja suhtluskanalite arengu ja levikuga seoses on visuaalsus ja multimediaalsus muutunud t\u00e4nap\u00e4evakultuuri ja ka teaduse \u00fcha olulisemateks aspektideks. Konverentsi keskmes on visuaalsete meetodite kasutamine ja visuaalse ja multimediaalse allikainese rakendamine humanitaarteaduste eri aladel.<\/span><\/p>\n<p><span style=\"font-weight: 400;\">Konverents on neljas Eesti digitaalhumanitaaria konverentside seerias ning sel aastal korraldavad seda \u00fchiselt Eesti Digitaalhumanitaaria Selts, Eesti Kirjandusmuuseum ning Eesti-uuringute tippkeskus. Konverentsi korraldamist toetavad Eesti Keeleressursside Keskus ja Eesti Kultuurkapital. Konverentsiprogrammis on peaettekanded Raivo Kelomehelt (Eesti Kunstiakadeemia) ja Peter Grzybekilt (Grazi \u00dclikool, Austria), neli ettekandepaneeli, t\u00f6\u00f6pajad Moses Boudouridese (Patrase \u00dclikool, Kreeka) ja Peter Grzybekiga ning Eesti Digitaalhumanitaaria Seltsi koosolek. Konverentsi t\u00f6\u00f6keel on inglise keel.<\/span><\/p>\n<p><strong>Kolmap\u00e4ev, 12. oktoober<\/strong><\/p>\n<p><span style=\"font-weight: 400;\">14:00-18:00 T\u00d6\u00d6PAJA Moses Boudourides \u201cSotsiaalv\u00f5rgustike leidmine kirjanduslikust tekstist\u201d<\/span><\/p>\n<p><strong>Neljap\u00e4ev, 13. oktoober<\/strong><\/p>\n<p><span style=\"font-weight: 400;\">10:30-11:30 PEAETTEKANNE 1 Raivo Kelomees \u201cInteraktiivne kunst f\u00fc\u00fcsiliste kunstiteoste s\u00e4ilitamise ja esitamise meetodina\u201d<br \/>\n<\/span><span style=\"font-weight: 400;\">12:00-16:00 PANEELID 1 ja 2<br \/>\n<\/span><span style=\"font-weight: 400;\">16:30-18:00 Eesti Digitaalhumanitaaria Seltsi koosolek<\/span><\/p>\n<p><span style=\"font-weight: 400;\"><strong>Reede, 14. oktoober<\/strong><br \/>\n<\/span><\/p>\n<p><span style=\"font-weight: 400;\">9:30-10:30 PEAETTEKANNE 2 Peter Grzybek \u201c\u201eDigitaalhumanitaaria\u201c ja kultuuriteadused: \u03a0\u03c1\u03b1\u03be\u03b9\u03c2 \u00b7 \u03c4\u03ad\u03c7\u03bd\u03b7 \u00b7 \u03b8\u03b5\u03c9\u03c1\u03af\u03b1 \u00b7 \u1f10\u03c0\u03b9\u03c3\u03c4\u03ae\u03bc\u03b7 ? Praktika \u2013 tehnoloogia \u2013 teooria \u2013 teadus?\u201d<br \/>\n<\/span><span style=\"font-weight: 400;\">11:00-15:30 PANEELID 3 ja 4<br \/>\n<\/span><span style=\"font-weight: 400;\">15:30-18:00 Peter Grzybek \u201cPraktiline andmeanal\u00fc\u00fcs: teooriast l\u00e4htuv ja suunatav\u201d<\/span><\/p>\n<p><span style=\"font-weight: 400;\">Palun registreerige t\u00f6\u00f6pajadesse aadressil <\/span><a href=\"mailto:digitaalhumanitaaria@gmail.com\"><span style=\"font-weight: 400;\">digitaalhumanitaaria@gmail.com<\/span><\/a><span style=\"font-weight: 400;\">. T\u00f6\u00f6pajas osalemiseks on vajalik s\u00fclearvuti, osalema mahub 12 inimest.<\/span><\/p>\n<p><span style=\"font-weight: 400;\">Konverentsi kava, teesid ja t\u00f6\u00f6pajade kirjeldused leiab <a href=\"http:\/\/www.folklore.ee\/dh\/en\/dhe_2016\/\">SIIT<\/a>.<\/span><\/p>\n<p><span style=\"font-weight: 400;\">Korraldajad:<br \/>\n<\/span><span style=\"font-weight: 400;\">Liisi Laineste<br \/>\n<\/span><span style=\"font-weight: 400;\">Mari Sarv<\/span><\/p>\n","protected":false},"excerpt":{"rendered":"<p>Visuaalne digitaalhumanitaaria: humanitaarandmete esitamine ja t\u00f5lgendamine <\/p>\n<p>12.-14. oktoobril 2016 Tartus, Eesti Kirjandusmuuseumis<\/p>\n<p> Visuaalne digitaalhumanitaaria: humanitaarandmete esitamine ja t\u00f5lgendamine <\/p>\n<p>12.-14. oktoobril 2016 Tartus, Eesti Kirjandusmuuseumis<\/p>\n<p>Digitaalsete tehnoloogiate ja suhtluskanalite arengu ja levikuga seoses on visuaalsus ja multimediaalsus muutunud t\u00e4nap\u00e4evakultuuri ja ka teaduse \u00fcha olulisemateks aspektideks. Konverentsi keskmes on visuaalsete meetodite kasutamine ja visuaalse ja multimediaalse allikainese [&#8230;]<\/p>\n","protected":false},"author":3,"featured_media":0,"parent":505,"menu_order":0,"comment_status":"open","ping_status":"open","template":"","meta":[],"_links":{"self":[{"href":"https:\/\/www.folklore.ee\/dh\/wp-json\/wp\/v2\/pages\/894"}],"collection":[{"href":"https:\/\/www.folklore.ee\/dh\/wp-json\/wp\/v2\/pages"}],"about":[{"href":"https:\/\/www.folklore.ee\/dh\/wp-json\/wp\/v2\/types\/page"}],"author":[{"embeddable":true,"href":"https:\/\/www.folklore.ee\/dh\/wp-json\/wp\/v2\/users\/3"}],"replies":[{"embeddable":true,"href":"https:\/\/www.folklore.ee\/dh\/wp-json\/wp\/v2\/comments?post=894"}],"version-history":[{"count":7,"href":"https:\/\/www.folklore.ee\/dh\/wp-json\/wp\/v2\/pages\/894\/revisions"}],"predecessor-version":[{"id":1004,"href":"https:\/\/www.folklore.ee\/dh\/wp-json\/wp\/v2\/pages\/894\/revisions\/1004"}],"up":[{"embeddable":true,"href":"https:\/\/www.folklore.ee\/dh\/wp-json\/wp\/v2\/pages\/505"}],"wp:attachment":[{"href":"https:\/\/www.folklore.ee\/dh\/wp-json\/wp\/v2\/media?parent=894"}],"curies":[{"name":"wp","href":"https:\/\/api.w.org\/{rel}","templated":true}]}}