{"id":749,"date":"2015-10-12T11:14:46","date_gmt":"2015-10-12T08:14:46","guid":{"rendered":"http:\/\/www.folklore.ee\/dh\/?page_id=749"},"modified":"2015-10-13T10:31:54","modified_gmt":"2015-10-13T07:31:54","slug":"dhe2015","status":"publish","type":"page","link":"https:\/\/www.folklore.ee\/dh\/dhe2015\/","title":{"rendered":"Eesti digitaalhumanitaaria A\u00b0 2015"},"content":{"rendered":"<h2>Konverents &#8220;Keelte- ja kultuuride\u00fclene digitaalhumanitaaria&#8221;<\/h2>\n<h4>Tartus, Eesti Kirjandusmuuseumis<br \/>\n19.\u201321. oktoobril 2015<\/h4>\n<h3>Teesid ja tutvustused<\/h3>\n<p>&nbsp;<\/p>\n<h4>Sisukord<\/h4>\n<p>Vahur Puik Sift.pics: ajalooliste fotode liigitamine<\/p>\n<p>Kristel Uiboaed, Siim Antso, Liina Lindstr\u00f6m, Maarja-Liisa Pilvik, Mirjam Ruutma <a href=\"http:\/\/www.folklore.ee\/dh\/uiboaed_et_al\/\">Ruumiandmete rakendamine keeleteaduses<\/a><\/p>\n<p>Juhan Pant Vanalinnad: Eesti ajalooliste linnakaartide kaardirakendus<\/p>\n<p>Kati Kallio Eri keeltes, murretes ja kirjaviisides poeetiliste tekstidega \u00fcmber k\u00e4imine<\/p>\n<p>Emily Franzini, Greta Franzini Grimmide muinasjutud: \u00a0tekstide vaheliste ja\u00a0tekstisiseste\u00a0suhete poolautomaatne uurimine<\/p>\n<p>Liisi Laineste Pagulaskriis ja suurandmed<\/p>\n<p>Kalev Leetaru Vaadates \u00fcle keelte: maailma uudiste masst\u00f5lkimine<\/p>\n<p>Heiki-Jaan Kaalep Vabamorf: avatud l\u00e4htekoodiga eesti keele morfoloogiat\u00f6\u00f6riistade komplekt<\/p>\n<p>Raul Sirel\u00a0<a href=\"http:\/\/www.folklore.ee\/dh\/dhe2015\/terminology-extraction-and-text-analytics-texta-tooriistakomplekt\/\">Terminology EXtraction and Text Analytics (TEXTA) t\u00f6\u00f6riistakomplekt<\/a><\/p>\n<p>L\u012bva\u00a0Bodniece Digitaalhumanitaaria L\u00e4tis klassikalise filoloogi vaatepunktist<\/p>\n<p>Jan Rybicki Signaalid stilomeetrias: mida \u00fctlevad meile kirjandusteoste kohta numbrid<\/p>\n<p>Oleg Sobchuk, Artyom Shelya, Peeter Tinits Arengud kinemeetrias: ameerika detektiivfilmide kvantitatiivne uuring<\/p>\n<p>Marko B\u00fcchler, Maria Moritz Tekstide taaskasutuse elektroonilise tuvastamise projekt eTRAP<\/p>\n<p>Neeme Kahusk, Kadri Vider Eesti keeleressursside keskuse v\u00f5rguteenused<\/p>\n<p>Anda\u00a0Bakl\u0101ne Raamatukogud digitaalhumanitaaria vaatepunktist: L\u00e4ti Rahvusraamatukogu juhtum<\/p>\n<p>Mari Sarv M\u00e4luasutuste roll digitaalhumanitaaria arendamisel<\/p>\n<p>&nbsp;<\/p>\n<p>V\u00e4ljaande koostanud ja toimetanud:\u00a0Liisi Laineste, Mari Sarv<\/p>\n<p>V\u00e4ljaande koostamist ja toimetamist v\u00f5imaldasid<br \/>\nHaridus- ja Teadusministeeriumi institutsionaalsed uurimistoetused IUT 22-2 ja IUT 22-4.<\/p>\n<p>V\u00e4ljaandmist toetas Eesti Kultuurkapital.<\/p>\n<p><a href=\"http:\/\/www.folklore.ee\/dh\/wp-content\/uploads\/2014\/06\/logo_kulka.png\"><img loading=\"lazy\" class=\"alignnone  wp-image-261\" src=\"http:\/\/www.folklore.ee\/dh\/wp-content\/uploads\/2014\/06\/logo_kulka-300x199.png\" alt=\"logo_kulka\" width=\"184\" height=\"122\" srcset=\"https:\/\/www.folklore.ee\/dh\/wp-content\/uploads\/2014\/06\/logo_kulka-300x199.png 300w, https:\/\/www.folklore.ee\/dh\/wp-content\/uploads\/2014\/06\/logo_kulka.png 359w\" sizes=\"(max-width: 184px) 100vw, 184px\" \/><\/a><\/p>\n<p>&nbsp;<\/p>\n","protected":false},"excerpt":{"rendered":"<p>Konverents &#8220;Keelte- ja kultuuride\u00fclene digitaalhumanitaaria&#8221; Tartus, Eesti Kirjandusmuuseumis 19.\u201321. oktoobril 2015 Teesid ja tutvustused <\/p>\n<p>&nbsp;<\/p>\n<p> Sisukord <\/p>\n<p>Vahur Puik Sift.pics: ajalooliste fotode liigitamine<\/p>\n<p>Kristel Uiboaed, Siim Antso, Liina Lindstr\u00f6m, Maarja-Liisa Pilvik, Mirjam Ruutma Ruumiandmete rakendamine keeleteaduses<\/p>\n<p>Juhan Pant Vanalinnad: Eesti ajalooliste linnakaartide kaardirakendus<\/p>\n<p>Kati Kallio Eri keeltes, murretes ja kirjaviisides poeetiliste tekstidega \u00fcmber k\u00e4imine<\/p>\n<p>Emily Franzini, [&#8230;]<\/p>\n","protected":false},"author":3,"featured_media":0,"parent":0,"menu_order":23,"comment_status":"open","ping_status":"open","template":"","meta":[],"_links":{"self":[{"href":"https:\/\/www.folklore.ee\/dh\/wp-json\/wp\/v2\/pages\/749"}],"collection":[{"href":"https:\/\/www.folklore.ee\/dh\/wp-json\/wp\/v2\/pages"}],"about":[{"href":"https:\/\/www.folklore.ee\/dh\/wp-json\/wp\/v2\/types\/page"}],"author":[{"embeddable":true,"href":"https:\/\/www.folklore.ee\/dh\/wp-json\/wp\/v2\/users\/3"}],"replies":[{"embeddable":true,"href":"https:\/\/www.folklore.ee\/dh\/wp-json\/wp\/v2\/comments?post=749"}],"version-history":[{"count":10,"href":"https:\/\/www.folklore.ee\/dh\/wp-json\/wp\/v2\/pages\/749\/revisions"}],"predecessor-version":[{"id":909,"href":"https:\/\/www.folklore.ee\/dh\/wp-json\/wp\/v2\/pages\/749\/revisions\/909"}],"wp:attachment":[{"href":"https:\/\/www.folklore.ee\/dh\/wp-json\/wp\/v2\/media?parent=749"}],"curies":[{"name":"wp","href":"https:\/\/api.w.org\/{rel}","templated":true}]}}