{"id":671,"date":"2015-07-04T16:13:13","date_gmt":"2015-07-04T13:13:13","guid":{"rendered":"http:\/\/www.folklore.ee\/dh\/?page_id=671"},"modified":"2015-10-13T02:06:59","modified_gmt":"2015-10-12T23:06:59","slug":"tutvustuseks","status":"publish","type":"page","link":"https:\/\/www.folklore.ee\/dh\/tutvustuseks\/","title":{"rendered":"Tutvustuseks"},"content":{"rendered":"<p>Digitaalhumanitaaria (digital humanities) on kiirestiarenev interdistsiplinaarne valdkond, mis h\u00f5lmab humanitaarteaduste ja infotehnoloogia \u00fchisosa, seda nii humanitaarala andmekogude loomises ja haldamises kui ka allikate ja uurimistulemuste esitamises ning uurimist\u00f6\u00f6s. \u00dcha enam kasutatakse humanitaarteadustes mitmesuguseid massandmete anal\u00fc\u00fcsi meetodeid (statistiline teemaanal\u00fc\u00fcs, v\u00f5rgustikuanal\u00fc\u00fcs, visualiseerimine, GIS-anal\u00fc\u00fcs jm), olulisel kohal on laiatarberakenduste loomine ning rahva kaasamine. Mitmesuguste standardite loomise ja rakendamise abil p\u00fc\u00fctakse tagada digitaalsete andmete s\u00e4ilivus ja v\u00f5imalikult lai kasutatavus, mis v\u00f5imaldaks juba kord kirjeldatud ja m\u00e4rgendatud andmeid kasutada s\u00f5ltumata konkreetsest rakendusest v\u00f5i keelest. L\u00e4\u00e4ne-Euroopa ja P\u00f5hja-Ameerika teadusmaastikul on digitaalhumanitaaria muutunud iseseisvaks distsipliiniks, mille toel humanitaarid saavad paremini ellu rakendada digitaalajastu v\u00f5imalusi, j\u00e4rjest rajatakse vastavaid uurimiskeskusi ja \u00f5ppetoole, on v\u00f5imalik omandada akadeemilisi kraade ning digitaalsed meetodid on saamas iseenesestm\u00f5istetavaks osaks humanitaarharidusest. Eestis esindavad seda valdkonda iseseisvate uurimisaladena arvutuslingvistika ja keeletehnoloogia, kuid kogu humanitaarias kasutatakse \u00fcha enam meetodeid ja lahendusi, mida saab m\u00f5testada digitaalhumanitaaria raamistikus.<\/p>\n<p>Selleks, et saada \u00fclevaadet digitaalhumanitaaria hetkeseisust Eestis, kutsusime selles valdkonnas tegutsejaid tutvustama oma uurimusi, projekte ning loodavaid ja kasutatavaid rakendusi seminaril \u201c<a href=\"http:\/\/www.folklore.ee\/dh\/uritused\/seminar-eesti-digitaalhumanitaaria-a-2013-it-rakendused-humanitaarteadustes\/\">Eesti digitaalhumanitaaria A\u00b0 2013<\/a>\u201d Tartus, Eesti Kirjandusmuuseumis. Seminari korraldasime lootuses, et digitaalhumanitaaria uurimisala teadvustamine ning teadlaste koondamine loob paremad eeldused koost\u00f6\u00f6ks, teadmiste vahetamiseks ja v\u00e4lismaailmaga suhtlemiseks, kokkuv\u00f5ttes kogu valdkonna arenguks Eestis. Edasiseks teabe vahetamiseks ja levitamiseks asutasime meililisti ja siinse veebilehe. Kuna oli ilmne, et Eesti digitaalhumanitaaridel on vaja \u00fchist foorumit ja kokkupuutepunkti, korraldasime <a href=\"http:\/\/www.folklore.ee\/dh\/uritused\/seminar_dhe2014\/\">j\u00e4tkuseminari<\/a> ka 2014. aasta oktoobris, sellel seminaril lisandus ettekandep\u00e4evale ka <a href=\"http:\/\/www.folklore.ee\/dh\/uritused\/seminar_dhe2014\/opitoad\/\">\u00f5pitubade p\u00e4ev<\/a>. Seminaril tutvustatud projektide l\u00fchitutvustused on avaldatud siinsel veebilehel nii eesti kui inglise keeles. Selleks, et t\u00f5hustada\u00a0Eesti digitaalhumanitaaride integreerumist\u00a0aktiivse rahvusvahelise digitaalhumanitaaria kogukonnaga, otsustasime korraldada seminaride j\u00e4tku\u00fcritusena 2015. aastal rahvusvahelise konverentsi &#8220;<a href=\"http:\/\/www.folklore.ee\/dh\/uritused\/dh_konverents_2015\/\">Keelte- ja kultuuride\u00fclene digitaalhumanitaaria<\/a>&#8220;, kus eraldi paneel on reserveeritud Eesti digitaalhumanitaaria k\u00e4imasolevate projektide tutvustamiseks.<\/p>\n<p>Eesti digitaalhumanitaaria meililistiga saab liituda <a href=\"http:\/\/folklore.ee\/mailman\/listinfo\/dh\">siin<\/a>.<\/p>\n<p>Siinse lehe\u00a0haldamise ja t\u00e4iendamisega on tegelenud:<\/p>\n<p>Mari Sarv, mari[at]haldjas.folklore.ee<br \/>\nEesti Kirjandusmuuseumi Eesti Rahvaluule Arhiivi vanemteadur<\/p>\n<p>Liisi Laineste, liisi[at]folklore.ee<br \/>\nEesti Kirjandusmuuseumi folkloristika osakonna vanemteadur<\/p>\n<p>Kaisa Kulasalu, kaisa.kulasalu[at]gmail.com<br \/>\nfolkloristika doktorant Tartu \u00dclikoolis, 2013-2015 projektijuht ja arhivaar Eesti Kirjandusmuuseumi rahvaluulearhiivis<\/p>\n<p>Pille Niin, pillerill[at]gmail.com<br \/>\nkujundaja, k\u00fcljendaja.<\/p>\n","protected":false},"excerpt":{"rendered":"<p>Digitaalhumanitaaria (digital humanities) on kiirestiarenev interdistsiplinaarne valdkond, mis h\u00f5lmab humanitaarteaduste ja infotehnoloogia \u00fchisosa, seda nii humanitaarala andmekogude loomises ja haldamises kui ka allikate ja uurimistulemuste esitamises ning uurimist\u00f6\u00f6s. \u00dcha enam kasutatakse humanitaarteadustes mitmesuguseid massandmete anal\u00fc\u00fcsi meetodeid (statistiline teemaanal\u00fc\u00fcs, v\u00f5rgustikuanal\u00fc\u00fcs, visualiseerimine, GIS-anal\u00fc\u00fcs jm), olulisel kohal on laiatarberakenduste loomine ning rahva kaasamine. Mitmesuguste standardite loomise ja rakendamise [&#8230;]<\/p>\n","protected":false},"author":3,"featured_media":0,"parent":0,"menu_order":36,"comment_status":"open","ping_status":"open","template":"","meta":[],"_links":{"self":[{"href":"https:\/\/www.folklore.ee\/dh\/wp-json\/wp\/v2\/pages\/671"}],"collection":[{"href":"https:\/\/www.folklore.ee\/dh\/wp-json\/wp\/v2\/pages"}],"about":[{"href":"https:\/\/www.folklore.ee\/dh\/wp-json\/wp\/v2\/types\/page"}],"author":[{"embeddable":true,"href":"https:\/\/www.folklore.ee\/dh\/wp-json\/wp\/v2\/users\/3"}],"replies":[{"embeddable":true,"href":"https:\/\/www.folklore.ee\/dh\/wp-json\/wp\/v2\/comments?post=671"}],"version-history":[{"count":6,"href":"https:\/\/www.folklore.ee\/dh\/wp-json\/wp\/v2\/pages\/671\/revisions"}],"predecessor-version":[{"id":677,"href":"https:\/\/www.folklore.ee\/dh\/wp-json\/wp\/v2\/pages\/671\/revisions\/677"}],"wp:attachment":[{"href":"https:\/\/www.folklore.ee\/dh\/wp-json\/wp\/v2\/media?parent=671"}],"curies":[{"name":"wp","href":"https:\/\/api.w.org\/{rel}","templated":true}]}}