{"id":652,"date":"2015-07-04T01:06:37","date_gmt":"2015-07-03T22:06:37","guid":{"rendered":"http:\/\/www.folklore.ee\/dh\/?page_id=652"},"modified":"2015-07-04T03:26:41","modified_gmt":"2015-07-04T00:26:41","slug":"hiiop","status":"publish","type":"page","link":"https:\/\/www.folklore.ee\/dh\/dhe2013\/hiiop\/","title":{"rendered":"Muinsuskaitse ja restaureerimise valdkonna visuaalse teabe digitaalse arhiveerimise ja graafilise dokumenteerimise s\u00fcsteem"},"content":{"rendered":"<p style=\"text-align: right;\">Hilkka Hiiop<\/p>\n<div>\n<p>P\u00e4randi s\u00e4ilitamise juurde kuulub lisaks f\u00fc\u00fcsilisele konserveerimisele ka selle s\u00e4ilitamise ja restaureerimisega seotud materjalide (fotograafiline, graafiline ja kirjalik dokumentatsioon) s\u00fcsteemne talletamine. Sellele toetuvad k\u00f5ik tulevased restaureerimis- ja s\u00e4ilitustegevused. Traditsiooniliselt on neid materjale koostatud paberkandjal ja s\u00e4ilitatud arhiivides, digitaalajastule \u00fcleminek t\u00f5i aga kaasa materjalide kuhjumise ja segaduse arhiveerimises. Probleemi lahendamiseks arendas Eesti Kunstimuuseum koost\u00f6\u00f6s ettev\u00f5ttega Wiseman Interactive aastatel 2006\u20132007 v\u00e4lja s\u00fcsteemi, mis v\u00f5imaldab digitaalselt arhiveerida ja t\u00f6\u00f6delda visuaalset erialateavet.<\/p>\n<p>S\u00fcsteem koosneb kahest moodulist. Visuaalse informatsiooni graafilise dokumentatsiooni moodul v\u00f5imaldab h\u00f5lpsalt markeerida visuaalsetel kujutistel eri t\u00fc\u00fcpi kahjustused. Digitaalkujul materjale on v\u00f5imalik hiljem kasutada s\u00f5ltumata asukohast. Digitaalse arhiveerimise moodul v\u00f5imaldab s\u00fcsteemselt talletada m\u00e4lestistega seotud dokumentatsioonifailid ning siduda need teose p\u00f5hiinformatsiooniga. Nii koondub iga m\u00e4lestisega seonduv teave, v\u00f5imaldades j\u00e4lgida kunstiteose k\u00e4ek\u00e4iku pikas perspektiivis.<\/p>\n<p>Rakenduse erip\u00e4raks on laiap\u00f5hjalisus ja kasutajas\u00f5bralikkus \u2013 s\u00fcsteem h\u00f5lmab p\u00e4randi haldamise erinevad t\u00f6\u00f6l\u00f5igud ning selle h\u00f5lpsus v\u00f5imaldab restauraatoril keskenduda erialasele tegevusele ehk anal\u00fc\u00fcsile, MIDA m\u00e4rkida, mitte tehnilistele k\u00fcsimustele, ehk sellele, KUIDAS m\u00e4rkida.<\/p>\n<p><div class=\"alignleft\"><a href=\"https:\/\/www.folklore.ee\/dh\/dhe2013\/haav\/\" title=\"Muistse asustuspildi uurimine digitaalsete meetoditega\"><<<<\/a><\/div><div class=\"alignright\"><a href=\"https:\/\/www.folklore.ee\/dh\/dhe2013\/eslon_laanpere\/\" title=\"IT-rakendused humanitaarteadustes: eesti vahekeele korpus\">>>><\/a><\/div><\/p>\n<\/div>\n","protected":false},"excerpt":{"rendered":"<p style=\"text-align: right;\">Hilkka Hiiop<\/p>\n<p>P\u00e4randi s\u00e4ilitamise juurde kuulub lisaks f\u00fc\u00fcsilisele konserveerimisele ka selle s\u00e4ilitamise ja restaureerimisega seotud materjalide (fotograafiline, graafiline ja kirjalik dokumentatsioon) s\u00fcsteemne talletamine. Sellele toetuvad k\u00f5ik tulevased restaureerimis- ja s\u00e4ilitustegevused. Traditsiooniliselt on neid materjale koostatud paberkandjal ja s\u00e4ilitatud arhiivides, digitaalajastule \u00fcleminek t\u00f5i aga kaasa materjalide kuhjumise ja segaduse arhiveerimises. Probleemi lahendamiseks arendas Eesti [&#8230;]<\/p>\n","protected":false},"author":3,"featured_media":0,"parent":115,"menu_order":22,"comment_status":"open","ping_status":"open","template":"","meta":[],"_links":{"self":[{"href":"https:\/\/www.folklore.ee\/dh\/wp-json\/wp\/v2\/pages\/652"}],"collection":[{"href":"https:\/\/www.folklore.ee\/dh\/wp-json\/wp\/v2\/pages"}],"about":[{"href":"https:\/\/www.folklore.ee\/dh\/wp-json\/wp\/v2\/types\/page"}],"author":[{"embeddable":true,"href":"https:\/\/www.folklore.ee\/dh\/wp-json\/wp\/v2\/users\/3"}],"replies":[{"embeddable":true,"href":"https:\/\/www.folklore.ee\/dh\/wp-json\/wp\/v2\/comments?post=652"}],"version-history":[{"count":4,"href":"https:\/\/www.folklore.ee\/dh\/wp-json\/wp\/v2\/pages\/652\/revisions"}],"predecessor-version":[{"id":658,"href":"https:\/\/www.folklore.ee\/dh\/wp-json\/wp\/v2\/pages\/652\/revisions\/658"}],"up":[{"embeddable":true,"href":"https:\/\/www.folklore.ee\/dh\/wp-json\/wp\/v2\/pages\/115"}],"wp:attachment":[{"href":"https:\/\/www.folklore.ee\/dh\/wp-json\/wp\/v2\/media?parent=652"}],"curies":[{"name":"wp","href":"https:\/\/api.w.org\/{rel}","templated":true}]}}