{"id":598,"date":"2015-06-11T21:57:32","date_gmt":"2015-06-11T18:57:32","guid":{"rendered":"http:\/\/www.folklore.ee\/dh\/?page_id=598"},"modified":"2015-06-11T21:57:32","modified_gmt":"2015-06-11T18:57:32","slug":"seminar-eesti-digitaalhumanitaaria-a-2013-it-rakendused-humanitaarteadustes","status":"publish","type":"page","link":"https:\/\/www.folklore.ee\/dh\/uritused\/seminar-eesti-digitaalhumanitaaria-a-2013-it-rakendused-humanitaarteadustes\/","title":{"rendered":"Seminar &#8220;Eesti digitaalhumanitaaria A\u00b0 2013: IT-rakendused humanitaarteadustes&#8221;"},"content":{"rendered":"<p>25. oktoobril 2013 toimus Eesti Kirjandusmuuseumis seminar &#8220;Eesti digitaalhumanitaaria A\u00b0 2013: IT-rakendused humanitaarteadustes&#8221;.<\/p>\n<p>Seminari p\u00e4evakava oli j\u00e4rgmine:<\/p>\n<p>9.00-9.20 Mari Sarv, Kaisa Kulasalu (Eesti Kirjandusmuuseum, ERA) &#8211; Avas\u00f5nad + Teel rahvaluule digiarhiivi poole<br \/>\n9.20-9.40 Liina Lindstr\u00f6m, Grethe Juhkason, P\u00e4rtel Lippus (Tartu \u00dclikool) &#8211; Eesti murrete digitaalne arhiiv<br \/>\n9.40-10.00 Raivo Kelomees (Eesti Kunstiakadeemia) &#8211; Interaktiivne andmebaasifilmi projekt \u201eThe East\u201c<br \/>\n10.00-10.10 Paus<br \/>\n10.10-10.30 Veronika Varik (Tallinna \u00dclikool) &#8211; TL\u00dc Eesti Pedagoogika Arhiivmuuseumi digitaalarhiiv Hariduslooline e-varamu<br \/>\n10.30-10.50 Priit Laanoja &#8211; Professionaalne kretinism ja moodsad tehnoloogiad<br \/>\n10.50-11.10 Jaanus K\u00f5uts (Eesti Rahvusraamatukogu) &#8211; \u00dclevaade Eesti veebiarhiivist<br \/>\n11.10-11.20 Paus<br \/>\n11.20-11.40 Hembo Pagi (Southamptoni \u00dclikool \/ MT\u00dc Arheovisioon) &#8211; Kuidas fotod ja andmed ellu \u00e4rkavad: Arheovisiooni kolm aastat<br \/>\n11.40-12.00 Kadri Muischnek (Tartu \u00dclikool) &#8211; T\u00dc kirjaliku keele korpused ja nende baasil tehtud ressursid<br \/>\n12.00-12.20 Mari-Liis Posti (Tallinna \u00dclikool) &#8211; TL\u00dc Ajaloo Instituudi arheoloogiakogude infos\u00fcsteem<br \/>\n12.20-13.20 L\u00f5unapaus<br \/>\n13.20-13.40 Vallo Kepp &#8211; Audiovisuaalse-digitaalse kirjanduse v\u00f5imalikkusest meie kultuuriruumis<br \/>\n13.40-14.00 Andres Kuperjanov (Eesti Kirjandusmuuseum, FO) &#8211; Skriptoorium &#8211; tekstimassiivi automatiseeritud kiirt\u00f6\u00f6tlus ja selle v\u00e4ljundid folkloristika osakonna sisestuste n\u00e4itel<br \/>\n14.00-14.20 Allar Haav (Tartu \u00dclikool) &#8211; Muistse asustuspildi uurimine digitaalsete meetoditega<br \/>\n14.20-14.40 Hilkka Hiiop ja Meelis P\u00e4rjasaar (Eesti Kunstimuuseum\/Eesti Kunstiakadeemia ja Wiseman Interactive O\u00dc) &#8211; Graafilise dokumentatsiooni tarkvara (konserveerimine, muinsuskaitse)<br \/>\n14.40-14.50 Paus<br \/>\n14.50-15.10 Mare K\u00f5iva (Eesti Kirjandusmuuseum, FO) &#8211; Sakraaltekstide digikorpus<br \/>\n15.10-15.30 Pille Eslon, Mart Laanpere (Tallinna \u00dclikool) &#8211; IT-rakendused humanitaarteadustes: eesti vahekeele korpus<br \/>\n15.30-15.50 Elle-Mari Talivee (Underi ja Tuglase Kirjanduskeskus) &#8211; Digitaalsed kirjandusmaastikud<br \/>\n15.50-16.00 Paus<br \/>\n16.00-16.20 Andres Uueni ja Kaimar Karu (Ennistuskoda Kanut) &#8211; virtuaalmuuseum.ee lahendusest<br \/>\n16.20-16.40 Marju Mikkel (Eesti Kirjandusmuuseum, EKLA) &#8211; Kreutzwaldi sajand. Eesti kultuurilooline veeb: uue versiooni tutvustus<br \/>\n16.40-17.00 Vahur Puik, (MT\u00dc Eesti Fotop\u00e4rand \/ Ajapaik.ee) &#8211; Ajapaik.ee \u2013 m\u00e4ngustatud koosloomerakendus ajaloolistele fotodele pildistamiskohtade ja \u00fclepildistuste kogumiseks<br \/>\n17.00-17.20 Kadri Vider (Eesti Keeleressursside Keskus) &#8211; Eesti Keeleressursside Keskuse tutvustamine<br \/>\n17.20-18.20 L\u00f5pudiskussioon<br \/>\nVaatmikud:<br \/>\nPiret Voolaid (Eesti Kirjandusmuuseum, FO) \u2013 Par\u00f6\u00f6milise grafiti andmebaas folkloristliku infoallikana<br \/>\nLiisi Laineste (Eesti Kirjandusmuuseum, FO) \u2013 MediaWiki potentsiaal digitaalhumanitaarias: eksperiment anekdootidega kolme rahvuse kohta<\/p>\n<p>Pildid \u00fcritusest on k\u00e4ttesaadavad <a href=\"https:\/\/www.facebook.com\/media\/set\/?set=a.599315380104573.1073741841.110756465627136&amp;type=3\" target=\"_blank\">siin<\/a>.<\/p>\n<p>Seminari ettekannete p\u00f5hjal valmis Eesti digitaalhumanitaaria\u00a0projektide <a href=\"http:\/\/www.folklore.ee\/dh\/dhe2013\/\">tutvustuskogumik<\/a>.<\/p>\n","protected":false},"excerpt":{"rendered":"<p>25. oktoobril 2013 toimus Eesti Kirjandusmuuseumis seminar &#8220;Eesti digitaalhumanitaaria A\u00b0 2013: IT-rakendused humanitaarteadustes&#8221;.<\/p>\n<p>Seminari p\u00e4evakava oli j\u00e4rgmine:<\/p>\n<p>9.00-9.20 Mari Sarv, Kaisa Kulasalu (Eesti Kirjandusmuuseum, ERA) &#8211; Avas\u00f5nad + Teel rahvaluule digiarhiivi poole 9.20-9.40 Liina Lindstr\u00f6m, Grethe Juhkason, P\u00e4rtel Lippus (Tartu \u00dclikool) &#8211; Eesti murrete digitaalne arhiiv 9.40-10.00 Raivo Kelomees (Eesti Kunstiakadeemia) &#8211; Interaktiivne andmebaasifilmi projekt [&#8230;]<\/p>\n","protected":false},"author":3,"featured_media":0,"parent":505,"menu_order":6,"comment_status":"open","ping_status":"open","template":"","meta":[],"_links":{"self":[{"href":"https:\/\/www.folklore.ee\/dh\/wp-json\/wp\/v2\/pages\/598"}],"collection":[{"href":"https:\/\/www.folklore.ee\/dh\/wp-json\/wp\/v2\/pages"}],"about":[{"href":"https:\/\/www.folklore.ee\/dh\/wp-json\/wp\/v2\/types\/page"}],"author":[{"embeddable":true,"href":"https:\/\/www.folklore.ee\/dh\/wp-json\/wp\/v2\/users\/3"}],"replies":[{"embeddable":true,"href":"https:\/\/www.folklore.ee\/dh\/wp-json\/wp\/v2\/comments?post=598"}],"version-history":[{"count":2,"href":"https:\/\/www.folklore.ee\/dh\/wp-json\/wp\/v2\/pages\/598\/revisions"}],"predecessor-version":[{"id":600,"href":"https:\/\/www.folklore.ee\/dh\/wp-json\/wp\/v2\/pages\/598\/revisions\/600"}],"up":[{"embeddable":true,"href":"https:\/\/www.folklore.ee\/dh\/wp-json\/wp\/v2\/pages\/505"}],"wp:attachment":[{"href":"https:\/\/www.folklore.ee\/dh\/wp-json\/wp\/v2\/media?parent=598"}],"curies":[{"name":"wp","href":"https:\/\/api.w.org\/{rel}","templated":true}]}}