{"id":577,"date":"2015-02-25T12:10:16","date_gmt":"2015-02-25T10:10:16","guid":{"rendered":"http:\/\/www.folklore.ee\/dh\/?page_id=577"},"modified":"2015-06-11T18:21:44","modified_gmt":"2015-06-11T15:21:44","slug":"seminar-digitaalse-kultuuriparandi-taaskasutamine","status":"publish","type":"page","link":"https:\/\/www.folklore.ee\/dh\/uritused\/seminar-digitaalse-kultuuriparandi-taaskasutamine\/","title":{"rendered":"Seminar &#8220;Digitaalse kultuurip\u00e4randi taaskasutamine\u201d"},"content":{"rendered":"<p><strong>11. ja 12. m\u00e4rtsil Eesti Vaba\u00f5humuuseumis<\/strong><\/p>\n<p>Seminaril anal\u00fc\u00fcsitakse ning tuuakse n\u00e4iteid kultuurip\u00e4randi avaandmete kasutamisest. Ettekannetega esinevad Henri Laupmaa, Uuno Vallner (RISO), Kuldar Aas (Rahvusarhiiv), Vahur Puik (Ajapaik), Michael Charno (Archeology Data Service, UK), Barbara Dierickx (Packed, Belgia), Laura Sillanp\u00e4\u00e4 (Open Knowledge Finland). Nimekiri on t\u00e4iendamisel.<\/p>\n<p>Teisel p\u00e4eval toimub virtuaaln\u00e4ituste platvormi \u00a0MOVIO, rakenduste Cityquest \u00a0ja Ajapaiga kasutamist tutvustav t\u00f6\u00f6tuba m\u00e4luasutuste kuraatoritele ja teaduritele. T\u00f6\u00f6toa esimeses osas tutvustatavad vahendid on v\u00e4lja t\u00f6\u00f6tatud konkurentsi- ja innovatsiooni koost\u00f6\u00f6programmi \u00a0CIP ICT PSP poolt rahastatud Athena Plus projekti raames. T\u00f6\u00f6toa viib l\u00e4bi Barbara Dierickx Belgia digitaalse kultuurip\u00e4randi kompetentsikeskusest PACKED. Teises osas tutvustab Vahur Puik, kuidas kasutada ja t\u00e4iendada Ajapaika.<\/p>\n<p>Rohkem infot\u00a0<a href=\"http:\/\/evm.ee\/est\/meist\/uudised.n\/seminar-ja-tootuba-digitaalse-kultuuriparandi-taaskasutamine--teenuste-arendamine-ja-muuseumikogemuse-avardamine\">EVM kodulehelt<\/a>.<br \/>\n<a href=\"http:\/\/www.eventbrite.com\/e\/seminar-ja-tootuba-digitaalse-kultuuriparandi-taaskasutamine-tickets-15795176799\">Registreerimine l\u00e4bi Eventbrite<\/a>&#8216;i<\/p>\n<p>Hembo Pagi<br \/>\n<a href=\"http:\/\/archaeovision.eu\">archaeovision.eu<\/a><br \/>\n+372 52 60214<\/p>\n","protected":false},"excerpt":{"rendered":"<p>11. ja 12. m\u00e4rtsil Eesti Vaba\u00f5humuuseumis<\/p>\n<p>Seminaril anal\u00fc\u00fcsitakse ning tuuakse n\u00e4iteid kultuurip\u00e4randi avaandmete kasutamisest. Ettekannetega esinevad Henri Laupmaa, Uuno Vallner (RISO), Kuldar Aas (Rahvusarhiiv), Vahur Puik (Ajapaik), Michael Charno (Archeology Data Service, UK), Barbara Dierickx (Packed, Belgia), Laura Sillanp\u00e4\u00e4 (Open Knowledge Finland). Nimekiri on t\u00e4iendamisel.<\/p>\n<p>Teisel p\u00e4eval toimub virtuaaln\u00e4ituste platvormi MOVIO, rakenduste Cityquest ja Ajapaiga [&#8230;]<\/p>\n","protected":false},"author":3,"featured_media":0,"parent":505,"menu_order":6,"comment_status":"open","ping_status":"open","template":"","meta":[],"_links":{"self":[{"href":"https:\/\/www.folklore.ee\/dh\/wp-json\/wp\/v2\/pages\/577"}],"collection":[{"href":"https:\/\/www.folklore.ee\/dh\/wp-json\/wp\/v2\/pages"}],"about":[{"href":"https:\/\/www.folklore.ee\/dh\/wp-json\/wp\/v2\/types\/page"}],"author":[{"embeddable":true,"href":"https:\/\/www.folklore.ee\/dh\/wp-json\/wp\/v2\/users\/3"}],"replies":[{"embeddable":true,"href":"https:\/\/www.folklore.ee\/dh\/wp-json\/wp\/v2\/comments?post=577"}],"version-history":[{"count":4,"href":"https:\/\/www.folklore.ee\/dh\/wp-json\/wp\/v2\/pages\/577\/revisions"}],"predecessor-version":[{"id":581,"href":"https:\/\/www.folklore.ee\/dh\/wp-json\/wp\/v2\/pages\/577\/revisions\/581"}],"up":[{"embeddable":true,"href":"https:\/\/www.folklore.ee\/dh\/wp-json\/wp\/v2\/pages\/505"}],"wp:attachment":[{"href":"https:\/\/www.folklore.ee\/dh\/wp-json\/wp\/v2\/media?parent=577"}],"curies":[{"name":"wp","href":"https:\/\/api.w.org\/{rel}","templated":true}]}}