{"id":561,"date":"2015-02-04T10:47:50","date_gmt":"2015-02-04T08:47:50","guid":{"rendered":"http:\/\/www.folklore.ee\/dh\/?page_id=561"},"modified":"2015-02-04T11:56:21","modified_gmt":"2015-02-04T09:56:21","slug":"myrk","status":"publish","type":"page","link":"https:\/\/www.folklore.ee\/dh\/dhe2014\/myrk\/","title":{"rendered":"Rahvusarhiivi \u00fchisloome algatus &#8220;Eestlased Esimeses maailmas\u00f5jas&#8221;"},"content":{"rendered":"<p style=\"text-align: right;\">Maive M\u00fcrk<\/p>\n<p>Oleme Rahvusarhiivis juba p\u00e4ris kaua oodanud rakendust, mis v\u00f5imaldaks \u00fchisloome kampaaniaid. Vajadus selle j\u00e4rele tekkis teadmisest, et paljud arhiivikasutajad juba indekseerivad s\u00e4ilikuid ja teevad enda tarbeks sisukordi ja registreid, aga nende t\u00f6\u00f6 ei ole laiemalt k\u00e4ttesaadav ja v\u00f5ib juhtuda, et mitu inimest teevad sama t\u00f6\u00f6d. Loodame, et digitaalsete lahenduste pakkumisega nii andmete sisestamiseks kui sisestatu k\u00e4ttesaadavaks ja otsitavaks tegemiseks suudame meelitada usinaid kasutajaid andmeid sisestama Rahvusarhiivi portaalis, kus saame tagada tehtud t\u00f6\u00f6 s\u00e4ilimise ja laia kasutuse. Rahvusarhiivist soovitakse sageli saada isikuloolisi andmeid ainult perekonnanime ja eesnime p\u00f5hjal. Vabatahtlike kaasamine on \u00fcks v\u00f5imalus kuidas see v\u00f5iks j\u00e4rk-j\u00e4rgult v\u00f5imalikuks saada.<\/p>\n<p>Projekt \u201eEestlased Esimeses maailmas\u00f5jas\u201c (<a href=\"http:\/\/www.ra.ee\/ilmasoda\">www.ra.ee\/ilmasoda<\/a>) on Rahvusarhiivi esimene suurem \u00fchisloome kampaania. Algatuse esimeses j\u00e4rgus on kavas vabatahtlike abiga indekseerida Rahvusarhiivi allikates leiduvad andmed s\u00f5durite kohta. Tulevikus loodab arhiiv, et inimesed on valmis t\u00e4iendama ajalooallikaid oma teadmistega perekonnaloost ja kohaajaloost: n\u00e4iteks on v\u00f5imalik lisada s\u00f5duri juurde eluloolisi andmeid, m\u00e4lestusi ja fotosid.<\/p>\n<p>Oleme keskkonna loomisel p\u00fc\u00fcdnud arvestada vabatahtlikest kaast\u00f6\u00f6liste vajaduste ja mugavusega: portaal on tehniliselt ja kujunduslikult lihtne, samuti leiab siit abitekstid (\u00fclevaade allikatest, n\u00e4pun\u00e4ited v\u00e4ljade t\u00e4itmiseks ja otsingu teostamiseks). Andmed on kohe p\u00e4rast sisestamist otsitavad ja kasutajad saavad juba sisestatut muuta v\u00f5i t\u00e4iendada.<\/p>\n","protected":false},"excerpt":{"rendered":"<p style=\"text-align: right;\">Maive M\u00fcrk<\/p>\n<p>Oleme Rahvusarhiivis juba p\u00e4ris kaua oodanud rakendust, mis v\u00f5imaldaks \u00fchisloome kampaaniaid. Vajadus selle j\u00e4rele tekkis teadmisest, et paljud arhiivikasutajad juba indekseerivad s\u00e4ilikuid ja teevad enda tarbeks sisukordi ja registreid, aga nende t\u00f6\u00f6 ei ole laiemalt k\u00e4ttesaadav ja v\u00f5ib juhtuda, et mitu inimest teevad sama t\u00f6\u00f6d. Loodame, et digitaalsete lahenduste pakkumisega nii [&#8230;]<\/p>\n","protected":false},"author":3,"featured_media":0,"parent":433,"menu_order":0,"comment_status":"open","ping_status":"open","template":"","meta":[],"_links":{"self":[{"href":"https:\/\/www.folklore.ee\/dh\/wp-json\/wp\/v2\/pages\/561"}],"collection":[{"href":"https:\/\/www.folklore.ee\/dh\/wp-json\/wp\/v2\/pages"}],"about":[{"href":"https:\/\/www.folklore.ee\/dh\/wp-json\/wp\/v2\/types\/page"}],"author":[{"embeddable":true,"href":"https:\/\/www.folklore.ee\/dh\/wp-json\/wp\/v2\/users\/3"}],"replies":[{"embeddable":true,"href":"https:\/\/www.folklore.ee\/dh\/wp-json\/wp\/v2\/comments?post=561"}],"version-history":[{"count":4,"href":"https:\/\/www.folklore.ee\/dh\/wp-json\/wp\/v2\/pages\/561\/revisions"}],"predecessor-version":[{"id":569,"href":"https:\/\/www.folklore.ee\/dh\/wp-json\/wp\/v2\/pages\/561\/revisions\/569"}],"up":[{"embeddable":true,"href":"https:\/\/www.folklore.ee\/dh\/wp-json\/wp\/v2\/pages\/433"}],"wp:attachment":[{"href":"https:\/\/www.folklore.ee\/dh\/wp-json\/wp\/v2\/media?parent=561"}],"curies":[{"name":"wp","href":"https:\/\/api.w.org\/{rel}","templated":true}]}}