{"id":533,"date":"2015-01-28T13:25:21","date_gmt":"2015-01-28T11:25:21","guid":{"rendered":"http:\/\/www.folklore.ee\/dh\/?page_id=533"},"modified":"2015-02-04T13:22:32","modified_gmt":"2015-02-04T11:22:32","slug":"pagi","status":"publish","type":"page","link":"https:\/\/www.folklore.ee\/dh\/dhe2014\/pagi\/","title":{"rendered":"RTI fotograafia museaalide ja s\u00e4ilikute uurimiseks"},"content":{"rendered":"<p style=\"text-align: right;\">Hembo Pagi<\/p>\n<p style=\"text-align: right;\">\n<p>RTI (Reflectance Trasformation Imaging) on saripildistamise meetod, mis kasutab pildistatava eseme pinnamuudatuste esiletoomiseks peegeldavat k\u00fclgvalgust. Meetod on kasulik erinevate objektide n\u00e4iteks m\u00fcntide, skulptuuride, kudumite v\u00f5i vanade kirjatahvlite detailseks uurimiseks ning esitlemiseks. \u00a0RTI meetod p\u00f5hineb matemaatilisel algoritmil, mis kalkuleerib pinnalt valguse peegeldumist iga pikseli jaoks ette antud piltidekogumil. Meetodi t\u00f6\u00f6tas v\u00e4lja Tom Malzbender Hewlett Packardi Laboratooriumist 2001. aastal. N\u00fc\u00fcdseks on lisaks Malzbenderi Polynomial Texture Mapping (PTM) algoritmile veel teisigi, nagu n\u00e4ites Hemisperical Harmonics.<\/p>\n<p>Pildistamiseks on vajalik tavaline fotokaamera ning eraldiseisev valgusallikas (v\u00e4lk). Kaamera ja valgusallika ainsaks eelduseks on see neid saab juhtida manuaalselt, st. k\u00f5ik automaatsed seaded sh. teravustamine, ava ja s\u00e4riaeg seadistakse k\u00e4sitsi. T\u00e4htsateks abivahenditeks on n\u00f6\u00f6rijupp ja piljardikuul &#8211; esimene neist tagab valgusallika konstantse kauguse pildistatavast esemest, ning teine, talletab valgusallika suuna peegeldusena sf\u00e4\u00e4rilisel pinnal. \u00dcles v\u00f5etud 30 kuni 50 fotod t\u00f6\u00f6deldakse tarvaraga mille l\u00f5pptulemuseks on interaktiivne foto mis v\u00f5imaldab eset vaadelda erinevas k\u00fclgvalguses. Nii t\u00f6\u00f6tlus- kui ka kuvamistarkvarad on vabavaralised ja tasuta.<\/p>\n<p>Lisainfot RTI kohta ning tarkvara saab alla laadida Cultural Heritage Imaging lehelt (<a href=\"http:\/\/culturalheritageimaging.org\/Technologies\/RTI\/\">http:\/\/culturalheritageimaging.org\/Technologies\/RTI\/<\/a>).<\/p>\n","protected":false},"excerpt":{"rendered":"<p style=\"text-align: right;\">Hembo Pagi<\/p>\n<p style=\"text-align: right;\">\n<p>RTI (Reflectance Trasformation Imaging) on saripildistamise meetod, mis kasutab pildistatava eseme pinnamuudatuste esiletoomiseks peegeldavat k\u00fclgvalgust. Meetod on kasulik erinevate objektide n\u00e4iteks m\u00fcntide, skulptuuride, kudumite v\u00f5i vanade kirjatahvlite detailseks uurimiseks ning esitlemiseks. RTI meetod p\u00f5hineb matemaatilisel algoritmil, mis kalkuleerib pinnalt valguse peegeldumist iga pikseli jaoks ette antud piltidekogumil. Meetodi [&#8230;]<\/p>\n","protected":false},"author":1,"featured_media":0,"parent":433,"menu_order":0,"comment_status":"open","ping_status":"open","template":"","meta":[],"_links":{"self":[{"href":"https:\/\/www.folklore.ee\/dh\/wp-json\/wp\/v2\/pages\/533"}],"collection":[{"href":"https:\/\/www.folklore.ee\/dh\/wp-json\/wp\/v2\/pages"}],"about":[{"href":"https:\/\/www.folklore.ee\/dh\/wp-json\/wp\/v2\/types\/page"}],"author":[{"embeddable":true,"href":"https:\/\/www.folklore.ee\/dh\/wp-json\/wp\/v2\/users\/1"}],"replies":[{"embeddable":true,"href":"https:\/\/www.folklore.ee\/dh\/wp-json\/wp\/v2\/comments?post=533"}],"version-history":[{"count":3,"href":"https:\/\/www.folklore.ee\/dh\/wp-json\/wp\/v2\/pages\/533\/revisions"}],"predecessor-version":[{"id":574,"href":"https:\/\/www.folklore.ee\/dh\/wp-json\/wp\/v2\/pages\/533\/revisions\/574"}],"up":[{"embeddable":true,"href":"https:\/\/www.folklore.ee\/dh\/wp-json\/wp\/v2\/pages\/433"}],"wp:attachment":[{"href":"https:\/\/www.folklore.ee\/dh\/wp-json\/wp\/v2\/media?parent=533"}],"curies":[{"name":"wp","href":"https:\/\/api.w.org\/{rel}","templated":true}]}}