{"id":505,"date":"2015-01-28T01:01:41","date_gmt":"2015-01-27T23:01:41","guid":{"rendered":"http:\/\/www.folklore.ee\/dh\/?page_id=505"},"modified":"2015-10-13T02:05:29","modified_gmt":"2015-10-12T23:05:29","slug":"uritused","status":"publish","type":"page","link":"https:\/\/www.folklore.ee\/dh\/uritused\/","title":{"rendered":"\u00dcritused"},"content":{"rendered":"<h2>Toimunud digitaalhumanitaaria \u00fcritused<\/h2>\n<p>&nbsp;<\/p>\n<p>Kultuuriteaduste ja kunstide\u00a0doktorikooli intensiivseminar &#8220;<a href=\"http:\/\/ktkdk.edu.ee\/event\/intensiivseminar-digital-archives-and-humanites-from-memory-curation-to-innovation-2\/\">Digitaalsed arhiivid ja humanitaarteadused: m\u00e4lu talletamisest innovatsioonini<\/a>&#8221; Tallinna \u00dclikooli Eesti Humanitaarinstituudis 10.-11. juunil 2015<\/p>\n<p>Seminar &#8220;<a href=\"http:\/\/www.folklore.ee\/dh\/uritused\/seminar-digitaalse-kultuuriparandi-taaskasutamine\/\">Digitaalse kultuurip\u00e4randi taaskasutamine<\/a>&#8221; Eesti Vaba\u00f5humuuseumis 11.-12. m\u00e4rtsil 2015<\/p>\n<p>Seminar\u00a0<a title=\"Eesti digitaalhumanitaaria A\u00b0 2014\" href=\"http:\/\/www.folklore.ee\/dh\/uritused\/seminar_dhe2014\/\">Eesti Digitaalhumanitaaria 2014<\/a>\u00a0Eesti Kirjandusmuuseumis 27.-28. oktoobril 2014<\/p>\n<p>Seminar\u00a0<a title=\"Digitaalhumanitaaria Eestis A\u00b0 2013\" href=\"http:\/\/www.folklore.ee\/dh\/dhe2013\/\">Digitaalhumanitaaria Eestis\u00a02013<\/a>\u00a0Eesti Kirjandusmuuseumis 25. oktoobril 2013<\/p>\n","protected":false},"excerpt":{"rendered":"<p>Toimunud digitaalhumanitaaria \u00fcritused <\/p>\n<p>&nbsp;<\/p>\n<p>Kultuuriteaduste ja kunstide doktorikooli intensiivseminar &#8220;Digitaalsed arhiivid ja humanitaarteadused: m\u00e4lu talletamisest innovatsioonini&#8221; Tallinna \u00dclikooli Eesti Humanitaarinstituudis 10.-11. juunil 2015<\/p>\n<p>Seminar &#8220;Digitaalse kultuurip\u00e4randi taaskasutamine&#8221; Eesti Vaba\u00f5humuuseumis 11.-12. m\u00e4rtsil 2015<\/p>\n<p>Seminar Eesti Digitaalhumanitaaria 2014 Eesti Kirjandusmuuseumis 27.-28. oktoobril 2014<\/p>\n<p>Seminar Digitaalhumanitaaria Eestis 2013 Eesti Kirjandusmuuseumis 25. oktoobril 2013<\/p>\n<p> [&#8230;]<\/p>\n","protected":false},"author":3,"featured_media":0,"parent":0,"menu_order":13,"comment_status":"open","ping_status":"open","template":"","meta":[],"_links":{"self":[{"href":"https:\/\/www.folklore.ee\/dh\/wp-json\/wp\/v2\/pages\/505"}],"collection":[{"href":"https:\/\/www.folklore.ee\/dh\/wp-json\/wp\/v2\/pages"}],"about":[{"href":"https:\/\/www.folklore.ee\/dh\/wp-json\/wp\/v2\/types\/page"}],"author":[{"embeddable":true,"href":"https:\/\/www.folklore.ee\/dh\/wp-json\/wp\/v2\/users\/3"}],"replies":[{"embeddable":true,"href":"https:\/\/www.folklore.ee\/dh\/wp-json\/wp\/v2\/comments?post=505"}],"version-history":[{"count":6,"href":"https:\/\/www.folklore.ee\/dh\/wp-json\/wp\/v2\/pages\/505\/revisions"}],"predecessor-version":[{"id":575,"href":"https:\/\/www.folklore.ee\/dh\/wp-json\/wp\/v2\/pages\/505\/revisions\/575"}],"wp:attachment":[{"href":"https:\/\/www.folklore.ee\/dh\/wp-json\/wp\/v2\/media?parent=505"}],"curies":[{"name":"wp","href":"https:\/\/api.w.org\/{rel}","templated":true}]}}