{"id":504,"date":"2015-01-28T01:02:56","date_gmt":"2015-01-27T23:02:56","guid":{"rendered":"http:\/\/www.folklore.ee\/dh\/?page_id=504"},"modified":"2015-01-28T01:15:30","modified_gmt":"2015-01-27T23:15:30","slug":"seminar_dhe2014","status":"publish","type":"page","link":"https:\/\/www.folklore.ee\/dh\/uritused\/seminar_dhe2014\/","title":{"rendered":"Eesti digitaalhumanitaaria A\u00b0 2014"},"content":{"rendered":"<p><b>Eesti digitaalhumanitaaria <\/b><b><i>A\u00b0<\/i><\/b><b> 2014:<br \/>\n<\/b><b>infotehnoloogiline innovatsioon humanitaarteadustes ja -hariduses<\/b><\/p>\n<p>Digitaalhumanitaaria on interdistsiplinaarne valdkond, mille keskmes on infotehnoloogia vahendite ja v\u00f5imaluste kasutamine humanitaarvaldkonnas. \u00a0Kutsume teid osalema digitaalhumanitaarseid uurimusi, projekte, loodavaid ja kasutatavaid rakendusi tutvustaval seminaril \u201c<a title=\"Seminarikutse\" href=\"http:\/\/www.folklore.ee\/dh\/dhe2014\/seminarikutse\/\">Eesti digitaalhumanitaaria <i>A\u00b0<\/i> 2014: infotehnoloogiline innovatsioon humanitaarteadustes ja -hariduses<\/a>\u201d Tartus, Eesti Kirjandusmuuseumis (Vanemuise 42). Seminari ettekandep\u00e4ev toimub esmasp\u00e4eval, 27. oktoobril. Teisip\u00e4eval, 28. oktoobril pakume humanitaaridele v\u00f5imalust ennast t\u00e4iendada kahes eri suunitlusega \u00f5pitoas.<\/p>\n<p><b>Esmasp\u00e4ev, 27. oktoober<br \/>\n<\/b><b>Ettekanded<\/b><br \/>\n10.00-10.15 Kogunemine, hommikukohv<br \/>\n10.15-10.30 Sissejuhatus ja <a title=\"Digitaalhumanitaaria Eestis A\u00b0 2013\" href=\"http:\/\/www.folklore.ee\/dh\/dhe2013\/\">2013. aasta seminari projektitutvustuste kogumiku<\/a> esitlus<br \/>\n10.30-11.00 Anu Lepp \u201cInfotehnoloogiliste v\u00f5imaluste rakendamine paberiajaloolises uurimist\u00f6\u00f6s vesim\u00e4rgiandmebaaside n\u00e4itel\u201d<br \/>\n11.00-11.30 Mari Sarv \u201cV\u00f5rgustikuanal\u00fc\u00fcs humanitaarteaduste meetodina\u201d<br \/>\n11.30-12.00 Raivo Kelomees \u201c1990. aastate kunstnikumultimeedia p\u00e4\u00e4stemissioon. Digikonserveerimise ja -arhiveerimise v\u00f5imalustest\u201d<br \/>\n12.00-12.30 Maive M\u00fcrk \u201cRahvusarhiivi \u00fchisloome algatus &#8220;Eestlased esimeses maailmas\u00f5jas&#8221;\u201d<br \/>\n12.30-13.00 Vahur Puik \u201cFotokogude digiteerimisest ja taaskasutamisest, mh rahvahanke v\u00f5imalustest ja plaanidest Ajapaiga ja Europeana n\u00e4itel\u201d<\/p>\n<p>13.00-14.30 L\u00f5unapaus<\/p>\n<p>14.30-15.00 Mare K\u00f5iva, Andres Kuperjanov \u201cAkadeemilised avatud juurdep\u00e4\u00e4suga ajakirjad \u2013 kuhu edasi?\u201d<br \/>\n15.00-15.30 Marin Laak, Marju Mikkel \u201cEesti kirjandusklassika e-raamatute koost\u00f6\u00f6projekt\u201d<br \/>\n15.30-16.00 \u00dclo Treikelder \u201cTEELE &#8211; Tartu Linnaraamatukogu andmebaas \u201cTartu ilukirjanduses<a title=\"TEELE \u2013 Tartu Linnaraamatukogu andmebaas \u201cTartu ilukirjanduses\u201d\" href=\"http:\/\/www.folklore.ee\/dh\/dhe2014\/treikelder\/\">\u201d<\/a>\u201d<br \/>\n16.00-16.30 Kaisa Kulasalu \u201cRahvusparkide m\u00e4lumaastike kaardirakendus balansseerimas rahvav\u00e4ljaande ja uurimiskeskkonna vahel\u201d<\/p>\n<p>L\u00f5pudiskussiooni Eesti digitaalhumaniaariast juhivad Vahur Puik ja Hembo Pagi<\/p>\n<p><b>Teisip\u00e4ev, 28. oktoober<br \/>\n<\/b><b>\u00d5pitoad<\/b><br \/>\n9.30\u201213.30 Tekstikorpused, nende anal\u00fc\u00fcsivahendid ja -v\u00f5imalused (Kadri Muischnek, Liina Lindstr\u00f6m, Kristel Uiboaed)<br \/>\n14.00\u201218.00 RTI fotograafia museaalide ja s\u00e4ilikute uurimiseks (Hembo Pagi)<\/p>\n<p>\u00d5pitubadesse palume registreerida aadressil <a href=\"mailto:digitaalhumanitaaria@gmail.com\">digitaalhumanitaaria@gmail.com<\/a>.<br \/>\nL\u00e4hem teave \u00f5pitubade kohta <a title=\"\u00d5pitoad\" href=\"http:\/\/www.folklore.ee\/dh\/uritused\/seminar_dhe2014\/opitoad\/\">SIIN<\/a>.<\/p>\n<p>Seminari korraldamist toetavad Eesti Rahvaluule Arhiiv ja Eesti Kultuurkapital<\/p>\n<p><img src=\"http:\/\/www.folklore.ee\/dh\/wp-content\/uploads\/2014\/06\/logo_kulka-300x199.png\" alt=\"logo_kulka\" \/><\/p>\n","protected":false},"excerpt":{"rendered":"<p>Eesti digitaalhumanitaaria A\u00b0 2014: infotehnoloogiline innovatsioon humanitaarteadustes ja -hariduses<\/p>\n<p>Digitaalhumanitaaria on interdistsiplinaarne valdkond, mille keskmes on infotehnoloogia vahendite ja v\u00f5imaluste kasutamine humanitaarvaldkonnas. Kutsume teid osalema digitaalhumanitaarseid uurimusi, projekte, loodavaid ja kasutatavaid rakendusi tutvustaval seminaril \u201cEesti digitaalhumanitaaria A\u00b0 2014: infotehnoloogiline innovatsioon humanitaarteadustes ja -hariduses\u201d Tartus, Eesti Kirjandusmuuseumis (Vanemuise 42). Seminari ettekandep\u00e4ev toimub esmasp\u00e4eval, 27. oktoobril. Teisip\u00e4eval, [&#8230;]<\/p>\n","protected":false},"author":3,"featured_media":0,"parent":505,"menu_order":6,"comment_status":"open","ping_status":"open","template":"","meta":[],"_links":{"self":[{"href":"https:\/\/www.folklore.ee\/dh\/wp-json\/wp\/v2\/pages\/504"}],"collection":[{"href":"https:\/\/www.folklore.ee\/dh\/wp-json\/wp\/v2\/pages"}],"about":[{"href":"https:\/\/www.folklore.ee\/dh\/wp-json\/wp\/v2\/types\/page"}],"author":[{"embeddable":true,"href":"https:\/\/www.folklore.ee\/dh\/wp-json\/wp\/v2\/users\/3"}],"replies":[{"embeddable":true,"href":"https:\/\/www.folklore.ee\/dh\/wp-json\/wp\/v2\/comments?post=504"}],"version-history":[{"count":3,"href":"https:\/\/www.folklore.ee\/dh\/wp-json\/wp\/v2\/pages\/504\/revisions"}],"predecessor-version":[{"id":508,"href":"https:\/\/www.folklore.ee\/dh\/wp-json\/wp\/v2\/pages\/504\/revisions\/508"}],"up":[{"embeddable":true,"href":"https:\/\/www.folklore.ee\/dh\/wp-json\/wp\/v2\/pages\/505"}],"wp:attachment":[{"href":"https:\/\/www.folklore.ee\/dh\/wp-json\/wp\/v2\/media?parent=504"}],"curies":[{"name":"wp","href":"https:\/\/api.w.org\/{rel}","templated":true}]}}