{"id":455,"date":"2014-10-23T11:27:03","date_gmt":"2014-10-23T08:27:03","guid":{"rendered":"http:\/\/www.folklore.ee\/dh\/?page_id=455"},"modified":"2015-02-04T13:12:39","modified_gmt":"2015-02-04T11:12:39","slug":"kulasalu","status":"publish","type":"page","link":"https:\/\/www.folklore.ee\/dh\/dhe2014\/kulasalu\/","title":{"rendered":"Rahvusparkide m\u00e4lumaastike kaardirakendus balansseerimas rahvav\u00e4ljaande ja uurimiskeskkonna vahel"},"content":{"rendered":"<p style=\"text-align: right;\">Kaisa Kulasalu<\/p>\n<p>2014. aasta alguses lisandus Maa-ameti kaardiserverisse (<a href=\"http:\/\/xgis.maaamet.ee\/xGIS\/XGis\"><b>http:\/\/xgis.maaamet.ee\/xGIS\/XGis<\/b><\/a><b>) <\/b>uus kiht: rahvusparkide m\u00e4lumaastike kaardirakendus, mis koondab infot Vilsandi ja Matsalu rahvusparkide kultuurip\u00e4randi kohta, olles j\u00e4tkuks 2006. aastal alguse saanud rahvusparkide kultuurip\u00e4randi kaardistamisele keskkonnas<a href=\"http:\/\/www.maastikud.ee\/\">www.maastikud.ee<\/a>. M\u00e4lumaastike uus kaardirakendus valmis Keskkonnaameti, Eesti Kirjandusmuuseumi Eesti Rahvaluule Arhiivi kohap\u00e4rimuse t\u00f6\u00f6r\u00fchma ja Maa-ameti koost\u00f6\u00f6s.<\/p>\n<p>Kaardirakendusele on j\u00f5udnud kohap\u00e4rimus ehk koha(nime)keskne, enamasti proosatekstina esitatud folkloor, mille hulka kuuluvad (koha)muistendid ja kohtadega seotud uskumused, kombekirjeldused, ajalooline p\u00e4rimus, m\u00e4lestused jm (Remmel 2001: 21). Kohap\u00e4rimus on interdistsiplinaarne ala, kus kohtuvad folkloristika, arheoloogia, ajaloo- ja kirjandusteadus ning mille uurimisel ja uurimistulemuste presenteerimisel on digitaalsed vahendid muutunud aina iseenesestm\u00f5istetavamaks.<\/p>\n<p>Kohap\u00e4rimuslikus kaardirakenduses on kasutatud tekste, fotosid, video- ja helisalvestusi Kirjandusmuuseumi ja teiste m\u00e4luasutuste kogudest. Suure kaardil kuvatust osa moodustab 2012.-2013. aastal v\u00e4lit\u00f6\u00f6del kogutud p\u00e4rimuslik materjal. Kaardirakendus on keskkond, kus on v\u00f5imalik kokku koondada eri meediumeid, andmeid sortida, infokihte sisse ja v\u00e4lja l\u00fclitada. Nii paistab see esmapilgul ideaalse vahendina info esitlemiseks ning edaspidiseks uurimist\u00f6\u00f6ks. Maa-ameti kaardile j\u00f5udis siiski vaid v\u00e4ike osa k\u00f5igest v\u00f5imalikust, nii on loodud eesk\u00e4tt rahvav\u00e4ljaanne huvilistele sirvimiseks, mitte ammendav andmebaas.<\/p>\n<p>&nbsp;<\/p>\n<p>Remmel, Mari-Ann 2001. <i>Eesti kohap\u00e4rimus folkloristliku uurimisainena.<\/i> Tartu \u00dclikool. Magistrit\u00f6\u00f6. (K\u00e4sikiri eesti ja v\u00f5rdleva rahvaluule \u00f5ppetoolis.)<\/p>\n","protected":false},"excerpt":{"rendered":"<p style=\"text-align: right;\">Kaisa Kulasalu<\/p>\n<p>2014. aasta alguses lisandus Maa-ameti kaardiserverisse (http:\/\/xgis.maaamet.ee\/xGIS\/XGis) uus kiht: rahvusparkide m\u00e4lumaastike kaardirakendus, mis koondab infot Vilsandi ja Matsalu rahvusparkide kultuurip\u00e4randi kohta, olles j\u00e4tkuks 2006. aastal alguse saanud rahvusparkide kultuurip\u00e4randi kaardistamisele keskkonnaswww.maastikud.ee. M\u00e4lumaastike uus kaardirakendus valmis Keskkonnaameti, Eesti Kirjandusmuuseumi Eesti Rahvaluule Arhiivi kohap\u00e4rimuse t\u00f6\u00f6r\u00fchma ja Maa-ameti koost\u00f6\u00f6s.<\/p>\n<p>Kaardirakendusele on j\u00f5udnud kohap\u00e4rimus ehk [&#8230;]<\/p>\n","protected":false},"author":1,"featured_media":0,"parent":433,"menu_order":0,"comment_status":"open","ping_status":"open","template":"","meta":[],"_links":{"self":[{"href":"https:\/\/www.folklore.ee\/dh\/wp-json\/wp\/v2\/pages\/455"}],"collection":[{"href":"https:\/\/www.folklore.ee\/dh\/wp-json\/wp\/v2\/pages"}],"about":[{"href":"https:\/\/www.folklore.ee\/dh\/wp-json\/wp\/v2\/types\/page"}],"author":[{"embeddable":true,"href":"https:\/\/www.folklore.ee\/dh\/wp-json\/wp\/v2\/users\/1"}],"replies":[{"embeddable":true,"href":"https:\/\/www.folklore.ee\/dh\/wp-json\/wp\/v2\/comments?post=455"}],"version-history":[{"count":3,"href":"https:\/\/www.folklore.ee\/dh\/wp-json\/wp\/v2\/pages\/455\/revisions"}],"predecessor-version":[{"id":572,"href":"https:\/\/www.folklore.ee\/dh\/wp-json\/wp\/v2\/pages\/455\/revisions\/572"}],"up":[{"embeddable":true,"href":"https:\/\/www.folklore.ee\/dh\/wp-json\/wp\/v2\/pages\/433"}],"wp:attachment":[{"href":"https:\/\/www.folklore.ee\/dh\/wp-json\/wp\/v2\/media?parent=455"}],"curies":[{"name":"wp","href":"https:\/\/api.w.org\/{rel}","templated":true}]}}