{"id":448,"date":"2014-10-22T23:08:45","date_gmt":"2014-10-22T20:08:45","guid":{"rendered":"http:\/\/www.folklore.ee\/dh\/?page_id=448"},"modified":"2016-10-06T12:59:00","modified_gmt":"2016-10-06T09:59:00","slug":"treikelder","status":"publish","type":"page","link":"https:\/\/www.folklore.ee\/dh\/dhe2014\/treikelder\/","title":{"rendered":"TEELE &#8211; Tartu Linnaraamatukogu andmebaas \u201cTartu ilukirjanduses\u201d"},"content":{"rendered":"<p>\u00dclo Treikelder<br \/>\nTartu Linnaraamatukogu<\/p>\n<p>Tartu Linnaraamatukogus koostatakse alates 2005. aastast kirjandus- ja kultuuriloolist veebilehte <strong>\u201cTartu ilukirjanduses\u201d<\/strong>. Andmebaas s\u00fcndis m\u00f5ttest esitleda Tartut ilukirjanduse kaudu: koondada tekste, kus on juttu Tartu kohtadest, inimestest, Tartuga seotud s\u00fcndmustest, aga ka tabamata v\u00f5i tabatud Tartu vaimust v\u00f5i muust Tartule iseloomulikust, olgu see tudengid, hakid, aguliarhitektuur v\u00f5i hoopis kohvikud v\u00f5i h\u00f5ng.<\/p>\n<p><strong>Ilukirjandust<\/strong><strong>\u00a0<\/strong>oleme k\u00e4sitanud kaunis laialt, haarates selle alla ka m\u00e4lestusi ja meenutusi, kogumikke, m\u00f5nikord isegi ka teabekirjanduse valdkonda j\u00e4\u00e4vaid tekste, nt esseid. Teostest on v\u00e4lja toodud\u00a0<strong>katkendeid<\/strong>. Nii katkenditel kui ka teostel on m\u00e4rks\u00f5nad, mille j\u00e4rgi saab huvipakkuvat otsida. K\u00f5ik muud materjalid liituvad tekstidega ja illustreerivad neid. J\u00e4rgmise etapina lisandus Tartu kaart, j\u00e4rjest lisandub Tartu\u00a0<strong>fotosid<\/strong>\u00a0eri aegadest, lisame ka kunstiteoseid ja muusikapalu. Andmebaasiga seostatud interaktiivsel kaardil liikudes avanevad vastavate paikade juures eri aegu kajastavad tekstikatked, fotod jm. Oleme hakanud lisama ka andmebaasis olevate isikute tutvustusi, kavas on lisada ka raamatute kaanepildid.<\/p>\n<p>Projekti\u00a0<strong>eesm\u00e4rk\u00a0<\/strong>on hoida meie kultuurim\u00e4lu, luua seoseid vaimse ja f\u00fc\u00fcsilise ruumi vahel, tutvustada lokaalajaloolist keskkonda ning aidata \u00f5pilast, \u00fcli\u00f5pilast, uurijat v\u00f5i koduloohuvilist andmete ja allikate leidmisel ja seostamisel. Tulevikueesm\u00e4rk on tutvustada Eesti kultuuri v\u00e4ljapoole. K\u00f5ige esmasem ja lihtsam eesm\u00e4rk on aga innustada lugema ja avastama.<\/p>\n<p>Tegemist pole teadusliku andmebaasiga ning selle valikud j\u00e4\u00e4vad paratamatult subjektiivseks. Palju j\u00e4\u00e4b v\u00e4lja, sealhulgas ka kirjanduslugu linnaruumiga seostavaid uurimusi.<\/p>\n","protected":false},"excerpt":{"rendered":"<p>\u00dclo Treikelder Tartu Linnaraamatukogu<\/p>\n<p>Tartu Linnaraamatukogus koostatakse alates 2005. aastast kirjandus- ja kultuuriloolist veebilehte \u201cTartu ilukirjanduses\u201d. Andmebaas s\u00fcndis m\u00f5ttest esitleda Tartut ilukirjanduse kaudu: koondada tekste, kus on juttu Tartu kohtadest, inimestest, Tartuga seotud s\u00fcndmustest, aga ka tabamata v\u00f5i tabatud Tartu vaimust v\u00f5i muust Tartule iseloomulikust, olgu see tudengid, hakid, aguliarhitektuur v\u00f5i hoopis kohvikud v\u00f5i h\u00f5ng.<\/p>\n<p> [&#8230;]<\/p>\n","protected":false},"author":3,"featured_media":0,"parent":433,"menu_order":0,"comment_status":"open","ping_status":"open","template":"","meta":[],"_links":{"self":[{"href":"https:\/\/www.folklore.ee\/dh\/wp-json\/wp\/v2\/pages\/448"}],"collection":[{"href":"https:\/\/www.folklore.ee\/dh\/wp-json\/wp\/v2\/pages"}],"about":[{"href":"https:\/\/www.folklore.ee\/dh\/wp-json\/wp\/v2\/types\/page"}],"author":[{"embeddable":true,"href":"https:\/\/www.folklore.ee\/dh\/wp-json\/wp\/v2\/users\/3"}],"replies":[{"embeddable":true,"href":"https:\/\/www.folklore.ee\/dh\/wp-json\/wp\/v2\/comments?post=448"}],"version-history":[{"count":4,"href":"https:\/\/www.folklore.ee\/dh\/wp-json\/wp\/v2\/pages\/448\/revisions"}],"predecessor-version":[{"id":987,"href":"https:\/\/www.folklore.ee\/dh\/wp-json\/wp\/v2\/pages\/448\/revisions\/987"}],"up":[{"embeddable":true,"href":"https:\/\/www.folklore.ee\/dh\/wp-json\/wp\/v2\/pages\/433"}],"wp:attachment":[{"href":"https:\/\/www.folklore.ee\/dh\/wp-json\/wp\/v2\/media?parent=448"}],"curies":[{"name":"wp","href":"https:\/\/api.w.org\/{rel}","templated":true}]}}