{"id":446,"date":"2014-10-22T23:06:29","date_gmt":"2014-10-22T20:06:29","guid":{"rendered":"http:\/\/www.folklore.ee\/dh\/?page_id=446"},"modified":"2015-02-04T10:50:42","modified_gmt":"2015-02-04T08:50:42","slug":"koiva_kuperjanov","status":"publish","type":"page","link":"https:\/\/www.folklore.ee\/dh\/dhe2014\/koiva_kuperjanov\/","title":{"rendered":"Akadeemilised avatud juurdep\u00e4\u00e4suga ajakirjad \u2013 kuhu edasi?"},"content":{"rendered":"<p>Mare K\u00f5iva, Andres Kuperjanov<br \/>\nEesti Kirjandusmuuseumi folkloristika osakond<\/p>\n<p>1996. aastal olid eestikeelne &#8220;M\u00e4etagused&#8221; ja ingliskeelne &#8220;Folklore: EJF&#8221; maailma esimesed t\u00e4istekste avaldavad ja erinevaid veebiv\u00f5imalusi integreerivad folklooriajakirjad; Moira Lorraine Smithi s\u00f5nul ilmub neid t\u00e4naseks \u00fcle kahek\u00fcmne.<\/p>\n<p>Tim Ingold (2013) k\u00e4sitles hiljuti filosoofilisest k\u00fcljest avatud juurdep\u00e4\u00e4suga ajakirjade v\u00f5imalusi ja sellega seotud karisid. David Prosser (2014) pakub oma ajaveebi kirjutises Open Access goes to market? edasise arengu stsenaariumeid. Osalt kordavad need juba 1990. ja hiljem esilekerkinud probleeme \u2013 kvaliteetne avaldamine eeldab keeletoimetamist, tehnilist toimetamist, s\u00fcvenenud eelretsenseerimist jpm. Kogu avaldamisprotsess muudab avatud juurdep\u00e4\u00e4suga ajakirjade maksumuse ligil\u00e4hedaseks \u00fcksnes paberil avaldatud v\u00f5i koguni tasulise artiklite lisamise (kui neis sisaldub t\u00e4istoimetusts\u00fckkel) v\u00f5imalusega ajakirjadega.<\/p>\n<p>&nbsp;<\/p>\n","protected":false},"excerpt":{"rendered":"<p>Mare K\u00f5iva, Andres Kuperjanov Eesti Kirjandusmuuseumi folkloristika osakond<\/p>\n<p>1996. aastal olid eestikeelne &#8220;M\u00e4etagused&#8221; ja ingliskeelne &#8220;Folklore: EJF&#8221; maailma esimesed t\u00e4istekste avaldavad ja erinevaid veebiv\u00f5imalusi integreerivad folklooriajakirjad; Moira Lorraine Smithi s\u00f5nul ilmub neid t\u00e4naseks \u00fcle kahek\u00fcmne.<\/p>\n<p>Tim Ingold (2013) k\u00e4sitles hiljuti filosoofilisest k\u00fcljest avatud juurdep\u00e4\u00e4suga ajakirjade v\u00f5imalusi ja sellega seotud karisid. David Prosser (2014) pakub oma [&#8230;]<\/p>\n","protected":false},"author":3,"featured_media":0,"parent":433,"menu_order":8,"comment_status":"open","ping_status":"open","template":"","meta":[],"_links":{"self":[{"href":"https:\/\/www.folklore.ee\/dh\/wp-json\/wp\/v2\/pages\/446"}],"collection":[{"href":"https:\/\/www.folklore.ee\/dh\/wp-json\/wp\/v2\/pages"}],"about":[{"href":"https:\/\/www.folklore.ee\/dh\/wp-json\/wp\/v2\/types\/page"}],"author":[{"embeddable":true,"href":"https:\/\/www.folklore.ee\/dh\/wp-json\/wp\/v2\/users\/3"}],"replies":[{"embeddable":true,"href":"https:\/\/www.folklore.ee\/dh\/wp-json\/wp\/v2\/comments?post=446"}],"version-history":[{"count":3,"href":"https:\/\/www.folklore.ee\/dh\/wp-json\/wp\/v2\/pages\/446\/revisions"}],"predecessor-version":[{"id":565,"href":"https:\/\/www.folklore.ee\/dh\/wp-json\/wp\/v2\/pages\/446\/revisions\/565"}],"up":[{"embeddable":true,"href":"https:\/\/www.folklore.ee\/dh\/wp-json\/wp\/v2\/pages\/433"}],"wp:attachment":[{"href":"https:\/\/www.folklore.ee\/dh\/wp-json\/wp\/v2\/media?parent=446"}],"curies":[{"name":"wp","href":"https:\/\/api.w.org\/{rel}","templated":true}]}}