{"id":444,"date":"2014-10-22T23:03:37","date_gmt":"2014-10-22T20:03:37","guid":{"rendered":"http:\/\/www.folklore.ee\/dh\/?page_id=444"},"modified":"2015-01-28T15:30:06","modified_gmt":"2015-01-28T13:30:06","slug":"lepp","status":"publish","type":"page","link":"https:\/\/www.folklore.ee\/dh\/dhe2014\/lepp\/","title":{"rendered":"Infotehnoloogiliste v\u00f5imaluste rakendamine paberiajaloolises uurimist\u00f6\u00f6s vesim\u00e4rgiandmebaaside n\u00e4itel"},"content":{"rendered":"<p>Anu Lepp<br \/>\nT\u00dc ajaloo ja arheoloogia instituudi doktorant<\/p>\n<p>&nbsp;<\/p>\n<p>K\u00e4sitsivalmistatud kaltsupaberis esinevad vesim\u00e4rgid sisaldanud erinevatel aegadel informatsiooni kas paberiveskite omanike v\u00f5i paberimeistrite, paberi tootmiskoha, -aja v\u00f5i ka toodangu kvaliteedi ja sortimendi kohta. On \u00fcldteada, et vesim\u00e4rk annab paberile t\u00f5estusv\u00e4\u00e4rtuse, mille abil saab kindlaks teha v\u00f5ltsinguid ning t\u00e4psustada dokumentide dateeringuid. Kuid mitte ainult, lisaks sellele heidab vesim\u00e4rkide anal\u00fc\u00fcs valgust ka paberi edasisele saatusele ning kasutusviisidele l\u00f5pptarbija juures, mis omakorda lubab teha huvipakkuvaid j\u00e4reldusi erinevate piirkondade kultuuriliste ja majanduslike kontaktide kohta.<\/p>\n<p>Selliste tulemuste saamiseks on aga esmat\u00e4htis mitte ainult t\u00e4psete, vaid ka kvantitatiivselt esinduslike v\u00f5rdluste tegemine suure geograafilise territooriumi piires. T\u00e4naseks on infotehnoloogia areng toonud endaga kaasa nii endiste kartoteegikaartidel peetud vesim\u00e4rkide kataloogide digiteerimise kui ka uute, juba internetip\u00f5histe andmebaaside loomise. <strong>Kuidas aga panna arvukad erinevatel printsiipidel komplekteeritud andmekogud omavahel koost\u00f6\u00f6le, nii et neis otsingute teostamine oleks v\u00f5imalikult tulemuslik?<\/strong> \u00dche lahendusena on loodud \u00fcleeuroopaline digitaalne keskkond, mis \u00fchendab \u00fchise internetiportaali alla olulisemad paberi- ja vesim\u00e4rkide andmebaasid ning v\u00f5imaldab teostada neist k\u00f5igist \u00fchist otsingut nii tekstiliste-, visuaalsete kui ka kombineeritud parameetrite abil. \u00dcheks osaks sellest koondportaalist ka Tartu \u00dclikooli Raamatukogu projektina tegutsev <strong>\u201eEesti varajaste tr\u00fckiste\u201c<\/strong> andmebaas, mis koondab Rootsi-aegse Tartu \u00fclikooli tr\u00fckikojas pea pooleteisetuhandest ilmunud tr\u00fckisest Eesti raamatukogudes ja arhiivides asuvaid eksemplare ning kirjeldab \u00fcksikasjalikult neis kasutatavat paberit ning selles esinevaid vesim\u00e4rke. Andmekogude \u00fchendamine on toonud aga kaasa mitmeid infotehnoloogilisi, terminoloogilisi ja ka sisulisi probleeme, millest m\u00f5nel oma ettekandes ka l\u00e4hemalt peatuksin.<\/p>\n<p>&nbsp;<\/p>\n<p>&nbsp;<\/p>\n<p>&nbsp;<\/p>\n<p>&nbsp;<\/p>\n<p>&nbsp;<\/p>\n<p>&nbsp;<\/p>\n","protected":false},"excerpt":{"rendered":"<p>Anu Lepp T\u00dc ajaloo ja arheoloogia instituudi doktorant<\/p>\n<p>&nbsp;<\/p>\n<p>K\u00e4sitsivalmistatud kaltsupaberis esinevad vesim\u00e4rgid sisaldanud erinevatel aegadel informatsiooni kas paberiveskite omanike v\u00f5i paberimeistrite, paberi tootmiskoha, -aja v\u00f5i ka toodangu kvaliteedi ja sortimendi kohta. On \u00fcldteada, et vesim\u00e4rk annab paberile t\u00f5estusv\u00e4\u00e4rtuse, mille abil saab kindlaks teha v\u00f5ltsinguid ning t\u00e4psustada dokumentide dateeringuid. Kuid mitte ainult, lisaks sellele heidab [&#8230;]<\/p>\n","protected":false},"author":3,"featured_media":0,"parent":433,"menu_order":8,"comment_status":"open","ping_status":"open","template":"","meta":[],"_links":{"self":[{"href":"https:\/\/www.folklore.ee\/dh\/wp-json\/wp\/v2\/pages\/444"}],"collection":[{"href":"https:\/\/www.folklore.ee\/dh\/wp-json\/wp\/v2\/pages"}],"about":[{"href":"https:\/\/www.folklore.ee\/dh\/wp-json\/wp\/v2\/types\/page"}],"author":[{"embeddable":true,"href":"https:\/\/www.folklore.ee\/dh\/wp-json\/wp\/v2\/users\/3"}],"replies":[{"embeddable":true,"href":"https:\/\/www.folklore.ee\/dh\/wp-json\/wp\/v2\/comments?post=444"}],"version-history":[{"count":1,"href":"https:\/\/www.folklore.ee\/dh\/wp-json\/wp\/v2\/pages\/444\/revisions"}],"predecessor-version":[{"id":445,"href":"https:\/\/www.folklore.ee\/dh\/wp-json\/wp\/v2\/pages\/444\/revisions\/445"}],"up":[{"embeddable":true,"href":"https:\/\/www.folklore.ee\/dh\/wp-json\/wp\/v2\/pages\/433"}],"wp:attachment":[{"href":"https:\/\/www.folklore.ee\/dh\/wp-json\/wp\/v2\/media?parent=444"}],"curies":[{"name":"wp","href":"https:\/\/api.w.org\/{rel}","templated":true}]}}