{"id":439,"date":"2014-10-22T17:47:26","date_gmt":"2014-10-22T14:47:26","guid":{"rendered":"http:\/\/www.folklore.ee\/dh\/?page_id=439"},"modified":"2014-10-22T17:49:57","modified_gmt":"2014-10-22T14:49:57","slug":"kelomees","status":"publish","type":"page","link":"https:\/\/www.folklore.ee\/dh\/dhe2014\/kelomees\/","title":{"rendered":"1990. aastate kunstnikumultimeedia p\u00e4\u00e4stemissioon. Digikonserveerimise ja -arhiveerimise v\u00f5imalustest"},"content":{"rendered":"<p>Raivo Kelomees<br \/>\nEesti Kunstiakadeemia<\/p>\n<p>Vaatlen kultuurin\u00e4htust, mida v\u00f5iks nimetada &#8220;kunstnikumultimeediaks&#8221;, selle ilminguid Eestis ja rahvusvaheliselt. Eriline t\u00e4helepanu on selle loomevaldkonna &#8220;kadumisel&#8221; arvutiplatvormide muutumise t\u00f5ttu. Vanu CD-ROMe ei ole v\u00f5imalik kaasaegsetel arvutitel m\u00e4ngida, isegi kui neil on kettaseade. Eriti puudutab see Apple Mac platvormil toimunud muutusi.<\/p>\n<p>Defineerin kunstnikumultimeediat: kunstiliste ja kontseptuaalsete (mitte rakenduslike) eesm\u00e4rkidega interaktiivne audiovisuaalne multimeediaprogramm, mis oli m\u00f5eldud CD-ROMile kirjutamiseks, sellel levitamiseks ja sellelt vaatamiseks.<\/p>\n<p>Programmeerimine, kujundus, heli ja video\u00fclesv\u00f5ted olid tehtud reeglina autori enda poolt. Autoriseerimiseks kasutati enamasti Macromedia Director programmi. Vahel oli autoriks kollektiiv, suuremate projektide puhul olid palgatud eraldi professionaalid mitmemeedialise projekti alat\u00f6\u00f6de teostamiseks.<\/p>\n<p>Ettekandes puudutan kunstnikumultimeedia ajalugu, selle k\u00f5rgseisu 1990. aastatel, toonaseid seisukohti ja ennustusi loomevaldkonna suhtes ning kaasaegset olukorda, ehk multimeedia internetikeskkonda siirdumist. P\u00f6\u00f6ran t\u00e4helepanu eesti kunstnike (Ando Keskk\u00fcla, Mare Tralla, Raul Keller, Tiia Johannson, Kristel Sibul, Marko M\u00e4etamm, Tartu K\u00f5rgema Kunstikooli tudengite) teostele ja probleemidele, mis on seotud ka \u00fche enda projektiga, mis on omandatud Eesti Kunstimuuseumi poolt.<\/p>\n<p>Kuna multimeedia oli k\u00fcmmekond aastat aktiivne loominguline ja rakenduslik valdkond, siis kas see on praegu j\u00e4\u00e4davalt kadunud v\u00f5i on m\u00f5tekas v\u00e4ljapaistvate teoste taastamiseks korraldada p\u00e4\u00e4stemissioon.<\/p>\n","protected":false},"excerpt":{"rendered":"<p>Raivo Kelomees Eesti Kunstiakadeemia<\/p>\n<p>Vaatlen kultuurin\u00e4htust, mida v\u00f5iks nimetada &#8220;kunstnikumultimeediaks&#8221;, selle ilminguid Eestis ja rahvusvaheliselt. Eriline t\u00e4helepanu on selle loomevaldkonna &#8220;kadumisel&#8221; arvutiplatvormide muutumise t\u00f5ttu. Vanu CD-ROMe ei ole v\u00f5imalik kaasaegsetel arvutitel m\u00e4ngida, isegi kui neil on kettaseade. Eriti puudutab see Apple Mac platvormil toimunud muutusi.<\/p>\n<p>Defineerin kunstnikumultimeediat: kunstiliste ja kontseptuaalsete (mitte rakenduslike) eesm\u00e4rkidega interaktiivne audiovisuaalne [&#8230;]<\/p>\n","protected":false},"author":3,"featured_media":0,"parent":433,"menu_order":8,"comment_status":"open","ping_status":"open","template":"","meta":[],"_links":{"self":[{"href":"https:\/\/www.folklore.ee\/dh\/wp-json\/wp\/v2\/pages\/439"}],"collection":[{"href":"https:\/\/www.folklore.ee\/dh\/wp-json\/wp\/v2\/pages"}],"about":[{"href":"https:\/\/www.folklore.ee\/dh\/wp-json\/wp\/v2\/types\/page"}],"author":[{"embeddable":true,"href":"https:\/\/www.folklore.ee\/dh\/wp-json\/wp\/v2\/users\/3"}],"replies":[{"embeddable":true,"href":"https:\/\/www.folklore.ee\/dh\/wp-json\/wp\/v2\/comments?post=439"}],"version-history":[{"count":1,"href":"https:\/\/www.folklore.ee\/dh\/wp-json\/wp\/v2\/pages\/439\/revisions"}],"predecessor-version":[{"id":441,"href":"https:\/\/www.folklore.ee\/dh\/wp-json\/wp\/v2\/pages\/439\/revisions\/441"}],"up":[{"embeddable":true,"href":"https:\/\/www.folklore.ee\/dh\/wp-json\/wp\/v2\/pages\/433"}],"wp:attachment":[{"href":"https:\/\/www.folklore.ee\/dh\/wp-json\/wp\/v2\/media?parent=439"}],"curies":[{"name":"wp","href":"https:\/\/api.w.org\/{rel}","templated":true}]}}