{"id":433,"date":"2014-10-22T16:55:30","date_gmt":"2014-10-22T13:55:30","guid":{"rendered":"http:\/\/www.folklore.ee\/dh\/?page_id=433"},"modified":"2015-10-13T02:12:06","modified_gmt":"2015-10-12T23:12:06","slug":"dhe2014","status":"publish","type":"page","link":"https:\/\/www.folklore.ee\/dh\/dhe2014\/","title":{"rendered":"Eesti digitaalhumanitaaria A\u00b0 2014:"},"content":{"rendered":"<h3><b>infotehnoloogiline innovatsioon humanitaarteadustes ja -hariduses<\/b><\/h3>\n<h3>Projektide tutvustused<\/h3>\n<p>&nbsp;<\/p>\n<h4>Sisukord<\/h4>\n<p>Anu Lepp <a title=\"Infotehnoloogiliste v\u00f5imaluste rakendamine paberiajaloolises uurimist\u00f6\u00f6s vesim\u00e4rgiandmebaaside n\u00e4itel\" href=\"http:\/\/www.folklore.ee\/dh\/dhe2014\/anulepp\/\">Infotehnoloogiliste v\u00f5imaluste rakendamine paberiajaloolises uurimist\u00f6\u00f6s vesim\u00e4rgiandmebaaside n\u00e4itel<\/a><\/p>\n<p>Mari Sarv V\u00f5rgustikuanal\u00fc\u00fcs humanitaarteaduste meetodina<\/p>\n<p>Raivo Kelomees <a title=\"1990. aastate kunstnikumultimeedia p\u00e4\u00e4stemissioon. Digikonserveerimise ja -arhiveerimise v\u00f5imalustest\" href=\"http:\/\/www.folklore.ee\/dh\/dhe2014\/kelomees\/\">1990. aastate kunstnikumultimeedia p\u00e4\u00e4stemissioon. Digikonserveerimise ja -arhiveerimise v\u00f5imalustest<\/a><\/p>\n<p>Maive M\u00fcrk <a title=\"Rahvusarhiivi \u00fchisloome algatus \u201cEestlased Esimeses maailmas\u00f5jas\u201d\" href=\"http:\/\/www.folklore.ee\/dh\/dhe2014\/myrk\/\">Rahvusarhiivi \u00fchisloome algatus &#8220;Eestlased esimeses maailmas\u00f5jas&#8221;<\/a><\/p>\n<p>Vahur Puik Fotokogude digiteerimisest ja taaskasutamisest, mh rahvahanke v\u00f5imalustest ja plaanidest Ajapaiga ja Europeana n\u00e4itel<\/p>\n<p>Mare K\u00f5iva, Andres Kuperjanov <a title=\"Akadeemilised avatud juurdep\u00e4\u00e4suga ajakirjad \u2013 kuhu edasi?\" href=\"http:\/\/www.folklore.ee\/dh\/dhe2014\/koiva_kuperjanov\/\">Akadeemilised avatud juurdep\u00e4\u00e4suga ajakirjad \u2013 kuhu edasi?<\/a><\/p>\n<p>Marin Laak, Marju Mikkel <a title=\"Eesti kirjandusklassika e-raamatute koost\u00f6\u00f6projekt\" href=\"http:\/\/www.folklore.ee\/dh\/dhe2014\/eesti-kirjandusklassika-e-raamatute-koostooprojekt\/\">Eesti kirjandusklassika e-raamatute koost\u00f6\u00f6projekt<\/a><\/p>\n<p>\u00dclo Treikelder <a title=\"TEELE \u2013 Tartu Linnaraamatukogu andmebaas \u201cTartu ilukirjanduses\u201d\" href=\"http:\/\/www.folklore.ee\/dh\/dhe2014\/treikelder\/\">TEELE &#8211; Tartu Linnaraamatukogu andmebaas \u201cTartu ilukirjanduses\u201d<\/a><\/p>\n<p>Kaisa Kulasalu <a href=\"http:\/\/www.folklore.ee\/dh\/dhe2014\/rahvusparkide-malumaastike-kaardirakendus-balansseerimas-rahvavaljaande-ja-uurimiskeskkonna-vahel\/\">Rahvusparkide m\u00e4lumaastike kaardirakendus balansseerimas rahvav\u00e4ljaande ja uurimiskeskkonna vahel<\/a><\/p>\n<p>Hembo Pagi <a href=\"http:\/\/www.folklore.ee\/dh\/dhe2014\/pagi\/\">RTI fotograafia museaalide ja s\u00e4ilikute uurimiseks<\/a><\/p>\n<p>&nbsp;<\/p>\n<p>V\u00e4ljaande koostanud ja toimetanud: Kaisa Kulasalu, Mari Sarv<\/p>\n<p>T\u00f5lked inglise keelde: Kait Tamm<br \/>\nKeeletoimetus: Kadri Tamm<\/p>\n<p>V\u00e4ljaande koostamist ja toimetamist v\u00f5imaldasid Haridus- ja Teadusministeeriumi poolt Eesti<br \/>\nKirjandusmuuseumi Eesti Rahvaluule Arhiivi tarbeks eraldatud teaduskollektsioonide toetus ning<br \/>\ninstitutsionaalne uurimistoetus IUT 22-4.<\/p>\n<p>Projektitutvustuste t\u00f5lkimist inglise keelde rahastas\u00a0Eesti Kultuurkapital.<\/p>\n<p><img src=\"http:\/\/www.folklore.ee\/dh\/wp-content\/uploads\/2014\/06\/logo_kulka-300x199.png\" alt=\"logo_kulka\" \/><\/p>\n<p>&nbsp;<\/p>\n<p>EKM Teaduskirjastus<br \/>\nAutori\u00f5igused: autorid, 2015<br \/>\nISBN<\/p>\n","protected":false},"excerpt":{"rendered":"<p>infotehnoloogiline innovatsioon humanitaarteadustes ja -hariduses Projektide tutvustused <\/p>\n<p>&nbsp;<\/p>\n<p> Sisukord <\/p>\n<p>Anu Lepp Infotehnoloogiliste v\u00f5imaluste rakendamine paberiajaloolises uurimist\u00f6\u00f6s vesim\u00e4rgiandmebaaside n\u00e4itel<\/p>\n<p>Mari Sarv V\u00f5rgustikuanal\u00fc\u00fcs humanitaarteaduste meetodina<\/p>\n<p>Raivo Kelomees 1990. aastate kunstnikumultimeedia p\u00e4\u00e4stemissioon. Digikonserveerimise ja -arhiveerimise v\u00f5imalustest<\/p>\n<p>Maive M\u00fcrk Rahvusarhiivi \u00fchisloome algatus &#8220;Eestlased esimeses maailmas\u00f5jas&#8221;<\/p>\n<p>Vahur Puik Fotokogude digiteerimisest ja taaskasutamisest, mh rahvahanke v\u00f5imalustest ja plaanidest Ajapaiga ja Europeana [&#8230;]<\/p>\n","protected":false},"author":3,"featured_media":0,"parent":0,"menu_order":24,"comment_status":"open","ping_status":"open","template":"","meta":[],"_links":{"self":[{"href":"https:\/\/www.folklore.ee\/dh\/wp-json\/wp\/v2\/pages\/433"}],"collection":[{"href":"https:\/\/www.folklore.ee\/dh\/wp-json\/wp\/v2\/pages"}],"about":[{"href":"https:\/\/www.folklore.ee\/dh\/wp-json\/wp\/v2\/types\/page"}],"author":[{"embeddable":true,"href":"https:\/\/www.folklore.ee\/dh\/wp-json\/wp\/v2\/users\/3"}],"replies":[{"embeddable":true,"href":"https:\/\/www.folklore.ee\/dh\/wp-json\/wp\/v2\/comments?post=433"}],"version-history":[{"count":23,"href":"https:\/\/www.folklore.ee\/dh\/wp-json\/wp\/v2\/pages\/433\/revisions"}],"predecessor-version":[{"id":759,"href":"https:\/\/www.folklore.ee\/dh\/wp-json\/wp\/v2\/pages\/433\/revisions\/759"}],"wp:attachment":[{"href":"https:\/\/www.folklore.ee\/dh\/wp-json\/wp\/v2\/media?parent=433"}],"curies":[{"name":"wp","href":"https:\/\/api.w.org\/{rel}","templated":true}]}}