{"id":377,"date":"2014-10-02T11:03:33","date_gmt":"2014-10-02T08:03:33","guid":{"rendered":"http:\/\/www.folklore.ee\/dh\/?page_id=377"},"modified":"2015-01-28T01:05:06","modified_gmt":"2015-01-27T23:05:06","slug":"opitoad","status":"publish","type":"page","link":"https:\/\/www.folklore.ee\/dh\/uritused\/seminar_dhe2014\/opitoad\/","title":{"rendered":"\u00d5pitoad"},"content":{"rendered":"<p>Seminari &#8220;Eesti digitaalhumanitaaria\u00a0<em>A\u00b0<\/em>\u00a02014&#8243; teisel p\u00e4eval, 28. oktoobril on kavas kaks \u00f5pituba:<\/p>\n<p><b>\u00a0 9.30<\/b>\u2012<b>13.30\u00a0<\/b><b>Tekstikorpused, nende anal\u00fc\u00fcsivahendid ja -v\u00f5imalused<br \/>\n<\/b><b>14.00<\/b>\u2012<b>18.00 R<\/b><b>TI\u00a0fotograafia museaalide ja s\u00e4ilikute uurimiseks<\/b><b><br \/>\n<\/b><\/p>\n<p>Parema korralduse huvides palume \u00f5pitubades osalemiseks eelnevalt registreerida aadressil\u00a0digitaalhumanitaaria@gmail.com.<\/p>\n<h3><b>1. Tekstikorpused, nende anal\u00fc\u00fcsivahendid ja -v\u00f5imalused<\/b><\/h3>\n<p><b> <\/b>\u00d5pituba koosneb kahest alaosast.<\/p>\n<p><b>A. Lihtsad Linuxi-p\u00f5hised korpuset\u00f6\u00f6tluse vahendid<\/b><br \/>\n<b>Kadri Muischnek (Tartu \u00dclikool)<\/b><\/p>\n<p>L\u00fchitutvustuses r\u00e4\u00e4gitakse tekstide lihtsamast anal\u00fc\u00fcsist Linuxi vahendite abil, t\u00e4psemalt sellest, mis kujul peaks olema tekst, et temaga midagi teha saaks, ja k\u00f5ige lihtsamatest otsimise, filtreerimise ja sagedusloendite tegemise vahenditest.<\/p>\n<p><b>B. Korpusp\u00f5hine murdeuurimine<\/b><br \/>\n<b>Liina Lindstr\u00f6m, Kristel Uiboaed (Tartu \u00dclikool)<\/b><\/p>\n<p>Eesm\u00e4rk on anda \u00fclevaade sellest, millised t\u00f6\u00f6vahendid ja t\u00f6\u00f6protsessid on kasutusel korpusp\u00f5hises murdeuurimises ning mis on need probleemid ja v\u00e4ljakutsed, millega t\u00e4nap\u00e4evane murdeuurimine silmitsi seisab. Tutvustame korpusp\u00f5hise murdeuurimise p\u00f5hietappe, mida oleme rakendanud projekti \u201eEesti murrete s\u00fcntaks\u201c t\u00f6\u00f6s. \u00a0\u00dche n\u00e4ite varal (t\u00e4is- ja ennemineviku esinemissagedus eesti murrete korpuse andmestiku p\u00f5hjal) esitame olulisemad etapid uurimisprotsessis:<br \/>\n&#8211; \u00a0\u00a0\u00a0\u00a0\u00a0\u00a0\u00a0\u00a0\u00a0allikad (olemasolevad korpused, korpuse \u00fclesehitus, saadavus);<br \/>\n&#8211; \u00a0\u00a0\u00a0\u00a0\u00a0\u00a0\u00a0\u00a0\u00a0materjali v\u00e4ljaotsimise automatiseerimine, andmestiku kodeerimine (formaliseerimine);<br \/>\n&#8211; \u00a0\u00a0\u00a0\u00a0\u00a0\u00a0\u00a0\u00a0\u00a0andmete esmane vaatlemine, visualiseerimine; &#8211; \u00a0\u00a0\u00a0\u00a0\u00a0\u00a0\u00a0\u00a0\u00a0sageduste normaliseerimine;<br \/>\n&#8211; \u00a0\u00a0\u00a0\u00a0\u00a0\u00a0\u00a0\u00a0\u00a0statistiline anal\u00fc\u00fcs;<br \/>\n&#8211; \u00a0\u00a0\u00a0\u00a0\u00a0\u00a0\u00a0\u00a0\u00a0statistilise anal\u00fc\u00fcsi tulemuste esitus ja visualiseerimine kaartidel \u00a0(tutvustame olemasolevaid v\u00f5imalusi: R, Gabmap, GIS-s\u00fcsteemid).<\/p>\n<h3><b>2. <\/b><b>RTI\u00a0<b>fotograafia museaalide ja s\u00e4ilikute uurimiseks<\/b><\/b><\/h3>\n<p><b>Hembo Pagi (O\u00dc Archeovision)<\/b><\/p>\n<p>RTI pildistamine (Reflectance Trasformation Imaging) on saripildistamise meetod, mis on kasulik erinevate esemete, n\u00e4iteks m\u00fcntide, skulptuuride, kudumite v\u00f5i vanade kirjatahvlite detailseks uurimiseks ning presenteerimiseks. Eseme pinnamuudatuste esiletoomiseks kasutatakse k\u00fclgvalgust; pildistamiseks on vajalik tavaline fotokaamera ning eraldiseisev valgusallikas (v\u00e4lk); t\u00e4htsateks abivahenditeks on n\u00f6\u00f6rijupp ja piljardikuul. Pildistamise l\u00f5pptulemuseks on interaktiivne foto, mis v\u00f5imaldab eset vaadelda erinevas k\u00fclgvalguses. T\u00f6\u00f6toas r\u00e4\u00e4gime l\u00e4bi meetodi p\u00f5him\u00f5tted, vaatame huvitavaid n\u00e4iteid ning saame ka ise k\u00e4e valgeks. Osalema on oodatud esemeuurijad, muuseumifotograafid ja teised huvilised.<\/p>\n","protected":false},"excerpt":{"rendered":"<p>Seminari &#8220;Eesti digitaalhumanitaaria A\u00b0 2014&#8243; teisel p\u00e4eval, 28. oktoobril on kavas kaks \u00f5pituba:<\/p>\n<p> 9.30\u201213.30 Tekstikorpused, nende anal\u00fc\u00fcsivahendid ja -v\u00f5imalused 14.00\u201218.00 RTI fotograafia museaalide ja s\u00e4ilikute uurimiseks <\/p>\n<p>Parema korralduse huvides palume \u00f5pitubades osalemiseks eelnevalt registreerida aadressil digitaalhumanitaaria@gmail.com.<\/p>\n<p> 1. Tekstikorpused, nende anal\u00fc\u00fcsivahendid ja -v\u00f5imalused <\/p>\n<p> \u00d5pituba koosneb kahest alaosast.<\/p>\n<p>A. Lihtsad Linuxi-p\u00f5hised korpuset\u00f6\u00f6tluse vahendid Kadri [&#8230;]<\/p>\n","protected":false},"author":3,"featured_media":0,"parent":504,"menu_order":8,"comment_status":"open","ping_status":"open","template":"","meta":[],"_links":{"self":[{"href":"https:\/\/www.folklore.ee\/dh\/wp-json\/wp\/v2\/pages\/377"}],"collection":[{"href":"https:\/\/www.folklore.ee\/dh\/wp-json\/wp\/v2\/pages"}],"about":[{"href":"https:\/\/www.folklore.ee\/dh\/wp-json\/wp\/v2\/types\/page"}],"author":[{"embeddable":true,"href":"https:\/\/www.folklore.ee\/dh\/wp-json\/wp\/v2\/users\/3"}],"replies":[{"embeddable":true,"href":"https:\/\/www.folklore.ee\/dh\/wp-json\/wp\/v2\/comments?post=377"}],"version-history":[{"count":12,"href":"https:\/\/www.folklore.ee\/dh\/wp-json\/wp\/v2\/pages\/377\/revisions"}],"predecessor-version":[{"id":443,"href":"https:\/\/www.folklore.ee\/dh\/wp-json\/wp\/v2\/pages\/377\/revisions\/443"}],"up":[{"embeddable":true,"href":"https:\/\/www.folklore.ee\/dh\/wp-json\/wp\/v2\/pages\/504"}],"wp:attachment":[{"href":"https:\/\/www.folklore.ee\/dh\/wp-json\/wp\/v2\/media?parent=377"}],"curies":[{"name":"wp","href":"https:\/\/api.w.org\/{rel}","templated":true}]}}