{"id":374,"date":"2014-10-02T10:45:12","date_gmt":"2014-10-02T07:45:12","guid":{"rendered":"http:\/\/www.folklore.ee\/dh\/?page_id=374"},"modified":"2015-01-28T01:07:22","modified_gmt":"2015-01-27T23:07:22","slug":"seminarikutse","status":"publish","type":"page","link":"https:\/\/www.folklore.ee\/dh\/uritused\/seminar_dhe2014\/seminarikutse\/","title":{"rendered":"Seminarikutse"},"content":{"rendered":"<h2>Eesti digitaalhumanitaaria <em>A\u00b0<\/em> 2014:<br \/>\ninfotehnoloogiline innovatsioon humanitaarteadustes ja -hariduses<\/h2>\n<p><b>Digitaalhumanitaaria (digital humanities)<\/b> on interdistsiplinaarne valdkond, mille keskmes on infotehnoloogia vahendite ja v\u00f5imaluste kasutamine humanitaarvaldkonnas. \u00a0Digitaalhumanitaaria rakendusala on \u00e4\u00e4retu, h\u00f5lmates nii digitaalsete andmekogude loomist, haldamist ja esitlemist, uuenduslikke publitseerimisviise, visualiseerimisv\u00f5imalusi kui ka mitmesuguste arvutuslike meetodite rakendamist uurimist\u00f6\u00f6s. Digitaalse maailma kirevust ja mitmekesisust p\u00fc\u00fctakse ohjata rahvusvaheliste standardite v\u00e4ljat\u00f6\u00f6tamise ja rakendamisega, mis tagaks digitaalse sisuainese masinloetavuse, s\u00e4ilivuse ja k\u00e4ttesaadavuse. Infotehnoloogia areng ja igap\u00e4evastumine on humanitaarias kaasa toonud mitmeid uusi uurimissuundi (nt. statistilised omapildi-uuringud, kauglugemine, kaasaja s\u00fcndmuste sotsiaalv\u00f5rgustiku-p\u00f5hised uuringud jms.).<\/p>\n<p>Humanitaarharidusele pakub infotehnoloogia kahesugust v\u00e4ljakutset. Esiteks on t\u00e4nap\u00e4eval v\u00f5imalik luua interaktiivseid \u00f5pikeskkondi, kasutada humanitaarhariduses \u00e4ra digitaalseid andmekogusid, mis osalt asendaksid traditsioonilist loengu- ja \u00f5pikup\u00f5hist \u00f5pet ning teeks hariduse k\u00e4ttesaadavaks ka mitte\u00f5ppuritest internetikasutajatele. Teiseks v\u00e4ljakutseks on uue p\u00f5lvkonna humanitaaride harimine, kes orienteeruksid infotehnoloogia pakutavates v\u00f5imalustes ning oskaksid neid \u00e4ra kasutada humanitaarse ainese kogumisel, esitlemisel, uurimisel, tutvustamisel ja \u00f5petamisel.<\/p>\n<p>Rahvusvahelisel teadusmaastikul on digitaalhumanitaaria kujunenud iseseisvaks distsipliiniks, mis toetab humanitaare digitaalajastu v\u00f5imaluste rakendamisel ning v\u00f5imaldab koondada sellealast infovahetust. Kuigi infotehnoloogiliste lahenduste kasutamine on ka Eesti humanitaarias \u00fcha iseenesestm\u00f5istetavam, on digitaalhumanitaaria valdkonna\u00fclese distsipliinina suhteliselt v\u00e4hetuntud. 2013. aastal korraldasime esimese digitaalhumanitaaria seminari, et saada \u00fclevaadet valdkonna hetkeseisust Eestis. Kuna huvi teema vastu oli suur ja humanitaaria eri valdkondade teadlaste kohtumine ja infovahetus osutus inspireerivaks ja kasulikuks, siis otsustasime \u00fcritustesarja j\u00e4tkata ning k\u00e4esolevaga kutsumegi teid tutvustama oma digitaalhumanitaarseid uurimusi, projekte, loodavaid ja kasutatavaid rakendusi seminaril \u201c<b>Eesti digitaalhumanitaaria <\/b><b><i>A<\/i><\/b><em>\u00b0<\/em><b>\u00a02014<\/b>\u201d, mille ettekandep\u00e4ev toimub esmasp\u00e4eval, <b>27. oktoobril<\/b> Tartus, Eesti Kirjandusmuuseumis. Ootame teie ettekannete pealkirju ja l\u00fchitutvustusi (kuni 1800 t\u00e4hem\u00e4rki) 17. oktoobriks aadressil <a href=\"mailto:digitaalhumanitaaria@gmail.com\">digitaalhumanitaaria@gmail.com<\/a>.<\/p>\n<p>Seminari teisel p\u00e4eval, <b>28. oktoobril<\/b> pakume humanitaaridele v\u00f5imalust ennast t\u00e4iendada kahes eri suunitlusega \u00f5pitoas (<a title=\"Seminari \u00f5pitubade tutvustus\" href=\"http:\/\/www.folklore.ee\/dh\/dhe2014\/opitoad\/\">\u00f5pitubade tutvustus<\/a>): <b><br \/>\n9.30<\/b>\u2012<b>13.30\u00a0<\/b><b>Tekstikorpused, nende anal\u00fc\u00fcsivahendid ja -v\u00f5imalused<\/b><br \/>\n<b>14.00<\/b>\u2012<b>18.00\u00a0<\/b><b>RTI\u00a0<b>fotograafia museaalide ja s\u00e4ilikute uurimiseks<\/b><\/b><br \/>\nParema korralduse huvides palume \u00f5pitubades osalemiseks eelnevalt registreerida aadressil <a href=\"mailto:digitaalhumanitaaria@gmail.com\">digitaalhumanitaaria@gmail.com<\/a>. Oodatud on nii seminari esinejad kui ka teised huvilised.<\/p>\n<p>Mari Sarv<br \/>\nKaisa Kulasalu<br \/>\nEesti Kirjandusmuuseum<\/p>\n","protected":false},"excerpt":{"rendered":"<p>Eesti digitaalhumanitaaria A\u00b0 2014: infotehnoloogiline innovatsioon humanitaarteadustes ja -hariduses <\/p>\n<p>Digitaalhumanitaaria (digital humanities) on interdistsiplinaarne valdkond, mille keskmes on infotehnoloogia vahendite ja v\u00f5imaluste kasutamine humanitaarvaldkonnas. Digitaalhumanitaaria rakendusala on \u00e4\u00e4retu, h\u00f5lmates nii digitaalsete andmekogude loomist, haldamist ja esitlemist, uuenduslikke publitseerimisviise, visualiseerimisv\u00f5imalusi kui ka mitmesuguste arvutuslike meetodite rakendamist uurimist\u00f6\u00f6s. Digitaalse maailma kirevust ja mitmekesisust p\u00fc\u00fctakse ohjata rahvusvaheliste standardite [&#8230;]<\/p>\n","protected":false},"author":3,"featured_media":0,"parent":504,"menu_order":8,"comment_status":"open","ping_status":"open","template":"","meta":[],"_links":{"self":[{"href":"https:\/\/www.folklore.ee\/dh\/wp-json\/wp\/v2\/pages\/374"}],"collection":[{"href":"https:\/\/www.folklore.ee\/dh\/wp-json\/wp\/v2\/pages"}],"about":[{"href":"https:\/\/www.folklore.ee\/dh\/wp-json\/wp\/v2\/types\/page"}],"author":[{"embeddable":true,"href":"https:\/\/www.folklore.ee\/dh\/wp-json\/wp\/v2\/users\/3"}],"replies":[{"embeddable":true,"href":"https:\/\/www.folklore.ee\/dh\/wp-json\/wp\/v2\/comments?post=374"}],"version-history":[{"count":10,"href":"https:\/\/www.folklore.ee\/dh\/wp-json\/wp\/v2\/pages\/374\/revisions"}],"predecessor-version":[{"id":402,"href":"https:\/\/www.folklore.ee\/dh\/wp-json\/wp\/v2\/pages\/374\/revisions\/402"}],"up":[{"embeddable":true,"href":"https:\/\/www.folklore.ee\/dh\/wp-json\/wp\/v2\/pages\/504"}],"wp:attachment":[{"href":"https:\/\/www.folklore.ee\/dh\/wp-json\/wp\/v2\/media?parent=374"}],"curies":[{"name":"wp","href":"https:\/\/api.w.org\/{rel}","templated":true}]}}