{"id":156,"date":"2014-05-21T10:57:25","date_gmt":"2014-05-21T07:57:25","guid":{"rendered":"http:\/\/www.folklore.ee\/dh\/?page_id=156"},"modified":"2014-08-01T02:00:58","modified_gmt":"2014-07-31T23:00:58","slug":"laineste","status":"publish","type":"page","link":"https:\/\/www.folklore.ee\/dh\/dhe2013\/laineste\/","title":{"rendered":"Ida-Euroopa kolme rahva naljade andmebaas"},"content":{"rendered":"<p style=\"text-align: right;\">Liisi Laineste<\/p>\n<div>\u00a0Kolme rahva naljad moodustavad \u00fche arvukaima ja populaarseima etniliste naljade alamkategooria. Need on tuntud paljude rahvaste folklooris, kuid tegelased varieeruvad riigiti, kultuuriti ja keeleti: kui n\u00e4iteks Briti traditsioonis on tegelasteks inglane, iirlane ja \u0161otlane, siis Poola naljades hoopis poolakas, venelane ja sakslane; eesti tuntuim kolmik on eestlane, sakslane ja venelane. Tegelaste valik annab infot anekdootide liikumisest ja muutumisest kultuuridevahelises ruumis ning pakub suurep\u00e4rast materjali v\u00f5rdlevaks uurimiseks.Mediawiki-p\u00f5hine projekt kolme rahva anekdootide kogumiseks algas aastal 2010 Eesti ja Poola Teaduste Akadeemiate koost\u00f6\u00f6projekti \u201cCreativity and tradition in cultural communication\u201d raames. Kolme rahva naljade lehek\u00fcljel on praeguseks 100 teksti, milles eristub kolm kategooriat: globaalsed anekdoodit\u00fc\u00fcbid; globaalsete t\u00fc\u00fcpide lokaalsed modifikatsioonid; lokaalsed anekdoodit\u00fc\u00fcbid. Mediawiki pakub v\u00f5imalusi ka tulemuste visualiseerimiseks, nii on selgemini n\u00e4ha sisestatud tekstide omavahelised seosed ja nende v\u00f5imalik evolutsioon. Kuigi mediawiki on t\u00f6\u00f6riist, mida tuleks antud uurimisvallas veel t\u00e4iustada ja kohandada, v\u00f5ib kokkuv\u00f5tteks \u00f6elda, et ta pakub suurep\u00e4rast keskkonda folklooritekstide kultuuridevaheliseks uurimiseks.<\/div>\n<div><div class=\"alignleft\"><a href=\"https:\/\/www.folklore.ee\/dh\/dhe2013\/voolaid\/\" title=\"Par\u00f6\u00f6milise grafiti andmebaas folkloristliku infoallikana\"><<<<\/a><\/div><\/div>\n","protected":false},"excerpt":{"rendered":"<p style=\"text-align: right;\">Liisi Laineste<\/p>\n<p> Kolme rahva naljad moodustavad \u00fche arvukaima ja populaarseima etniliste naljade alamkategooria. Need on tuntud paljude rahvaste folklooris, kuid tegelased varieeruvad riigiti, kultuuriti ja keeleti: kui n\u00e4iteks Briti traditsioonis on tegelasteks inglane, iirlane ja \u0161otlane, siis Poola naljades hoopis poolakas, venelane ja sakslane; eesti tuntuim kolmik on eestlane, sakslane ja venelane. Tegelaste [&#8230;]<\/p>\n","protected":false},"author":2,"featured_media":0,"parent":115,"menu_order":30,"comment_status":"closed","ping_status":"closed","template":"","meta":[],"_links":{"self":[{"href":"https:\/\/www.folklore.ee\/dh\/wp-json\/wp\/v2\/pages\/156"}],"collection":[{"href":"https:\/\/www.folklore.ee\/dh\/wp-json\/wp\/v2\/pages"}],"about":[{"href":"https:\/\/www.folklore.ee\/dh\/wp-json\/wp\/v2\/types\/page"}],"author":[{"embeddable":true,"href":"https:\/\/www.folklore.ee\/dh\/wp-json\/wp\/v2\/users\/2"}],"replies":[{"embeddable":true,"href":"https:\/\/www.folklore.ee\/dh\/wp-json\/wp\/v2\/comments?post=156"}],"version-history":[{"count":3,"href":"https:\/\/www.folklore.ee\/dh\/wp-json\/wp\/v2\/pages\/156\/revisions"}],"predecessor-version":[{"id":372,"href":"https:\/\/www.folklore.ee\/dh\/wp-json\/wp\/v2\/pages\/156\/revisions\/372"}],"up":[{"embeddable":true,"href":"https:\/\/www.folklore.ee\/dh\/wp-json\/wp\/v2\/pages\/115"}],"wp:attachment":[{"href":"https:\/\/www.folklore.ee\/dh\/wp-json\/wp\/v2\/media?parent=156"}],"curies":[{"name":"wp","href":"https:\/\/api.w.org\/{rel}","templated":true}]}}