{"id":154,"date":"2014-05-21T10:57:25","date_gmt":"2014-05-21T07:57:25","guid":{"rendered":"http:\/\/www.folklore.ee\/dh\/?page_id=154"},"modified":"2014-08-01T01:58:43","modified_gmt":"2014-07-31T22:58:43","slug":"voolaid","status":"publish","type":"page","link":"https:\/\/www.folklore.ee\/dh\/dhe2013\/voolaid\/","title":{"rendered":"Par\u00f6\u00f6milise grafiti andmebaas folkloristliku infoallikana"},"content":{"rendered":"<p style=\"text-align: right;\">Piret Voolaid<\/p>\n<div>\n<p>Veebiandmebaas <a title=\"graffiti\" href=\"http:\/\/www.folklore.ee\/Graffiti\">http:\/\/www.folklore.ee\/Graffiti<\/a><b> <\/b>on aastail 2010\u20132012 toimunud Eesti Teaduste Akadeemia ja Poola Teaduste Akadeemia koost\u00f6\u00f6projekti \u201cCreativity and tradition in cultural communication\u201d (\u201cLoovus ja traditsioon kultuurikommunikatsioonis\u201d) \u00fcks v\u00e4ljundeid. Projekti raames korraldasid Poola Krak\u00f3wi Jagellooni \u00dclikooli lingvist Grzegorz Szpila ja Eesti Kirjandusmuuseumi folklorist Piret Voolaid paralleelse grafiti-uurimise, keskendudes par\u00f6\u00f6milise ehk vanas\u00f5nalis-fraseoloogilise ainese kasutamisele Eesti ja Poola seinakirjutustes.<\/p>\n<p>Andmebaasi p\u00f5hisisu moodustab uurimuse tarvis alates 2011. aasta algusest peamiselt Tartus, aga ka mujal Eestis fotografeeritud grafitiaines, lisaks sisaldab andmebaas Eesti Rahvaluule Arhiivis leiduvaid v\u00e4heseid grafitij\u00e4\u00e4dvustusi. 2013. aasta oktoobri seisuga on baasis u. 500 grafitit.<\/p>\n<p>Andmebaasi eesm\u00e4rgiks on aktuaalset kultuurin\u00e4htust s\u00e4ilitada ja esitada s\u00fcsteemse folkloorikorpusena nii kultuuriuurijatele kui ka laiemale, meelelahutuslike huvidega kasutajaskonnale. Tekstide ingliskeelsed t\u00f5lked soodustavad rahvusvahelist teadlaskoost\u00f6\u00f6d. Andmebaasile on lisatud ka \u017eanri spetsiifikast l\u00e4htuv statistilise andmet\u00f6\u00f6tluse v\u00f5imalus. Pikema aja jooksul kogutud ja metaandmestikuga varustatud aines koos veebirakenduses loodud v\u00f5imalustega annab folkloori\u017eanrist hea l\u00e4bil\u00f5ike, toetab uurijat ainese anal\u00fc\u00fcsimisel ja sotsiaalkultuuriliste \u00fcldistuste tegemisel.<\/p>\n<p>Uurimus valmis projektide SF0030181s08, ETF8137 ja ETF8149 toel.<\/p>\n<p><div class=\"alignleft\"><a href=\"https:\/\/www.folklore.ee\/dh\/dhe2013\/vider\/\" title=\"Eesti Keeleressursside Keskuse tutvustus\"><<<<\/a><\/div><div class=\"alignright\"><a href=\"https:\/\/www.folklore.ee\/dh\/dhe2013\/laineste\/\" title=\"Ida-Euroopa kolme rahva naljade andmebaas\">>>><\/a><\/div><\/p>\n<\/div>\n","protected":false},"excerpt":{"rendered":"<p style=\"text-align: right;\">Piret Voolaid<\/p>\n<p>Veebiandmebaas http:\/\/www.folklore.ee\/Graffiti on aastail 2010\u20132012 toimunud Eesti Teaduste Akadeemia ja Poola Teaduste Akadeemia koost\u00f6\u00f6projekti \u201cCreativity and tradition in cultural communication\u201d (\u201cLoovus ja traditsioon kultuurikommunikatsioonis\u201d) \u00fcks v\u00e4ljundeid. Projekti raames korraldasid Poola Krak\u00f3wi Jagellooni \u00dclikooli lingvist Grzegorz Szpila ja Eesti Kirjandusmuuseumi folklorist Piret Voolaid paralleelse grafiti-uurimise, keskendudes par\u00f6\u00f6milise ehk vanas\u00f5nalis-fraseoloogilise ainese kasutamisele Eesti [&#8230;]<\/p>\n","protected":false},"author":2,"featured_media":0,"parent":115,"menu_order":29,"comment_status":"closed","ping_status":"open","template":"","meta":[],"_links":{"self":[{"href":"https:\/\/www.folklore.ee\/dh\/wp-json\/wp\/v2\/pages\/154"}],"collection":[{"href":"https:\/\/www.folklore.ee\/dh\/wp-json\/wp\/v2\/pages"}],"about":[{"href":"https:\/\/www.folklore.ee\/dh\/wp-json\/wp\/v2\/types\/page"}],"author":[{"embeddable":true,"href":"https:\/\/www.folklore.ee\/dh\/wp-json\/wp\/v2\/users\/2"}],"replies":[{"embeddable":true,"href":"https:\/\/www.folklore.ee\/dh\/wp-json\/wp\/v2\/comments?post=154"}],"version-history":[{"count":2,"href":"https:\/\/www.folklore.ee\/dh\/wp-json\/wp\/v2\/pages\/154\/revisions"}],"predecessor-version":[{"id":369,"href":"https:\/\/www.folklore.ee\/dh\/wp-json\/wp\/v2\/pages\/154\/revisions\/369"}],"up":[{"embeddable":true,"href":"https:\/\/www.folklore.ee\/dh\/wp-json\/wp\/v2\/pages\/115"}],"wp:attachment":[{"href":"https:\/\/www.folklore.ee\/dh\/wp-json\/wp\/v2\/media?parent=154"}],"curies":[{"name":"wp","href":"https:\/\/api.w.org\/{rel}","templated":true}]}}