{"id":152,"date":"2014-05-21T10:57:25","date_gmt":"2014-05-21T07:57:25","guid":{"rendered":"http:\/\/www.folklore.ee\/dh\/?page_id=152"},"modified":"2014-08-01T01:58:12","modified_gmt":"2014-07-31T22:58:12","slug":"vider","status":"publish","type":"page","link":"https:\/\/www.folklore.ee\/dh\/dhe2013\/vider\/","title":{"rendered":"Eesti Keeleressursside Keskuse tutvustus"},"content":{"rendered":"<p style=\"text-align: right;\">Kadri Vider<\/p>\n<p>Eesti keeleressursside keskus (EKRK) on humanitaarvaldkonna teadustaristu, eri uurimisasutustes paiknevate, veebi kaudu ligip\u00e4\u00e4setavate andmehoidlate v\u00f5rgustik. EKRK teeb eelk\u00f5ige teadlastele, kuid ka teistele eesti keele huvilistele k\u00e4ttesaadavaks eesti keele digitaalsed ressursid ja tehnoloogiad (keeletarkvara, s\u00f5nastikud, teksti- ja k\u00f5nekorpused, keeleandmebaasid). Olemasolevate digitaalsete arhiivide kasutuse h\u00f5lbustamiseks luuakse neile k\u00f5igile juurdep\u00e4\u00e4s keskuse kaudu, kasutajatele v\u00f5imaldatakse autentimise teel juurdep\u00e4\u00e4su mitmel eri tasemel. Keeletehnoloogia vahendeid pakutakse kui veebiteenust, mis kasutab arhiveeritud andmeid.<\/p>\n<p>Lisaks olemasolevate ja uute, loodavate keeleressursside kogumisele ja arhiveerimisele k\u00e4ivitatakse keskuses s\u00fcsteem olemasolevate keeleressursside tutvustamiseks ja potentsiaalsete kasutajate koolitamiseks.<\/p>\n<p>EKRK osaleb Eesti esindajana keeleressursside keskuste \u00fcleeuroopalises v\u00f5rgustikus CLARIN ERIC ja hoiab \u00fcleval ka META-NETi ressursiregistrite v\u00f5rgustiku META-SHARE Eesti s\u00f5lme.<\/p>\n<p><div class=\"alignleft\"><a href=\"https:\/\/www.folklore.ee\/dh\/dhe2013\/mikkel_laak\/\" title=\"Kreutzwaldi sajand: eesti kultuurilooline veeb\"><<<<\/a><\/div><div class=\"alignright\"><a href=\"https:\/\/www.folklore.ee\/dh\/dhe2013\/voolaid\/\" title=\"Par\u00f6\u00f6milise grafiti andmebaas folkloristliku infoallikana\">>>><\/a><\/div><\/p>\n","protected":false},"excerpt":{"rendered":"<p style=\"text-align: right;\">Kadri Vider<\/p>\n<p>Eesti keeleressursside keskus (EKRK) on humanitaarvaldkonna teadustaristu, eri uurimisasutustes paiknevate, veebi kaudu ligip\u00e4\u00e4setavate andmehoidlate v\u00f5rgustik. EKRK teeb eelk\u00f5ige teadlastele, kuid ka teistele eesti keele huvilistele k\u00e4ttesaadavaks eesti keele digitaalsed ressursid ja tehnoloogiad (keeletarkvara, s\u00f5nastikud, teksti- ja k\u00f5nekorpused, keeleandmebaasid). Olemasolevate digitaalsete arhiivide kasutuse h\u00f5lbustamiseks luuakse neile k\u00f5igile juurdep\u00e4\u00e4s keskuse kaudu, kasutajatele v\u00f5imaldatakse [&#8230;]<\/p>\n","protected":false},"author":2,"featured_media":0,"parent":115,"menu_order":28,"comment_status":"closed","ping_status":"closed","template":"","meta":[],"_links":{"self":[{"href":"https:\/\/www.folklore.ee\/dh\/wp-json\/wp\/v2\/pages\/152"}],"collection":[{"href":"https:\/\/www.folklore.ee\/dh\/wp-json\/wp\/v2\/pages"}],"about":[{"href":"https:\/\/www.folklore.ee\/dh\/wp-json\/wp\/v2\/types\/page"}],"author":[{"embeddable":true,"href":"https:\/\/www.folklore.ee\/dh\/wp-json\/wp\/v2\/users\/2"}],"replies":[{"embeddable":true,"href":"https:\/\/www.folklore.ee\/dh\/wp-json\/wp\/v2\/comments?post=152"}],"version-history":[{"count":3,"href":"https:\/\/www.folklore.ee\/dh\/wp-json\/wp\/v2\/pages\/152\/revisions"}],"predecessor-version":[{"id":661,"href":"https:\/\/www.folklore.ee\/dh\/wp-json\/wp\/v2\/pages\/152\/revisions\/661"}],"up":[{"embeddable":true,"href":"https:\/\/www.folklore.ee\/dh\/wp-json\/wp\/v2\/pages\/115"}],"wp:attachment":[{"href":"https:\/\/www.folklore.ee\/dh\/wp-json\/wp\/v2\/media?parent=152"}],"curies":[{"name":"wp","href":"https:\/\/api.w.org\/{rel}","templated":true}]}}