{"id":150,"date":"2014-05-20T12:49:54","date_gmt":"2014-05-20T09:49:54","guid":{"rendered":"http:\/\/www.folklore.ee\/dh\/?page_id=150"},"modified":"2014-08-01T01:57:00","modified_gmt":"2014-07-31T22:57:00","slug":"mikkel_laak","status":"publish","type":"page","link":"https:\/\/www.folklore.ee\/dh\/dhe2013\/mikkel_laak\/","title":{"rendered":"Kreutzwaldi sajand: eesti kultuurilooline veeb"},"content":{"rendered":"<p style=\"text-align: right;\">Marju Mikkel<br \/>\nMarin Laak<\/p>\n<div>\n<p>Kreutzwaldi sajand (KS) on mahukas kirjanduslooline veebiprojekt, mille keskmes on kirjanik ja tema teosed. Projekt p\u00f5hineb: (1) eesti kirjandusloo kirjutamise 100-aastasele traditsioonile, (2) m\u00e4luasutuste digiressurssidele ja (3) uue meedia tarbimise ja kasutaja uuringutele. Projekti alustati aastal 2004.<\/p>\n<p>KS-i \u00fclesehituse aluseks on seoste v\u00f5rgustik, mis v\u00f5imaldab kasutajal tutvuda \u00fche isikuga seotud eriliigiliste materjalidega \u2013 autori elulooga, fotodega ja teostega. Digitaalsed objektid tuuakse kokku men\u00fc\u00fcde abil, mis avavad raamatukogu, kirjanike leksikoni ja fotoarhiivid. KS-i keskmeks on eesti kirjanikud (kokku 149) \u2013 k\u00f5ik teised<b> <\/b>materjalid on koondatud nende \u00fcmber nii, et oleks v\u00f5imalik j\u00e4lgida eesti kirjanduse arengut kultuuriloolises kontekstis. Selleks on kirjanikud seotud ajateljega \u201cEesti kultuur ja olud\u201d.<\/p>\n<p>KS arvestab projekti kujunduses ja pildisisu arendamisel 21. sajandi internetikasutaja visuaalharjumusi, uusim versioon (2014) vastab tahvelarvutite ja nutitelefonide kasutajate vajadustele. KS-i pildimaterjali v\u00f5ib jagada kaheks: 1) kirjanike fotoarhiivid (\u00fcle 8800 foto) on p\u00e4rit KM EKLA kogudest; 2) illustratsioonid s\u00fcndmuste ajateljel p\u00e4rinevad teiste m\u00e4luasutuste (peamiselt Filmiarhiivi) digitaalarhiividest. Loodud ilukirjanduslik tekstikorpus omab suurt potentsiaali nii kirjanduse kui eesti kirjakeele ajaloo uurimisel, eri arhiivide pildimaterjalid paigutab KS laiemasse ajastukonteksti.<\/p>\n<p><div class=\"alignleft\"><a href=\"https:\/\/www.folklore.ee\/dh\/dhe2013\/uueni\/\" title=\"VNS | virtuaalmuuseum.ee\"><<<<\/a><\/div><div class=\"alignright\"><a href=\"https:\/\/www.folklore.ee\/dh\/dhe2013\/vider\/\" title=\"Eesti Keeleressursside Keskuse tutvustus\">>>><\/a><\/div><\/p>\n<\/div>\n","protected":false},"excerpt":{"rendered":"<p style=\"text-align: right;\">Marju Mikkel Marin Laak<\/p>\n<p>Kreutzwaldi sajand (KS) on mahukas kirjanduslooline veebiprojekt, mille keskmes on kirjanik ja tema teosed. Projekt p\u00f5hineb: (1) eesti kirjandusloo kirjutamise 100-aastasele traditsioonile, (2) m\u00e4luasutuste digiressurssidele ja (3) uue meedia tarbimise ja kasutaja uuringutele. Projekti alustati aastal 2004.<\/p>\n<p>KS-i \u00fclesehituse aluseks on seoste v\u00f5rgustik, mis v\u00f5imaldab kasutajal tutvuda \u00fche isikuga [&#8230;]<\/p>\n","protected":false},"author":2,"featured_media":0,"parent":115,"menu_order":26,"comment_status":"closed","ping_status":"closed","template":"","meta":[],"_links":{"self":[{"href":"https:\/\/www.folklore.ee\/dh\/wp-json\/wp\/v2\/pages\/150"}],"collection":[{"href":"https:\/\/www.folklore.ee\/dh\/wp-json\/wp\/v2\/pages"}],"about":[{"href":"https:\/\/www.folklore.ee\/dh\/wp-json\/wp\/v2\/types\/page"}],"author":[{"embeddable":true,"href":"https:\/\/www.folklore.ee\/dh\/wp-json\/wp\/v2\/users\/2"}],"replies":[{"embeddable":true,"href":"https:\/\/www.folklore.ee\/dh\/wp-json\/wp\/v2\/comments?post=150"}],"version-history":[{"count":4,"href":"https:\/\/www.folklore.ee\/dh\/wp-json\/wp\/v2\/pages\/150\/revisions"}],"predecessor-version":[{"id":365,"href":"https:\/\/www.folklore.ee\/dh\/wp-json\/wp\/v2\/pages\/150\/revisions\/365"}],"up":[{"embeddable":true,"href":"https:\/\/www.folklore.ee\/dh\/wp-json\/wp\/v2\/pages\/115"}],"wp:attachment":[{"href":"https:\/\/www.folklore.ee\/dh\/wp-json\/wp\/v2\/media?parent=150"}],"curies":[{"name":"wp","href":"https:\/\/api.w.org\/{rel}","templated":true}]}}