{"id":148,"date":"2014-05-21T10:57:25","date_gmt":"2014-05-21T07:57:25","guid":{"rendered":"http:\/\/www.folklore.ee\/dh\/?page_id=148"},"modified":"2014-08-01T01:54:21","modified_gmt":"2014-07-31T22:54:21","slug":"uueni","status":"publish","type":"page","link":"https:\/\/www.folklore.ee\/dh\/dhe2013\/uueni\/","title":{"rendered":"VNS | virtuaalmuuseum.ee"},"content":{"rendered":"<p style=\"text-align: right;\">Andres Uueni<\/p>\n<p>VNS-s\u00fcsteemi kontseptsioon on \u00fches keskkonnas koostada ja esitada n\u00e4ituste ja kogude katalooge, esitada nii digiteeritud kui digitaalselt s\u00fcndinud kogude sisu. VNS v\u00f5imaldab laiemale avalikkusele ligip\u00e4\u00e4su kogudele, mis seni on olnud mingil p\u00f5hjusel piiratud kasutuses v\u00f5i mis eksisteerivad vaid virtuaalkujul. VNS-is on valdavalt esitletud infot, mis on juba olemas tabeli v\u00f5i andmebaasi kujul ning mida importides VNS-is saab luua uue virtuaalse kogu v\u00f5i n\u00e4ituse. Esimene n\u00e4itus \u201cEesti modernism\u201d loodi 2006. aastal. Perioodil 01.01-31.12.2013 oli VNS-i n\u00e4ituste unikaalseid k\u00fclastajaid kokku 23849.<\/p>\n<p>Olulisteks m\u00e4rks\u00f5nadeks VNS-s\u00fcsteemi puhul on: ligip\u00e4\u00e4su v\u00f5imaldamine, kohandatavus ja erinevate keelte tugi. Kujundusfaile (CSS) saab eri n\u00e4ituste puhul kohandada vastavalt vajadustele ja n\u00e4ituse iseloomule. Virtuaaln\u00e4itust on v\u00f5imalik algusest l\u00f5puni seadistada\/kohandada. Samuti on v\u00f5imalus koostada n\u00e4itusi erinevates keeltes \u2013 on toetatud UTF-8 kodeeringu kasutamine ning automaatne t\u00f5lgete lisamine andmefailist. S\u00fcsteemist on v\u00f5imalik andmeid eksportida (ESE XML tugi, kogemus portaaliga Europeana.eu) ning on olemas SaaS lahendus (tarkvara EK Kanuti serveris), millele pakume ka kasutajatuge.<\/p>\n<p><div class=\"alignleft\"><a href=\"https:\/\/www.folklore.ee\/dh\/dhe2013\/talivee\/\" title=\"Digitaalsed kirjandusmaastikud\"><<<<\/a><\/div><div class=\"alignright\"><a href=\"https:\/\/www.folklore.ee\/dh\/dhe2013\/mikkel_laak\/\" title=\"Kreutzwaldi sajand: eesti kultuurilooline veeb\">>>><\/a><\/div><\/p>\n","protected":false},"excerpt":{"rendered":"<p style=\"text-align: right;\">Andres Uueni<\/p>\n<p>VNS-s\u00fcsteemi kontseptsioon on \u00fches keskkonnas koostada ja esitada n\u00e4ituste ja kogude katalooge, esitada nii digiteeritud kui digitaalselt s\u00fcndinud kogude sisu. VNS v\u00f5imaldab laiemale avalikkusele ligip\u00e4\u00e4su kogudele, mis seni on olnud mingil p\u00f5hjusel piiratud kasutuses v\u00f5i mis eksisteerivad vaid virtuaalkujul. VNS-is on valdavalt esitletud infot, mis on juba olemas tabeli v\u00f5i andmebaasi [&#8230;]<\/p>\n","protected":false},"author":2,"featured_media":0,"parent":115,"menu_order":25,"comment_status":"closed","ping_status":"open","template":"","meta":[],"_links":{"self":[{"href":"https:\/\/www.folklore.ee\/dh\/wp-json\/wp\/v2\/pages\/148"}],"collection":[{"href":"https:\/\/www.folklore.ee\/dh\/wp-json\/wp\/v2\/pages"}],"about":[{"href":"https:\/\/www.folklore.ee\/dh\/wp-json\/wp\/v2\/types\/page"}],"author":[{"embeddable":true,"href":"https:\/\/www.folklore.ee\/dh\/wp-json\/wp\/v2\/users\/2"}],"replies":[{"embeddable":true,"href":"https:\/\/www.folklore.ee\/dh\/wp-json\/wp\/v2\/comments?post=148"}],"version-history":[{"count":2,"href":"https:\/\/www.folklore.ee\/dh\/wp-json\/wp\/v2\/pages\/148\/revisions"}],"predecessor-version":[{"id":363,"href":"https:\/\/www.folklore.ee\/dh\/wp-json\/wp\/v2\/pages\/148\/revisions\/363"}],"up":[{"embeddable":true,"href":"https:\/\/www.folklore.ee\/dh\/wp-json\/wp\/v2\/pages\/115"}],"wp:attachment":[{"href":"https:\/\/www.folklore.ee\/dh\/wp-json\/wp\/v2\/media?parent=148"}],"curies":[{"name":"wp","href":"https:\/\/api.w.org\/{rel}","templated":true}]}}