{"id":142,"date":"2014-05-21T10:57:25","date_gmt":"2014-05-21T07:57:25","guid":{"rendered":"http:\/\/www.folklore.ee\/dh\/?page_id=142"},"modified":"2014-08-01T01:50:39","modified_gmt":"2014-07-31T22:50:39","slug":"eslon_laanpere","status":"publish","type":"page","link":"https:\/\/www.folklore.ee\/dh\/dhe2013\/eslon_laanpere\/","title":{"rendered":"IT-rakendused humanitaarteadustes: eesti vahekeele korpus"},"content":{"rendered":"<p style=\"text-align: right;\">Pille Eslon<br \/>\nMart Laanpere<\/p>\n<p>Tallinna \u00dclikooli eesti vahekeele korpus on eesti \u00f5ppijakeele kirjalike tekstide kogu, millel on rida alamkorpusi, kasutajaliides, mitmetasandiline annoteerimis- ja m\u00e4rgenduss\u00fcsteem, statistikamoodul, tekstide automaatse anal\u00fc\u00fcsi v\u00f5imalus jm. Kombineerides teksti erinevaid tunnuseid (nt teksti liik, s\u00f5nede arv, lausete hulk), vealiike ja metateavet \u00f5ppija kohta (nt emakeel, p\u00e4ritolumaa, sugu, haridus, keeleoskustase) v\u00f5imaldab Eesti vahekeele korpuse kasutajaliides teostada mitmetasandilisi p\u00e4ringuid.<\/p>\n<p>Seisuga oktoober 2013 sisaldab korpus 11\u00a0720 teksti, \u00fcldmaht on 3\u00a0185 591 s\u00f5net, teksti keskmine pikkus 272 s\u00f5net.<\/p>\n<p>Tabel. Eesti vahekeele korpuse alamkorpused.<\/p>\n<table cellspacing=\"0\" cellpadding=\"0\">\n<tbody>\n<tr>\n<td valign=\"top\">Alamkorpus<\/td>\n<td valign=\"top\">Tekstide arv<\/td>\n<td valign=\"top\">S\u00f5nede arv<\/td>\n<td valign=\"top\">Teksti keskmine pikkus<\/td>\n<\/tr>\n<tr>\n<td valign=\"top\">K2 tuumkorpus<\/td>\n<td valign=\"top\">3 151<\/td>\n<td valign=\"top\">804 094<\/td>\n<td valign=\"top\">255<\/td>\n<\/tr>\n<tr>\n<td valign=\"top\">K2 riiklikud eksamit\u00f6\u00f6d<\/td>\n<td valign=\"top\">7 856<\/td>\n<td valign=\"top\">1\u00a0989 844<\/td>\n<td valign=\"top\">253<\/td>\n<\/tr>\n<tr>\n<td valign=\"top\">K2 ol\u00fcmpiaadi t\u00f6\u00f6d<\/td>\n<td valign=\"top\">63<\/td>\n<td valign=\"top\">58 684<\/td>\n<td valign=\"top\">932<\/td>\n<\/tr>\n<tr>\n<td valign=\"top\">K2 akadeemiline eesti keel<\/td>\n<td valign=\"top\">13<\/td>\n<td valign=\"top\">14 716<\/td>\n<td valign=\"top\">1132<\/td>\n<\/tr>\n<tr>\n<td valign=\"top\">K1 akadeemiline eesti keel*<\/td>\n<td valign=\"top\">4<\/td>\n<td valign=\"top\">3 339<\/td>\n<td valign=\"top\">835<\/td>\n<\/tr>\n<tr>\n<td valign=\"top\">K1 vene keel (referentskorpus)<\/td>\n<td valign=\"top\">370<\/td>\n<td valign=\"top\">209 885<\/td>\n<td valign=\"top\">567<\/td>\n<\/tr>\n<tr>\n<td valign=\"top\">K3 vene keel (referentskorpus)<\/td>\n<td valign=\"top\">273<\/td>\n<td valign=\"top\">101 566<\/td>\n<td valign=\"top\">372<\/td>\n<\/tr>\n<\/tbody>\n<\/table>\n<p>*Alamkorpuse koostaja on Tallinna \u00dclikooli teaduskeele keskus (P. Nemvalts).<\/p>\n<p>Korpust saab kasutada 1) empiirilist ja rakenduslikku laadi uurimist\u00f6\u00f6s (nt eesti keele omandamisprotsess, Euroopa N\u00f5ukogu keeleoskustasemed, eesti keele kasutusmustrid, keele arengutendentsid); 2) tulevaste \u00f5petajate ja lingvistide koolitamisel (nt veaanal\u00fc\u00fcs, s\u00f5na- ja vormisagedus, klasteranal\u00fc\u00fcs); 3) tegev\u00f5petajate t\u00e4iend\u00f5ppes (nt kuidas keele \u00f5petamisel korpusi kasutada, kuidas korpusandmeid kasutades hinnata keele\u00f5pikute asjakohasust) jm.<\/p>\n<p><div class=\"alignleft\"><a href=\"https:\/\/www.folklore.ee\/dh\/dhe2013\/hiiop\/\" title=\"Muinsuskaitse ja restaureerimise valdkonna visuaalse teabe digitaalse arhiveerimise ja graafilise dokumenteerimise s\u00fcsteem\"><<<<\/a><\/div><div class=\"alignright\"><a href=\"https:\/\/www.folklore.ee\/dh\/dhe2013\/talivee\/\" title=\"Digitaalsed kirjandusmaastikud\">>>><\/a><\/div><\/p>\n","protected":false},"excerpt":{"rendered":"<p style=\"text-align: right;\">Pille Eslon Mart Laanpere<\/p>\n<p>Tallinna \u00dclikooli eesti vahekeele korpus on eesti \u00f5ppijakeele kirjalike tekstide kogu, millel on rida alamkorpusi, kasutajaliides, mitmetasandiline annoteerimis- ja m\u00e4rgenduss\u00fcsteem, statistikamoodul, tekstide automaatse anal\u00fc\u00fcsi v\u00f5imalus jm. Kombineerides teksti erinevaid tunnuseid (nt teksti liik, s\u00f5nede arv, lausete hulk), vealiike ja metateavet \u00f5ppija kohta (nt emakeel, p\u00e4ritolumaa, sugu, haridus, keeleoskustase) v\u00f5imaldab [&#8230;]<\/p>\n","protected":false},"author":2,"featured_media":0,"parent":115,"menu_order":23,"comment_status":"closed","ping_status":"open","template":"","meta":[],"_links":{"self":[{"href":"https:\/\/www.folklore.ee\/dh\/wp-json\/wp\/v2\/pages\/142"}],"collection":[{"href":"https:\/\/www.folklore.ee\/dh\/wp-json\/wp\/v2\/pages"}],"about":[{"href":"https:\/\/www.folklore.ee\/dh\/wp-json\/wp\/v2\/types\/page"}],"author":[{"embeddable":true,"href":"https:\/\/www.folklore.ee\/dh\/wp-json\/wp\/v2\/users\/2"}],"replies":[{"embeddable":true,"href":"https:\/\/www.folklore.ee\/dh\/wp-json\/wp\/v2\/comments?post=142"}],"version-history":[{"count":2,"href":"https:\/\/www.folklore.ee\/dh\/wp-json\/wp\/v2\/pages\/142\/revisions"}],"predecessor-version":[{"id":359,"href":"https:\/\/www.folklore.ee\/dh\/wp-json\/wp\/v2\/pages\/142\/revisions\/359"}],"up":[{"embeddable":true,"href":"https:\/\/www.folklore.ee\/dh\/wp-json\/wp\/v2\/pages\/115"}],"wp:attachment":[{"href":"https:\/\/www.folklore.ee\/dh\/wp-json\/wp\/v2\/media?parent=142"}],"curies":[{"name":"wp","href":"https:\/\/api.w.org\/{rel}","templated":true}]}}