{"id":138,"date":"2014-05-21T10:57:25","date_gmt":"2014-05-21T07:57:25","guid":{"rendered":"http:\/\/www.folklore.ee\/dh\/?page_id=138"},"modified":"2014-08-01T01:46:58","modified_gmt":"2014-07-31T22:46:58","slug":"haav","status":"publish","type":"page","link":"https:\/\/www.folklore.ee\/dh\/dhe2013\/haav\/","title":{"rendered":"Muistse asustuspildi uurimine digitaalsete meetoditega"},"content":{"rendered":"<p style=\"text-align: right;\">Allar Haav<\/p>\n<p>Arheoloogias on digitaalsete meetodite kasutamine olnud aktuaalne juba aastak\u00fcmneid, eriti just ruumilisuse uurimisel. Ruumilise l\u00e4henemise eri v\u00f5tteid kasutas autor \u00fche Kagu-Eesti rauaaegse asustusmustri anal\u00fc\u00fcsis. Punktmustri anal\u00fc\u00fcs v\u00f5imaldab n\u00e4idata, kas asulate paiknemine on juhuslikku laadi v\u00f5i saab selles n\u00e4ha korrap\u00e4ra v\u00f5i koondumist. Ripley K-funktsioon n\u00e4itas k\u00fcll statistiliselt olulist klasterdumist asulate paiknemisel, ent t\u00e4iendav nn ebahomogeenne anal\u00fc\u00fcs t\u00f5endas keskkonnategurite tohutut m\u00f5ju sellele. Nn m\u00e4rgi\u00fchenduse (<i>mark connection<\/i>) anal\u00fc\u00fcs m\u00f5\u00f5dab samat\u00fc\u00fcbiliste (s.o sama m\u00e4rgiga) punktide ruumilist autokorrelatsiooni ehk seda, kuiv\u00f5rd kipuvad sama t\u00fc\u00fcpi n\u00e4htused omavahel l\u00e4hestikku paiknema. Anal\u00fc\u00fcsi tulemusel ilmnesid seosed, mis on t\u00f5lgendatavad asustuses toimunud protsessidena: lokaalsed asustusnihked, asustuse \u201cloomulik\u201d laienemine ja p\u00e4ris uute alade h\u00f5ivamine. Kvantitatiivne l\u00e4henemine pakub t\u00f5endusp\u00f5hise aluse j\u00e4relduste tegemiseks ning arvestab seejuures uuritava n\u00e4htuse ruumilise olemusega. Just need asjaolud v\u00f5iks olla stiimuliks samalaadsete v\u00f5tete rakendamisel teistelgi humanitaaraladel, mis omavad ruumilist aspekti. Digitaalhumanitaaria sees ongi kujunenud omaette suund ruumihumanitaaria (<i>spatial humanities<\/i>), mis \u00fchendab nimelt eri humanitaaralade ruumiandmete uurimist digitaalsete anal\u00fc\u00fcsimeetodite, rakenduste ja v\u00f5tete abil.<\/p>\n<p><div class=\"alignleft\"><a href=\"https:\/\/www.folklore.ee\/dh\/dhe2013\/kuperjanov\/\" title=\"Skriptoorium \u2013 tekstimassiivi automatiseeritud kiirt\u00f6\u00f6tlus ja selle v\u00e4ljundid Eesti Kirjandusmuuseumi folkloristika osakonna sisestuste n\u00e4itel\"><<<<\/a><\/div><div class=\"alignright\"><a href=\"https:\/\/www.folklore.ee\/dh\/dhe2013\/hiiop\/\" title=\"Muinsuskaitse ja restaureerimise valdkonna visuaalse teabe digitaalse arhiveerimise ja graafilise dokumenteerimise s\u00fcsteem\">>>><\/a><\/div><\/p>\n<div><\/div>\n","protected":false},"excerpt":{"rendered":"<p style=\"text-align: right;\">Allar Haav<\/p>\n<p>Arheoloogias on digitaalsete meetodite kasutamine olnud aktuaalne juba aastak\u00fcmneid, eriti just ruumilisuse uurimisel. Ruumilise l\u00e4henemise eri v\u00f5tteid kasutas autor \u00fche Kagu-Eesti rauaaegse asustusmustri anal\u00fc\u00fcsis. Punktmustri anal\u00fc\u00fcs v\u00f5imaldab n\u00e4idata, kas asulate paiknemine on juhuslikku laadi v\u00f5i saab selles n\u00e4ha korrap\u00e4ra v\u00f5i koondumist. Ripley K-funktsioon n\u00e4itas k\u00fcll statistiliselt olulist klasterdumist asulate paiknemisel, ent [&#8230;]<\/p>\n","protected":false},"author":2,"featured_media":0,"parent":115,"menu_order":21,"comment_status":"closed","ping_status":"closed","template":"","meta":[],"_links":{"self":[{"href":"https:\/\/www.folklore.ee\/dh\/wp-json\/wp\/v2\/pages\/138"}],"collection":[{"href":"https:\/\/www.folklore.ee\/dh\/wp-json\/wp\/v2\/pages"}],"about":[{"href":"https:\/\/www.folklore.ee\/dh\/wp-json\/wp\/v2\/types\/page"}],"author":[{"embeddable":true,"href":"https:\/\/www.folklore.ee\/dh\/wp-json\/wp\/v2\/users\/2"}],"replies":[{"embeddable":true,"href":"https:\/\/www.folklore.ee\/dh\/wp-json\/wp\/v2\/comments?post=138"}],"version-history":[{"count":3,"href":"https:\/\/www.folklore.ee\/dh\/wp-json\/wp\/v2\/pages\/138\/revisions"}],"predecessor-version":[{"id":665,"href":"https:\/\/www.folklore.ee\/dh\/wp-json\/wp\/v2\/pages\/138\/revisions\/665"}],"up":[{"embeddable":true,"href":"https:\/\/www.folklore.ee\/dh\/wp-json\/wp\/v2\/pages\/115"}],"wp:attachment":[{"href":"https:\/\/www.folklore.ee\/dh\/wp-json\/wp\/v2\/media?parent=138"}],"curies":[{"name":"wp","href":"https:\/\/api.w.org\/{rel}","templated":true}]}}