{"id":136,"date":"2014-05-21T10:57:25","date_gmt":"2014-05-21T07:57:25","guid":{"rendered":"http:\/\/www.folklore.ee\/dh\/?page_id=136"},"modified":"2014-08-01T01:45:31","modified_gmt":"2014-07-31T22:45:31","slug":"kuperjanov","status":"publish","type":"page","link":"https:\/\/www.folklore.ee\/dh\/dhe2013\/kuperjanov\/","title":{"rendered":"Skriptoorium \u2013 tekstimassiivi automatiseeritud kiirt\u00f6\u00f6tlus ja selle v\u00e4ljundid Eesti Kirjandusmuuseumi folkloristika osakonna sisestuste n\u00e4itel"},"content":{"rendered":"<p style=\"text-align: right;\">Andres Kuperjanov<\/p>\n<div>\n<p>Alates \u00fcsna esimestest folklooriainese sisestustest 1990-ndate aastate alguses on praegune Eesti Kirjandusmuuseumi folkloristika osakond j\u00e4rginud kirjeformaati, mis on sobiv tekstide masst\u00f6\u00f6tlemiseks. Sisestatud on ligikaudu 150\u00a0000 teksti, mis kuuluvad eri folklooriliikidesse ja on seotud erinevate teemadega. Praegusel andmebaaside \u00fclistamise perioodil pakub esitletav tehnoloogia neile arvestatavat alternatiivi, kuna sisule orienteeritud t\u00f6\u00f6tluseks pole f\u00fc\u00fcsiline andmebaas vajalik. Puudub ka andmebaasidele iseloomulik keeruline metaandmete tabeldamise ja t\u00e4iendavate kirjelduste loomise vajadus, kuna kogu t\u00f6\u00f6 toimub reaalse tekstiga ja oluline informatsioon on massiivi kirjesse vahetult integreeritud. Olemas on ka v\u00f5rguandmebaaside p\u00f5hifunktsioone emuleeriva graafilise v\u00e4ljundi v\u00f5imalus. Osakonna e-arhiivis on arhiivik\u00f6idete kaupa hoiustatavad sisestused vajadusel kergesti konverteeritavad.<\/p>\n<p>Projekt on seotud projektidega EKKM09-168 (Eesti keele, kultuuri ja folkloori kasutusalade laiendamine ja tutvustamine elektroonilistel infokandjatel) ja EKKM09-159 (Monumenta Antiquae muistendi- ja loitsuk\u00f6ited) ning sihtfinantseeritava teadusteemaga SF0030181s08 (Folkloori narratiivsed aspektid. V\u00f5im, isiksus ja globaliseerumine).<\/p>\n<p><div class=\"alignleft\"><a href=\"https:\/\/www.folklore.ee\/dh\/dhe2013\/posti\/\" title=\"Tallinna \u00dclikooli Ajaloo Instituudi arheoloogiakogude infos\u00fcsteem\"><<<<\/a><\/div><div class=\"alignright\"><a href=\"https:\/\/www.folklore.ee\/dh\/dhe2013\/haav\/\" title=\"Muistse asustuspildi uurimine digitaalsete meetoditega\">>>><\/a><\/div><\/p>\n<\/div>\n","protected":false},"excerpt":{"rendered":"<p style=\"text-align: right;\">Andres Kuperjanov<\/p>\n<p>Alates \u00fcsna esimestest folklooriainese sisestustest 1990-ndate aastate alguses on praegune Eesti Kirjandusmuuseumi folkloristika osakond j\u00e4rginud kirjeformaati, mis on sobiv tekstide masst\u00f6\u00f6tlemiseks. Sisestatud on ligikaudu 150 000 teksti, mis kuuluvad eri folklooriliikidesse ja on seotud erinevate teemadega. Praegusel andmebaaside \u00fclistamise perioodil pakub esitletav tehnoloogia neile arvestatavat alternatiivi, kuna sisule orienteeritud t\u00f6\u00f6tluseks pole [&#8230;]<\/p>\n","protected":false},"author":2,"featured_media":0,"parent":115,"menu_order":17,"comment_status":"closed","ping_status":"closed","template":"","meta":[],"_links":{"self":[{"href":"https:\/\/www.folklore.ee\/dh\/wp-json\/wp\/v2\/pages\/136"}],"collection":[{"href":"https:\/\/www.folklore.ee\/dh\/wp-json\/wp\/v2\/pages"}],"about":[{"href":"https:\/\/www.folklore.ee\/dh\/wp-json\/wp\/v2\/types\/page"}],"author":[{"embeddable":true,"href":"https:\/\/www.folklore.ee\/dh\/wp-json\/wp\/v2\/users\/2"}],"replies":[{"embeddable":true,"href":"https:\/\/www.folklore.ee\/dh\/wp-json\/wp\/v2\/comments?post=136"}],"version-history":[{"count":2,"href":"https:\/\/www.folklore.ee\/dh\/wp-json\/wp\/v2\/pages\/136\/revisions"}],"predecessor-version":[{"id":356,"href":"https:\/\/www.folklore.ee\/dh\/wp-json\/wp\/v2\/pages\/136\/revisions\/356"}],"up":[{"embeddable":true,"href":"https:\/\/www.folklore.ee\/dh\/wp-json\/wp\/v2\/pages\/115"}],"wp:attachment":[{"href":"https:\/\/www.folklore.ee\/dh\/wp-json\/wp\/v2\/media?parent=136"}],"curies":[{"name":"wp","href":"https:\/\/api.w.org\/{rel}","templated":true}]}}