{"id":134,"date":"2014-05-20T12:47:23","date_gmt":"2014-05-20T09:47:23","guid":{"rendered":"http:\/\/www.folklore.ee\/dh\/?page_id=134"},"modified":"2015-07-04T03:25:38","modified_gmt":"2015-07-04T00:25:38","slug":"posti","status":"publish","type":"page","link":"https:\/\/www.folklore.ee\/dh\/dhe2013\/posti\/","title":{"rendered":"Tallinna \u00dclikooli Ajaloo Instituudi arheoloogiakogude infos\u00fcsteem"},"content":{"rendered":"<p style=\"text-align: right;\">Mari-Liis Posti<\/p>\n<p>Tallinna \u00dclikooli Ajaloo Instituudi arheoloogiakogude infos\u00fcsteem on loodud arheoloogiliste kollektsioonide haldamiseks l\u00e4htudes instituudi arheoloogiakogude iseloomust.<\/p>\n<p>TL\u00dc Ajaloo Instituudi halduses on arheoloogilised esemeleiud, osteoloogilised leiud ja arheoloogia arhiivi s\u00e4ilikud. Tegemist on Eesti suurima teadusliku arheoloogilise koguga. Infos\u00fcsteem on relatsiooniline MySQL andmebaas, mis v\u00f5imaldab koguga tutvuda nii avalikkusel kui teadlastel. Avalikuks kasutamiseks m\u00f5eldud lihtotsing on ligip\u00e4\u00e4setav lehek\u00fcljelt www.arheoloogia.ee, detailsema otsingu sooritamiseks teevad kogude haldajad soovijatele kasutajakonto. Ennek\u00f5ike on detailsemat infot jagav andmebaasi osa m\u00f5eldud kogut\u00f6\u00f6tajatele, teadlastele, Muinsuskaitseametnikele, tudengitele, koduloouurijatele ja huvilistele, kel on konkreetne soov tutvuda instituudi arheoloogiliste kollektsioonidega. Otsingutulemusi on v\u00f5imalik salvestada .CSV v\u00f5i .XLS formaadis. Avalikkusele on kasutada ka arheoloogilise bibliograafia otsing aadressilt bib.arheoloogia.ee.<\/p>\n<p>L\u00e4him eesm\u00e4rk on arendada andmebaasi avaliku kasutamise osa ning v\u00e4lja t\u00f6\u00f6tada moodul, mis v\u00f5imaldaks sooritada p\u00e4ringuid ka teistesse arheoloogia infos\u00fcsteemidesse.<\/p>\n<p><div class=\"alignleft\"><a href=\"https:\/\/www.folklore.ee\/dh\/dhe2013\/kouts\/\" title=\"\u00dclevaade Eesti veebiarhiivist\"><<<<\/a><\/div><div class=\"alignright\"><a href=\"https:\/\/www.folklore.ee\/dh\/dhe2013\/kuperjanov\/\" title=\"Skriptoorium \u2013 tekstimassiivi automatiseeritud kiirt\u00f6\u00f6tlus ja selle v\u00e4ljundid Eesti Kirjandusmuuseumi folkloristika osakonna sisestuste n\u00e4itel\">>>><\/a><\/div><\/p>\n","protected":false},"excerpt":{"rendered":"<p style=\"text-align: right;\">Mari-Liis Posti<\/p>\n<p>Tallinna \u00dclikooli Ajaloo Instituudi arheoloogiakogude infos\u00fcsteem on loodud arheoloogiliste kollektsioonide haldamiseks l\u00e4htudes instituudi arheoloogiakogude iseloomust.<\/p>\n<p>TL\u00dc Ajaloo Instituudi halduses on arheoloogilised esemeleiud, osteoloogilised leiud ja arheoloogia arhiivi s\u00e4ilikud. Tegemist on Eesti suurima teadusliku arheoloogilise koguga. Infos\u00fcsteem on relatsiooniline MySQL andmebaas, mis v\u00f5imaldab koguga tutvuda nii avalikkusel kui teadlastel. Avalikuks kasutamiseks m\u00f5eldud [&#8230;]<\/p>\n","protected":false},"author":2,"featured_media":0,"parent":115,"menu_order":16,"comment_status":"closed","ping_status":"closed","template":"","meta":[],"_links":{"self":[{"href":"https:\/\/www.folklore.ee\/dh\/wp-json\/wp\/v2\/pages\/134"}],"collection":[{"href":"https:\/\/www.folklore.ee\/dh\/wp-json\/wp\/v2\/pages"}],"about":[{"href":"https:\/\/www.folklore.ee\/dh\/wp-json\/wp\/v2\/types\/page"}],"author":[{"embeddable":true,"href":"https:\/\/www.folklore.ee\/dh\/wp-json\/wp\/v2\/users\/2"}],"replies":[{"embeddable":true,"href":"https:\/\/www.folklore.ee\/dh\/wp-json\/wp\/v2\/comments?post=134"}],"version-history":[{"count":3,"href":"https:\/\/www.folklore.ee\/dh\/wp-json\/wp\/v2\/pages\/134\/revisions"}],"predecessor-version":[{"id":662,"href":"https:\/\/www.folklore.ee\/dh\/wp-json\/wp\/v2\/pages\/134\/revisions\/662"}],"up":[{"embeddable":true,"href":"https:\/\/www.folklore.ee\/dh\/wp-json\/wp\/v2\/pages\/115"}],"wp:attachment":[{"href":"https:\/\/www.folklore.ee\/dh\/wp-json\/wp\/v2\/media?parent=134"}],"curies":[{"name":"wp","href":"https:\/\/api.w.org\/{rel}","templated":true}]}}