{"id":131,"date":"2014-05-21T10:57:25","date_gmt":"2014-05-21T07:57:25","guid":{"rendered":"http:\/\/www.folklore.ee\/dh\/?page_id=131"},"modified":"2014-08-01T01:42:22","modified_gmt":"2014-07-31T22:42:22","slug":"kouts","status":"publish","type":"page","link":"https:\/\/www.folklore.ee\/dh\/dhe2013\/kouts\/","title":{"rendered":"\u00dclevaade Eesti veebiarhiivist"},"content":{"rendered":"<p style=\"text-align: right;\">Jaanus K\u00f5uts<\/p>\n<p>Eesti veebiarhiiv on loodud Eesti Rahvusraamatukogu poolt eesm\u00e4rgiga s\u00e4ilitada veebisaitidel olevat Eesti kultuurip\u00e4randit. Sundeksemplari seaduse alusel kuuluvad eesti v\u00f5rguv\u00e4ljaanded (sh veebisaidid) sundeksemplaridena loovutamisele alates 2006. aastast ning nende kogujaks on Eesti Rahvusraamatukogu. Kogutud materjal on lubatud ka k\u00f5igile avalikult k\u00e4ttesaadavaks teha, sealjuures on v\u00e4ljaande omanikul \u00f5igus piirata juurdep\u00e4\u00e4su oma v\u00e4ljaandele. Kui esialgu on kogutud veebisaite koost\u00f6\u00f6s teiste Eesti m\u00e4luasutuste spetsialistidega v\u00e4ljat\u00f6\u00f6tatud Eesti veebiarhiivi valikup\u00f5him\u00f5tete alusel, siis 2014. aastal on kavas arhiveerida kogu k\u00e4ttesaadav eesti rahvusdomeen (.ee) ning ka v\u00e4ljaspool seda asuvad eesti saidid, mille olemasolu \u00f5nnestub tuvastada.<\/p>\n<p>Tekkivad suurandmed avavad uurijatele m\u00e4rkimisv\u00e4\u00e4rseid v\u00f5imalusi uurida eesti kultuuris ja \u00fchiskonnas toimuvaid protsesse, mis on leidnud kajastuse veebisisus.<\/p>\n<p>Veebiarhiiv v\u00f5imaldab s\u00e4ilitada l\u00fchikese elueaga saite ning kiiresti muutuvate saitide (nt uudisteportaalid) versioone, olulisemate s\u00fcndmuste veebikajastusi, kodanikuajakirjandust, veebip\u00e4evikuid, samuti t\u00f5endada veebisaitidele tehtud viidete paikapidavust teadust\u00f6\u00f6des.<\/p>\n<p><div class=\"alignleft\"><a href=\"https:\/\/www.folklore.ee\/dh\/dhe2013\/varik\/\" title=\"Tallinna \u00dclikooli Eesti Pedagoogika Arhiivmuuseumi digitaalarhiiv \u201cHariduslooline e-varamu\u201d\"><<<<\/a><\/div><div class=\"alignright\"><a href=\"https:\/\/www.folklore.ee\/dh\/dhe2013\/posti\/\" title=\"Tallinna \u00dclikooli Ajaloo Instituudi arheoloogiakogude infos\u00fcsteem\">>>><\/a><\/div><\/p>\n","protected":false},"excerpt":{"rendered":"<p style=\"text-align: right;\">Jaanus K\u00f5uts<\/p>\n<p>Eesti veebiarhiiv on loodud Eesti Rahvusraamatukogu poolt eesm\u00e4rgiga s\u00e4ilitada veebisaitidel olevat Eesti kultuurip\u00e4randit. Sundeksemplari seaduse alusel kuuluvad eesti v\u00f5rguv\u00e4ljaanded (sh veebisaidid) sundeksemplaridena loovutamisele alates 2006. aastast ning nende kogujaks on Eesti Rahvusraamatukogu. Kogutud materjal on lubatud ka k\u00f5igile avalikult k\u00e4ttesaadavaks teha, sealjuures on v\u00e4ljaande omanikul \u00f5igus piirata juurdep\u00e4\u00e4su oma v\u00e4ljaandele. Kui [&#8230;]<\/p>\n","protected":false},"author":2,"featured_media":0,"parent":115,"menu_order":15,"comment_status":"closed","ping_status":"closed","template":"","meta":[],"_links":{"self":[{"href":"https:\/\/www.folklore.ee\/dh\/wp-json\/wp\/v2\/pages\/131"}],"collection":[{"href":"https:\/\/www.folklore.ee\/dh\/wp-json\/wp\/v2\/pages"}],"about":[{"href":"https:\/\/www.folklore.ee\/dh\/wp-json\/wp\/v2\/types\/page"}],"author":[{"embeddable":true,"href":"https:\/\/www.folklore.ee\/dh\/wp-json\/wp\/v2\/users\/2"}],"replies":[{"embeddable":true,"href":"https:\/\/www.folklore.ee\/dh\/wp-json\/wp\/v2\/comments?post=131"}],"version-history":[{"count":2,"href":"https:\/\/www.folklore.ee\/dh\/wp-json\/wp\/v2\/pages\/131\/revisions"}],"predecessor-version":[{"id":352,"href":"https:\/\/www.folklore.ee\/dh\/wp-json\/wp\/v2\/pages\/131\/revisions\/352"}],"up":[{"embeddable":true,"href":"https:\/\/www.folklore.ee\/dh\/wp-json\/wp\/v2\/pages\/115"}],"wp:attachment":[{"href":"https:\/\/www.folklore.ee\/dh\/wp-json\/wp\/v2\/media?parent=131"}],"curies":[{"name":"wp","href":"https:\/\/api.w.org\/{rel}","templated":true}]}}